{"id":1858,"date":"2025-05-08T15:05:34","date_gmt":"2025-05-08T15:05:34","guid":{"rendered":"https:\/\/raisertools.com\/wordpress-seo\/"},"modified":"2026-01-29T15:37:24","modified_gmt":"2026-01-29T15:37:24","slug":"wordpress-seo","status":"publish","type":"page","link":"https:\/\/raisertools.com\/tr\/wordpress-seo\/","title":{"rendered":"WordPress SEO"},"content":{"rendered":"<div class=\"fusion-fullwidth fullwidth-box fusion-builder-row-1 fusion-flex-container has-pattern-background has-mask-background nonhundred-percent-fullwidth non-hundred-percent-height-scrolling\" style=\"--awb-border-radius-top-left:0px;--awb-border-radius-top-right:0px;--awb-border-radius-bottom-right:0px;--awb-border-radius-bottom-left:0px;--awb-padding-top:20px;--awb-padding-right:0px;--awb-padding-bottom:60px;--awb-padding-left:0px;--awb-flex-wrap:wrap;\" ><div class=\"fusion-builder-row fusion-row fusion-flex-align-items-center fusion-flex-content-wrap\" style=\"max-width:1248px;margin-left: calc(-4% \/ 2 );margin-right: calc(-4% \/ 2 );\"><div class=\"fusion-layout-column fusion_builder_column fusion-builder-column-0 fusion_builder_column_1_1 1_1 fusion-flex-column\" style=\"--awb-bg-size:cover;--awb-width-large:100%;--awb-margin-top-large:0px;--awb-spacing-right-large:1.92%;--awb-margin-bottom-large:0px;--awb-spacing-left-large:1.92%;--awb-width-medium:100%;--awb-order-medium:0;--awb-spacing-right-medium:1.92%;--awb-spacing-left-medium:1.92%;--awb-width-small:100%;--awb-order-small:0;--awb-spacing-right-small:1.92%;--awb-margin-bottom-small:20px;--awb-spacing-left-small:1.92%;\" data-scroll-devices=\"small-visibility,medium-visibility,large-visibility\"><div class=\"fusion-column-wrapper fusion-column-has-shadow fusion-flex-justify-content-flex-start fusion-content-layout-column\"><div class=\"fusion-text fusion-text-1\" style=\"--awb-text-transform:var(--awb-typography4-text-transform);--awb-text-color:var(--awb-color5);\"><p>WordPress, d\u00fcnyan\u0131n en pop\u00fcler web site altyap\u0131lar\u0131ndan biridir ve temel h\u00e2liyle bile SEO (Search Engine Optimization &#8211; Arama Motoru Optimizasyonu) dostu bir yap\u0131ya sahiptir. Ancak yaln\u0131zca bir WordPress sitesi kurmak, arama motorlar\u0131nda \u00fcst s\u0131ralara \u00e7\u0131kmak i\u00e7in yeterli de\u011fildir. Ger\u00e7ek rekabete kat\u0131lmak i\u00e7in, site h\u0131z\u0131ndan mobil uyumlulu\u011fa, i\u00e7erik optimizasyonundan meta veriye kadar uzanan kapsaml\u0131 bir SEO stratejisi uygulanmal\u0131d\u0131r.  <\/p>\n<p>Bu rehberde, WordPress SEO\u2019nun temellerini ad\u0131m ad\u0131m \u00f6\u011frenecek ve uzun vadeli g\u00f6r\u00fcn\u00fcrl\u00fck ile organik b\u00fcy\u00fcme sa\u011flayacak sa\u011flam bir altyap\u0131 olu\u015fturabileceksiniz. \u0130ster ki\u015fisel bir blog, ister e-ticaret sitesi, ister bir kurumsal web sitesi y\u00f6netin, bu uygulamalar i\u00e7eriklerinizin do\u011fru kitlelerce ke\u015ffedilmesini ve g\u00fcven kazanmas\u0131n\u0131 sa\u011flayacakt\u0131r.<\/p>\n<\/div><\/div><\/div><div class=\"fusion-layout-column fusion_builder_column fusion-builder-column-1 fusion_builder_column_1_2 1_2 fusion-flex-column fusion-flex-align-self-center\" style=\"--awb-bg-size:cover;--awb-width-large:50%;--awb-margin-top-large:25px;--awb-spacing-right-large:3.84%;--awb-margin-bottom-large:25px;--awb-spacing-left-large:3.84%;--awb-width-medium:50%;--awb-order-medium:0;--awb-spacing-right-medium:3.84%;--awb-spacing-left-medium:3.84%;--awb-width-small:100%;--awb-order-small:0;--awb-spacing-right-small:1.92%;--awb-margin-bottom-small:10;--awb-spacing-left-small:1.92%;\" data-scroll-devices=\"small-visibility,medium-visibility,large-visibility\"><div class=\"fusion-column-wrapper fusion-column-has-shadow fusion-flex-justify-content-center fusion-content-layout-column\"><div class=\"fusion-image-element \" style=\"text-align:center;--awb-caption-title-font-family:var(--h2_typography-font-family);--awb-caption-title-font-weight:var(--h2_typography-font-weight);--awb-caption-title-font-style:var(--h2_typography-font-style);--awb-caption-title-size:var(--h2_typography-font-size);--awb-caption-title-transform:var(--h2_typography-text-transform);--awb-caption-title-line-height:var(--h2_typography-line-height);--awb-caption-title-letter-spacing:var(--h2_typography-letter-spacing);\"><span class=\" fusion-imageframe imageframe-none imageframe-1 hover-type-none\"><img decoding=\"async\" width=\"1440\" height=\"1053\" title=\"raiser-seo-dashboard\" src=\"https:\/\/raisertools.com\/wp-content\/uploads\/2026\/01\/raiser-seo-dashboard.png\" alt class=\"img-responsive wp-image-2275\" srcset=\"https:\/\/raisertools.com\/wp-content\/uploads\/2026\/01\/raiser-seo-dashboard-200x146.png 200w, https:\/\/raisertools.com\/wp-content\/uploads\/2026\/01\/raiser-seo-dashboard-400x293.png 400w, https:\/\/raisertools.com\/wp-content\/uploads\/2026\/01\/raiser-seo-dashboard-600x439.png 600w, https:\/\/raisertools.com\/wp-content\/uploads\/2026\/01\/raiser-seo-dashboard-800x585.png 800w, https:\/\/raisertools.com\/wp-content\/uploads\/2026\/01\/raiser-seo-dashboard-1200x878.png 1200w, https:\/\/raisertools.com\/wp-content\/uploads\/2026\/01\/raiser-seo-dashboard.png 1440w\" sizes=\"(max-width: 640px) 100vw, 600px\" \/><\/span><\/div><\/div><\/div><div class=\"fusion-layout-column fusion_builder_column fusion-builder-column-2 fusion_builder_column_1_2 1_2 fusion-flex-column fusion-flex-align-self-center\" style=\"--awb-padding-top-small:20px;--awb-padding-bottom-small:20px;--awb-bg-size:cover;--awb-width-large:50%;--awb-margin-top-large:25px;--awb-spacing-right-large:3.84%;--awb-margin-bottom-large:25px;--awb-spacing-left-large:3.84%;--awb-width-medium:50%;--awb-order-medium:0;--awb-spacing-right-medium:3.84%;--awb-spacing-left-medium:3.84%;--awb-width-small:100%;--awb-order-small:0;--awb-spacing-right-small:1.92%;--awb-spacing-left-small:1.92%;\" data-scroll-devices=\"small-visibility,medium-visibility,large-visibility\"><div class=\"fusion-column-wrapper fusion-column-has-shadow fusion-flex-justify-content-center fusion-content-layout-column\"><div class=\"fusion-title title fusion-title-1 fusion-sep-none fusion-title-text fusion-title-size-four\" style=\"--awb-margin-top:0px;--awb-margin-bottom:10px;\"><h4 class=\"fusion-title-heading title-heading-left\" style=\"margin:0;\">WordPress SEO Nedir?<\/h4><\/div><div class=\"fusion-text fusion-text-2 fusion-text-no-margin\" style=\"--awb-content-alignment:left;\"><p>WordPress SEO, bir WordPress sitesinin arama motorlar\u0131nda daha iyi performans g\u00f6stermesi i\u00e7in yap\u0131lan optimizasyon \u00e7al\u0131\u015fmalar\u0131n\u0131n b\u00fct\u00fcn\u00fcd\u00fcr. Bu s\u00fcre\u00e7; WordPress\u2019in yerle\u015fik \u00f6zelliklerinin \u00f6zelle\u015ftirilmesini, SEO eklentilerinin kurulup yap\u0131land\u0131r\u0131lmas\u0131n\u0131, site h\u0131z\u0131n\u0131n ve yap\u0131s\u0131n\u0131n iyile\u015ftirilmesini ve i\u00e7eriklerin anahtar kelime stratejileriyle uyumlu h\u00e2le getirilmesini kapsar. <\/p>\n<p>WordPress \u00e7ok b\u00fcy\u00fck bir kullan\u0131c\u0131 kitlesine sahip oldu\u011fu i\u00e7in SEO a\u00e7\u0131s\u0131ndan olduk\u00e7a zengin bir eklenti, tema ve uygulama ekosistemine sahiptir. \u00d6zetle WordPress SEO; sitenizin teknik olarak sorunsuz, i\u00e7erik a\u00e7\u0131s\u0131ndan da arama motorlar\u0131 ve kullan\u0131c\u0131lar i\u00e7in de\u011ferli olmas\u0131n\u0131 sa\u011flamakt\u0131r.<\/p>\n<\/div><\/div><\/div><div class=\"fusion-layout-column fusion_builder_column fusion-builder-column-3 fusion_builder_column_1_2 1_2 fusion-flex-column fusion-flex-align-self-center\" style=\"--awb-padding-top-small:20px;--awb-padding-bottom-small:20px;--awb-bg-size:cover;--awb-width-large:50%;--awb-margin-top-large:25px;--awb-spacing-right-large:3.84%;--awb-margin-bottom-large:25px;--awb-spacing-left-large:3.84%;--awb-width-medium:50%;--awb-order-medium:0;--awb-spacing-right-medium:3.84%;--awb-spacing-left-medium:3.84%;--awb-width-small:100%;--awb-order-small:2;--awb-spacing-right-small:1.92%;--awb-spacing-left-small:1.92%;\" data-scroll-devices=\"small-visibility,medium-visibility,large-visibility\"><div class=\"fusion-column-wrapper fusion-column-has-shadow fusion-flex-justify-content-center fusion-content-layout-column\"><div class=\"fusion-title title fusion-title-2 fusion-sep-none fusion-title-text fusion-title-size-four\" style=\"--awb-margin-top:0px;--awb-margin-bottom:10px;\"><h4 class=\"fusion-title-heading title-heading-left\" style=\"margin:0;\">WordPress Siteleri \u0130\u00e7in SEO Neden \u00d6nemlidir?<\/h4><\/div><div class=\"fusion-text fusion-text-3 fusion-text-no-margin\" style=\"--awb-content-alignment:left;\"><ul>\n<li><strong>Organik trafik, en b\u00fcy\u00fck ziyaret\u00e7i kayna\u011f\u0131d\u0131r \u2013 <\/strong>\u00c7o\u011fu siteye gelen ziyaret\u00e7ilerin b\u00fcy\u00fck b\u00f6l\u00fcm\u00fc arama motorlar\u0131ndan y\u00f6nlendirilir.<\/li>\n<li><strong>\u0130yi optimize edilmi\u015f WordPress siteleri daha h\u0131zl\u0131 s\u0131ralama al\u0131r \u2013 <\/strong>Teknik altyap\u0131 ile kaliteli i\u00e7erik bir araya geldi\u011finde avantaj sa\u011flars\u0131n\u0131z.<\/li>\n<li><strong>SEO uzun vadeli b\u00fcy\u00fcme sa\u011flar \u2013<\/strong> Reklamdan farkl\u0131 olarak, <strong>organik trafik <\/strong>s\u00fcreklidir ve ek maliyet gerektirmez.<\/li>\n<\/ul>\n<p>\u0130ster blog, ister i\u015fletme sitesi, ister online ma\u011faza y\u00f6netiyor olun; WordPress SEO sayesinde daha geni\u015f kitlelere ula\u015fabilir, daha fazla arama sorgusuna yan\u0131t verebilir ve uzun vadede <strong>site otoritenizi<\/strong> art\u0131rabilirsiniz.<\/p>\n<\/div><\/div><\/div><div class=\"fusion-layout-column fusion_builder_column fusion-builder-column-4 fusion_builder_column_1_2 1_2 fusion-flex-column fusion-flex-align-self-center\" style=\"--awb-bg-size:cover;--awb-width-large:50%;--awb-margin-top-large:25px;--awb-spacing-right-large:3.84%;--awb-margin-bottom-large:25px;--awb-spacing-left-large:3.84%;--awb-width-medium:50%;--awb-order-medium:0;--awb-spacing-right-medium:3.84%;--awb-spacing-left-medium:3.84%;--awb-width-small:100%;--awb-order-small:1;--awb-spacing-right-small:1.92%;--awb-margin-bottom-small:10;--awb-spacing-left-small:1.92%;\" data-scroll-devices=\"small-visibility,medium-visibility,large-visibility\"><div class=\"fusion-column-wrapper fusion-column-has-shadow fusion-flex-justify-content-center fusion-content-layout-column\"><div class=\"fusion-image-element \" style=\"text-align:center;--awb-caption-title-font-family:var(--h2_typography-font-family);--awb-caption-title-font-weight:var(--h2_typography-font-weight);--awb-caption-title-font-style:var(--h2_typography-font-style);--awb-caption-title-size:var(--h2_typography-font-size);--awb-caption-title-transform:var(--h2_typography-text-transform);--awb-caption-title-line-height:var(--h2_typography-line-height);--awb-caption-title-letter-spacing:var(--h2_typography-letter-spacing);\"><span class=\" fusion-imageframe imageframe-none imageframe-2 hover-type-none\"><img decoding=\"async\" width=\"1440\" height=\"711\" title=\"raiser-all-parameters\" src=\"https:\/\/raisertools.com\/wp-content\/uploads\/2026\/01\/raiser-all-parameters.png\" alt class=\"img-responsive wp-image-2278\" srcset=\"https:\/\/raisertools.com\/wp-content\/uploads\/2026\/01\/raiser-all-parameters-200x99.png 200w, https:\/\/raisertools.com\/wp-content\/uploads\/2026\/01\/raiser-all-parameters-400x198.png 400w, https:\/\/raisertools.com\/wp-content\/uploads\/2026\/01\/raiser-all-parameters-600x296.png 600w, https:\/\/raisertools.com\/wp-content\/uploads\/2026\/01\/raiser-all-parameters-800x395.png 800w, https:\/\/raisertools.com\/wp-content\/uploads\/2026\/01\/raiser-all-parameters-1200x593.png 1200w, https:\/\/raisertools.com\/wp-content\/uploads\/2026\/01\/raiser-all-parameters.png 1440w\" sizes=\"(max-width: 640px) 100vw, 600px\" \/><\/span><\/div><\/div><\/div><div class=\"fusion-layout-column fusion_builder_column fusion-builder-column-5 fusion_builder_column_1_1 1_1 fusion-flex-column\" style=\"--awb-bg-size:cover;--awb-width-large:100%;--awb-margin-top-large:0px;--awb-spacing-right-large:1.92%;--awb-margin-bottom-large:0px;--awb-spacing-left-large:1.92%;--awb-width-medium:100%;--awb-order-medium:0;--awb-spacing-right-medium:1.92%;--awb-spacing-left-medium:1.92%;--awb-width-small:100%;--awb-order-small:3;--awb-spacing-right-small:1.92%;--awb-spacing-left-small:1.92%;\" data-scroll-devices=\"small-visibility,medium-visibility,large-visibility\"><div class=\"fusion-column-wrapper fusion-column-has-shadow fusion-flex-justify-content-flex-start fusion-content-layout-column\"><div class=\"accordian fusion-accordian\" style=\"--awb-border-size:1px;--awb-icon-size:16px;--awb-content-font-size:var(--awb-typography4-font-size);--awb-icon-alignment:left;--awb-hover-color:var(--awb-color2);--awb-border-color:var(--awb-color3);--awb-background-color:var(--awb-color1);--awb-divider-color:var(--awb-color3);--awb-divider-hover-color:var(--awb-color3);--awb-icon-color:var(--awb-color3);--awb-title-color:var(--awb-color5);--awb-content-color:var(--awb-color5);--awb-icon-box-color:rgba(255,200,0,0);--awb-toggle-hover-accent-color:var(--awb-color5);--awb-toggle-active-accent-color:var(--awb-color5);--awb-title-font-family:var(--awb-typography1-font-family);--awb-title-font-weight:var(--awb-typography1-font-weight);--awb-title-font-style:var(--awb-typography1-font-style);--awb-title-font-size:18px;--awb-content-font-family:var(--awb-typography4-font-family);--awb-content-font-weight:var(--awb-typography4-font-weight);--awb-content-font-style:var(--awb-typography4-font-style);\"><div class=\"panel-group fusion-toggle-icon-unboxed\" id=\"accordion-1858-1\"><div class=\"fusion-panel panel-default panel-5e594ec661f457611 fusion-toggle-has-divider\" style=\"--awb-title-color:var(--awb-color5);\"><div class=\"panel-heading\"><h4 class=\"panel-title toggle\" id=\"toggle_5e594ec661f457611\"><a aria-expanded=\"false\" aria-controls=\"5e594ec661f457611\" role=\"button\" data-toggle=\"collapse\" data-target=\"#5e594ec661f457611\" href=\"#5e594ec661f457611\"><span class=\"fusion-toggle-icon-wrapper\" aria-hidden=\"true\"><i class=\"fa-fusion-box active-icon fa-angle-down fas\" aria-hidden=\"true\"><\/i><i class=\"fa-fusion-box inactive-icon fa-angle-right fas\" aria-hidden=\"true\"><\/i><\/span><span class=\"fusion-toggle-heading\">Wordpress SEO Nas\u0131l Yap\u0131l\u0131r?<\/span><\/a><\/h4><\/div><div id=\"5e594ec661f457611\" class=\"panel-collapse collapse \" aria-labelledby=\"toggle_5e594ec661f457611\"><div class=\"panel-body toggle-content fusion-clearfix\">\n<p>\u0130\u015fte etkili WordPress SEO \u00e7al\u0131\u015fmalar\u0131 i\u00e7in ipu\u00e7lar\u0131:<\/p>\n<ol>\n<li><strong> SEO Dostu Bir Tema Se\u00e7in<\/strong><\/li>\n<\/ol>\n<p>\u0130yi kodlanm\u0131\u015f, hafif bir <strong>WordPress temas\u0131yla<\/strong> ba\u015flay\u0131n. A\u015f<strong>\u0131r\u0131 y\u00fckl\u00fc temalar siteyi yava\u015flat\u0131r ve kullan\u0131c\u0131 deneyimini<\/strong> olumsuz etkiler. <\/p>\n<ul>\n<li><strong>Mobil uyumlu<\/strong>, performans odakl\u0131 temalar\u0131 tercih edin<\/li>\n<li>Eski sayfa olu\u015fturuculara ba\u011f\u0131ml\u0131 veya gereksiz scriptler y\u00fckleyen temalardan ka\u00e7\u0131n\u0131n<\/li>\n<\/ul>\n<ol start=\"2\">\n<li><strong> G\u00fcvenilir Bir SEO Eklentisi (Plugin) Kullan\u0131n<\/strong><\/li>\n<\/ol>\n<p>SEO eklentileri; <strong>ba\u015fl\u0131klar<\/strong>, <strong>meta a\u00e7\u0131klamalar<\/strong>, <strong>XML site haritalar\u0131<\/strong>, schema verisi gibi \u00f6nemli unsurlar\u0131 y\u00f6netmenize yard\u0131mc\u0131 olur. <\/p>\n<p>Yaln\u0131zca bir <strong>SEO eklentisi <\/strong>kurun; birden fazlas\u0131 \u00e7ak\u0131\u015fmalara yol a\u00e7abilir.<\/p>\n<ol start=\"3\">\n<li><strong> Kal\u0131c\u0131 Ba\u011flant\u0131 (Permalink) Yap\u0131s\u0131n\u0131 Ayarlay\u0131n<\/strong><\/li>\n<\/ol>\n<p>Temiz bir <strong>URL yap\u0131s\u0131,<\/strong> hem okunabilirlik hem SEO i\u00e7in \u00f6nemlidir. <\/p>\n<ul>\n<li><strong>Ayarlar &gt; Kal\u0131c\u0131 Ba\u011flant\u0131lar &gt; &gt;<\/strong> se\u00e7ene\u011fini se\u00e7in.<\/li>\n<li>URL\u2019lerde tarih ya da karma\u015f\u0131k sorgu parametrelerinden ka\u00e7\u0131n\u0131n<\/li>\n<li>Alt \u00e7izgi (_) yerine k\u0131sa \u00e7izgi (-) kullan\u0131n<\/li>\n<\/ul>\n<p><strong>\u00d6rnek:<\/strong><br \/>\nDo\u011fru \u2013 <em>siteniz.com\/seo-ipuclari<\/em><br \/>\nYanl\u0131\u015f \u2013 <em>siteniz.com\/index.php?p=123<\/em><\/p>\n<ol start=\"4\">\n<li><strong> Ba\u015fl\u0131k ve Meta A\u00e7\u0131klamalar\u0131 Optimize Edin<\/strong><\/li>\n<\/ol>\n<p>Her sayfa ve yaz\u0131 i\u00e7in benzersiz, anahtar kelime i\u00e7eren ba\u015fl\u0131k ve meta a\u00e7\u0131klamas\u0131 olu\u015fturun. <\/p>\n<ul>\n<li>Ana anahtar kelimenizi de i\u00e7eren dikkat \u00e7ekici bir ba\u015fl\u0131k olu\u015fturun.<\/li>\n<li>\u0130\u00e7eri\u011fi \u00f6zetleyen, t\u0131klamay\u0131 te\u015fvik eden bir meta a\u00e7\u0131klamas\u0131 yaz\u0131n<\/li>\n<li>Ayn\u0131 ba\u015fl\u0131k ve a\u00e7\u0131klamalar\u0131 birden fazla sayfada tekrar etmeyin<\/li>\n<\/ul>\n<ol start=\"5\">\n<li><strong> Bir Site Haritas\u0131 (XML Sitemap) Olu\u015fturun<\/strong><\/li>\n<\/ol>\n<p>Arama motorlar\u0131n\u0131n sitenizi taramas\u0131na yard\u0131mc\u0131 olur. SEO eklentileri genellikle otomatik olarak olu\u015fturur. <\/p>\n<ul>\n<li>Site haritas\u0131n\u0131 <strong>Google Search Console<\/strong> ve <strong>Bing Webmaster Tools<\/strong>\u2019a g\u00f6nderin<\/li>\n<li>\u00d6nemsiz sayfalar\u0131 (etiket, y\u00f6netici sayfalar\u0131 gibi) site haritan\u0131zdan hari\u00e7 tutun<\/li>\n<\/ul>\n<ol start=\"6\">\n<li><strong> Kategori ve Etiketleri Stratejik Kullan\u0131n<\/strong><\/li>\n<\/ol>\n<p>\u0130\u00e7erikleri gruplamak ve<strong> site yap\u0131s\u0131n\u0131 <\/strong>d\u00fczenlemek i\u00e7in kategoriler ve etiketler \u00f6nemlidir.<\/p>\n<ul>\n<li><strong>Kategoriler,<\/strong> farkl\u0131 konu\/temalar\u0131 gruplar.<\/li>\n<li><strong>Etiketler<\/strong>, daha spesifik detaylar\u0131 vurgular<\/li>\n<\/ul>\n<p>\u015eunlardan ka\u00e7\u0131n\u0131n:<\/p>\n<ul>\n<li>Tek g\u00f6nderiyi birden fazla kategoriye dahil etmek<\/li>\n<li>Sadece 1-2 defa ge\u00e7en etiketler olu\u015fturmak<\/li>\n<li>Yetersiz i\u00e7erikli etiket sayfalar\u0131n\u0131n dizine eklenmesine izin vermek<\/li>\n<\/ul>\n<ol start=\"7\">\n<li><strong> \u0130\u00e7eri\u011finizi Anahtar Kelimeler ile Optimize Edin<\/strong><\/li>\n<\/ol>\n<p>Her i\u00e7erik; <strong>blog yaz\u0131s\u0131<\/strong>, hizmet i\u00e7eri\u011fi ya da <strong>\u00fcr\u00fcn sayfas\u0131<\/strong> gibi, belli ba\u015fl\u0131 \u00f6zelliklere sahip olmal\u0131:<\/p>\n<ul>\n<li>Belli bir anahtar kelime\/terim belirlenmeli<\/li>\n<li>Anahtar kelime m\u00fcmk\u00fcnse ba\u015fl\u0131kta, URL\u2019de, ilk paragrafta ve alt ba\u015fl\u0131klarda ge\u00e7meli<\/li>\n<li>Anahtar kelime\/terimin e\u015f anlaml\u0131lar\u0131, do\u011fal bi\u00e7imde kullan\u0131lmal\u0131<\/li>\n<li>Kullan\u0131c\u0131 niyetiyle \u00f6rt\u00fc\u015fen ger\u00e7ek de\u011fer sunulmal\u0131<\/li>\n<\/ul>\n<p>\u0130\u00e7erik zorlama bir \u015fekilde<strong> anahtar kelimeler ile dolu olmamal\u0131. (Keyword stuffing)<\/strong><\/p>\n<ol start=\"8\">\n<li><strong> Dahili Ba\u011flant\u0131lar\u0131 G\u00fc\u00e7lendirin<\/strong><\/li>\n<\/ol>\n<p>\u0130lgili yaz\u0131lar ve sayfalar aras\u0131nda <strong>linkleme <\/strong>yapmak, SEO ve kullan\u0131c\u0131 deneyimi a\u00e7\u0131s\u0131ndan kritiktir.<\/p>\n<ul>\n<li>Temel (cornerstone) i\u00e7eriklere y\u00f6nlendirme yap\u0131n<\/li>\n<li>Ba\u011flant\u0131 metni a\u00e7\u0131klay\u0131c\u0131 olmal\u0131 (\u00f6rnek: \u201con-page SEO rehberi\u201d)<\/li>\n<li>\u0130\u00e7 ba\u011flant\u0131lar metin i\u00e7inde do\u011fal \u015fekilde yer almal\u0131<\/li>\n<\/ul>\n<p>Bu uygulama; sitede kalma s\u00fcresini art\u0131r\u0131r, ve hemen \u00e7\u0131kma oran\u0131n\u0131 azalt\u0131r.<\/p>\n<ol start=\"9\">\n<li><strong> G\u00f6rselleri Optimize Edin<\/strong><\/li>\n<\/ol>\n<p>B\u00fcy\u00fck boyutlu, optimize edilmemi\u015f g\u00f6rseller siteyi yava\u015flat\u0131r.<\/p>\n<ul>\n<li>G\u00f6rselleri s\u0131k\u0131\u015ft\u0131r\u0131n<\/li>\n<li>Dosya adlar\u0131 a\u00e7\u0131klay\u0131c\u0131, alt metinler SEO uyumlu olmal\u0131<\/li>\n<li>Uygun formatlar\u0131 se\u00e7in (WebP veya JPEG)<\/li>\n<li>Etkile\u015fimi art\u0131rmak i\u00e7in konuyla ilgili g\u00f6rseller ekleyin<\/li>\n<\/ul>\n<ol start=\"10\">\n<li><strong> Sayfa H\u0131z\u0131n\u0131 ve Core Web Vitals Verilerini \u0130yile\u015ftirin<\/strong><\/li>\n<\/ol>\n<p><strong>H\u0131zl\u0131 siteler<\/strong> hem s\u0131ralamada hem kullan\u0131c\u0131 deneyiminde avantaj sa\u011flar. Performans\u0131 art\u0131rmak i\u00e7in:<\/p>\n<ul>\n<li>Bir cache eklentisi kullan\u0131n<\/li>\n<li>GZIP s\u0131k\u0131\u015ft\u0131rmay\u0131 etkinle\u015ftirin<\/li>\n<li>CSS, JS ve HTML dosyalar\u0131n\u0131 k\u00fc\u00e7\u00fclt\u00fcn<\/li>\n<li>CDN (Cloudflare gibi) kullan\u0131n<\/li>\n<li>CDN (Cloudflare gibi) kullan\u0131n<\/li>\n<\/ul>\n<ol start=\"11\">\n<li><strong> Mobil Uyumlulu\u011fu Sa\u011flay\u0131n<\/strong><\/li>\n<\/ol>\n<p>Google mobil \u00f6ncelikli indeksleme yapar\u2014ba\u015fka bir deyi\u015fle, mobilde iyi performans g\u00f6steremeyen siteler geride kal\u0131r.<\/p>\n<ul>\n<li>Duyarl\u0131 (responsive) tema kullan\u0131n<\/li>\n<li>\u0130\u00e7eri\u011fi kapatan sabit boyutlu \u00f6gelerden ka\u00e7\u0131n\u0131n<\/li>\n<li>Okunabilir fontlar ve dokunmatik uyumlu butonlar kullan\u0131n<\/li>\n<\/ul>\n<p>Raiser ile, sitenizin mobil uyumlulu\u011funu kolayca test edebilirsiniz.<\/p>\n<ol start=\"12\">\n<li><strong> Sitenizi G\u00fcvenli Hale Getirin (HTTPS)<\/strong><\/li>\n<\/ol>\n<p>G\u00fcvenlik s\u0131ralama kriteridir. <strong>SSL sertifikas\u0131<\/strong> ile HTTPS kulland\u0131\u011f\u0131n\u0131zdan emin olun. G\u00fcn\u00fcm\u00fczde pek \u00e7ok hosting \u015firketi, \u00fccretsiz SSL sunmaktad\u0131r.  <\/p>\n<ul>\n<li>HTTP\u2019yi HTTPS\u2019ye y\u00f6nlendirin<\/li>\n<li>Dahili ba\u011flant\u0131lar\u0131 g\u00fcncelleyin<\/li>\n<li>Karma i\u00e7erik (HTTPS sayfada HTTP \u00f6geler) uyar\u0131lar\u0131n\u0131 giderin<\/li>\n<\/ul>\n<\/div><\/div><\/div><div class=\"fusion-panel panel-default panel-fbe1b8500d9d3fa5f fusion-toggle-has-divider\" style=\"--awb-title-color:var(--awb-color5);\"><div class=\"panel-heading\"><h4 class=\"panel-title toggle\" id=\"toggle_fbe1b8500d9d3fa5f\"><a aria-expanded=\"false\" aria-controls=\"fbe1b8500d9d3fa5f\" role=\"button\" data-toggle=\"collapse\" data-target=\"#fbe1b8500d9d3fa5f\" href=\"#fbe1b8500d9d3fa5f\"><span class=\"fusion-toggle-icon-wrapper\" aria-hidden=\"true\"><i class=\"fa-fusion-box active-icon fa-angle-down fas\" aria-hidden=\"true\"><\/i><i class=\"fa-fusion-box inactive-icon fa-angle-right fas\" aria-hidden=\"true\"><\/i><\/span><span class=\"fusion-toggle-heading\">Yayg\u0131n WordPress SEO Hatalar\u0131<\/span><\/a><\/h4><\/div><div id=\"fbe1b8500d9d3fa5f\" class=\"panel-collapse collapse \" aria-labelledby=\"toggle_fbe1b8500d9d3fa5f\"><div class=\"panel-body toggle-content fusion-clearfix\">\n<ul>\n<li>Birden fazla SEO eklentisi kurmak (\u00e7ak\u0131\u015fmalara neden olur)<\/li>\n<li>\u00d6nemli sayfalar\u0131 robots.txt veya noindex ile engellemek<\/li>\n<li>G\u00f6rselleri optimize etmeyi unutmak<\/li>\n<li>Otomatik ya da yinelenen meta veriler kullanmak<\/li>\n<li>Eski i\u00e7erikleri g\u00fcncel tutmamak<\/li>\n<li>Yetersiz, d\u00fc\u015f\u00fck de\u011fere sahip sayfalar\u0131n (etiket, bo\u015f kategoriler) dizinde kalmas\u0131na izin vermek<\/li>\n<\/ul>\n<p>D\u00fczenli site denetimleri bu sorunlar\u0131 erkenden tespit edip \u00e7\u00f6zmenizi sa\u011flar. Sitenizin SEO analizini Raiser ile kolayca yapabilirsiniz.<\/p>\n<\/div><\/div><\/div><\/div><\/div><\/div><\/div><\/div><\/div>\n","protected":false},"excerpt":{"rendered":"","protected":false},"author":1,"featured_media":0,"parent":0,"menu_order":0,"comment_status":"closed","ping_status":"closed","template":"100-width.php","meta":{"_acf_changed":false,"footnotes":""},"class_list":["post-1858","page","type-page","status-publish","hentry"],"acf":[],"_links":{"self":[{"href":"https:\/\/raisertools.com\/tr\/wp-json\/wp\/v2\/pages\/1858","targetHints":{"allow":["GET"]}}],"collection":[{"href":"https:\/\/raisertools.com\/tr\/wp-json\/wp\/v2\/pages"}],"about":[{"href":"https:\/\/raisertools.com\/tr\/wp-json\/wp\/v2\/types\/page"}],"author":[{"embeddable":true,"href":"https:\/\/raisertools.com\/tr\/wp-json\/wp\/v2\/users\/1"}],"replies":[{"embeddable":true,"href":"https:\/\/raisertools.com\/tr\/wp-json\/wp\/v2\/comments?post=1858"}],"version-history":[{"count":4,"href":"https:\/\/raisertools.com\/tr\/wp-json\/wp\/v2\/pages\/1858\/revisions"}],"predecessor-version":[{"id":2419,"href":"https:\/\/raisertools.com\/tr\/wp-json\/wp\/v2\/pages\/1858\/revisions\/2419"}],"wp:attachment":[{"href":"https:\/\/raisertools.com\/tr\/wp-json\/wp\/v2\/media?parent=1858"}],"curies":[{"name":"wp","href":"https:\/\/api.w.org\/{rel}","templated":true}]}}