{"id":1852,"date":"2025-05-08T15:11:45","date_gmt":"2025-05-08T15:11:45","guid":{"rendered":"https:\/\/raisertools.com\/youtube-seo\/"},"modified":"2026-01-29T15:38:12","modified_gmt":"2026-01-29T15:38:12","slug":"youtube-seo","status":"publish","type":"page","link":"https:\/\/raisertools.com\/tr\/youtube-seo\/","title":{"rendered":"YouTube SEO"},"content":{"rendered":"<div class=\"fusion-fullwidth fullwidth-box fusion-builder-row-1 fusion-flex-container has-pattern-background has-mask-background nonhundred-percent-fullwidth non-hundred-percent-height-scrolling\" style=\"--awb-border-radius-top-left:0px;--awb-border-radius-top-right:0px;--awb-border-radius-bottom-right:0px;--awb-border-radius-bottom-left:0px;--awb-padding-top:20px;--awb-padding-right:0px;--awb-padding-bottom:60px;--awb-padding-left:0px;--awb-flex-wrap:wrap;\" ><div class=\"fusion-builder-row fusion-row fusion-flex-align-items-center fusion-flex-content-wrap\" style=\"max-width:1248px;margin-left: calc(-4% \/ 2 );margin-right: calc(-4% \/ 2 );\"><div class=\"fusion-layout-column fusion_builder_column fusion-builder-column-0 fusion_builder_column_1_1 1_1 fusion-flex-column\" style=\"--awb-bg-size:cover;--awb-width-large:100%;--awb-margin-top-large:0px;--awb-spacing-right-large:1.92%;--awb-margin-bottom-large:0px;--awb-spacing-left-large:1.92%;--awb-width-medium:100%;--awb-order-medium:0;--awb-spacing-right-medium:1.92%;--awb-spacing-left-medium:1.92%;--awb-width-small:100%;--awb-order-small:0;--awb-spacing-right-small:1.92%;--awb-margin-bottom-small:20px;--awb-spacing-left-small:1.92%;\" data-scroll-devices=\"small-visibility,medium-visibility,large-visibility\"><div class=\"fusion-column-wrapper fusion-column-has-shadow fusion-flex-justify-content-flex-start fusion-content-layout-column\"><div class=\"fusion-text fusion-text-1\" style=\"--awb-text-transform:var(--awb-typography4-text-transform);--awb-text-color:var(--awb-color5);\"><p>Ayl\u0131k 2 milyardan fazla aktif kullan\u0131c\u0131s\u0131yla YouTube, d\u00fcnyan\u0131n en b\u00fcy\u00fck ikinci arama motorudur. Bu platformdaki i\u00e7eriklerinizi arama i\u00e7in optimize etmek, daha fazla izlenme, daha uzun izleme s\u00fcreleri ve uzun vadede s\u00fcrd\u00fcr\u00fclebilir kanal b\u00fcy\u00fcmesi sa\u011flayabilir. Bu rehberde, YouTube SEO hakk\u0131nda bilmeniz gereken detaylar\u0131 sizler i\u00e7in bir araya getirdik.<\/p>\n<\/div><\/div><\/div><div class=\"fusion-layout-column fusion_builder_column fusion-builder-column-1 fusion_builder_column_1_2 1_2 fusion-flex-column fusion-flex-align-self-center\" style=\"--awb-bg-size:cover;--awb-width-large:50%;--awb-margin-top-large:25px;--awb-spacing-right-large:3.84%;--awb-margin-bottom-large:25px;--awb-spacing-left-large:3.84%;--awb-width-medium:50%;--awb-order-medium:0;--awb-spacing-right-medium:3.84%;--awb-spacing-left-medium:3.84%;--awb-width-small:100%;--awb-order-small:0;--awb-spacing-right-small:1.92%;--awb-margin-bottom-small:10;--awb-spacing-left-small:1.92%;\" data-scroll-devices=\"small-visibility,medium-visibility,large-visibility\"><div class=\"fusion-column-wrapper fusion-column-has-shadow fusion-flex-justify-content-center fusion-content-layout-column\"><div class=\"fusion-image-element \" style=\"text-align:center;--awb-caption-title-font-family:var(--h2_typography-font-family);--awb-caption-title-font-weight:var(--h2_typography-font-weight);--awb-caption-title-font-style:var(--h2_typography-font-style);--awb-caption-title-size:var(--h2_typography-font-size);--awb-caption-title-transform:var(--h2_typography-text-transform);--awb-caption-title-line-height:var(--h2_typography-line-height);--awb-caption-title-letter-spacing:var(--h2_typography-letter-spacing);\"><span class=\" fusion-imageframe imageframe-none imageframe-1 hover-type-none\"><img decoding=\"async\" width=\"1440\" height=\"1053\" title=\"raiser-seo-dashboard\" src=\"https:\/\/raisertools.com\/wp-content\/uploads\/2026\/01\/raiser-seo-dashboard.png\" alt class=\"img-responsive wp-image-2275\" srcset=\"https:\/\/raisertools.com\/wp-content\/uploads\/2026\/01\/raiser-seo-dashboard-200x146.png 200w, https:\/\/raisertools.com\/wp-content\/uploads\/2026\/01\/raiser-seo-dashboard-400x293.png 400w, https:\/\/raisertools.com\/wp-content\/uploads\/2026\/01\/raiser-seo-dashboard-600x439.png 600w, https:\/\/raisertools.com\/wp-content\/uploads\/2026\/01\/raiser-seo-dashboard-800x585.png 800w, https:\/\/raisertools.com\/wp-content\/uploads\/2026\/01\/raiser-seo-dashboard-1200x878.png 1200w, https:\/\/raisertools.com\/wp-content\/uploads\/2026\/01\/raiser-seo-dashboard.png 1440w\" sizes=\"(max-width: 640px) 100vw, 600px\" \/><\/span><\/div><\/div><\/div><div class=\"fusion-layout-column fusion_builder_column fusion-builder-column-2 fusion_builder_column_1_2 1_2 fusion-flex-column fusion-flex-align-self-center\" style=\"--awb-padding-top-small:20px;--awb-padding-bottom-small:20px;--awb-bg-size:cover;--awb-width-large:50%;--awb-margin-top-large:25px;--awb-spacing-right-large:3.84%;--awb-margin-bottom-large:25px;--awb-spacing-left-large:3.84%;--awb-width-medium:50%;--awb-order-medium:0;--awb-spacing-right-medium:3.84%;--awb-spacing-left-medium:3.84%;--awb-width-small:100%;--awb-order-small:0;--awb-spacing-right-small:1.92%;--awb-spacing-left-small:1.92%;\" data-scroll-devices=\"small-visibility,medium-visibility,large-visibility\"><div class=\"fusion-column-wrapper fusion-column-has-shadow fusion-flex-justify-content-center fusion-content-layout-column\"><div class=\"fusion-title title fusion-title-1 fusion-sep-none fusion-title-text fusion-title-size-four\" style=\"--awb-margin-top:0px;--awb-margin-bottom:10px;\"><h4 class=\"fusion-title-heading title-heading-left\" style=\"margin:0;\">YouTube SEO Nedir?<\/h4><\/div><div class=\"fusion-text fusion-text-2 fusion-text-no-margin\" style=\"--awb-content-alignment:left;\"><p>YouTube SEO; videolar\u0131n\u0131z\u0131, kanal\u0131n\u0131z\u0131 ve meta verilerinizi optimize ederek YouTube arama sonu\u00e7lar\u0131nda ve \u00f6nerilerde daha g\u00f6r\u00fcn\u00fcr olman\u0131z\u0131 sa\u011flayan s\u00fcre\u00e7tir. Google gibi, YouTube da aramalarda hangi sonu\u00e7lar\u0131 hangi s\u0131rayla g\u00f6sterece\u011fine karar verirken karma\u015f\u0131k bir algoritma kullan\u0131r. Siz de do\u011fru stratejileri uygulayarak i\u00e7eriklerinizin do\u011fru kitle taraf\u0131ndan ke\u015ffedilme \u015fans\u0131n\u0131 art\u0131rabilirsiniz.<\/p>\n<\/div><\/div><\/div><div class=\"fusion-layout-column fusion_builder_column fusion-builder-column-3 fusion_builder_column_1_2 1_2 fusion-flex-column fusion-flex-align-self-center\" style=\"--awb-padding-top-small:20px;--awb-padding-bottom-small:20px;--awb-bg-size:cover;--awb-width-large:50%;--awb-margin-top-large:25px;--awb-spacing-right-large:3.84%;--awb-margin-bottom-large:25px;--awb-spacing-left-large:3.84%;--awb-width-medium:50%;--awb-order-medium:0;--awb-spacing-right-medium:3.84%;--awb-spacing-left-medium:3.84%;--awb-width-small:100%;--awb-order-small:2;--awb-spacing-right-small:1.92%;--awb-spacing-left-small:1.92%;\" data-scroll-devices=\"small-visibility,medium-visibility,large-visibility\"><div class=\"fusion-column-wrapper fusion-column-has-shadow fusion-flex-justify-content-center fusion-content-layout-column\"><div class=\"fusion-title title fusion-title-2 fusion-sep-none fusion-title-text fusion-title-size-four\" style=\"--awb-margin-top:0px;--awb-margin-bottom:10px;\"><h4 class=\"fusion-title-heading title-heading-left\" style=\"margin:0;\">YouTube&#8217;un Arama Algoritmas\u0131 Nas\u0131l \u00c7al\u0131\u015f\u0131r?<\/h4><\/div><div class=\"fusion-text fusion-text-3 fusion-text-no-margin\" style=\"--awb-content-alignment:left;\"><p>YouTube\u2019un algoritmas\u0131, videolar\u0131 s\u0131ralarken ve \u00f6nerirken, temel olarak \u015fu unsurlar\u0131n birle\u015fimine g\u00f6re hareket eder:<br \/>\nArama sorgusuna uygunluk (ba\u015fl\u0131k, a\u00e7\u0131klama, etiketler ve altyaz\u0131lara g\u00f6re)<br \/>\nEtkile\u015fim metrikleri (t\u0131klanma oran\u0131, izlenme s\u00fcresi, be\u011feni, yorum, payla\u015f\u0131m)<br \/>\nVideo kalitesi sinyalleri (\u00e7\u00f6z\u00fcn\u00fcrl\u00fck, prod\u00fcksiyon de\u011feri, tutarl\u0131l\u0131k)<br \/>\nKullan\u0131c\u0131 davran\u0131\u015f\u0131 (ki\u015fisel izleme ge\u00e7mi\u015fine g\u00f6re \u00f6neriler)<br \/>\nYouTube SEO, bu alanlarda algoritmaya do\u011fru sinyaller g\u00f6ndererek hem ke\u015ffedilme hem de etkile\u015fim oranlar\u0131n\u0131 art\u0131rmay\u0131 hedefler.<\/p>\n<\/div><\/div><\/div><div class=\"fusion-layout-column fusion_builder_column fusion-builder-column-4 fusion_builder_column_1_2 1_2 fusion-flex-column fusion-flex-align-self-center\" style=\"--awb-bg-size:cover;--awb-width-large:50%;--awb-margin-top-large:25px;--awb-spacing-right-large:3.84%;--awb-margin-bottom-large:25px;--awb-spacing-left-large:3.84%;--awb-width-medium:50%;--awb-order-medium:0;--awb-spacing-right-medium:3.84%;--awb-spacing-left-medium:3.84%;--awb-width-small:100%;--awb-order-small:1;--awb-spacing-right-small:1.92%;--awb-margin-bottom-small:10;--awb-spacing-left-small:1.92%;\" data-scroll-devices=\"small-visibility,medium-visibility,large-visibility\"><div class=\"fusion-column-wrapper fusion-column-has-shadow fusion-flex-justify-content-center fusion-content-layout-column\"><div class=\"fusion-image-element \" style=\"text-align:center;--awb-caption-title-font-family:var(--h2_typography-font-family);--awb-caption-title-font-weight:var(--h2_typography-font-weight);--awb-caption-title-font-style:var(--h2_typography-font-style);--awb-caption-title-size:var(--h2_typography-font-size);--awb-caption-title-transform:var(--h2_typography-text-transform);--awb-caption-title-line-height:var(--h2_typography-line-height);--awb-caption-title-letter-spacing:var(--h2_typography-letter-spacing);\"><span class=\" fusion-imageframe imageframe-none imageframe-2 hover-type-none\"><img decoding=\"async\" width=\"1440\" height=\"711\" title=\"raiser-all-parameters\" src=\"https:\/\/raisertools.com\/wp-content\/uploads\/2026\/01\/raiser-all-parameters.png\" alt class=\"img-responsive wp-image-2278\" srcset=\"https:\/\/raisertools.com\/wp-content\/uploads\/2026\/01\/raiser-all-parameters-200x99.png 200w, https:\/\/raisertools.com\/wp-content\/uploads\/2026\/01\/raiser-all-parameters-400x198.png 400w, https:\/\/raisertools.com\/wp-content\/uploads\/2026\/01\/raiser-all-parameters-600x296.png 600w, https:\/\/raisertools.com\/wp-content\/uploads\/2026\/01\/raiser-all-parameters-800x395.png 800w, https:\/\/raisertools.com\/wp-content\/uploads\/2026\/01\/raiser-all-parameters-1200x593.png 1200w, https:\/\/raisertools.com\/wp-content\/uploads\/2026\/01\/raiser-all-parameters.png 1440w\" sizes=\"(max-width: 640px) 100vw, 600px\" \/><\/span><\/div><\/div><\/div><div class=\"fusion-layout-column fusion_builder_column fusion-builder-column-5 fusion_builder_column_1_1 1_1 fusion-flex-column\" style=\"--awb-bg-size:cover;--awb-width-large:100%;--awb-margin-top-large:0px;--awb-spacing-right-large:1.92%;--awb-margin-bottom-large:0px;--awb-spacing-left-large:1.92%;--awb-width-medium:100%;--awb-order-medium:0;--awb-spacing-right-medium:1.92%;--awb-spacing-left-medium:1.92%;--awb-width-small:100%;--awb-order-small:3;--awb-spacing-right-small:1.92%;--awb-spacing-left-small:1.92%;\" data-scroll-devices=\"small-visibility,medium-visibility,large-visibility\"><div class=\"fusion-column-wrapper fusion-column-has-shadow fusion-flex-justify-content-flex-start fusion-content-layout-column\"><div class=\"accordian fusion-accordian\" style=\"--awb-border-size:1px;--awb-icon-size:16px;--awb-content-font-size:var(--awb-typography4-font-size);--awb-icon-alignment:left;--awb-hover-color:var(--awb-color2);--awb-border-color:var(--awb-color3);--awb-background-color:var(--awb-color1);--awb-divider-color:var(--awb-color3);--awb-divider-hover-color:var(--awb-color3);--awb-icon-color:var(--awb-color3);--awb-title-color:var(--awb-color5);--awb-content-color:var(--awb-color5);--awb-icon-box-color:rgba(255,200,0,0);--awb-toggle-hover-accent-color:var(--awb-color5);--awb-toggle-active-accent-color:var(--awb-color5);--awb-title-font-family:var(--awb-typography1-font-family);--awb-title-font-weight:var(--awb-typography1-font-weight);--awb-title-font-style:var(--awb-typography1-font-style);--awb-title-font-size:18px;--awb-content-font-family:var(--awb-typography4-font-family);--awb-content-font-weight:var(--awb-typography4-font-weight);--awb-content-font-style:var(--awb-typography4-font-style);\"><div class=\"panel-group fusion-toggle-icon-unboxed\" id=\"accordion-1852-1\"><div class=\"fusion-panel panel-default panel-2df129fd2e6b770bd fusion-toggle-has-divider\" style=\"--awb-title-color:var(--awb-color5);\"><div class=\"panel-heading\"><h4 class=\"panel-title toggle\" id=\"toggle_2df129fd2e6b770bd\"><a aria-expanded=\"false\" aria-controls=\"2df129fd2e6b770bd\" role=\"button\" data-toggle=\"collapse\" data-target=\"#2df129fd2e6b770bd\" href=\"#2df129fd2e6b770bd\"><span class=\"fusion-toggle-icon-wrapper\" aria-hidden=\"true\"><i class=\"fa-fusion-box active-icon fa-angle-down fas\" aria-hidden=\"true\"><\/i><i class=\"fa-fusion-box inactive-icon fa-angle-right fas\" aria-hidden=\"true\"><\/i><\/span><span class=\"fusion-toggle-heading\">YouTube SEO Nas\u0131l Yap\u0131l\u0131r?<\/span><\/a><\/h4><\/div><div id=\"2df129fd2e6b770bd\" class=\"panel-collapse collapse \" aria-labelledby=\"toggle_2df129fd2e6b770bd\"><div class=\"panel-body toggle-content fusion-clearfix\">\n<ol>\n<li><strong> Anahtar Kelime Ara\u015ft\u0131rmas\u0131<\/strong><\/li>\n<\/ol>\n<p>Hedef kitlenizin ne arad\u0131\u011f\u0131n\u0131 belirleyerek ba\u015flay\u0131n. \u015eu ara\u00e7lar\u0131 kullanabilirsiniz: <\/p>\n<ul>\n<li>YouTube arama \u00e7ubu\u011fundaki otomatik tamamlama<\/li>\n<li>Google Trends (YouTube filtresiyle)<\/li>\n<li>Rakip videolar\u0131n ba\u015fl\u0131k ve etiketleri<\/li>\n<\/ul>\n<p>\u015eunlar\u0131 kar\u0131\u015ft\u0131rarak kullan\u0131n:<\/p>\n<ul>\n<li>K\u0131sa kuyruklu anahtar kelimeler (\u00f6rnek:<em> &#8220;dijital pazarlama&#8221;<\/em>)<\/li>\n<li>Uzun kuyruklu anahtar kelimeler (\u00f6rnek: <em>&#8220;2025&#8217;te dijital pazarlamaya nas\u0131l ba\u015flan\u0131r&#8221;<\/em>)<\/li>\n<li>Soru bazl\u0131 sorgular (\u00f6rnek: <em>&#8220;SEO nedir?&#8221;<\/em>)<\/li>\n<\/ul>\n<p>Her video i\u00e7in bir ana anahtar kelime belirleyin ve t\u00fcm meta verilerinizi buna g\u00f6re optimize edin.<\/p>\n<ol start=\"2\">\n<li><strong> Video Ba\u015fl\u0131\u011f\u0131<\/strong><\/li>\n<\/ol>\n<p>Ba\u015fl\u0131\u011f\u0131n\u0131z;<\/p>\n<ul>\n<li>Anahtar kelimeyi m\u00fcmk\u00fcn oldu\u011funca erken i\u00e7ermeli<\/li>\n<li>A\u00e7\u0131klay\u0131c\u0131 ve d\u00fcr\u00fcst olmal\u0131 (clickbait olmamal\u0131)<\/li>\n<li>Merak uyand\u0131rmal\u0131 veya fayda vaadi i\u00e7ermeli<\/li>\n<\/ul>\n<p>\u00d6rnek:<br \/>\n<em>\u201cSabah Rutinim\u201d <\/em>yerine \u2192 <em>\u201cVerimli Bir G\u00fcn \u0130\u00e7in Sabah Rutinim\u201d<\/em><\/p>\n<ol start=\"3\">\n<li><strong> Video A\u00e7\u0131klamas\u0131<\/strong><\/li>\n<\/ol>\n<p>A\u00e7\u0131klama hem izleyiciler hem de YouTube i\u00e7in videonuzun konusunu anlamada \u00f6nemlidir. \u0130pu\u00e7lar\u0131:<\/p>\n<ul>\n<li>Anahtar kelimeyi ilk birka\u00e7 sat\u0131ra dahil edin<\/li>\n<li>Videoda nelerden bahsedildi\u011fini \u00f6zetleyin<\/li>\n<li>Uzun videolarda zaman damgalar\u0131 (timestamps) ekleyin<\/li>\n<li>\u0130lgili video veya oynatma listelerine ba\u011flant\u0131 verin<\/li>\n<li>Sosyal medya, web sitesi ve aksiyon \u00e7a\u011fr\u0131lar\u0131n\u0131 (CTA) ekleyin<\/li>\n<\/ul>\n<p>\u0130deal a\u00e7\u0131klama uzunlu\u011fu: 150\u2013300 kelime<\/p>\n<ol start=\"4\">\n<li><strong> Etiketler<\/strong><\/li>\n<\/ol>\n<p>Etiketler, eskisi kadar \u00f6nemli olmasa da videonun ba\u011flam\u0131n\u0131 desteklemek i\u00e7in h\u00e2l\u00e2 kullan\u0131labilir.<\/p>\n<ul>\n<li>Anahtar kelimenin varyasyonlar\u0131n\u0131 ve e\u015fanlaml\u0131lar\u0131n\u0131 ekleyin<\/li>\n<li>Yayg\u0131n yaz\u0131m hatalar\u0131n\u0131 veya alternatif ifadeleri dahil edin<\/li>\n<li>5\u201310 aras\u0131 alakal\u0131 etiket kullan\u0131n<\/li>\n<\/ul>\n<p><strong>\u00d6rnek:<\/strong> <em>\u201cFrench press kahve nas\u0131l yap\u0131l\u0131r\u201d <\/em>videosu i\u00e7in:<br \/>\n<em>kahve, french press, french press nas\u0131l yap\u0131l\u0131r, evde kahve demleme gibi etiketler kullan\u0131labilir.<\/em><\/p>\n<ol start=\"5\">\n<li><strong> \u00d6zelle\u015ftirilmi\u015f K\u00fc\u00e7\u00fck Resimler (Thumbnail)<\/strong><\/li>\n<\/ol>\n<p>K\u00fc\u00e7\u00fck resimler, t\u0131klanma oran\u0131n\u0131 (CTR &#8211; Click Through Rate) do\u011frudan etkiler ve bu da s\u0131ralamada \u00f6nemli bir fakt\u00f6rd\u00fcr.<\/p>\n<ul>\n<li>K\u0131sa ve okunabilir metinler kullan\u0131n (maks. 3\u20134 kelime)<\/li>\n<li>Y\u00fcksek kontrastl\u0131 renkler ve kaliteli g\u00f6rseller tercih edin<\/li>\n<li>Y\u00fcksek kontrastl\u0131 renkler ve kaliteli g\u00f6rseller tercih edin<\/li>\n<li>Markaya uygun, tutarl\u0131 bir tasar\u0131m dili kullan\u0131n<\/li>\n<\/ul>\n<p>A\/B testleri yaparak thumbnail performans\u0131n\u0131z\u0131 art\u0131rabilirsiniz.<\/p>\n<ol start=\"6\">\n<li><strong> Altyaz\u0131lar ve Transkriptler<\/strong><\/li>\n<\/ol>\n<p>Altyaz\u0131lar ve transkriptler, eri\u015filebilirli\u011fi art\u0131r\u0131r ve YouTube\u2019un i\u00e7eri\u011finizi daha iyi anlamas\u0131na yard\u0131mc\u0131 olur. \u0130\u015fte yapabilecekleriniz: <\/p>\n<ul>\n<li>Kendi transkript dosyan\u0131z\u0131 (.srt) y\u00fckleyin<\/li>\n<li>Otomatik altyaz\u0131lar\u0131 d\u00fczenleyin<\/li>\n<li>(\u0130ste\u011fe ba\u011fl\u0131) videonun tam metnini a\u00e7\u0131klama k\u0131sm\u0131na ekleyin<\/li>\n<\/ul>\n<p>Ayr\u0131ca altyaz\u0131lar, sesli aramalarda ve uluslararas\u0131 eri\u015fimde avantaj sa\u011flar.<\/p>\n<ol start=\"7\">\n<li><strong> Oynatma Listeleri ve Dahili Ba\u011flant\u0131lar<\/strong><\/li>\n<\/ol>\n<p>Videolar\u0131n\u0131z\u0131 anahtar kelime a\u00e7\u0131s\u0131ndan zengin ba\u015fl\u0131k ve a\u00e7\u0131klamalara sahip oynatma listelerine ekleyin. Bu sayede: <\/p>\n<ul>\n<li>\u0130zleyiciler daha fazla videonuzu izler<\/li>\n<li>Konu b\u00fct\u00fcnl\u00fc\u011f\u00fc algoritmaya daha iyi sinyaller g\u00f6nderir<\/li>\n<li>Toplam izlenme s\u00fcresi artar (s\u0131ralamay\u0131 do\u011frudan etkiler)<\/li>\n<\/ul>\n<p>Ayr\u0131ca biti\u015f ekranlar\u0131, kartlar ve a\u00e7\u0131klamalarda ilgili videolara link vererek etkile\u015fimi art\u0131rabilirsiniz.<\/p>\n<ol start=\"8\">\n<li><strong> Etkile\u015fim Sinyalleri<\/strong><\/li>\n<\/ol>\n<p>YouTube, izleyiciyi daha uzun s\u00fcre tutan ve etkile\u015fim yaratan videolara \u00f6ncelik verir.<br \/>Etkile\u015fimi art\u0131rmak i\u00e7in: <\/p>\n<ul>\n<li>Be\u011feni, yorum ve abonelik i\u00e7in izleyicileri te\u015fvik edin<\/li>\n<li>Yorum sorular\u0131 veya anketlerle etkile\u015fim ba\u015flat\u0131n<\/li>\n<li>\u0130lk 15 saniyede dikkat \u00e7eken bir giri\u015f yap\u0131n<\/li>\n<li>Videonun sonunda g\u00fc\u00e7l\u00fc bir CTA ile izleyiciyi y\u00f6nlendirin<\/li>\n<\/ul>\n<p>Y\u00fcksek etkile\u015fim, videonuzun arama sonu\u00e7lar\u0131nda ve \u00f6nerilenler aras\u0131nda \u00e7\u0131kma ihtimalini art\u0131r\u0131r.<\/p>\n<ol start=\"9\">\n<li><strong> YouTube Kanal\u0131 Optimizasyonu<\/strong><\/li>\n<\/ol>\n<p>YouTube SEO sadece videolarla ilgili de\u011fildir\u2014kanal\u0131n\u0131z\u0131n genel yap\u0131s\u0131 da \u00f6nemlidir.<\/p>\n<ul>\n<li>Anahtar kelime i\u00e7eren bir kanal ad\u0131 ve a\u00e7\u0131klamas\u0131 kullan\u0131n<\/li>\n<li>\u0130\u00e7eri\u011fi oynatma listeleri ve b\u00f6l\u00fcmlerle organize edin<\/li>\n<li>D\u00fczenli i\u00e7erik payla\u015f\u0131m takvimi olu\u015fturun<\/li>\n<li>Dikkat \u00e7ekici bir kanal tan\u0131t\u0131m videosu haz\u0131rlay\u0131n<\/li>\n<li>Logo, banner ve k\u00fc\u00e7\u00fck resimlerde tutarl\u0131 bir marka kimli\u011fi olu\u015fturun<\/li>\n<\/ul>\n<p>Kanal\u0131n\u0131z ne kadar yap\u0131land\u0131r\u0131lm\u0131\u015f ve g\u00fcvenilir g\u00f6r\u00fcn\u00fcyorsa, SEO performans\u0131n\u0131z o kadar g\u00fc\u00e7l\u00fc olur.<\/p>\n<\/div><\/div><\/div><div class=\"fusion-panel panel-default panel-049054118394de5c7 fusion-toggle-has-divider\" style=\"--awb-title-color:var(--awb-color5);\"><div class=\"panel-heading\"><h4 class=\"panel-title toggle\" id=\"toggle_049054118394de5c7\"><a aria-expanded=\"false\" aria-controls=\"049054118394de5c7\" role=\"button\" data-toggle=\"collapse\" data-target=\"#049054118394de5c7\" href=\"#049054118394de5c7\"><span class=\"fusion-toggle-icon-wrapper\" aria-hidden=\"true\"><i class=\"fa-fusion-box active-icon fa-angle-down fas\" aria-hidden=\"true\"><\/i><i class=\"fa-fusion-box inactive-icon fa-angle-right fas\" aria-hidden=\"true\"><\/i><\/span><span class=\"fusion-toggle-heading\">S\u0131k Yap\u0131lan YouTube SEO Hatalar\u0131<\/span><\/a><\/h4><\/div><div id=\"049054118394de5c7\" class=\"panel-collapse collapse \" aria-labelledby=\"toggle_049054118394de5c7\"><div class=\"panel-body toggle-content fusion-clearfix\">\n<ul>\n<li>Belirsiz veya yan\u0131lt\u0131c\u0131 ba\u015fl\u0131klar kullanmak<\/li>\n<li>A\u00e7\u0131klama k\u0131sm\u0131n\u0131 bo\u015f b\u0131rakmak<\/li>\n<li>Videoda harekete ge\u00e7irici mesaj (CTA) olmamas\u0131<\/li>\n<li>Oynatma listesi veya i\u00e7 ba\u011flant\u0131lar eklememek<\/li>\n<li>K\u00fc\u00e7\u00fck resimleri (thumbnail) \u00f6zelle\u015ftirmemek<\/li>\n<li>Otomatik altyaz\u0131lara oldu\u011fu gibi b\u0131rakmak<\/li>\n<li>Performans verilerini analiz etmemek ve iyile\u015ftirme yapmamak<\/li>\n<\/ul>\n<\/div><\/div><\/div><div class=\"fusion-panel panel-default panel-16ce329647740a46f fusion-toggle-has-divider\" style=\"--awb-title-color:var(--awb-color5);\"><div class=\"panel-heading\"><h4 class=\"panel-title toggle\" id=\"toggle_16ce329647740a46f\"><a aria-expanded=\"false\" aria-controls=\"16ce329647740a46f\" role=\"button\" data-toggle=\"collapse\" data-target=\"#16ce329647740a46f\" href=\"#16ce329647740a46f\"><span class=\"fusion-toggle-icon-wrapper\" aria-hidden=\"true\"><i class=\"fa-fusion-box active-icon fa-angle-down fas\" aria-hidden=\"true\"><\/i><i class=\"fa-fusion-box inactive-icon fa-angle-right fas\" aria-hidden=\"true\"><\/i><\/span><span class=\"fusion-toggle-heading\">YouTube Analytics ile Ba\u015far\u0131y\u0131 \u00d6l\u00e7mek<\/span><\/a><\/h4><\/div><div id=\"16ce329647740a46f\" class=\"panel-collapse collapse \" aria-labelledby=\"toggle_16ce329647740a46f\"><div class=\"panel-body toggle-content fusion-clearfix\">\n<p>YouTube Studio \u00fczerinden \u015fu metrikleri takip edin:<\/p>\n<ul>\n<li><strong>Trafik Kaynaklar\u0131:<\/strong> \u0130zleyicileriniz videolar\u0131n\u0131za nereden ula\u015f\u0131yor? (arama, \u00f6nerilen, harici kaynaklar)<\/li>\n<li><strong>\u0130zlenme S\u00fcresi ve Ortalama \u0130zleme S\u00fcresi: <\/strong>\u0130zleyiciler videonuzu ne kadar s\u00fcre izliyor?<\/li>\n<li><strong>T\u0131klanma Oran\u0131 (CTR):<\/strong> Thumbnail&#8217;inizi g\u00f6ren ka\u00e7 ki\u015fi videoya t\u0131kl\u0131yor?<\/li>\n<li><strong>Etkile\u015fim Metrikleri: <\/strong>Be\u011feni, yorum, payla\u015f\u0131m ve yeni aboneler<\/li>\n<li><strong>Anahtar Kelime S\u0131ralamalar\u0131: <\/strong>Videonuz hangi anahtar kelimelerle g\u00f6r\u00fcn\u00fcyor?<\/li>\n<\/ul>\n<p>Bu veriler, gelecekteki videolar\u0131n\u0131z\u0131, ba\u015fl\u0131klar\u0131n\u0131z\u0131, k\u00fc\u00e7\u00fck resimlerinizi ve i\u00e7erik konular\u0131n\u0131z\u0131 optimize etmek i\u00e7in temel olu\u015fturur.<\/p>\n<\/div><\/div><\/div><\/div><\/div><\/div><\/div><\/div><\/div>\n","protected":false},"excerpt":{"rendered":"","protected":false},"author":1,"featured_media":0,"parent":0,"menu_order":0,"comment_status":"closed","ping_status":"closed","template":"100-width.php","meta":{"_acf_changed":false,"footnotes":""},"class_list":["post-1852","page","type-page","status-publish","hentry"],"acf":[],"_links":{"self":[{"href":"https:\/\/raisertools.com\/tr\/wp-json\/wp\/v2\/pages\/1852","targetHints":{"allow":["GET"]}}],"collection":[{"href":"https:\/\/raisertools.com\/tr\/wp-json\/wp\/v2\/pages"}],"about":[{"href":"https:\/\/raisertools.com\/tr\/wp-json\/wp\/v2\/types\/page"}],"author":[{"embeddable":true,"href":"https:\/\/raisertools.com\/tr\/wp-json\/wp\/v2\/users\/1"}],"replies":[{"embeddable":true,"href":"https:\/\/raisertools.com\/tr\/wp-json\/wp\/v2\/comments?post=1852"}],"version-history":[{"count":5,"href":"https:\/\/raisertools.com\/tr\/wp-json\/wp\/v2\/pages\/1852\/revisions"}],"predecessor-version":[{"id":2421,"href":"https:\/\/raisertools.com\/tr\/wp-json\/wp\/v2\/pages\/1852\/revisions\/2421"}],"wp:attachment":[{"href":"https:\/\/raisertools.com\/tr\/wp-json\/wp\/v2\/media?parent=1852"}],"curies":[{"name":"wp","href":"https:\/\/api.w.org\/{rel}","templated":true}]}}