{"id":1799,"date":"2025-05-08T14:49:57","date_gmt":"2025-05-08T14:49:57","guid":{"rendered":"https:\/\/raisertools.com\/ux-user-experience-kullanici-deneyimi\/"},"modified":"2026-01-29T15:32:45","modified_gmt":"2026-01-29T15:32:45","slug":"ux-kullanici-deneyimi","status":"publish","type":"page","link":"https:\/\/raisertools.com\/tr\/ux-kullanici-deneyimi\/","title":{"rendered":"UX (User Experience &#8211; Kullan\u0131c\u0131 Deneyimi)"},"content":{"rendered":"<div class=\"fusion-fullwidth fullwidth-box fusion-builder-row-1 fusion-flex-container has-pattern-background has-mask-background nonhundred-percent-fullwidth non-hundred-percent-height-scrolling\" style=\"--awb-border-radius-top-left:0px;--awb-border-radius-top-right:0px;--awb-border-radius-bottom-right:0px;--awb-border-radius-bottom-left:0px;--awb-padding-top:20px;--awb-padding-right:0px;--awb-padding-bottom:60px;--awb-padding-left:0px;--awb-flex-wrap:wrap;\" ><div class=\"fusion-builder-row fusion-row fusion-flex-align-items-center fusion-flex-content-wrap\" style=\"max-width:1248px;margin-left: calc(-4% \/ 2 );margin-right: calc(-4% \/ 2 );\"><div class=\"fusion-layout-column fusion_builder_column fusion-builder-column-0 fusion_builder_column_1_1 1_1 fusion-flex-column\" style=\"--awb-bg-size:cover;--awb-width-large:100%;--awb-margin-top-large:0px;--awb-spacing-right-large:1.92%;--awb-margin-bottom-large:0px;--awb-spacing-left-large:1.92%;--awb-width-medium:100%;--awb-order-medium:0;--awb-spacing-right-medium:1.92%;--awb-spacing-left-medium:1.92%;--awb-width-small:100%;--awb-order-small:0;--awb-spacing-right-small:1.92%;--awb-margin-bottom-small:20px;--awb-spacing-left-small:1.92%;\" data-scroll-devices=\"small-visibility,medium-visibility,large-visibility\"><div class=\"fusion-column-wrapper fusion-column-has-shadow fusion-flex-justify-content-flex-start fusion-content-layout-column\"><div class=\"fusion-text fusion-text-1\" style=\"--awb-text-transform:var(--awb-typography4-text-transform);--awb-text-color:var(--awb-color5);\"><p>UX yani Kullan\u0131c\u0131 Deneyimi, bir ki\u015finin bir web sitesi, uygulama ya da dijital \u00fcr\u00fcnle etkile\u015fime ge\u00e7ti\u011finde ya\u015fad\u0131\u011f\u0131 genel hissi ve deneyimi ifade eder. Sadece ilgili platformun nas\u0131l g\u00f6r\u00fcnd\u00fc\u011f\u00fcyle de\u011fil; nas\u0131l \u00e7al\u0131\u015ft\u0131\u011f\u0131yla, kullan\u0131c\u0131n\u0131n hedeflerine ne kadar kolay ula\u015ft\u0131\u011f\u0131yla ve bu s\u00fcre\u00e7te ne kadar memnun kald\u0131\u011f\u0131yla ilgilidir. <\/p>\n<p>Dijital ortamlarda g\u00fc\u00e7l\u00fc bir kullan\u0131c\u0131 deneyimi kritik \u00f6neme sahiptir. \u0130\u00e7eri\u011finiz ya da \u00fcr\u00fcn\u00fcn\u00fcz ne kadar iyi olursa olsun, siteniz kar\u0131\u015f\u0131k, yava\u015f ya da sinir bozucuysa kullan\u0131c\u0131lar sitenizi terk eder\u2014ve arama motorlar\u0131 da bunu fark eder. Bu rehberde UX\u2019in ne oldu\u011fu, neden \u00f6nemli oldu\u011fu ve nas\u0131l do\u011fru \u015fekilde uygulanaca\u011f\u0131 anlat\u0131lmaktad\u0131r.<\/p>\n<\/div><\/div><\/div><div class=\"fusion-layout-column fusion_builder_column fusion-builder-column-1 fusion_builder_column_1_2 1_2 fusion-flex-column fusion-flex-align-self-center\" style=\"--awb-bg-size:cover;--awb-width-large:50%;--awb-margin-top-large:25px;--awb-spacing-right-large:3.84%;--awb-margin-bottom-large:25px;--awb-spacing-left-large:3.84%;--awb-width-medium:50%;--awb-order-medium:0;--awb-spacing-right-medium:3.84%;--awb-spacing-left-medium:3.84%;--awb-width-small:100%;--awb-order-small:0;--awb-spacing-right-small:1.92%;--awb-margin-bottom-small:10;--awb-spacing-left-small:1.92%;\" data-scroll-devices=\"small-visibility,medium-visibility,large-visibility\"><div class=\"fusion-column-wrapper fusion-column-has-shadow fusion-flex-justify-content-center fusion-content-layout-column\"><div class=\"fusion-image-element \" style=\"text-align:center;--awb-caption-title-font-family:var(--h2_typography-font-family);--awb-caption-title-font-weight:var(--h2_typography-font-weight);--awb-caption-title-font-style:var(--h2_typography-font-style);--awb-caption-title-size:var(--h2_typography-font-size);--awb-caption-title-transform:var(--h2_typography-text-transform);--awb-caption-title-line-height:var(--h2_typography-line-height);--awb-caption-title-letter-spacing:var(--h2_typography-letter-spacing);\"><span class=\" fusion-imageframe imageframe-none imageframe-1 hover-type-none\"><img decoding=\"async\" width=\"1440\" height=\"1053\" title=\"raiser-seo-dashboard\" src=\"https:\/\/raisertools.com\/wp-content\/uploads\/2026\/01\/raiser-seo-dashboard.png\" alt class=\"img-responsive wp-image-2275\" srcset=\"https:\/\/raisertools.com\/wp-content\/uploads\/2026\/01\/raiser-seo-dashboard-200x146.png 200w, https:\/\/raisertools.com\/wp-content\/uploads\/2026\/01\/raiser-seo-dashboard-400x293.png 400w, https:\/\/raisertools.com\/wp-content\/uploads\/2026\/01\/raiser-seo-dashboard-600x439.png 600w, https:\/\/raisertools.com\/wp-content\/uploads\/2026\/01\/raiser-seo-dashboard-800x585.png 800w, https:\/\/raisertools.com\/wp-content\/uploads\/2026\/01\/raiser-seo-dashboard-1200x878.png 1200w, https:\/\/raisertools.com\/wp-content\/uploads\/2026\/01\/raiser-seo-dashboard.png 1440w\" sizes=\"(max-width: 640px) 100vw, 600px\" \/><\/span><\/div><\/div><\/div><div class=\"fusion-layout-column fusion_builder_column fusion-builder-column-2 fusion_builder_column_1_2 1_2 fusion-flex-column fusion-flex-align-self-center\" style=\"--awb-padding-top-small:20px;--awb-padding-bottom-small:20px;--awb-bg-size:cover;--awb-width-large:50%;--awb-margin-top-large:25px;--awb-spacing-right-large:3.84%;--awb-margin-bottom-large:25px;--awb-spacing-left-large:3.84%;--awb-width-medium:50%;--awb-order-medium:0;--awb-spacing-right-medium:3.84%;--awb-spacing-left-medium:3.84%;--awb-width-small:100%;--awb-order-small:0;--awb-spacing-right-small:1.92%;--awb-spacing-left-small:1.92%;\" data-scroll-devices=\"small-visibility,medium-visibility,large-visibility\"><div class=\"fusion-column-wrapper fusion-column-has-shadow fusion-flex-justify-content-center fusion-content-layout-column\"><div class=\"fusion-title title fusion-title-1 fusion-sep-none fusion-title-text fusion-title-size-four\" style=\"--awb-margin-top:0px;--awb-margin-bottom:10px;\"><h4 class=\"fusion-title-heading title-heading-left\" style=\"margin:0;\">UX Nedir?<\/h4><\/div><div class=\"fusion-text fusion-text-2 fusion-text-no-margin\" style=\"--awb-content-alignment:left;\"><p>Temel olarak UX, bir ziyaret\u00e7inin web sitenizle ilk izleniminden son t\u0131klamaya kadar ya\u015fad\u0131\u011f\u0131 t\u00fcm deneyimin toplam\u0131d\u0131r. \u015eu unsurlar\u0131 kapsar: <\/p>\n<ul>\n<li>Kolay gezinme<\/li>\n<li>Sayfa y\u00fcklenme h\u0131z\u0131<\/li>\n<li>\u0130\u00e7eri\u011fin netli\u011fi ve alaka d\u00fczeyi<\/li>\n<li>G\u00f6rsel hiyerar\u015fi ve tasar\u0131m d\u00fczeni<\/li>\n<li>Mobil uyumluluk<\/li>\n<li>T\u00fcm kullan\u0131c\u0131lar i\u00e7in eri\u015filebilirlik<\/li>\n<\/ul>\n<p>\u0130yi bir UX tasar\u0131m\u0131, kullan\u0131c\u0131lar\u0131n:<\/p>\n<ul>\n<li>\u0130htiya\u00e7 duyduklar\u0131n\u0131 h\u0131zla bulmas\u0131n\u0131<\/li>\n<li>\u0130\u00e7eri\u011fi ve se\u00e7enekleri kolayca anlamas\u0131n\u0131<\/li>\n<li>Markaya ya da i\u015fletmeye g\u00fcven duymas\u0131n\u0131<\/li>\n<li>Sitede daha uzun s\u00fcre kalmas\u0131n\u0131 ve aksiyon almas\u0131n\u0131 (sat\u0131n alma, abone olma, form doldurma vb.) sa\u011flar.<\/li>\n<\/ul>\n<\/div><\/div><\/div><div class=\"fusion-layout-column fusion_builder_column fusion-builder-column-3 fusion_builder_column_1_2 1_2 fusion-flex-column fusion-flex-align-self-center\" style=\"--awb-padding-top-small:20px;--awb-padding-bottom-small:20px;--awb-bg-size:cover;--awb-width-large:50%;--awb-margin-top-large:25px;--awb-spacing-right-large:3.84%;--awb-margin-bottom-large:25px;--awb-spacing-left-large:3.84%;--awb-width-medium:50%;--awb-order-medium:0;--awb-spacing-right-medium:3.84%;--awb-spacing-left-medium:3.84%;--awb-width-small:100%;--awb-order-small:2;--awb-spacing-right-small:1.92%;--awb-spacing-left-small:1.92%;\" data-scroll-devices=\"small-visibility,medium-visibility,large-visibility\"><div class=\"fusion-column-wrapper fusion-column-has-shadow fusion-flex-justify-content-center fusion-content-layout-column\"><div class=\"fusion-title title fusion-title-2 fusion-sep-none fusion-title-text fusion-title-size-four\" style=\"--awb-margin-top:0px;--awb-margin-bottom:10px;\"><h4 class=\"fusion-title-heading title-heading-left\" style=\"margin:0;\">UX Neden \u00d6nemlidir?<\/h4><\/div><div class=\"fusion-text fusion-text-3 fusion-text-no-margin\" style=\"--awb-content-alignment:left;\"><ul>\n<li><strong>Etkile\u015fimi art\u0131r\u0131r: <\/strong>A\u00e7\u0131k ve sezgisel bir yap\u0131, kullan\u0131c\u0131lar\u0131 sitede daha fazla ke\u015ffe te\u015fvik eder.<\/li>\n<li><strong>D\u00f6n\u00fc\u015f\u00fcmleri y\u00fckseltir: <\/strong>G\u00f6revleri kolayca tamamlayabilen kullan\u0131c\u0131lar, m\u00fc\u015fteriye d\u00f6n\u00fc\u015fme olas\u0131l\u0131\u011f\u0131 daha y\u00fcksek olanlard\u0131r.<\/li>\n<li><strong>Hemen \u00e7\u0131kma oran\u0131n\u0131 d\u00fc\u015f\u00fcr\u00fcr:<\/strong> \u0130yi bir deneyim, kullan\u0131c\u0131lar\u0131n sayfay\u0131 hemen terk etmesini engeller.<\/li>\n<li><strong>Marka alg\u0131s\u0131n\u0131 g\u00fc\u00e7lendirir: <\/strong>Olumlu deneyimler g\u00fcven ve sadakat yarat\u0131r.<\/li>\n<li><strong>SEO&#8217;yu destekler:<\/strong> Google, s\u0131ralamalarda kullan\u0131c\u0131 sinyallerini (hemen \u00e7\u0131kma oran\u0131, sayfada ge\u00e7irilen s\u00fcre, mobil uyumluluk gibi) dikkate al\u0131r.<\/li>\n<\/ul>\n<p>K\u0131sacas\u0131, UX insanlar\u0131n sitenizi nas\u0131l deneyimledi\u011fini etkilerken, ayn\u0131 zamanda performans\u0131n\u0131 da do\u011frudan belirler.<\/p>\n<\/div><\/div><\/div><div class=\"fusion-layout-column fusion_builder_column fusion-builder-column-4 fusion_builder_column_1_2 1_2 fusion-flex-column fusion-flex-align-self-center\" style=\"--awb-bg-size:cover;--awb-width-large:50%;--awb-margin-top-large:25px;--awb-spacing-right-large:3.84%;--awb-margin-bottom-large:25px;--awb-spacing-left-large:3.84%;--awb-width-medium:50%;--awb-order-medium:0;--awb-spacing-right-medium:3.84%;--awb-spacing-left-medium:3.84%;--awb-width-small:100%;--awb-order-small:1;--awb-spacing-right-small:1.92%;--awb-margin-bottom-small:10;--awb-spacing-left-small:1.92%;\" data-scroll-devices=\"small-visibility,medium-visibility,large-visibility\"><div class=\"fusion-column-wrapper fusion-column-has-shadow fusion-flex-justify-content-center fusion-content-layout-column\"><div class=\"fusion-image-element \" style=\"text-align:center;--awb-caption-title-font-family:var(--h2_typography-font-family);--awb-caption-title-font-weight:var(--h2_typography-font-weight);--awb-caption-title-font-style:var(--h2_typography-font-style);--awb-caption-title-size:var(--h2_typography-font-size);--awb-caption-title-transform:var(--h2_typography-text-transform);--awb-caption-title-line-height:var(--h2_typography-line-height);--awb-caption-title-letter-spacing:var(--h2_typography-letter-spacing);\"><span class=\" fusion-imageframe imageframe-none imageframe-2 hover-type-none\"><img decoding=\"async\" width=\"1440\" height=\"711\" title=\"raiser-all-parameters\" src=\"https:\/\/raisertools.com\/wp-content\/uploads\/2026\/01\/raiser-all-parameters.png\" alt class=\"img-responsive wp-image-2278\" srcset=\"https:\/\/raisertools.com\/wp-content\/uploads\/2026\/01\/raiser-all-parameters-200x99.png 200w, https:\/\/raisertools.com\/wp-content\/uploads\/2026\/01\/raiser-all-parameters-400x198.png 400w, https:\/\/raisertools.com\/wp-content\/uploads\/2026\/01\/raiser-all-parameters-600x296.png 600w, https:\/\/raisertools.com\/wp-content\/uploads\/2026\/01\/raiser-all-parameters-800x395.png 800w, https:\/\/raisertools.com\/wp-content\/uploads\/2026\/01\/raiser-all-parameters-1200x593.png 1200w, https:\/\/raisertools.com\/wp-content\/uploads\/2026\/01\/raiser-all-parameters.png 1440w\" sizes=\"(max-width: 640px) 100vw, 600px\" \/><\/span><\/div><\/div><\/div><div class=\"fusion-layout-column fusion_builder_column fusion-builder-column-5 fusion_builder_column_1_1 1_1 fusion-flex-column\" style=\"--awb-bg-size:cover;--awb-width-large:100%;--awb-margin-top-large:0px;--awb-spacing-right-large:1.92%;--awb-margin-bottom-large:0px;--awb-spacing-left-large:1.92%;--awb-width-medium:100%;--awb-order-medium:0;--awb-spacing-right-medium:1.92%;--awb-spacing-left-medium:1.92%;--awb-width-small:100%;--awb-order-small:3;--awb-spacing-right-small:1.92%;--awb-spacing-left-small:1.92%;\" data-scroll-devices=\"small-visibility,medium-visibility,large-visibility\"><div class=\"fusion-column-wrapper fusion-column-has-shadow fusion-flex-justify-content-flex-start fusion-content-layout-column\"><div class=\"accordian fusion-accordian\" style=\"--awb-border-size:1px;--awb-icon-size:16px;--awb-content-font-size:var(--awb-typography4-font-size);--awb-icon-alignment:left;--awb-hover-color:var(--awb-color2);--awb-border-color:var(--awb-color3);--awb-background-color:var(--awb-color1);--awb-divider-color:var(--awb-color3);--awb-divider-hover-color:var(--awb-color3);--awb-icon-color:var(--awb-color3);--awb-title-color:var(--awb-color5);--awb-content-color:var(--awb-color5);--awb-icon-box-color:rgba(255,200,0,0);--awb-toggle-hover-accent-color:var(--awb-color5);--awb-toggle-active-accent-color:var(--awb-color5);--awb-title-font-family:var(--awb-typography1-font-family);--awb-title-font-weight:var(--awb-typography1-font-weight);--awb-title-font-style:var(--awb-typography1-font-style);--awb-title-font-size:18px;--awb-content-font-family:var(--awb-typography4-font-family);--awb-content-font-weight:var(--awb-typography4-font-weight);--awb-content-font-style:var(--awb-typography4-font-style);\"><div class=\"panel-group fusion-toggle-icon-unboxed\" id=\"accordion-1799-1\"><div class=\"fusion-panel panel-default panel-5bd2176044980ea27 fusion-toggle-has-divider\" style=\"--awb-title-color:var(--awb-color5);\"><div class=\"panel-heading\"><h3 class=\"panel-title toggle\" id=\"toggle_5bd2176044980ea27\"><a aria-expanded=\"false\" aria-controls=\"5bd2176044980ea27\" role=\"button\" data-toggle=\"collapse\" data-target=\"#5bd2176044980ea27\" href=\"#5bd2176044980ea27\"><span class=\"fusion-toggle-icon-wrapper\" aria-hidden=\"true\"><i class=\"fa-fusion-box active-icon fa-angle-down fas\" aria-hidden=\"true\"><\/i><i class=\"fa-fusion-box inactive-icon fa-angle-right fas\" aria-hidden=\"true\"><\/i><\/span><span class=\"fusion-toggle-heading\">Kullan\u0131c\u0131 Deneyiminin Temel Prensipleri<\/span><\/a><\/h3><\/div><div id=\"5bd2176044980ea27\" class=\"panel-collapse collapse \" aria-labelledby=\"toggle_5bd2176044980ea27\"><div class=\"panel-body toggle-content fusion-clearfix\">\n<ol>\n<li><b> A\u00e7\u0131kl\u0131k<\/b><\/li>\n<\/ol>\n<p><span style=\"font-weight: 400;\">Kullan\u0131c\u0131lar her zaman nerede olduklar\u0131n\u0131, ne yapabileceklerini ve nas\u0131l yapacaklar\u0131n\u0131 bilmeli. A\u00e7\u0131k etiketler, okunabilir i\u00e7erikler ve sezgisel gezinme \u015fartt\u0131r. <\/span><\/p>\n<ol start=\"2\">\n<li><b> Tutarl\u0131l\u0131k<\/b><\/li>\n<\/ol>\n<p><span style=\"font-weight: 400;\">Tasar\u0131m \u00f6\u011feleri (butonlar, yaz\u0131 tipleri, men\u00fcler) t\u00fcm sayfalarda ayn\u0131 \u015fekilde davranmal\u0131d\u0131r. Tutarl\u0131l\u0131k, kullan\u0131c\u0131 g\u00fcveni olu\u015fturur ve \u00f6\u011frenme s\u00fcresini azalt\u0131r. <\/span><\/p>\n<ol start=\"3\">\n<li><b> Geri Bildirim<\/b><\/li>\n<\/ol>\n<p><span style=\"font-weight: 400;\">Site, kullan\u0131c\u0131 etkile\u015fimlerine yan\u0131t vermelidir. \u00d6rne\u011fin, bir form g\u00f6nderildi\u011finde ba\u015far\u0131 mesaj\u0131 g\u00f6sterilmeli, bir butona t\u0131klan\u0131nca i\u015flem ba\u015flad\u0131\u011f\u0131 hissedilmelidir. <\/span><\/p>\n<ol start=\"4\">\n<li><b> Basitlik<\/b><\/li>\n<\/ol>\n<p><span style=\"font-weight: 400;\">G\u00f6rsel karma\u015fay\u0131 azalt\u0131n, ger\u00e7ekten \u00f6nemli olanlara odaklan\u0131n. Kullan\u0131c\u0131y\u0131 do\u011fru aksiyona y\u00f6nlendirin.  <\/span><\/p>\n<ol start=\"5\">\n<li><b> Eri\u015filebilirlik<\/b><\/li>\n<\/ol>\n<p><span style=\"font-weight: 400;\">Siteniz herkes i\u00e7in eri\u015filebilir olmal\u0131\u2014engelli bireyler dahil. Bu; y\u00fcksek kontrast, klavye ile gezinme, g\u00f6rseller i\u00e7in alt metin, okunabilir yaz\u0131 tipleri gibi unsurlar\u0131 kapsar. <\/span><\/p>\n<\/div><\/div><\/div><div class=\"fusion-panel panel-default panel-2a6cb9f03b8ecfa60 fusion-toggle-has-divider\" style=\"--awb-title-color:var(--awb-color5);\"><div class=\"panel-heading\"><h3 class=\"panel-title toggle\" id=\"toggle_2a6cb9f03b8ecfa60\"><a aria-expanded=\"false\" aria-controls=\"2a6cb9f03b8ecfa60\" role=\"button\" data-toggle=\"collapse\" data-target=\"#2a6cb9f03b8ecfa60\" href=\"#2a6cb9f03b8ecfa60\"><span class=\"fusion-toggle-icon-wrapper\" aria-hidden=\"true\"><i class=\"fa-fusion-box active-icon fa-angle-down fas\" aria-hidden=\"true\"><\/i><i class=\"fa-fusion-box inactive-icon fa-angle-right fas\" aria-hidden=\"true\"><\/i><\/span><span class=\"fusion-toggle-heading\">Kullan\u0131c\u0131 Deneyimini \u015eekillendiren Ana Unsurlar<\/span><\/a><\/h3><\/div><div id=\"2a6cb9f03b8ecfa60\" class=\"panel-collapse collapse \" aria-labelledby=\"toggle_2a6cb9f03b8ecfa60\"><div class=\"panel-body toggle-content fusion-clearfix\">\n<p><b>Navigasyon<\/b><\/p>\n<p><span style=\"font-weight: 400;\">Men\u00fcler<\/span>, ekmek k\u0131r\u0131nt\u0131lar\u0131<span style=\"font-weight: 400;\">(breadcrumbs) <\/span>ve <span style=\"font-weight: 400;\">i\u00e7 linkler<\/span>, kullan\u0131c\u0131lar\u0131n arad\u0131klar\u0131n\u0131 minimum \u00e7abayla bulmas\u0131na yard\u0131mc\u0131 olmal\u0131d\u0131r.<\/p>\n<p><b>Tasar\u0131m ve G\u00f6rsel Hiyerar\u015fi<\/b><\/p>\n<p><span style=\"font-weight: 400;\">\u00d6nemli bilgiler \u00f6ne \u00e7\u0131kmal\u0131d\u0131r.  <\/span><span style=\"font-weight: 400;\">Ba\u015fl\u0131klar,<\/span> bo\u015fluklar ve renk kullan\u0131m\u0131yla dikkat do\u011fru \u015fekilde y\u00f6nlendirilmelidir.<\/p>\n<p><b>Sayfa H\u0131z\u0131<\/b><\/p>\n<p>Site h\u0131z\u0131<span style=\"font-weight: 400;\"> \u00f6nemlidir, zira ava\u015f siteler y\u00fcksek terk oran\u0131na yol a\u00e7ar. G\u00f6rselleri optimize edin, gereksiz script&#8217;leri azalt\u0131n, \u00f6nbellekleme kullanarak y\u00fckleme s\u00fcrelerini 2\u20133 saniyeye indirin. <\/span><\/p>\n<p><b>Mobil Deneyim<\/b><\/p>\n<p><span style=\"font-weight: 400;\">Ziyaret\u00e7ilerin \u00f6nemli bir k\u0131sm\u0131 mobil cihazlardan gelir. Siteniz farkl\u0131 ekran boyutlar\u0131na ve dokunmatik kullan\u0131ma sorunsuz \u015fekilde uyum sa\u011flamal\u0131d\u0131r. <\/span><\/p>\n<p><b>Okunabilirlik<\/b><\/p>\n<p><span style=\"font-weight: 400;\">Temiz yaz\u0131 tipleri, uygun punto b\u00fcy\u00fckl\u00fckleri ve sade bir dil kullan\u0131lmal\u0131d\u0131r.<\/span><\/p>\n<p><b>Harekete Ge\u00e7irici Mesajlar (CTA)<\/b><\/p>\n<p><span style=\"font-weight: 400;\">CTA&#8217;lar g\u00f6r\u00fcn\u00fcr ve eyleme ge\u00e7irilebilir olmal\u0131d\u0131r. Kullan\u0131c\u0131 bir butona t\u0131klad\u0131\u011f\u0131nda ne olaca\u011f\u0131n\u0131 a\u00e7\u0131k\u00e7a bilmelidir. <\/span><\/p>\n<\/div><\/div><\/div><div class=\"fusion-panel panel-default panel-90ea09564c8437e82 fusion-toggle-has-divider\" style=\"--awb-title-color:var(--awb-color5);\"><div class=\"panel-heading\"><h3 class=\"panel-title toggle\" id=\"toggle_90ea09564c8437e82\"><a aria-expanded=\"false\" aria-controls=\"90ea09564c8437e82\" role=\"button\" data-toggle=\"collapse\" data-target=\"#90ea09564c8437e82\" href=\"#90ea09564c8437e82\"><span class=\"fusion-toggle-icon-wrapper\" aria-hidden=\"true\"><i class=\"fa-fusion-box active-icon fa-angle-down fas\" aria-hidden=\"true\"><\/i><i class=\"fa-fusion-box inactive-icon fa-angle-right fas\" aria-hidden=\"true\"><\/i><\/span><span class=\"fusion-toggle-heading\">UX ve SEO: Nas\u0131l Birlikte \u00c7al\u0131\u015f\u0131rlar?<\/span><\/a><\/h3><\/div><div id=\"90ea09564c8437e82\" class=\"panel-collapse collapse \" aria-labelledby=\"toggle_90ea09564c8437e82\"><div class=\"panel-body toggle-content fusion-clearfix\">\n<ul>\n<li style=\"font-weight: 400;\" aria-level=\"1\"><span style=\"font-weight: 400;\">Mobil kullan\u0131labilirlik<\/span>, bir s\u0131ralama kriteridir\u2014mobilde k\u00f6t\u00fc deneyim SEO\u2019yu olumsuz etkiler.<\/li>\n<li style=\"font-weight: 400;\" aria-level=\"1\">Sayfada kalma s\u00fcresi ve <span style=\"font-weight: 400;\">hemen \u00e7\u0131kma oran\u0131<\/span>, kullan\u0131c\u0131 memnuniyetine dair sinyallerdir ve arama motorlar\u0131 taraf\u0131ndan dikkate al\u0131n\u0131r.<\/li>\n<li style=\"font-weight: 400;\" aria-level=\"1\">Sayfa h\u0131z\u0131, hem UX&#8217;i hem de <span style=\"font-weight: 400;\">SEO\u2019yu<\/span> do\u011frudan etkiler.<\/li>\n<li style=\"font-weight: 400;\" aria-level=\"1\">Site yap\u0131s\u0131 ve <span style=\"font-weight: 400;\">i\u00e7 ba\u011flant\u0131lar<\/span>, hem kullan\u0131c\u0131lar hem de arama botlar\u0131 i\u00e7in i\u00e7erik gezinimini kolayla\u015ft\u0131r\u0131r.<\/li>\n<\/ul>\n<p><span style=\"font-weight: 400;\">UX, SEO\u2019nun yerine ge\u00e7mez\u2014onu tamamlar. Arama motoru i\u00e7in optimize edilmi\u015f ama kullan\u0131m\u0131 zor bir sayfa ziyaret\u00e7i kaybeder. UX odakl\u0131 ama g\u00f6r\u00fcn\u00fcr olmayan bir sayfa ise hi\u00e7 trafik almaz. \u0130kisi birlikte \u00e7al\u0131\u015fmal\u0131d\u0131r.  <\/span><\/p>\n<\/div><\/div><\/div><div class=\"fusion-panel panel-default panel-1bbbe92d9c176d343 fusion-toggle-has-divider\" style=\"--awb-title-color:var(--awb-color5);\"><div class=\"panel-heading\"><h3 class=\"panel-title toggle\" id=\"toggle_1bbbe92d9c176d343\"><a aria-expanded=\"false\" aria-controls=\"1bbbe92d9c176d343\" role=\"button\" data-toggle=\"collapse\" data-target=\"#1bbbe92d9c176d343\" href=\"#1bbbe92d9c176d343\"><span class=\"fusion-toggle-icon-wrapper\" aria-hidden=\"true\"><i class=\"fa-fusion-box active-icon fa-angle-down fas\" aria-hidden=\"true\"><\/i><i class=\"fa-fusion-box inactive-icon fa-angle-right fas\" aria-hidden=\"true\"><\/i><\/span><span class=\"fusion-toggle-heading\">Ka\u00e7\u0131nman\u0131z Gereken Temel UX Hatalar\u0131<\/span><\/a><\/h3><\/div><div id=\"1bbbe92d9c176d343\" class=\"panel-collapse collapse \" aria-labelledby=\"toggle_1bbbe92d9c176d343\"><div class=\"panel-body toggle-content fusion-clearfix\">\n<ul>\n<li style=\"font-weight: 400;\" aria-level=\"1\"><span style=\"font-weight: 400;\">Dikkat da\u011f\u0131tan karma\u015f\u0131k tasar\u0131mlar<\/span><\/li>\n<li style=\"font-weight: 400;\" aria-level=\"1\"><span style=\"font-weight: 400;\">Mobil uyumluluk eksikli\u011fi<\/span><\/li>\n<li style=\"font-weight: 400;\" aria-level=\"1\"><span style=\"font-weight: 400;\">Kafa kar\u0131\u015ft\u0131r\u0131c\u0131 veya gizlenmi\u015f men\u00fcler<\/span><\/li>\n<li style=\"font-weight: 400;\" aria-level=\"1\"><span style=\"font-weight: 400;\">Yava\u015f y\u00fcklenen sayfalar ve b\u00fcy\u00fck medya dosyalar\u0131<\/span><\/li>\n<li style=\"font-weight: 400;\" aria-level=\"1\"><span style=\"font-weight: 400;\">Okunmas\u0131 zor yaz\u0131lar ya da d\u00fc\u015f\u00fck kontrast<\/span><\/li>\n<li style=\"font-weight: 400;\" aria-level=\"1\"><span style=\"font-weight: 400;\">\u00c7ok uzun veya doldurmas\u0131 zor formlar<\/span><\/li>\n<li style=\"font-weight: 400;\" aria-level=\"1\"><span style=\"font-weight: 400;\">Kullan\u0131c\u0131 harekete ge\u00e7meden \u00e7\u0131kan rahats\u0131z edici pop-up\u2019lar<\/span><\/li>\n<\/ul>\n<p><span style=\"font-weight: 400;\">Bu sorunlardan ka\u00e7\u0131nmak, web sitenizi daha h\u0131zl\u0131, daha ak\u0131c\u0131 ve kullan\u0131c\u0131 dostu hale getirir.<\/span><\/p>\n<\/div><\/div><\/div><\/div><\/div><\/div><\/div><\/div><\/div>\n","protected":false},"excerpt":{"rendered":"","protected":false},"author":1,"featured_media":0,"parent":0,"menu_order":0,"comment_status":"closed","ping_status":"closed","template":"100-width.php","meta":{"_acf_changed":false,"footnotes":""},"class_list":["post-1799","page","type-page","status-publish","hentry"],"acf":[],"_links":{"self":[{"href":"https:\/\/raisertools.com\/tr\/wp-json\/wp\/v2\/pages\/1799","targetHints":{"allow":["GET"]}}],"collection":[{"href":"https:\/\/raisertools.com\/tr\/wp-json\/wp\/v2\/pages"}],"about":[{"href":"https:\/\/raisertools.com\/tr\/wp-json\/wp\/v2\/types\/page"}],"author":[{"embeddable":true,"href":"https:\/\/raisertools.com\/tr\/wp-json\/wp\/v2\/users\/1"}],"replies":[{"embeddable":true,"href":"https:\/\/raisertools.com\/tr\/wp-json\/wp\/v2\/comments?post=1799"}],"version-history":[{"count":6,"href":"https:\/\/raisertools.com\/tr\/wp-json\/wp\/v2\/pages\/1799\/revisions"}],"predecessor-version":[{"id":2408,"href":"https:\/\/raisertools.com\/tr\/wp-json\/wp\/v2\/pages\/1799\/revisions\/2408"}],"wp:attachment":[{"href":"https:\/\/raisertools.com\/tr\/wp-json\/wp\/v2\/media?parent=1799"}],"curies":[{"name":"wp","href":"https:\/\/api.w.org\/{rel}","templated":true}]}}