{"id":1710,"date":"2025-05-07T13:21:45","date_gmt":"2025-05-07T13:21:45","guid":{"rendered":"https:\/\/raisertools.com\/seo-tarayici\/"},"modified":"2026-01-29T15:29:55","modified_gmt":"2026-01-29T15:29:55","slug":"seo-tarayici","status":"publish","type":"page","link":"https:\/\/raisertools.com\/tr\/seo-tarayici\/","title":{"rendered":"SEO Taray\u0131c\u0131"},"content":{"rendered":"<div class=\"fusion-fullwidth fullwidth-box fusion-builder-row-1 fusion-flex-container has-pattern-background has-mask-background nonhundred-percent-fullwidth non-hundred-percent-height-scrolling\" style=\"--awb-border-radius-top-left:0px;--awb-border-radius-top-right:0px;--awb-border-radius-bottom-right:0px;--awb-border-radius-bottom-left:0px;--awb-padding-top:20px;--awb-padding-right:0px;--awb-padding-bottom:60px;--awb-padding-left:0px;--awb-flex-wrap:wrap;\" ><div class=\"fusion-builder-row fusion-row fusion-flex-align-items-center fusion-flex-content-wrap\" style=\"max-width:1248px;margin-left: calc(-4% \/ 2 );margin-right: calc(-4% \/ 2 );\"><div class=\"fusion-layout-column fusion_builder_column fusion-builder-column-0 fusion_builder_column_1_1 1_1 fusion-flex-column\" style=\"--awb-bg-size:cover;--awb-width-large:100%;--awb-margin-top-large:0px;--awb-spacing-right-large:1.92%;--awb-margin-bottom-large:0px;--awb-spacing-left-large:1.92%;--awb-width-medium:100%;--awb-order-medium:0;--awb-spacing-right-medium:1.92%;--awb-spacing-left-medium:1.92%;--awb-width-small:100%;--awb-order-small:0;--awb-spacing-right-small:1.92%;--awb-margin-bottom-small:20px;--awb-spacing-left-small:1.92%;\" data-scroll-devices=\"small-visibility,medium-visibility,large-visibility\"><div class=\"fusion-column-wrapper fusion-column-has-shadow fusion-flex-justify-content-flex-start fusion-content-layout-column\"><div class=\"fusion-text fusion-text-1\" style=\"--awb-text-transform:var(--awb-typography4-text-transform);--awb-text-color:var(--awb-color5);\"><p>SEO taray\u0131c\u0131, web sitesinin arama motorlar\u0131ndaki g\u00f6r\u00fcn\u00fcrl\u00fc\u011f\u00fcn\u00fc art\u0131rmak isteyen herkes i\u00e7in vazge\u00e7ilmez bir ara\u00e7t\u0131r. Arama motorlar\u0131n\u0131n sitenizi nas\u0131l gezdi\u011fini ve dizine ekledi\u011fini sim\u00fcle ederek, olas\u0131 sorunlar\u0131 ve iyile\u015ftirme f\u0131rsatlar\u0131n\u0131 tespit eder. \u0130ster b\u00fcy\u00fck bir e-ticaret sitesini denetliyor ister ki\u015fisel bir blogu geli\u015ftiriyor olun, SEO taray\u0131c\u0131lar daha y\u00fcksek s\u0131ralamalar ve daha iyi kullan\u0131c\u0131 deneyimleri elde etmenize yard\u0131mc\u0131 olur.<\/p>\n<\/div><\/div><\/div><div class=\"fusion-layout-column fusion_builder_column fusion-builder-column-1 fusion_builder_column_1_2 1_2 fusion-flex-column fusion-flex-align-self-center\" style=\"--awb-bg-size:cover;--awb-width-large:50%;--awb-margin-top-large:25px;--awb-spacing-right-large:3.84%;--awb-margin-bottom-large:25px;--awb-spacing-left-large:3.84%;--awb-width-medium:50%;--awb-order-medium:0;--awb-spacing-right-medium:3.84%;--awb-spacing-left-medium:3.84%;--awb-width-small:100%;--awb-order-small:0;--awb-spacing-right-small:1.92%;--awb-margin-bottom-small:10;--awb-spacing-left-small:1.92%;\" data-scroll-devices=\"small-visibility,medium-visibility,large-visibility\"><div class=\"fusion-column-wrapper fusion-column-has-shadow fusion-flex-justify-content-center fusion-content-layout-column\"><div class=\"fusion-image-element \" style=\"text-align:center;--awb-caption-title-font-family:var(--h2_typography-font-family);--awb-caption-title-font-weight:var(--h2_typography-font-weight);--awb-caption-title-font-style:var(--h2_typography-font-style);--awb-caption-title-size:var(--h2_typography-font-size);--awb-caption-title-transform:var(--h2_typography-text-transform);--awb-caption-title-line-height:var(--h2_typography-line-height);--awb-caption-title-letter-spacing:var(--h2_typography-letter-spacing);\"><span class=\" fusion-imageframe imageframe-none imageframe-1 hover-type-none\"><img decoding=\"async\" width=\"1440\" height=\"1053\" title=\"raiser-seo-dashboard\" src=\"https:\/\/raisertools.com\/wp-content\/uploads\/2026\/01\/raiser-seo-dashboard.png\" alt class=\"img-responsive wp-image-2275\" srcset=\"https:\/\/raisertools.com\/wp-content\/uploads\/2026\/01\/raiser-seo-dashboard-200x146.png 200w, https:\/\/raisertools.com\/wp-content\/uploads\/2026\/01\/raiser-seo-dashboard-400x293.png 400w, https:\/\/raisertools.com\/wp-content\/uploads\/2026\/01\/raiser-seo-dashboard-600x439.png 600w, https:\/\/raisertools.com\/wp-content\/uploads\/2026\/01\/raiser-seo-dashboard-800x585.png 800w, https:\/\/raisertools.com\/wp-content\/uploads\/2026\/01\/raiser-seo-dashboard-1200x878.png 1200w, https:\/\/raisertools.com\/wp-content\/uploads\/2026\/01\/raiser-seo-dashboard.png 1440w\" sizes=\"(max-width: 640px) 100vw, 600px\" \/><\/span><\/div><\/div><\/div><div class=\"fusion-layout-column fusion_builder_column fusion-builder-column-2 fusion_builder_column_1_2 1_2 fusion-flex-column fusion-flex-align-self-center\" style=\"--awb-padding-top-small:20px;--awb-padding-bottom-small:20px;--awb-bg-size:cover;--awb-width-large:50%;--awb-margin-top-large:25px;--awb-spacing-right-large:3.84%;--awb-margin-bottom-large:25px;--awb-spacing-left-large:3.84%;--awb-width-medium:50%;--awb-order-medium:0;--awb-spacing-right-medium:3.84%;--awb-spacing-left-medium:3.84%;--awb-width-small:100%;--awb-order-small:0;--awb-spacing-right-small:1.92%;--awb-spacing-left-small:1.92%;\" data-scroll-devices=\"small-visibility,medium-visibility,large-visibility\"><div class=\"fusion-column-wrapper fusion-column-has-shadow fusion-flex-justify-content-center fusion-content-layout-column\"><div class=\"fusion-title title fusion-title-1 fusion-sep-none fusion-title-text fusion-title-size-four\" style=\"--awb-margin-top:0px;--awb-margin-bottom:10px;\"><h4 class=\"fusion-title-heading title-heading-left\" style=\"margin:0;\">SEO Taray\u0131c\u0131 Nedir?<\/h4><\/div><div class=\"fusion-text fusion-text-2 fusion-text-no-margin\" style=\"--awb-content-alignment:left;\"><p>SEO taray\u0131c\u0131, arama motoru botlar\u0131n\u0131n davran\u0131\u015f\u0131n\u0131 taklit ederek web sitenizi sistematik \u015fekilde tarayan bir yaz\u0131l\u0131md\u0131r. Her sayfay\u0131, ba\u011flant\u0131y\u0131, g\u00f6rseli ve kod par\u00e7as\u0131n\u0131 inceleyerek sitenizin yap\u0131s\u0131 ve performans\u0131 hakk\u0131nda veriler toplar. Toplanan bu veriler; k\u0131r\u0131k ba\u011flant\u0131lar, yinelenen i\u00e7erik, eksik meta etiketler veya yava\u015f y\u00fcklenen sayfalar gibi SEO sorunlar\u0131n\u0131 tespit etmek i\u00e7in kullan\u0131l\u0131r.  <\/p>\n<p>Zaman alan, ayn\u0131 zamanda hatalara daha a\u00e7\u0131k olan manuel denetimlerin aksine, SEO taray\u0131c\u0131lar\u0131, y\u00fczlerce hatta binlerce sayfay\u0131 h\u0131zla tarayarak sa\u011fl\u0131kl\u0131 veriler elde edebilir, size optimizasyon \u00e7al\u0131\u015fmalar\u0131n\u0131z\u0131 y\u00f6nlendirecek kapsaml\u0131 raporlar sunar.<\/p>\n<\/div><\/div><\/div><div class=\"fusion-layout-column fusion_builder_column fusion-builder-column-3 fusion_builder_column_1_2 1_2 fusion-flex-column fusion-flex-align-self-center\" style=\"--awb-padding-top-small:20px;--awb-padding-bottom-small:20px;--awb-bg-size:cover;--awb-width-large:50%;--awb-margin-top-large:25px;--awb-spacing-right-large:3.84%;--awb-margin-bottom-large:25px;--awb-spacing-left-large:3.84%;--awb-width-medium:50%;--awb-order-medium:0;--awb-spacing-right-medium:3.84%;--awb-spacing-left-medium:3.84%;--awb-width-small:100%;--awb-order-small:2;--awb-spacing-right-small:1.92%;--awb-spacing-left-small:1.92%;\" data-scroll-devices=\"small-visibility,medium-visibility,large-visibility\"><div class=\"fusion-column-wrapper fusion-column-has-shadow fusion-flex-justify-content-center fusion-content-layout-column\"><div class=\"fusion-title title fusion-title-2 fusion-sep-none fusion-title-text fusion-title-size-four\" style=\"--awb-margin-top:0px;--awb-margin-bottom:10px;\"><h4 class=\"fusion-title-heading title-heading-left\" style=\"margin:0;\">SEO Taray\u0131c\u0131 Nas\u0131l \u00c7al\u0131\u015f\u0131r?<\/h4><\/div><div class=\"fusion-text fusion-text-3 fusion-text-no-margin\" style=\"--awb-content-alignment:left;\"><p>SEO taray\u0131c\u0131, arama motoru botlar\u0131 gibi, web sitenize istekler g\u00f6ndererek \u00e7al\u0131\u015f\u0131r. Belirlenen bir URL\u2019den ba\u015flayarak, site i\u00e7indeki ba\u011flant\u0131lar\u0131 takip eder, her sayfay\u0131 analiz eder ve veri kaydeder. Taraman\u0131n kapsam\u0131; alt alan adlar\u0131, dosya t\u00fcrleri veya no-follow ba\u011flant\u0131lar gibi belirli alanlara odaklanacak \u015fekilde yap\u0131land\u0131r\u0131labilir.  <\/p>\n<p>Tarama s\u0131ras\u0131nda ara\u00e7, \u015fu temel SEO \u00f6\u011felerini inceler:<\/p>\n<p><strong>Sayfa Ba\u015fl\u0131klar\u0131 ve Meta A\u00e7\u0131klamalar\u0131:<\/strong> Eksik veya yinelenen etiketlerin kontrol\u00fc.<br \/>\n<strong>HTTP Durum Kodlar\u0131:<\/strong> 404 hatalar\u0131, 301 y\u00f6nlendirmeleri ve sunucu sorunlar\u0131n\u0131n tespiti.<br \/>\n<strong>Dahili ve Harici Ba\u011flant\u0131lar:<\/strong> T\u00fcm ba\u011flant\u0131lar\u0131n \u00e7al\u0131\u015f\u0131r ve ilgili oldu\u011fundan emin olunmas\u0131.<br \/>\n<strong>Yap\u0131land\u0131r\u0131lm\u0131\u015f Veri ve \u0130\u015faretleme:<\/strong> Geli\u015fmi\u015f arama sonu\u00e7lar\u0131 i\u00e7in schema uygulamas\u0131n\u0131n do\u011frulanmas\u0131.<br \/>\n<strong>Sayfa Performans\u0131:<\/strong> Y\u00fckleme s\u00fcrelerinin \u00f6l\u00e7\u00fclmesi ve kaynak yo\u011fun \u00f6\u011felerin tespiti.<\/p>\n<p>Taray\u0131c\u0131, bu bilgileri kolay okunabilir bir rapor haline getirir ve dikkat edilmesi gereken alanlar\u0131 \u00f6ne \u00e7\u0131kar\u0131r.<\/p>\n<\/div><\/div><\/div><div class=\"fusion-layout-column fusion_builder_column fusion-builder-column-4 fusion_builder_column_1_2 1_2 fusion-flex-column fusion-flex-align-self-center\" style=\"--awb-bg-size:cover;--awb-width-large:50%;--awb-margin-top-large:25px;--awb-spacing-right-large:3.84%;--awb-margin-bottom-large:25px;--awb-spacing-left-large:3.84%;--awb-width-medium:50%;--awb-order-medium:0;--awb-spacing-right-medium:3.84%;--awb-spacing-left-medium:3.84%;--awb-width-small:100%;--awb-order-small:1;--awb-spacing-right-small:1.92%;--awb-margin-bottom-small:10;--awb-spacing-left-small:1.92%;\" data-scroll-devices=\"small-visibility,medium-visibility,large-visibility\"><div class=\"fusion-column-wrapper fusion-column-has-shadow fusion-flex-justify-content-center fusion-content-layout-column\"><div class=\"fusion-image-element \" style=\"text-align:center;--awb-caption-title-font-family:var(--h2_typography-font-family);--awb-caption-title-font-weight:var(--h2_typography-font-weight);--awb-caption-title-font-style:var(--h2_typography-font-style);--awb-caption-title-size:var(--h2_typography-font-size);--awb-caption-title-transform:var(--h2_typography-text-transform);--awb-caption-title-line-height:var(--h2_typography-line-height);--awb-caption-title-letter-spacing:var(--h2_typography-letter-spacing);\"><span class=\" fusion-imageframe imageframe-none imageframe-2 hover-type-none\"><img decoding=\"async\" width=\"1440\" height=\"711\" title=\"raiser-all-parameters\" src=\"https:\/\/raisertools.com\/wp-content\/uploads\/2026\/01\/raiser-all-parameters.png\" alt class=\"img-responsive wp-image-2278\" srcset=\"https:\/\/raisertools.com\/wp-content\/uploads\/2026\/01\/raiser-all-parameters-200x99.png 200w, https:\/\/raisertools.com\/wp-content\/uploads\/2026\/01\/raiser-all-parameters-400x198.png 400w, https:\/\/raisertools.com\/wp-content\/uploads\/2026\/01\/raiser-all-parameters-600x296.png 600w, https:\/\/raisertools.com\/wp-content\/uploads\/2026\/01\/raiser-all-parameters-800x395.png 800w, https:\/\/raisertools.com\/wp-content\/uploads\/2026\/01\/raiser-all-parameters-1200x593.png 1200w, https:\/\/raisertools.com\/wp-content\/uploads\/2026\/01\/raiser-all-parameters.png 1440w\" sizes=\"(max-width: 640px) 100vw, 600px\" \/><\/span><\/div><\/div><\/div><div class=\"fusion-layout-column fusion_builder_column fusion-builder-column-5 fusion_builder_column_1_1 1_1 fusion-flex-column\" style=\"--awb-bg-size:cover;--awb-width-large:100%;--awb-margin-top-large:0px;--awb-spacing-right-large:1.92%;--awb-margin-bottom-large:0px;--awb-spacing-left-large:1.92%;--awb-width-medium:100%;--awb-order-medium:0;--awb-spacing-right-medium:1.92%;--awb-spacing-left-medium:1.92%;--awb-width-small:100%;--awb-order-small:3;--awb-spacing-right-small:1.92%;--awb-spacing-left-small:1.92%;\" data-scroll-devices=\"small-visibility,medium-visibility,large-visibility\"><div class=\"fusion-column-wrapper fusion-column-has-shadow fusion-flex-justify-content-flex-start fusion-content-layout-column\"><div class=\"accordian fusion-accordian\" style=\"--awb-border-size:1px;--awb-icon-size:16px;--awb-content-font-size:var(--awb-typography4-font-size);--awb-icon-alignment:left;--awb-hover-color:var(--awb-color2);--awb-border-color:var(--awb-color3);--awb-background-color:var(--awb-color1);--awb-divider-color:var(--awb-color3);--awb-divider-hover-color:var(--awb-color3);--awb-icon-color:var(--awb-color3);--awb-title-color:var(--awb-color5);--awb-content-color:var(--awb-color5);--awb-icon-box-color:rgba(255,200,0,0);--awb-toggle-hover-accent-color:var(--awb-color5);--awb-toggle-active-accent-color:var(--awb-color5);--awb-title-font-family:var(--awb-typography1-font-family);--awb-title-font-weight:var(--awb-typography1-font-weight);--awb-title-font-style:var(--awb-typography1-font-style);--awb-title-font-size:18px;--awb-content-font-family:var(--awb-typography4-font-family);--awb-content-font-weight:var(--awb-typography4-font-weight);--awb-content-font-style:var(--awb-typography4-font-style);\"><div class=\"panel-group fusion-toggle-icon-unboxed\" id=\"accordion-1710-1\"><div class=\"fusion-panel panel-default panel-55a720d36d7b156da fusion-toggle-has-divider\" style=\"--awb-title-color:var(--awb-color5);\"><div class=\"panel-heading\"><h4 class=\"panel-title toggle\" id=\"toggle_55a720d36d7b156da\"><a aria-expanded=\"false\" aria-controls=\"55a720d36d7b156da\" role=\"button\" data-toggle=\"collapse\" data-target=\"#55a720d36d7b156da\" href=\"#55a720d36d7b156da\"><span class=\"fusion-toggle-icon-wrapper\" aria-hidden=\"true\"><i class=\"fa-fusion-box active-icon fa-angle-down fas\" aria-hidden=\"true\"><\/i><i class=\"fa-fusion-box inactive-icon fa-angle-right fas\" aria-hidden=\"true\"><\/i><\/span><span class=\"fusion-toggle-heading\">SEO Taray\u0131c\u0131lar\u0131 Taraf\u0131ndan Tespit Edilen Yayg\u0131n Sorunlar<\/span><\/a><\/h4><\/div><div id=\"55a720d36d7b156da\" class=\"panel-collapse collapse \" aria-labelledby=\"toggle_55a720d36d7b156da\"><div class=\"panel-body toggle-content fusion-clearfix\">\n<p>SEO taray\u0131c\u0131lar\u0131, sitenizin performans\u0131n\u0131 olumsuz etkileyebilecek \u00e7ok \u00e7e\u015fitli sorunlar\u0131 tespit etmede olduk\u00e7a ba\u015far\u0131l\u0131d\u0131r. En yayg\u0131n problemler \u015funlard\u0131r: <\/p>\n<ul>\n<li><strong>K\u0131r\u0131k Ba\u011flant\u0131lar:<\/strong> K\u0131r\u0131k ba\u011flant\u0131lar hem kullan\u0131c\u0131 deneyimini k\u00f6t\u00fc etkiler, hem de arama motorlar\u0131na olumsuz sinyaller g\u00f6nderir.<\/li>\n<li><strong>Yinelenen \u0130\u00e7erik:<\/strong> Ayn\u0131 veya \u00e7ok benzeyen i\u00e7eri\u011fe sahip sayfalar, sitenizin otoritesini zay\u0131flatabilir ve arama motorlar\u0131n\u0131n kafas\u0131n\u0131 kar\u0131\u015ft\u0131rabilir.<\/li>\n<li><strong>Eksik Meta Etiketler:<\/strong> Ba\u015fl\u0131k etiketleri ve meta a\u00e7\u0131klamalar, arama motorlar\u0131 ve kullan\u0131c\u0131lara i\u00e7eri\u011fin ba\u011flam\u0131n\u0131 iletmek ad\u0131na hayati \u00f6neme sahiptir.<\/li>\n<li><strong>Yava\u015f Y\u00fcklenen Sayfalar:<\/strong> Sayfa h\u0131z\u0131, \u00f6nemli bir s\u0131ralama fakt\u00f6r\u00fc ve kullan\u0131c\u0131 deneyiminin temel belirleyicisidir.<\/li>\n<li><strong>Mobil Uyumsuz Tasar\u0131m:<\/strong> Mobil uyumlu web siteleri arama motoru sonu\u00e7lar\u0131nda \u00f6ncelik kazan\u0131r.<\/li>\n<\/ul>\n<p>Bu sorunlar\u0131 tespit edip \u00e7\u00f6zerek, web sitenizin performans\u0131n\u0131 ve s\u0131ralamalar\u0131n\u0131 \u00f6nemli \u00f6l\u00e7\u00fcde iyile\u015ftirebilirsiniz.<\/p>\n<\/div><\/div><\/div><div class=\"fusion-panel panel-default panel-8a8a89cd5395b6dc0 fusion-toggle-has-divider\" style=\"--awb-title-color:var(--awb-color5);\"><div class=\"panel-heading\"><h4 class=\"panel-title toggle\" id=\"toggle_8a8a89cd5395b6dc0\"><a aria-expanded=\"false\" aria-controls=\"8a8a89cd5395b6dc0\" role=\"button\" data-toggle=\"collapse\" data-target=\"#8a8a89cd5395b6dc0\" href=\"#8a8a89cd5395b6dc0\"><span class=\"fusion-toggle-icon-wrapper\" aria-hidden=\"true\"><i class=\"fa-fusion-box active-icon fa-angle-down fas\" aria-hidden=\"true\"><\/i><i class=\"fa-fusion-box inactive-icon fa-angle-right fas\" aria-hidden=\"true\"><\/i><\/span><span class=\"fusion-toggle-heading\">Bir SEO Taray\u0131c\u0131da Aranacak Temel \u00d6zellikler<\/span><\/a><\/h4><\/div><div id=\"8a8a89cd5395b6dc0\" class=\"panel-collapse collapse \" aria-labelledby=\"toggle_8a8a89cd5395b6dc0\"><div class=\"panel-body toggle-content fusion-clearfix\">\n<p>Bir SEO taray\u0131c\u0131 se\u00e7erken, analizlerinizi kapsaml\u0131 ve uygulanabilir k\u0131lacak \u00f6zellikleri g\u00f6z \u00f6n\u00fcnde bulundurmal\u0131s\u0131n\u0131z.<\/p>\n<p>Raiser SEO Taray\u0131c\u0131 size a\u015fa\u011f\u0131daki \u00f6zellikleri sunar:<\/p>\n<ol>\n<li><strong>\u00d6zel Kurallar Tan\u0131mlama <\/strong><\/li>\n<li><strong>JS (JavaScript) \u0130\u015fleme<\/strong><\/li>\n<li><strong>Tarama Yap\u0131lan Varl\u0131klar\u0131n Optimizasyonu<\/strong><\/li>\n<li><strong>Veri Ba\u011flant\u0131s\u0131<\/strong><\/li>\n<li><strong>Saniyede 1000 URL tarama kapasitesi<\/strong><\/li>\n<\/ol>\n<\/div><\/div><\/div><div class=\"fusion-panel panel-default panel-b181e2905459c4400 fusion-toggle-has-divider\" style=\"--awb-title-color:var(--awb-color5);\"><div class=\"panel-heading\"><h4 class=\"panel-title toggle\" id=\"toggle_b181e2905459c4400\"><a aria-expanded=\"false\" aria-controls=\"b181e2905459c4400\" role=\"button\" data-toggle=\"collapse\" data-target=\"#b181e2905459c4400\" href=\"#b181e2905459c4400\"><span class=\"fusion-toggle-icon-wrapper\" aria-hidden=\"true\"><i class=\"fa-fusion-box active-icon fa-angle-down fas\" aria-hidden=\"true\"><\/i><i class=\"fa-fusion-box inactive-icon fa-angle-right fas\" aria-hidden=\"true\"><\/i><\/span><span class=\"fusion-toggle-heading\">SEO Taray\u0131c\u0131 Neden \u00d6nemlidir?<\/span><\/a><\/h4><\/div><div id=\"b181e2905459c4400\" class=\"panel-collapse collapse \" aria-labelledby=\"toggle_b181e2905459c4400\"><div class=\"panel-body toggle-content fusion-clearfix\">\n<p>SEO taray\u0131c\u0131, web sitenizin arama motoru performans\u0131n\u0131 art\u0131rmak i\u00e7in kritik \u00f6neme sahip, uygulanabilir i\u00e7g\u00f6r\u00fcler sa\u011flar. Arama motorlar\u0131, web sitelerini s\u0131ralamak i\u00e7in geli\u015fmi\u015f algoritmalar kullan\u0131r ve SEO taray\u0131c\u0131, sitenizin bu algoritmalar taraf\u0131ndan nas\u0131l alg\u0131land\u0131\u011f\u0131n\u0131 anlaman\u0131za yard\u0131mc\u0131 olur. <\/p>\n<p>SEO taray\u0131c\u0131 kullanman\u0131n ba\u015fl\u0131ca faydalar\u0131 \u015funlard\u0131r:<\/p>\n<ul>\n<li><strong>Teknik Sorunlar\u0131 Tespit Etme:<\/strong> K\u0131r\u0131k ba\u011flant\u0131lar, ba\u011flant\u0131s\u0131z sayfalar veya yanl\u0131\u015f y\u00f6nlendirmeler gibi sitenizin performans\u0131n\u0131 engelleyen problemleri ke\u015ffedebilirsiniz.<\/li>\n<li><strong>\u0130\u00e7erik Optimizasyonunu Geli\u015ftirme:<\/strong> Anahtar kelime kullan\u0131m\u0131, yinelenen i\u00e7erik ve yetersiz sayfalar\u0131 analiz ederek sitenizin arama motoru standartlar\u0131na uygun olmas\u0131n\u0131 sa\u011flayabilirsiniz.<\/li>\n<li><strong>Kullan\u0131c\u0131 Deneyimini \u0130yile\u015ftirme:<\/strong> Yava\u015f y\u00fcklenen sayfalar veya mobil uyumluluk sorunlar\u0131 gibi kullan\u0131labilirlik problemlerini gidererek ziyaret\u00e7i memnuniyetini art\u0131rabilirsiniz.<\/li>\n<li><strong>Dizinleme S\u00fcrecini Kolayla\u015ft\u0131rma: <\/strong>Arama motorlar\u0131n\u0131n t\u00fcm \u00f6nemli sayfalar\u0131n\u0131z\u0131 etkili \u015fekilde taray\u0131p dizine eklemesini sa\u011flayabilirsiniz.<\/li>\n<\/ul>\n<p>Bu sorunlar\u0131 ortaya \u00e7\u0131kararak SEO taray\u0131c\u0131, arama motorlar\u0131na ve kullan\u0131c\u0131lara dost bir web sitesi olu\u015fturman\u0131za olanak tan\u0131r.<\/p>\n<\/div><\/div><\/div><\/div><\/div><\/div><\/div><\/div><\/div>\n","protected":false},"excerpt":{"rendered":"","protected":false},"author":1,"featured_media":0,"parent":0,"menu_order":0,"comment_status":"closed","ping_status":"closed","template":"100-width.php","meta":{"_acf_changed":false,"footnotes":""},"class_list":["post-1710","page","type-page","status-publish","hentry"],"acf":[],"_links":{"self":[{"href":"https:\/\/raisertools.com\/tr\/wp-json\/wp\/v2\/pages\/1710","targetHints":{"allow":["GET"]}}],"collection":[{"href":"https:\/\/raisertools.com\/tr\/wp-json\/wp\/v2\/pages"}],"about":[{"href":"https:\/\/raisertools.com\/tr\/wp-json\/wp\/v2\/types\/page"}],"author":[{"embeddable":true,"href":"https:\/\/raisertools.com\/tr\/wp-json\/wp\/v2\/users\/1"}],"replies":[{"embeddable":true,"href":"https:\/\/raisertools.com\/tr\/wp-json\/wp\/v2\/comments?post=1710"}],"version-history":[{"count":8,"href":"https:\/\/raisertools.com\/tr\/wp-json\/wp\/v2\/pages\/1710\/revisions"}],"predecessor-version":[{"id":2401,"href":"https:\/\/raisertools.com\/tr\/wp-json\/wp\/v2\/pages\/1710\/revisions\/2401"}],"wp:attachment":[{"href":"https:\/\/raisertools.com\/tr\/wp-json\/wp\/v2\/media?parent=1710"}],"curies":[{"name":"wp","href":"https:\/\/api.w.org\/{rel}","templated":true}]}}