{"id":1704,"date":"2025-05-07T19:58:00","date_gmt":"2025-05-07T19:58:00","guid":{"rendered":"https:\/\/raisertools.com\/seo\/"},"modified":"2026-01-29T15:29:04","modified_gmt":"2026-01-29T15:29:04","slug":"seo","status":"publish","type":"page","link":"https:\/\/raisertools.com\/tr\/seo\/","title":{"rendered":"SEO (Search Engine Optimization &#8211; Arama Motoru Optimizasyonu)"},"content":{"rendered":"<div class=\"fusion-fullwidth fullwidth-box fusion-builder-row-1 fusion-flex-container has-pattern-background has-mask-background nonhundred-percent-fullwidth non-hundred-percent-height-scrolling\" style=\"--awb-border-radius-top-left:0px;--awb-border-radius-top-right:0px;--awb-border-radius-bottom-right:0px;--awb-border-radius-bottom-left:0px;--awb-padding-top:20px;--awb-padding-right:0px;--awb-padding-bottom:60px;--awb-padding-left:0px;--awb-flex-wrap:wrap;\" ><div class=\"fusion-builder-row fusion-row fusion-flex-align-items-center fusion-flex-content-wrap\" style=\"max-width:1248px;margin-left: calc(-4% \/ 2 );margin-right: calc(-4% \/ 2 );\"><div class=\"fusion-layout-column fusion_builder_column fusion-builder-column-0 fusion_builder_column_1_1 1_1 fusion-flex-column\" style=\"--awb-bg-size:cover;--awb-width-large:100%;--awb-margin-top-large:0px;--awb-spacing-right-large:1.92%;--awb-margin-bottom-large:0px;--awb-spacing-left-large:1.92%;--awb-width-medium:100%;--awb-order-medium:0;--awb-spacing-right-medium:1.92%;--awb-spacing-left-medium:1.92%;--awb-width-small:100%;--awb-order-small:0;--awb-spacing-right-small:1.92%;--awb-margin-bottom-small:20px;--awb-spacing-left-small:1.92%;\" data-scroll-devices=\"small-visibility,medium-visibility,large-visibility\"><div class=\"fusion-column-wrapper fusion-column-has-shadow fusion-flex-justify-content-flex-start fusion-content-layout-column\"><div class=\"fusion-text fusion-text-1\" style=\"--awb-text-transform:var(--awb-typography4-text-transform);--awb-text-color:var(--awb-color5);\"><p>SEO, web sitenize organik, uzun vadeli ve istikrarl\u0131 trafik \u00e7ekmenin en g\u00fc\u00e7l\u00fc yollar\u0131ndan biridir. Web sitenizi kullan\u0131c\u0131lar\u0131n ve arama motorlar\u0131n\u0131n beklentilerine daha uygun, faydal\u0131 ve ke\u015ffedilebilir hale getirece\u011finden, do\u011fru yap\u0131ld\u0131\u011f\u0131nda, \u00fccretli reklamlara ba\u011fl\u0131 kalmadan, i\u00e7eri\u011finizin arand\u0131\u011f\u0131 anda do\u011fru ki\u015filerin kar\u015f\u0131s\u0131na \u00e7\u0131kmas\u0131n\u0131 sa\u011flar. \u0130ster bir blog, ister online ma\u011faza, ister hizmet odakl\u0131 bir i\u015fletme y\u00f6netiyor olun, SEO\u2019yu anlamak ve istikrarl\u0131 bir \u015fekilde do\u011fru uygulamak g\u00f6r\u00fcn\u00fcrl\u00fc\u011f\u00fcn\u00fcz\u00fc, g\u00fcvenilirli\u011finizi ve \u00e7evrimi\u00e7i b\u00fcy\u00fcmenizi do\u011frudan etkileyecektir.   <\/p>\n<p>\u0130lerleyen sayfalarda SEO\u2019nun ne oldu\u011funu, neden \u00f6nemli oldu\u011funu ve do\u011fru \u015fekilde nas\u0131l yap\u0131laca\u011f\u0131n\u0131 a\u00e7\u0131klayaca\u011f\u0131z.<\/p>\n<\/div><\/div><\/div><div class=\"fusion-layout-column fusion_builder_column fusion-builder-column-1 fusion_builder_column_1_2 1_2 fusion-flex-column fusion-flex-align-self-center\" style=\"--awb-bg-size:cover;--awb-width-large:50%;--awb-margin-top-large:25px;--awb-spacing-right-large:3.84%;--awb-margin-bottom-large:25px;--awb-spacing-left-large:3.84%;--awb-width-medium:50%;--awb-order-medium:0;--awb-spacing-right-medium:3.84%;--awb-spacing-left-medium:3.84%;--awb-width-small:100%;--awb-order-small:0;--awb-spacing-right-small:1.92%;--awb-margin-bottom-small:10;--awb-spacing-left-small:1.92%;\" data-scroll-devices=\"small-visibility,medium-visibility,large-visibility\"><div class=\"fusion-column-wrapper fusion-column-has-shadow fusion-flex-justify-content-center fusion-content-layout-column\"><div class=\"fusion-image-element \" style=\"text-align:center;--awb-caption-title-font-family:var(--h2_typography-font-family);--awb-caption-title-font-weight:var(--h2_typography-font-weight);--awb-caption-title-font-style:var(--h2_typography-font-style);--awb-caption-title-size:var(--h2_typography-font-size);--awb-caption-title-transform:var(--h2_typography-text-transform);--awb-caption-title-line-height:var(--h2_typography-line-height);--awb-caption-title-letter-spacing:var(--h2_typography-letter-spacing);\"><span class=\" fusion-imageframe imageframe-none imageframe-1 hover-type-none\"><img decoding=\"async\" width=\"1294\" height=\"711\" title=\"one-click-report\" src=\"https:\/\/raisertools.com\/wp-content\/uploads\/2025\/05\/one-click-report.png\" alt class=\"img-responsive wp-image-1274\" srcset=\"https:\/\/raisertools.com\/wp-content\/uploads\/2025\/05\/one-click-report-200x110.png 200w, https:\/\/raisertools.com\/wp-content\/uploads\/2025\/05\/one-click-report-400x220.png 400w, https:\/\/raisertools.com\/wp-content\/uploads\/2025\/05\/one-click-report-600x330.png 600w, https:\/\/raisertools.com\/wp-content\/uploads\/2025\/05\/one-click-report-800x440.png 800w, https:\/\/raisertools.com\/wp-content\/uploads\/2025\/05\/one-click-report-1200x659.png 1200w, https:\/\/raisertools.com\/wp-content\/uploads\/2025\/05\/one-click-report.png 1294w\" sizes=\"(max-width: 640px) 100vw, 600px\" \/><\/span><\/div><\/div><\/div><div class=\"fusion-layout-column fusion_builder_column fusion-builder-column-2 fusion_builder_column_1_2 1_2 fusion-flex-column fusion-flex-align-self-center\" style=\"--awb-padding-top-small:20px;--awb-padding-bottom-small:20px;--awb-bg-size:cover;--awb-width-large:50%;--awb-margin-top-large:25px;--awb-spacing-right-large:3.84%;--awb-margin-bottom-large:25px;--awb-spacing-left-large:3.84%;--awb-width-medium:50%;--awb-order-medium:0;--awb-spacing-right-medium:3.84%;--awb-spacing-left-medium:3.84%;--awb-width-small:100%;--awb-order-small:0;--awb-spacing-right-small:1.92%;--awb-spacing-left-small:1.92%;\" data-scroll-devices=\"small-visibility,medium-visibility,large-visibility\"><div class=\"fusion-column-wrapper fusion-column-has-shadow fusion-flex-justify-content-center fusion-content-layout-column\"><div class=\"fusion-title title fusion-title-1 fusion-sep-none fusion-title-text fusion-title-size-four\" style=\"--awb-margin-top:0px;--awb-margin-bottom:10px;\"><h4 class=\"fusion-title-heading title-heading-left\" style=\"margin:0;\">SEO Nedir?<\/h4><\/div><div class=\"fusion-text fusion-text-2 fusion-text-no-margin\" style=\"--awb-content-alignment:left;\"><p>SEO, web sitenizi hem arama motorlar\u0131n\u0131n standartlar\u0131na uygun, hem de kullan\u0131c\u0131lar i\u00e7in daha faydal\u0131 hale getirmek i\u00e7in yap\u0131lan \u00e7al\u0131\u015fmalar\u0131 kapsar. Birisi Google\u2019da bir \u015fey arad\u0131\u011f\u0131nda, arama motoru en faydal\u0131 ve g\u00fcvenilir sonu\u00e7lar\u0131 g\u00f6stermeye \u00e7al\u0131\u015f\u0131r. Basit\u00e7e SEO, sayfalar\u0131n\u0131z\u0131n ve genel olarak sitenizin bu beklentileri kar\u015f\u0131lamas\u0131n\u0131 sa\u011flamakt\u0131r.  <\/p>\n<p>Birka\u00e7 farkl\u0131 alan\u0131 kapsar:<\/p>\n<ul>\n<li>Sayfalar\u0131n\u0131zdaki i\u00e7eri\u011fi geli\u015ftirmek<\/li>\n<li>Sitenizin daha kolay gezinilebilir ve daha h\u0131zl\u0131 y\u00fcklenir hale gelmesini sa\u011flamak<\/li>\n<li>Di\u011fer web sitelerinden g\u00fcven ve itibar kazanmak<\/li>\n<\/ul>\n<p>Bu \u00e7al\u0131\u015fmalar genellikle \u00fc\u00e7 ana ba\u015fl\u0131kta toplan\u0131r: sayfa i\u00e7i SEO (on-page SEO), sayfa d\u0131\u015f\u0131 SEO (off-page SEO) ve teknik SEO. Birlikte, arama motorlar\u0131n\u0131n sitenizi bulmas\u0131na, anlamas\u0131na ve daha \u00fcst s\u0131ralarda g\u00f6stermesine yard\u0131mc\u0131 olurlar.<\/p>\n<\/div><\/div><\/div><div class=\"fusion-layout-column fusion_builder_column fusion-builder-column-3 fusion_builder_column_1_2 1_2 fusion-flex-column fusion-flex-align-self-center\" style=\"--awb-padding-top-small:20px;--awb-padding-bottom-small:20px;--awb-bg-size:cover;--awb-width-large:50%;--awb-margin-top-large:25px;--awb-spacing-right-large:3.84%;--awb-margin-bottom-large:25px;--awb-spacing-left-large:3.84%;--awb-width-medium:50%;--awb-order-medium:0;--awb-spacing-right-medium:3.84%;--awb-spacing-left-medium:3.84%;--awb-width-small:100%;--awb-order-small:2;--awb-spacing-right-small:1.92%;--awb-spacing-left-small:1.92%;\" data-scroll-devices=\"small-visibility,medium-visibility,large-visibility\"><div class=\"fusion-column-wrapper fusion-column-has-shadow fusion-flex-justify-content-center fusion-content-layout-column\"><div class=\"fusion-title title fusion-title-2 fusion-sep-none fusion-title-text fusion-title-size-four\" style=\"--awb-margin-top:0px;--awb-margin-bottom:10px;\"><h4 class=\"fusion-title-heading title-heading-left\" style=\"margin:0;\">SEO Neden \u00d6nemlidir?<\/h4><\/div><div class=\"fusion-text fusion-text-3 fusion-text-no-margin\" style=\"--awb-content-alignment:left;\"><p>\u00c7o\u011fu ki\u015fi bilgi bulmak, \u00fcr\u00fcnleri kar\u015f\u0131la\u015ft\u0131rmak veya karar vermek i\u00e7in arama motorlar\u0131n\u0131 kullan\u0131r. Siteniz arama sonu\u00e7lar\u0131nda \u00fcst s\u0131ralarda g\u00f6r\u00fcn\u00fcrse, t\u0131klanma ve potansiyel m\u00fc\u015fteri kazanma \u015fans\u0131n\u0131z artar. <\/p>\n<p>\u0130\u015fte SEO\u2019nun \u00f6nemli olmas\u0131n\u0131n nedenleri:<\/p>\n<ul>\n<li>\u00dccretsiz trafik sa\u011flar \u2013 Reklamlar gibi her ziyaret\u00e7i i\u00e7in \u00f6deme yapmazs\u0131n\u0131z.<\/li>\n<li>G\u00fcven olu\u015fturur \u2013 \u0130nsanlar Google\u2019\u0131n \u00fcst s\u0131ralar\u0131ndaki sonu\u00e7lara g\u00fcvenir.<\/li>\n<li>Uzun vadeli b\u00fcy\u00fcmeyi destekler \u2013 \u00dccretli kampanyalar\u0131n aksine, iyi optimize edilmi\u015f bir sayfa aylarca hatta y\u0131llarca performans g\u00f6sterebilir.<\/li>\n<li>Kullan\u0131c\u0131 deneyimini iyile\u015ftirir \u2013 \u0130yi SEO, web sitenizin daha h\u0131zl\u0131, daha anla\u015f\u0131l\u0131r ve kullan\u0131m\u0131 kolay olmas\u0131n\u0131 sa\u011flar.<\/li>\n<\/ul>\n<\/div><\/div><\/div><div class=\"fusion-layout-column fusion_builder_column fusion-builder-column-4 fusion_builder_column_1_2 1_2 fusion-flex-column fusion-flex-align-self-center\" style=\"--awb-bg-size:cover;--awb-width-large:50%;--awb-margin-top-large:25px;--awb-spacing-right-large:3.84%;--awb-margin-bottom-large:25px;--awb-spacing-left-large:3.84%;--awb-width-medium:50%;--awb-order-medium:0;--awb-spacing-right-medium:3.84%;--awb-spacing-left-medium:3.84%;--awb-width-small:100%;--awb-order-small:1;--awb-spacing-right-small:1.92%;--awb-margin-bottom-small:10;--awb-spacing-left-small:1.92%;\" data-scroll-devices=\"small-visibility,medium-visibility,large-visibility\"><div class=\"fusion-column-wrapper fusion-column-has-shadow fusion-flex-justify-content-center fusion-content-layout-column\"><div class=\"fusion-image-element \" style=\"text-align:center;--awb-caption-title-font-family:var(--h2_typography-font-family);--awb-caption-title-font-weight:var(--h2_typography-font-weight);--awb-caption-title-font-style:var(--h2_typography-font-style);--awb-caption-title-size:var(--h2_typography-font-size);--awb-caption-title-transform:var(--h2_typography-text-transform);--awb-caption-title-line-height:var(--h2_typography-line-height);--awb-caption-title-letter-spacing:var(--h2_typography-letter-spacing);\"><span class=\" fusion-imageframe imageframe-none imageframe-2 hover-type-none\"><img decoding=\"async\" width=\"1294\" height=\"711\" title=\"one-click-report\" src=\"https:\/\/raisertools.com\/wp-content\/uploads\/2025\/05\/one-click-report.png\" alt class=\"img-responsive wp-image-1274\" srcset=\"https:\/\/raisertools.com\/wp-content\/uploads\/2025\/05\/one-click-report-200x110.png 200w, https:\/\/raisertools.com\/wp-content\/uploads\/2025\/05\/one-click-report-400x220.png 400w, https:\/\/raisertools.com\/wp-content\/uploads\/2025\/05\/one-click-report-600x330.png 600w, https:\/\/raisertools.com\/wp-content\/uploads\/2025\/05\/one-click-report-800x440.png 800w, https:\/\/raisertools.com\/wp-content\/uploads\/2025\/05\/one-click-report-1200x659.png 1200w, https:\/\/raisertools.com\/wp-content\/uploads\/2025\/05\/one-click-report.png 1294w\" sizes=\"(max-width: 640px) 100vw, 600px\" \/><\/span><\/div><\/div><\/div><div class=\"fusion-layout-column fusion_builder_column fusion-builder-column-5 fusion_builder_column_1_1 1_1 fusion-flex-column\" style=\"--awb-bg-size:cover;--awb-width-large:100%;--awb-margin-top-large:0px;--awb-spacing-right-large:1.92%;--awb-margin-bottom-large:0px;--awb-spacing-left-large:1.92%;--awb-width-medium:100%;--awb-order-medium:0;--awb-spacing-right-medium:1.92%;--awb-spacing-left-medium:1.92%;--awb-width-small:100%;--awb-order-small:3;--awb-spacing-right-small:1.92%;--awb-spacing-left-small:1.92%;\" data-scroll-devices=\"small-visibility,medium-visibility,large-visibility\"><div class=\"fusion-column-wrapper fusion-column-has-shadow fusion-flex-justify-content-flex-start fusion-content-layout-column\"><div class=\"accordian fusion-accordian\" style=\"--awb-border-size:1px;--awb-icon-size:16px;--awb-content-font-size:var(--awb-typography4-font-size);--awb-icon-alignment:left;--awb-hover-color:var(--awb-color2);--awb-border-color:var(--awb-color3);--awb-background-color:var(--awb-color1);--awb-divider-color:var(--awb-color3);--awb-divider-hover-color:var(--awb-color3);--awb-icon-color:var(--awb-color3);--awb-title-color:var(--awb-color5);--awb-content-color:var(--awb-color5);--awb-icon-box-color:rgba(255,200,0,0);--awb-toggle-hover-accent-color:var(--awb-color5);--awb-toggle-active-accent-color:var(--awb-color5);--awb-title-font-family:var(--awb-typography1-font-family);--awb-title-font-weight:var(--awb-typography1-font-weight);--awb-title-font-style:var(--awb-typography1-font-style);--awb-title-font-size:18px;--awb-content-font-family:var(--awb-typography4-font-family);--awb-content-font-weight:var(--awb-typography4-font-weight);--awb-content-font-style:var(--awb-typography4-font-style);\"><div class=\"panel-group fusion-toggle-icon-unboxed\" id=\"accordion-1704-1\"><div class=\"fusion-panel panel-default panel-0004910e05c58a7b3 fusion-toggle-has-divider\" style=\"--awb-title-color:var(--awb-color5);\"><div class=\"panel-heading\"><h3 class=\"panel-title toggle\" id=\"toggle_0004910e05c58a7b3\"><a aria-expanded=\"false\" aria-controls=\"0004910e05c58a7b3\" role=\"button\" data-toggle=\"collapse\" data-target=\"#0004910e05c58a7b3\" href=\"#0004910e05c58a7b3\"><span class=\"fusion-toggle-icon-wrapper\" aria-hidden=\"true\"><i class=\"fa-fusion-box active-icon fa-angle-down fas\" aria-hidden=\"true\"><\/i><i class=\"fa-fusion-box inactive-icon fa-angle-right fas\" aria-hidden=\"true\"><\/i><\/span><span class=\"fusion-toggle-heading\">Sayfa \u0130\u00e7i SEO Nedir?<\/span><\/a><\/h3><\/div><div id=\"0004910e05c58a7b3\" class=\"panel-collapse collapse \" aria-labelledby=\"toggle_0004910e05c58a7b3\"><div class=\"panel-body toggle-content fusion-clearfix\">\n<p>Sayfa i\u00e7i SEO, web sitenizde sayfa baz\u0131nda yapt\u0131\u011f\u0131n\u0131z t\u00fcm iyile\u015ftirmeleri kapsar ve sayfalar\u0131n\u0131z\u0131n daha iyi s\u0131ralanmas\u0131n\u0131 sa\u011flar. \u0130\u00e7eri\u011finizi, kullan\u0131c\u0131lar\u0131n arad\u0131klar\u0131 konulara uygun, net ve faydal\u0131 hale getirmeye odaklan\u0131r. <\/p>\n<p>Sayfa i\u00e7i SEO\u2019nun temel unsurlar\u0131 \u015funlard\u0131r:<\/p>\n<ul>\n<li><strong>Ba\u015fl\u0131klar\u0131n\u0131zda<\/strong>, alt ba\u015fl\u0131klarda ve metin i\u00e7inde do\u011fru anahtar kelimeleri kullanmak<\/li>\n<li>Kullan\u0131c\u0131lar\u0131n sorular\u0131n\u0131 yan\u0131tlayan faydal\u0131 <strong>i\u00e7erikler<\/strong> yazmak<\/li>\n<li>Metninizi d\u00fczenlemek i\u00e7in net ba\u015fl\u0131klar ve alt ba\u015fl\u0131klar (H1, H2 vb.) kullanmak<\/li>\n<li>Sitenizdeki di\u011fer sayfalara <strong>i\u00e7 ba\u011flant\u0131lar<\/strong> eklemek<\/li>\n<li>G\u00f6rselleri a\u00e7\u0131klay\u0131c\u0131 dosya adlar\u0131 ve alternatif metinlerle optimize etmek<\/li>\n<\/ul>\n<p>Ama\u00e7, hem ziyaret\u00e7ilerin hem de arama motorlar\u0131n\u0131n sayfan\u0131z\u0131n ne hakk\u0131nda oldu\u011funu anlamas\u0131n\u0131 sa\u011flamak ve insanlara arad\u0131klar\u0131yla uyumlu ger\u00e7ek bir de\u011fer sunmakt\u0131r.<\/p>\n<\/div><\/div><\/div><div class=\"fusion-panel panel-default panel-248c564181d434679 fusion-toggle-has-divider\" style=\"--awb-title-color:var(--awb-color5);\"><div class=\"panel-heading\"><h3 class=\"panel-title toggle\" id=\"toggle_248c564181d434679\"><a aria-expanded=\"false\" aria-controls=\"248c564181d434679\" role=\"button\" data-toggle=\"collapse\" data-target=\"#248c564181d434679\" href=\"#248c564181d434679\"><span class=\"fusion-toggle-icon-wrapper\" aria-hidden=\"true\"><i class=\"fa-fusion-box active-icon fa-angle-down fas\" aria-hidden=\"true\"><\/i><i class=\"fa-fusion-box inactive-icon fa-angle-right fas\" aria-hidden=\"true\"><\/i><\/span><span class=\"fusion-toggle-heading\">Sayfa D\u0131\u015f\u0131 SEO<\/span><\/a><\/h3><\/div><div id=\"248c564181d434679\" class=\"panel-collapse collapse \" aria-labelledby=\"toggle_248c564181d434679\"><div class=\"panel-body toggle-content fusion-clearfix\">\n<p>Sayfa d\u0131\u015f\u0131 SEO, web sitenizin d\u0131\u015f\u0131nda yap\u0131lan ve sitenizin g\u00fcvenilirli\u011fini ve itibar\u0131n\u0131 art\u0131ran faaliyetleri ifade eder. Bunun en \u00f6nemli k\u0131sm\u0131, di\u011fer web sitelerinden sitenize verilen ba\u011flant\u0131lar (backlink) kazanmakt\u0131r. <\/p>\n<p>Backlink&#8217;leri \u00f6nemli k\u0131lan sebepler \u015funlard\u0131r:<\/p>\n<ul>\n<li>Backlinkl&#8217;er, di\u011fer sitelerden gelen \u201cg\u00fcven oyu\u201d gibi i\u015flev g\u00f6r\u00fcr.<\/li>\n<li>Size ba\u011flant\u0131 veren ne kadar g\u00fcvenilir site varsa, arama motorlar\u0131 i\u00e7eri\u011finize o kadar \u00e7ok g\u00fcvenir.<\/li>\n<li>Backlink&#8217;ler ayn\u0131 zamanda size y\u00f6nlendirme trafi\u011fi de sa\u011flayabilir.<\/li>\n<\/ul>\n<p>Di\u011fer sayfa d\u0131\u015f\u0131 g\u00f6stergeler aras\u0131nda marka bahsleri, \u00e7evrimi\u00e7i yorumlar ve sosyal payla\u015f\u0131mlar yer al\u0131r. Sayfa d\u0131\u015f\u0131 SEO, otoritenizi art\u0131rmaya yard\u0131mc\u0131 olur ve arama motorlar\u0131na ba\u015fkalar\u0131n\u0131n i\u00e7eri\u011finizi de\u011ferli buldu\u011funu bildirir.<\/p>\n<\/div><\/div><\/div><div class=\"fusion-panel panel-default panel-2ed9e00a2e473187f fusion-toggle-has-divider\" style=\"--awb-title-color:var(--awb-color5);\"><div class=\"panel-heading\"><h3 class=\"panel-title toggle\" id=\"toggle_2ed9e00a2e473187f\"><a aria-expanded=\"false\" aria-controls=\"2ed9e00a2e473187f\" role=\"button\" data-toggle=\"collapse\" data-target=\"#2ed9e00a2e473187f\" href=\"#2ed9e00a2e473187f\"><span class=\"fusion-toggle-icon-wrapper\" aria-hidden=\"true\"><i class=\"fa-fusion-box active-icon fa-angle-down fas\" aria-hidden=\"true\"><\/i><i class=\"fa-fusion-box inactive-icon fa-angle-right fas\" aria-hidden=\"true\"><\/i><\/span><span class=\"fusion-toggle-heading\">Teknik SEO<\/span><\/a><\/h3><\/div><div id=\"2ed9e00a2e473187f\" class=\"panel-collapse collapse \" aria-labelledby=\"toggle_2ed9e00a2e473187f\"><div class=\"panel-body toggle-content fusion-clearfix\">\n<p>Teknik SEO, arama motorlar\u0131n\u0131n web sitenizi taramas\u0131na, anlamas\u0131na ve dizine eklemesine yard\u0131mc\u0131 olan altyap\u0131 unsurlar\u0131yla ilgilidir. Do\u011frudan i\u00e7erikle ilgili olmay\u0131p, sitenin nas\u0131l yap\u0131land\u0131r\u0131ld\u0131\u011f\u0131 ve performans g\u00f6sterdi\u011fi ile alakal\u0131d\u0131r. <\/p>\n<p>\u00d6nemli alanlar \u015funlard\u0131r:<\/p>\n<ul>\n<li><strong>Site h\u0131z\u0131<\/strong> \u2013 Daha h\u0131zl\u0131 siteler daha iyi bir kullan\u0131c\u0131 deneyimi sunar.<\/li>\n<li><strong>Mobil uyumluluk<\/strong> \u2013 Siteniz mobil telefonlar ve tabletlerde sorunsuz \u00e7al\u0131\u015fmal\u0131d\u0131r.<\/li>\n<li><strong>URL yap\u0131s\u0131<\/strong> \u2013 Temiz ve d\u00fczenli bir URL yap\u0131s\u0131, sayfa URL\u2019lerinizin okunmas\u0131n\u0131 ve s\u0131ralanmas\u0131n\u0131 kolayla\u015ft\u0131r\u0131r.<\/li>\n<li><strong>Site haritalar\u0131 ve dizinleme<\/strong> \u2013 Arama motorlar\u0131n\u0131n t\u00fcm sayfalar\u0131n\u0131z\u0131 bulmas\u0131na yard\u0131mc\u0131 olur.<\/li>\n<li><strong>Hatalar\u0131n d\u00fczeltilmesi<\/strong> \u2013 K\u0131r\u0131k ba\u011flant\u0131lar, yinelenen sayfalar veya tarama sorunlar\u0131 performansa zarar verebilir.<\/li>\n<\/ul>\n<p>Teknik SEO \u00f6nemlidir \u00e7\u00fcnk\u00fc en iyi i\u00e7erik bile arama motorlar\u0131 eri\u015femedi\u011fi veya anlayamad\u0131\u011f\u0131 s\u00fcrece iyi s\u0131ralanamaz.<\/p>\n<\/div><\/div><\/div><div class=\"fusion-panel panel-default panel-27cd7ca24ff180cbf fusion-toggle-has-divider\" style=\"--awb-title-color:var(--awb-color5);\"><div class=\"panel-heading\"><h3 class=\"panel-title toggle\" id=\"toggle_27cd7ca24ff180cbf\"><a aria-expanded=\"false\" aria-controls=\"27cd7ca24ff180cbf\" role=\"button\" data-toggle=\"collapse\" data-target=\"#27cd7ca24ff180cbf\" href=\"#27cd7ca24ff180cbf\"><span class=\"fusion-toggle-icon-wrapper\" aria-hidden=\"true\"><i class=\"fa-fusion-box active-icon fa-angle-down fas\" aria-hidden=\"true\"><\/i><i class=\"fa-fusion-box inactive-icon fa-angle-right fas\" aria-hidden=\"true\"><\/i><\/span><span class=\"fusion-toggle-heading\">Arama Motorlar\u0131 Nas\u0131l \u00c7al\u0131\u015f\u0131r?<\/span><\/a><\/h3><\/div><div id=\"27cd7ca24ff180cbf\" class=\"panel-collapse collapse \" aria-labelledby=\"toggle_27cd7ca24ff180cbf\"><div class=\"panel-body toggle-content fusion-clearfix\">\n<p>Google gibi arama motorlar\u0131, web\u2019i taramak i\u00e7in crawler (taray\u0131c\u0131) ad\u0131 verilen programlar kullan\u0131r. Bu programlar sitenizi ziyaret eder, i\u00e7eri\u011fini okur ve devasa bir veri taban\u0131 olan dizine kaydeder. Birisi arama yapt\u0131\u011f\u0131nda, Google dizininde en alakal\u0131 ve g\u00fcvenilir sayfalar\u0131 h\u0131zl\u0131ca bulur.  <\/p>\n<p>Arama motoru sonu\u00e7lar\u0131 bir\u00e7ok fakt\u00f6re g\u00f6re s\u0131ralan\u0131r, bunlar aras\u0131nda \u015funlar bulunur:<\/p>\n<ul>\n<li>\u0130\u00e7eri\u011finizin arama sorgusuyla ne kadar alakal\u0131 oldu\u011fu<\/li>\n<li>Web sitenizin ne kadar g\u00fcvenilir g\u00f6r\u00fcnd\u00fc\u011f\u00fc<\/li>\n<li>Sitenizin t\u00fcm cihazlarda ne kadar h\u0131zl\u0131 ve sorunsuz \u00e7al\u0131\u015ft\u0131\u011f\u0131<\/li>\n<\/ul>\n<p>Arama motoru optimizasyonu, bu alanlarda daha iyi olman\u0131za yard\u0131mc\u0131 olarak sayfalar\u0131n\u0131z\u0131n sonu\u00e7larda daha \u00fcst s\u0131ralarda g\u00f6r\u00fcnmesini sa\u011flar.<\/p>\n<\/div><\/div><\/div><div class=\"fusion-panel panel-default panel-7ede06fe9d6a85dfd fusion-toggle-has-divider\" style=\"--awb-title-color:var(--awb-color5);\"><div class=\"panel-heading\"><h3 class=\"panel-title toggle\" id=\"toggle_7ede06fe9d6a85dfd\"><a aria-expanded=\"false\" aria-controls=\"7ede06fe9d6a85dfd\" role=\"button\" data-toggle=\"collapse\" data-target=\"#7ede06fe9d6a85dfd\" href=\"#7ede06fe9d6a85dfd\"><span class=\"fusion-toggle-icon-wrapper\" aria-hidden=\"true\"><i class=\"fa-fusion-box active-icon fa-angle-down fas\" aria-hidden=\"true\"><\/i><i class=\"fa-fusion-box inactive-icon fa-angle-right fas\" aria-hidden=\"true\"><\/i><\/span><span class=\"fusion-toggle-heading\">Ka\u00e7\u0131n\u0131lmas\u0131 Gereken Yayg\u0131n SEO Hatalar\u0131<\/span><\/a><\/h3><\/div><div id=\"7ede06fe9d6a85dfd\" class=\"panel-collapse collapse \" aria-labelledby=\"toggle_7ede06fe9d6a85dfd\"><div class=\"panel-body toggle-content fusion-clearfix\">\n<p>\u0130\u015fte ka\u00e7\u0131nman\u0131z gereken baz\u0131 yayg\u0131n SEO hatalar\u0131:<\/p>\n<p><strong>Anahtar kelimeleri a\u015f\u0131r\u0131 kullanmak <\/strong><\/p>\n<p>Ayn\u0131 anahtar kelimenin gere\u011finden fazla tekrarlanmas\u0131 i\u00e7eri\u011fin okunmas\u0131n\u0131 zorla\u015ft\u0131r\u0131r ve arama motoru cezalar\u0131na yol a\u00e7abilir. Anahtar kelimeleri do\u011fal bir \u015fekilde, anlaml\u0131 olduklar\u0131 yerlerde kullanmaya odaklan\u0131n. <\/p>\n<p><strong>Ba\u015fka web sitelerinden i\u00e7erik kopyalamak<\/strong><\/p>\n<p>Yinelenen i\u00e7erik sitenize de\u011fer katmaz ve sayfalar\u0131n\u0131z\u0131n iyi s\u0131ralanmas\u0131n\u0131 engelleyebilir. Her zaman hedef kitlenize uygun, \u00f6zg\u00fcn ve faydal\u0131 i\u00e7erikler olu\u015fturun. <\/p>\n<p><strong>Mobil optimizasyonu g\u00f6z ard\u0131 etmek<\/strong><\/p>\n<p>G\u00fcn\u00fcm\u00fczde web trafi\u011finin \u00e7o\u011funlu\u011fu mobilden gelmektedir. Dolay\u0131s\u0131yla siteniz mobil uyumlu de\u011filse, kullan\u0131c\u0131lar h\u0131zla ayr\u0131labilir ve Google mobil arama sonu\u00e7lar\u0131nda sitenizi daha d\u00fc\u015f\u00fck s\u0131ralayabilir. Responsive tasar\u0131m, t\u00fcm cihazlarda sorunsuz bir deneyim sa\u011flar. <\/p>\n<p><strong>Yava\u015f veya zor gezilen bir siteye sahip olmak<\/strong><\/p>\n<p>Yava\u015f y\u00fckleme s\u00fcreleri kullan\u0131c\u0131lar\u0131 kullan\u0131c\u0131 deneyimini k\u00f6t\u00fc etkiler ve s\u0131ralamalar\u0131 olumsuz etkiler. K\u00f6t\u00fc navigasyon, hem ziyaret\u00e7ilerin hem de arama motorlar\u0131n\u0131n \u00f6nemli i\u00e7erikleri bulmas\u0131n\u0131 zorla\u015ft\u0131r\u0131r. <\/p>\n<p><strong>Hi\u00e7 backlink kazanmamak<\/strong><\/p>\n<p>Backlink olmadan arama motorlar\u0131n\u0131n sitenizi g\u00fcvenilir veya otoriter olarak g\u00f6rmesi zorla\u015f\u0131r. Ba\u015fkalar\u0131n\u0131n ba\u011flant\u0131 vermek isteyece\u011fi kaliteli i\u00e7erikler \u00fcretmeye \u00f6zen g\u00f6sterin. <\/p>\n<p><strong>D\u00fc\u015f\u00fck kaliteli veya belirsiz i\u00e7erik yay\u0131nlamak<\/strong><\/p>\n<p>Derinlik, a\u00e7\u0131kl\u0131k veya ama\u00e7 i\u00e7ermeyen i\u00e7erik kullan\u0131c\u0131lar\u0131 tatmin etmez ve iyi s\u0131ralanamaz. Her sayfan\u0131n net bir oda\u011f\u0131 olmas\u0131na ve ger\u00e7ek de\u011fer sunmas\u0131na dikkat edin.<\/p>\n<\/div><\/div><\/div><\/div><\/div><\/div><\/div><\/div><\/div>\n","protected":false},"excerpt":{"rendered":"","protected":false},"author":1,"featured_media":0,"parent":0,"menu_order":0,"comment_status":"closed","ping_status":"closed","template":"100-width.php","meta":{"_acf_changed":false,"footnotes":""},"class_list":["post-1704","page","type-page","status-publish","hentry"],"acf":[],"_links":{"self":[{"href":"https:\/\/raisertools.com\/tr\/wp-json\/wp\/v2\/pages\/1704","targetHints":{"allow":["GET"]}}],"collection":[{"href":"https:\/\/raisertools.com\/tr\/wp-json\/wp\/v2\/pages"}],"about":[{"href":"https:\/\/raisertools.com\/tr\/wp-json\/wp\/v2\/types\/page"}],"author":[{"embeddable":true,"href":"https:\/\/raisertools.com\/tr\/wp-json\/wp\/v2\/users\/1"}],"replies":[{"embeddable":true,"href":"https:\/\/raisertools.com\/tr\/wp-json\/wp\/v2\/comments?post=1704"}],"version-history":[{"count":8,"href":"https:\/\/raisertools.com\/tr\/wp-json\/wp\/v2\/pages\/1704\/revisions"}],"predecessor-version":[{"id":2399,"href":"https:\/\/raisertools.com\/tr\/wp-json\/wp\/v2\/pages\/1704\/revisions\/2399"}],"wp:attachment":[{"href":"https:\/\/raisertools.com\/tr\/wp-json\/wp\/v2\/media?parent=1704"}],"curies":[{"name":"wp","href":"https:\/\/api.w.org\/{rel}","templated":true}]}}