{"id":1701,"date":"2025-05-08T14:43:42","date_gmt":"2025-05-08T14:43:42","guid":{"rendered":"https:\/\/raisertools.com\/raporlama\/"},"modified":"2025-09-04T12:28:11","modified_gmt":"2025-09-04T12:28:11","slug":"raporlama","status":"publish","type":"page","link":"https:\/\/raisertools.com\/tr\/raporlama\/","title":{"rendered":"Raporlama"},"content":{"rendered":"<div class=\"fusion-fullwidth fullwidth-box fusion-builder-row-1 fusion-flex-container has-pattern-background has-mask-background nonhundred-percent-fullwidth non-hundred-percent-height-scrolling\" style=\"--awb-border-radius-top-left:0px;--awb-border-radius-top-right:0px;--awb-border-radius-bottom-right:0px;--awb-border-radius-bottom-left:0px;--awb-padding-top:20px;--awb-padding-right:0px;--awb-padding-bottom:60px;--awb-padding-left:0px;--awb-flex-wrap:wrap;\" ><div class=\"fusion-builder-row fusion-row fusion-flex-align-items-center fusion-flex-content-wrap\" style=\"max-width:1248px;margin-left: calc(-4% \/ 2 );margin-right: calc(-4% \/ 2 );\"><div class=\"fusion-layout-column fusion_builder_column fusion-builder-column-0 fusion_builder_column_1_1 1_1 fusion-flex-column\" style=\"--awb-bg-size:cover;--awb-width-large:100%;--awb-margin-top-large:0px;--awb-spacing-right-large:1.92%;--awb-margin-bottom-large:0px;--awb-spacing-left-large:1.92%;--awb-width-medium:100%;--awb-order-medium:0;--awb-spacing-right-medium:1.92%;--awb-spacing-left-medium:1.92%;--awb-width-small:100%;--awb-order-small:0;--awb-spacing-right-small:1.92%;--awb-margin-bottom-small:20px;--awb-spacing-left-small:1.92%;\" data-scroll-devices=\"small-visibility,medium-visibility,large-visibility\"><div class=\"fusion-column-wrapper fusion-column-has-shadow fusion-flex-justify-content-flex-start fusion-content-layout-column\"><div class=\"fusion-text fusion-text-1\" style=\"--awb-text-transform:var(--awb-typography4-text-transform);--awb-text-color:var(--awb-color5);\"><p>Dijital pazarlamada kampanyalar ba\u015flatmak ve i\u00e7erik yay\u0131nlamak tek ba\u015f\u0131na yeterli de\u011fildir\u2014t\u00fcm bu \u00e7al\u0131\u015fmalar\u0131n nas\u0131l performans g\u00f6sterdi\u011fini takip etmeniz de gerekir. \u0130\u015fte bu noktada raporlama devreye girer. Raporlama, neyin i\u015fe yarad\u0131\u011f\u0131n\u0131, neyin geli\u015ftirilmesi gerekti\u011fini ve bundan sonra nelere odaklanman\u0131z gerekti\u011fini anlaman\u0131za yard\u0131mc\u0131 olur.<\/p>\n<p>\u0130ster bir blog, ister bir e-ticaret sitesi, ister kapsaml\u0131 bir pazarlama stratejisi y\u00f6netin; net ve tutarl\u0131 raporlama, ilerlemeyi de\u011ferlendirmenin, bilin\u00e7li kararlar alman\u0131n ve s\u00fcrekli b\u00fcy\u00fcmenin anahtar\u0131d\u0131r.<\/p>\n<\/div><\/div><\/div><div class=\"fusion-layout-column fusion_builder_column fusion-builder-column-1 fusion_builder_column_1_2 1_2 fusion-flex-column fusion-flex-align-self-center\" style=\"--awb-bg-size:cover;--awb-width-large:50%;--awb-margin-top-large:25px;--awb-spacing-right-large:3.84%;--awb-margin-bottom-large:25px;--awb-spacing-left-large:3.84%;--awb-width-medium:50%;--awb-order-medium:0;--awb-spacing-right-medium:3.84%;--awb-spacing-left-medium:3.84%;--awb-width-small:100%;--awb-order-small:0;--awb-spacing-right-small:1.92%;--awb-margin-bottom-small:10;--awb-spacing-left-small:1.92%;\" data-scroll-devices=\"small-visibility,medium-visibility,large-visibility\"><div class=\"fusion-column-wrapper fusion-column-has-shadow fusion-flex-justify-content-center fusion-content-layout-column\"><div class=\"fusion-image-element \" style=\"text-align:center;--awb-caption-title-font-family:var(--h2_typography-font-family);--awb-caption-title-font-weight:var(--h2_typography-font-weight);--awb-caption-title-font-style:var(--h2_typography-font-style);--awb-caption-title-size:var(--h2_typography-font-size);--awb-caption-title-transform:var(--h2_typography-text-transform);--awb-caption-title-line-height:var(--h2_typography-line-height);--awb-caption-title-letter-spacing:var(--h2_typography-letter-spacing);\"><span class=\" fusion-imageframe imageframe-none imageframe-1 hover-type-none\"><img decoding=\"async\" width=\"1294\" height=\"711\" title=\"one-click-report\" src=\"https:\/\/raisertools.com\/wp-content\/uploads\/2025\/05\/one-click-report.png\" alt class=\"img-responsive wp-image-1274\" srcset=\"https:\/\/raisertools.com\/wp-content\/uploads\/2025\/05\/one-click-report-200x110.png 200w, https:\/\/raisertools.com\/wp-content\/uploads\/2025\/05\/one-click-report-400x220.png 400w, https:\/\/raisertools.com\/wp-content\/uploads\/2025\/05\/one-click-report-600x330.png 600w, https:\/\/raisertools.com\/wp-content\/uploads\/2025\/05\/one-click-report-800x440.png 800w, https:\/\/raisertools.com\/wp-content\/uploads\/2025\/05\/one-click-report-1200x659.png 1200w, https:\/\/raisertools.com\/wp-content\/uploads\/2025\/05\/one-click-report.png 1294w\" sizes=\"(max-width: 640px) 100vw, 600px\" \/><\/span><\/div><\/div><\/div><div class=\"fusion-layout-column fusion_builder_column fusion-builder-column-2 fusion_builder_column_1_2 1_2 fusion-flex-column fusion-flex-align-self-center\" style=\"--awb-padding-top-small:20px;--awb-padding-bottom-small:20px;--awb-bg-size:cover;--awb-width-large:50%;--awb-margin-top-large:25px;--awb-spacing-right-large:3.84%;--awb-margin-bottom-large:25px;--awb-spacing-left-large:3.84%;--awb-width-medium:50%;--awb-order-medium:0;--awb-spacing-right-medium:3.84%;--awb-spacing-left-medium:3.84%;--awb-width-small:100%;--awb-order-small:0;--awb-spacing-right-small:1.92%;--awb-spacing-left-small:1.92%;\" data-scroll-devices=\"small-visibility,medium-visibility,large-visibility\"><div class=\"fusion-column-wrapper fusion-column-has-shadow fusion-flex-justify-content-center fusion-content-layout-column\"><div class=\"fusion-title title fusion-title-1 fusion-sep-none fusion-title-text fusion-title-size-four\" style=\"--awb-margin-top:0px;--awb-margin-bottom:10px;\"><h4 class=\"fusion-title-heading title-heading-left\" style=\"margin:0;\">Raporlama Nedir?<\/h4><\/div><div class=\"fusion-text fusion-text-2 fusion-text-no-margin\" style=\"--awb-content-alignment:left;\"><p>Raporlama, dijital pazarlama faaliyetleriniz ve web sitesi performans\u0131n\u0131zla ilgili verilerin toplanmas\u0131, d\u00fczenlenmesi ve sunulmas\u0131 s\u00fcrecidir. Bu s\u00fcre\u00e7; trafik, kullan\u0131c\u0131 davran\u0131\u015f\u0131, d\u00f6n\u00fc\u015f\u00fcmler ve arama g\u00f6r\u00fcn\u00fcrl\u00fc\u011f\u00fc gibi temel metriklerin analiz edilmesini ve karar alma s\u00fcre\u00e7lerini destekleyecek \u015fekilde \u00f6zetlenmesini i\u00e7erir.<\/p>\n<p>Raporlaman\u0131n amac\u0131 sadece \u00f6l\u00e7\u00fcm yapmak de\u011fil, verileri eyleme d\u00f6n\u00fc\u015ft\u00fcrecek i\u00e7g\u00f6r\u00fclere \u00e7evirmektir. Say\u0131lardan stratejiye ge\u00e7menin yolu budur.<\/p>\n<\/div><\/div><\/div><div class=\"fusion-layout-column fusion_builder_column fusion-builder-column-3 fusion_builder_column_1_2 1_2 fusion-flex-column fusion-flex-align-self-center\" style=\"--awb-padding-top-small:20px;--awb-padding-bottom-small:20px;--awb-bg-size:cover;--awb-width-large:50%;--awb-margin-top-large:25px;--awb-spacing-right-large:3.84%;--awb-margin-bottom-large:25px;--awb-spacing-left-large:3.84%;--awb-width-medium:50%;--awb-order-medium:0;--awb-spacing-right-medium:3.84%;--awb-spacing-left-medium:3.84%;--awb-width-small:100%;--awb-order-small:2;--awb-spacing-right-small:1.92%;--awb-spacing-left-small:1.92%;\" data-scroll-devices=\"small-visibility,medium-visibility,large-visibility\"><div class=\"fusion-column-wrapper fusion-column-has-shadow fusion-flex-justify-content-center fusion-content-layout-column\"><div class=\"fusion-title title fusion-title-2 fusion-sep-none fusion-title-text fusion-title-size-four\" style=\"--awb-margin-top:0px;--awb-margin-bottom:10px;\"><h4 class=\"fusion-title-heading title-heading-left\" style=\"margin:0;\">Raporlama Neden \u00d6nemlidir?<\/h4><\/div><div class=\"fusion-text fusion-text-3 fusion-text-no-margin\" style=\"--awb-content-alignment:left;\"><ul>\n<li><strong>Hedeflere y\u00f6nelik ilerlemeyi takip eder <\/strong>\u2013 Amac\u0131n\u0131z ister trafik art\u0131\u015f\u0131, ister potansiyel m\u00fc\u015fteri olu\u015fturma, ister sat\u0131\u015f olsun; raporlama bu hedeflere ne kadar yakla\u015ft\u0131\u011f\u0131n\u0131z\u0131 g\u00f6sterir.<\/li>\n<li><strong>Zaman i\u00e7indeki e\u011filimleri ortaya \u00e7\u0131kar\u0131r<\/strong> \u2013 Performans\u0131 d\u00fczenli olarak izleyerek belirli kal\u0131plar\u0131 g\u00f6rebilir ve olas\u0131 sorunlar\u0131 erken fark edebilirsiniz.<\/li>\n<li><strong>Sorumlulu\u011fu ve oda\u011f\u0131 art\u0131r\u0131r <\/strong>\u2013 Raporlama, ekibinizin uyumlu \u00e7al\u0131\u015fmas\u0131n\u0131 sa\u011flar ve \u00e7abalar\u0131n\u0131z\u0131n \u00f6l\u00e7\u00fclebilir sonu\u00e7lara ba\u011fl\u0131 olmas\u0131n\u0131 garanti eder.<\/li>\n<li><strong>S\u00fcrekli geli\u015fimi destekler<\/strong> \u2013 Ne i\u015fe yar\u0131yor, ne yaram\u0131yor bilerek i\u00e7eriklerinizi, kampanyalar\u0131n\u0131z\u0131 veya site \u00f6zelliklerinizi daha iyi sonu\u00e7lar elde edebilmek i\u00e7in geli\u015ftirebilirsiniz.<\/li>\n<li><strong>Gelecek kararlar\u0131 \u015fekillendirir<\/strong> \u2013 Tahmin y\u00fcr\u00fctmek yerine, sonraki ad\u0131mlar\u0131 planlamak veya kaynaklar\u0131 da\u011f\u0131tmak i\u00e7in verilere dayal\u0131 hareket edersiniz.<\/li>\n<\/ul>\n<\/div><\/div><\/div><div class=\"fusion-layout-column fusion_builder_column fusion-builder-column-4 fusion_builder_column_1_2 1_2 fusion-flex-column fusion-flex-align-self-center\" style=\"--awb-bg-size:cover;--awb-width-large:50%;--awb-margin-top-large:25px;--awb-spacing-right-large:3.84%;--awb-margin-bottom-large:25px;--awb-spacing-left-large:3.84%;--awb-width-medium:50%;--awb-order-medium:0;--awb-spacing-right-medium:3.84%;--awb-spacing-left-medium:3.84%;--awb-width-small:100%;--awb-order-small:1;--awb-spacing-right-small:1.92%;--awb-margin-bottom-small:10;--awb-spacing-left-small:1.92%;\" data-scroll-devices=\"small-visibility,medium-visibility,large-visibility\"><div class=\"fusion-column-wrapper fusion-column-has-shadow fusion-flex-justify-content-center fusion-content-layout-column\"><div class=\"fusion-image-element \" style=\"text-align:center;--awb-caption-title-font-family:var(--h2_typography-font-family);--awb-caption-title-font-weight:var(--h2_typography-font-weight);--awb-caption-title-font-style:var(--h2_typography-font-style);--awb-caption-title-size:var(--h2_typography-font-size);--awb-caption-title-transform:var(--h2_typography-text-transform);--awb-caption-title-line-height:var(--h2_typography-line-height);--awb-caption-title-letter-spacing:var(--h2_typography-letter-spacing);\"><span class=\" fusion-imageframe imageframe-none imageframe-2 hover-type-none\"><img decoding=\"async\" width=\"1294\" height=\"711\" title=\"one-click-report\" src=\"https:\/\/raisertools.com\/wp-content\/uploads\/2025\/05\/one-click-report.png\" alt class=\"img-responsive wp-image-1274\" srcset=\"https:\/\/raisertools.com\/wp-content\/uploads\/2025\/05\/one-click-report-200x110.png 200w, https:\/\/raisertools.com\/wp-content\/uploads\/2025\/05\/one-click-report-400x220.png 400w, https:\/\/raisertools.com\/wp-content\/uploads\/2025\/05\/one-click-report-600x330.png 600w, https:\/\/raisertools.com\/wp-content\/uploads\/2025\/05\/one-click-report-800x440.png 800w, https:\/\/raisertools.com\/wp-content\/uploads\/2025\/05\/one-click-report-1200x659.png 1200w, https:\/\/raisertools.com\/wp-content\/uploads\/2025\/05\/one-click-report.png 1294w\" sizes=\"(max-width: 640px) 100vw, 600px\" \/><\/span><\/div><\/div><\/div><div class=\"fusion-layout-column fusion_builder_column fusion-builder-column-5 fusion_builder_column_1_1 1_1 fusion-flex-column\" style=\"--awb-bg-size:cover;--awb-width-large:100%;--awb-margin-top-large:0px;--awb-spacing-right-large:1.92%;--awb-margin-bottom-large:0px;--awb-spacing-left-large:1.92%;--awb-width-medium:100%;--awb-order-medium:0;--awb-spacing-right-medium:1.92%;--awb-spacing-left-medium:1.92%;--awb-width-small:100%;--awb-order-small:3;--awb-spacing-right-small:1.92%;--awb-spacing-left-small:1.92%;\" data-scroll-devices=\"small-visibility,medium-visibility,large-visibility\"><div class=\"fusion-column-wrapper fusion-column-has-shadow fusion-flex-justify-content-flex-start fusion-content-layout-column\"><div class=\"accordian fusion-accordian\" style=\"--awb-border-size:1px;--awb-icon-size:16px;--awb-content-font-size:var(--awb-typography4-font-size);--awb-icon-alignment:left;--awb-hover-color:var(--awb-color2);--awb-border-color:var(--awb-color3);--awb-background-color:var(--awb-color1);--awb-divider-color:var(--awb-color3);--awb-divider-hover-color:var(--awb-color3);--awb-icon-color:var(--awb-color3);--awb-title-color:var(--awb-color5);--awb-content-color:var(--awb-color5);--awb-icon-box-color:rgba(255,200,0,0);--awb-toggle-hover-accent-color:var(--awb-color5);--awb-toggle-active-accent-color:var(--awb-color5);--awb-title-font-family:var(--awb-typography1-font-family);--awb-title-font-weight:var(--awb-typography1-font-weight);--awb-title-font-style:var(--awb-typography1-font-style);--awb-title-font-size:18px;--awb-content-font-family:var(--awb-typography4-font-family);--awb-content-font-weight:var(--awb-typography4-font-weight);--awb-content-font-style:var(--awb-typography4-font-style);\"><div class=\"panel-group fusion-toggle-icon-unboxed\" id=\"accordion-1701-1\"><div class=\"fusion-panel panel-default panel-d5be5928c23516f0f fusion-toggle-has-divider\" style=\"--awb-title-color:var(--awb-color5);\"><div class=\"panel-heading\"><h4 class=\"panel-title toggle\" id=\"toggle_d5be5928c23516f0f\"><a aria-expanded=\"false\" aria-controls=\"d5be5928c23516f0f\" role=\"button\" data-toggle=\"collapse\" data-target=\"#d5be5928c23516f0f\" href=\"#d5be5928c23516f0f\"><span class=\"fusion-toggle-icon-wrapper\" aria-hidden=\"true\"><i class=\"fa-fusion-box active-icon fa-angle-down fas\" aria-hidden=\"true\"><\/i><i class=\"fa-fusion-box inactive-icon fa-angle-right fas\" aria-hidden=\"true\"><\/i><\/span><span class=\"fusion-toggle-heading\">Dijital Pazarlama Raporunun Temel Bile\u015fenleri<\/span><\/a><\/h4><\/div><div id=\"d5be5928c23516f0f\" class=\"panel-collapse collapse \" aria-labelledby=\"toggle_d5be5928c23516f0f\"><div class=\"panel-body toggle-content fusion-clearfix\">\n<p>G\u00fc\u00e7l\u00fc bir rapor okuyucuyu veriyle bunaltmaz\u2014hedeflerinize g\u00f6re en \u00f6nemli metrikleri \u00f6ne \u00e7\u0131kar\u0131r. \u0130\u015fte dahil edilmesi gereken temel unsurlar:<\/p>\n<ol>\n<li><strong> Trafik Genel G\u00f6r\u00fcn\u00fcm\u00fc<\/strong><\/li>\n<\/ol>\n<p>Web sitenizi ka\u00e7 ki\u015finin ziyaret etti\u011fini, nereden geldiklerini ve yeni mi yoksa geri d\u00f6nen ziyaret\u00e7iler mi olduklar\u0131n\u0131 \u00f6zetleyin.<br \/>\n\u015eunlara bak\u0131n:<\/p>\n<ul>\n<li>Toplam oturum ve kullan\u0131c\u0131 say\u0131s\u0131<\/li>\n<li>Ana trafik kaynaklar\u0131 (arama, direkt, y\u00f6nlendirme vb.)<\/li>\n<li>Co\u011frafi konum veya cihaz t\u00fcr\u00fcne g\u00f6re farkl\u0131l\u0131klar<\/li>\n<\/ul>\n<ol start=\"2\">\n<li><strong> Kullan\u0131c\u0131 Davran\u0131\u015f\u0131<\/strong><\/li>\n<\/ol>\n<p>Kullan\u0131c\u0131lar\u0131n web sitenizle nas\u0131l etkile\u015fimde bulundu\u011funu anlay\u0131n.<\/p>\n<p>\u015eu metrikleri takip edin:<\/p>\n<ul>\n<li>Oturum ba\u015f\u0131na g\u00f6r\u00fcnt\u00fclenen sayfa say\u0131s\u0131<\/li>\n<li>Sitede ge\u00e7irilen s\u00fcre<\/li>\n<li>Hemen \u00e7\u0131kma oran\u0131 (kullan\u0131c\u0131lar\u0131n tek sayfa g\u00f6r\u00fcnt\u00fcledikten sonra siteyi terk etme s\u0131kl\u0131\u011f\u0131)<\/li>\n<li>En \u00e7ok giri\u015f yap\u0131lan ve \u00e7\u0131k\u0131\u015f yap\u0131lan sayfalar<\/li>\n<\/ul>\n<ol start=\"3\">\n<li><strong> \u0130\u00e7erik Performans\u0131<\/strong><\/li>\n<\/ol>\n<p>Hangi blog yaz\u0131lar\u0131n\u0131n, hizmet sayfalar\u0131n\u0131n veya a\u00e7\u0131l\u0131\u015f sayfalar\u0131n\u0131n en iyi performans g\u00f6sterdi\u011fini de\u011ferlendirin.<br \/>\n\u015eunlar\u0131 sorun:<\/p>\n<ul>\n<li>En \u00e7ok ziyaret\u00e7iyi hangi sayfalar \u00e7ekiyor?<\/li>\n<li>Kullan\u0131c\u0131lar\u0131 en \u00e7ok hangi sayfalar me\u015fgul tutuyor?<\/li>\n<li>G\u00fcncellenmesi gereken, d\u00fc\u015f\u00fck performans g\u00f6steren sayfalar var m\u0131?<\/li>\n<\/ul>\n<ol start=\"4\">\n<li><strong> Arama G\u00f6r\u00fcn\u00fcrl\u00fc\u011f\u00fc<\/strong><\/li>\n<\/ol>\n<p>Sitenizin arama motoru sonu\u00e7lar\u0131ndaki g\u00f6r\u00fcn\u00fcm\u00fcn\u00fc izleyin. \u00d6rne\u011fin, \u015funlar\u0131 takip edebilirsiniz:<\/p>\n<ul>\n<li>Kullan\u0131c\u0131lar\u0131 sitenize getiren arama sorgular\u0131<\/li>\n<li>Arama sonu\u00e7lar\u0131ndan t\u0131klanma oranlar\u0131<\/li>\n<li>\u00d6nemli anahtar kelimeler i\u00e7in ortalama s\u0131ralama pozisyonunuz<\/li>\n<li>G\u00f6r\u00fcn\u00fcrl\u00fc\u011f\u00fc etkileyebilecek dizinleme veya kullan\u0131labilirlik sorunlar\u0131<\/li>\n<\/ul>\n<ol start=\"5\">\n<li><strong> D\u00f6n\u00fc\u015f\u00fcmler ve Hedef Takibi<\/strong><\/li>\n<\/ol>\n<p>Sitenizin belirli hedeflere ne kadar iyi ula\u015ft\u0131\u011f\u0131n\u0131 \u00f6l\u00e7\u00fcn\u2014\u00f6rne\u011fin sat\u0131n almalar, ileti\u015fim formu g\u00f6nderimleri, indirmeler veya b\u00fclten kay\u0131tlar\u0131 gibi.<br \/>\nKar\u015f\u0131la\u015ft\u0131r\u0131n:<\/p>\n<ul>\n<li>Toplam d\u00f6n\u00fc\u015f\u00fcmler<\/li>\n<li>Kanal veya sayfa baz\u0131nda d\u00f6n\u00fc\u015f\u00fcm oran\u0131<\/li>\n<li>Kullan\u0131c\u0131 yolculuklar\u0131ndaki terk noktalar\u0131<\/li>\n<\/ul>\n<ol start=\"6\">\n<li><strong> Zamana G\u00f6re Kar\u015f\u0131la\u015ft\u0131rmalar<\/strong><\/li>\n<\/ol>\n<p>Bir rapor, ge\u00e7mi\u015f verilerle kar\u015f\u0131la\u015ft\u0131r\u0131ld\u0131\u011f\u0131nda anlam kazan\u0131r.<br \/>\n\u015eunlar\u0131 dahil edin:<\/p>\n<ul>\n<li>Aydan aya veya y\u0131ldan y\u0131la de\u011fi\u015fimler<\/li>\n<li>Dikkate de\u011fer art\u0131\u015flar veya d\u00fc\u015f\u00fc\u015fler<\/li>\n<li>Son kampanyalar\u0131n, i\u00e7erik g\u00fcncellemelerinin veya tasar\u0131m de\u011fi\u015fikliklerinin etkisi<\/li>\n<\/ul>\n<\/div><\/div><\/div><div class=\"fusion-panel panel-default panel-5a074fd66ae4dc7bd fusion-toggle-has-divider\" style=\"--awb-title-color:var(--awb-color5);\"><div class=\"panel-heading\"><h4 class=\"panel-title toggle\" id=\"toggle_5a074fd66ae4dc7bd\"><a aria-expanded=\"false\" aria-controls=\"5a074fd66ae4dc7bd\" role=\"button\" data-toggle=\"collapse\" data-target=\"#5a074fd66ae4dc7bd\" href=\"#5a074fd66ae4dc7bd\"><span class=\"fusion-toggle-icon-wrapper\" aria-hidden=\"true\"><i class=\"fa-fusion-box active-icon fa-angle-down fas\" aria-hidden=\"true\"><\/i><i class=\"fa-fusion-box inactive-icon fa-angle-right fas\" aria-hidden=\"true\"><\/i><\/span><span class=\"fusion-toggle-heading\">Etkili Raporlama \u0130\u00e7in En \u0130yi Uygulamalar<\/span><\/a><\/h4><\/div><div id=\"5a074fd66ae4dc7bd\" class=\"panel-collapse collapse \" aria-labelledby=\"toggle_5a074fd66ae4dc7bd\"><div class=\"panel-body toggle-content fusion-clearfix\">\n<ul>\n<li><strong>\u00d6ncelikle hedeflerinizi belirleyin<\/strong> \u2013 Raporunuz her zaman ana hedeflerinize ba\u011fl\u0131 olmal\u0131d\u0131r.<\/li>\n<li><strong>\u0130lgili metriklere odaklan\u0131n <\/strong>\u2013 Her \u015feyi takip etmeyin; \u00f6nemli olanlar\u0131 izleyin.<\/li>\n<li><strong>Basit ve anla\u015f\u0131l\u0131r bir dil kullan\u0131n<\/strong> \u2013 Say\u0131lar\u0131n ne anlama geldi\u011fini ve neden \u00f6nemli olduklar\u0131n\u0131 a\u00e7\u0131klay\u0131n.<\/li>\n<li><strong>Verileri m\u00fcmk\u00fcn oldu\u011funca g\u00f6rselle\u015ftirin<\/strong> \u2013 Tablolar ve grafikler, e\u011filimleri ve kar\u015f\u0131la\u015ft\u0131rmalar\u0131 daha iyi anlamaya yard\u0131mc\u0131 olur.<\/li>\n<li><strong>D\u00fczenli raporlama yap\u0131n<\/strong> \u2013 Haftal\u0131k, ayl\u0131k veya \u00fc\u00e7 ayl\u0131k olsun, d\u00fczenli raporlar ilerlemeyi net \u015fekilde takip etmenizi sa\u011flar.<\/li>\n<li>Sadece olanlar\u0131 raporlamakla kalmay\u0131n, g\u00f6zlemlerinizi ve sonraki ad\u0131mlar\u0131 da ekleyin \u2014 <strong>sonraki yap\u0131lacaklar\u0131 \u00f6nerin.<\/strong><\/li>\n<\/ul>\n<\/div><\/div><\/div><div class=\"fusion-panel panel-default panel-695d87717f7979a99 fusion-toggle-has-divider\" style=\"--awb-title-color:var(--awb-color5);\"><div class=\"panel-heading\"><h4 class=\"panel-title toggle\" id=\"toggle_695d87717f7979a99\"><a aria-expanded=\"false\" aria-controls=\"695d87717f7979a99\" role=\"button\" data-toggle=\"collapse\" data-target=\"#695d87717f7979a99\" href=\"#695d87717f7979a99\"><span class=\"fusion-toggle-icon-wrapper\" aria-hidden=\"true\"><i class=\"fa-fusion-box active-icon fa-angle-down fas\" aria-hidden=\"true\"><\/i><i class=\"fa-fusion-box inactive-icon fa-angle-right fas\" aria-hidden=\"true\"><\/i><\/span><span class=\"fusion-toggle-heading\">Ka\u00e7\u0131n\u0131lmas\u0131 Gereken Yayg\u0131n Raporlama Hatalar\u0131<\/span><\/a><\/h4><\/div><div id=\"695d87717f7979a99\" class=\"panel-collapse collapse \" aria-labelledby=\"toggle_695d87717f7979a99\"><div class=\"panel-body toggle-content fusion-clearfix\">\n<ul>\n<li><strong>Verileri yorumlamadan toplamak<\/strong> \u2013 Say\u0131lar tek ba\u015f\u0131na i\u00e7g\u00f6r\u00fc sa\u011flamaz, analiz edilmelidir.<\/li>\n<li><strong>Sadece trafik \u00fczerine odaklanmak<\/strong> \u2013 Y\u00fcksek ziyaret\u00e7i say\u0131s\u0131, kullan\u0131c\u0131lar etkile\u015fime girmiyor veya d\u00f6n\u00fc\u015f\u00fcm sa\u011flam\u0131yorsa pek anlam ifade etmez.<\/li>\n<li><strong>Olumsuz e\u011filimleri g\u00f6rmezden gelmek <\/strong>\u2013 K\u00f6t\u00fc haberlerden ka\u00e7\u0131nmak, sorunlar\u0131 erken \u00e7\u00f6zmenizi engeller.<\/li>\n<li><strong>Raporlar\u0131 \u00e7ok uzun veya karma\u015f\u0131k yapmak<\/strong> \u2013 Metriklerle a\u015f\u0131r\u0131 y\u00fcklenmek, bilgilendirmek yerine kafa kar\u0131\u015ft\u0131rabilir.<\/li>\n<li><strong>Raporlamay\u0131 stratejiyle uyumlu hale getirememek<\/strong> \u2013 Raporlar, sadece genel KPI\u2019lar\u0131 (Key Performance Indicator &#8211; Anahtar Performans G\u00f6stergesi) de\u011fil, ger\u00e7ek i\u015f veya kampanya hedeflerine y\u00f6nelik ilerlemeyi de yans\u0131tmal\u0131d\u0131r.<\/li>\n<\/ul>\n<\/div><\/div><\/div><\/div><\/div><\/div><\/div><\/div><\/div>\n","protected":false},"excerpt":{"rendered":"","protected":false},"author":1,"featured_media":0,"parent":0,"menu_order":0,"comment_status":"closed","ping_status":"closed","template":"100-width.php","meta":{"_acf_changed":false,"footnotes":""},"class_list":["post-1701","page","type-page","status-publish","hentry"],"acf":[],"_links":{"self":[{"href":"https:\/\/raisertools.com\/tr\/wp-json\/wp\/v2\/pages\/1701","targetHints":{"allow":["GET"]}}],"collection":[{"href":"https:\/\/raisertools.com\/tr\/wp-json\/wp\/v2\/pages"}],"about":[{"href":"https:\/\/raisertools.com\/tr\/wp-json\/wp\/v2\/types\/page"}],"author":[{"embeddable":true,"href":"https:\/\/raisertools.com\/tr\/wp-json\/wp\/v2\/users\/1"}],"replies":[{"embeddable":true,"href":"https:\/\/raisertools.com\/tr\/wp-json\/wp\/v2\/comments?post=1701"}],"version-history":[{"count":6,"href":"https:\/\/raisertools.com\/tr\/wp-json\/wp\/v2\/pages\/1701\/revisions"}],"predecessor-version":[{"id":2204,"href":"https:\/\/raisertools.com\/tr\/wp-json\/wp\/v2\/pages\/1701\/revisions\/2204"}],"wp:attachment":[{"href":"https:\/\/raisertools.com\/tr\/wp-json\/wp\/v2\/media?parent=1701"}],"curies":[{"name":"wp","href":"https:\/\/api.w.org\/{rel}","templated":true}]}}