{"id":1677,"date":"2025-05-08T14:34:07","date_gmt":"2025-05-08T14:34:07","guid":{"rendered":"https:\/\/raisertools.com\/pazaryeri-seo\/"},"modified":"2026-01-29T15:23:17","modified_gmt":"2026-01-29T15:23:17","slug":"pazaryeri-seo","status":"publish","type":"page","link":"https:\/\/raisertools.com\/tr\/pazaryeri-seo\/","title":{"rendered":"Pazaryeri SEO"},"content":{"rendered":"<div class=\"fusion-fullwidth fullwidth-box fusion-builder-row-1 fusion-flex-container has-pattern-background has-mask-background nonhundred-percent-fullwidth non-hundred-percent-height-scrolling\" style=\"--awb-border-radius-top-left:0px;--awb-border-radius-top-right:0px;--awb-border-radius-bottom-right:0px;--awb-border-radius-bottom-left:0px;--awb-padding-top:20px;--awb-padding-right:0px;--awb-padding-bottom:60px;--awb-padding-left:0px;--awb-flex-wrap:wrap;\" ><div class=\"fusion-builder-row fusion-row fusion-flex-align-items-center fusion-flex-content-wrap\" style=\"max-width:1248px;margin-left: calc(-4% \/ 2 );margin-right: calc(-4% \/ 2 );\"><div class=\"fusion-layout-column fusion_builder_column fusion-builder-column-0 fusion_builder_column_1_1 1_1 fusion-flex-column\" style=\"--awb-bg-size:cover;--awb-width-large:100%;--awb-margin-top-large:0px;--awb-spacing-right-large:1.92%;--awb-margin-bottom-large:0px;--awb-spacing-left-large:1.92%;--awb-width-medium:100%;--awb-order-medium:0;--awb-spacing-right-medium:1.92%;--awb-spacing-left-medium:1.92%;--awb-width-small:100%;--awb-order-small:0;--awb-spacing-right-small:1.92%;--awb-margin-bottom-small:20px;--awb-spacing-left-small:1.92%;\" data-scroll-devices=\"small-visibility,medium-visibility,large-visibility\"><div class=\"fusion-column-wrapper fusion-column-has-shadow fusion-flex-justify-content-flex-start fusion-content-layout-column\"><div class=\"fusion-text fusion-text-1\" style=\"--awb-text-transform:var(--awb-typography4-text-transform);--awb-text-color:var(--awb-color5);\"><p>Marketplace SEO, \u00e7ok sat\u0131c\u0131l\u0131 bir web sitesinin organik arama sonu\u00e7lar\u0131ndaki g\u00f6r\u00fcn\u00fcrl\u00fc\u011f\u00fcn\u00fc art\u0131rmak i\u00e7in kullan\u0131lan strateji ve teknikleri ifade eder. Geleneksel bir web sitesi veya tek markal\u0131 bir online ma\u011fazadan farkl\u0131 olarak, bir pazaryeri; her biri farkl\u0131 \u00fcr\u00fcnler, a\u00e7\u0131klamalar, kalite d\u00fczeyleri ve fiyat aral\u0131klar\u0131na sahip birden fazla sat\u0131c\u0131n\u0131n i\u00e7erik ve listelemelerine ev sahipli\u011fi yapma \u00f6zelli\u011fini -ve karma\u015f\u0131kl\u0131\u011f\u0131n\u0131- ta\u015f\u0131r. <\/p>\n<p>Bir pazaryeri i\u00e7in etkili SEO, yaln\u0131zca birka\u00e7 \u00fcr\u00fcn sayfas\u0131n\u0131 optimize etmekten ibaret de\u011fildir; \u00f6l\u00e7eklenebilir bir yap\u0131 olu\u015fturmak, tutarl\u0131 kaliteyi sa\u011flamak ve her sat\u0131c\u0131n\u0131n i\u00e7eri\u011fini arama motorlar\u0131n\u0131n ke\u015ffedebilece\u011fi ve de\u011ferli bulaca\u011f\u0131 \u015fekilde sunmakla ilgilidir.<\/p>\n<\/div><\/div><\/div><div class=\"fusion-layout-column fusion_builder_column fusion-builder-column-1 fusion_builder_column_1_2 1_2 fusion-flex-column fusion-flex-align-self-center\" style=\"--awb-bg-size:cover;--awb-width-large:50%;--awb-margin-top-large:25px;--awb-spacing-right-large:3.84%;--awb-margin-bottom-large:25px;--awb-spacing-left-large:3.84%;--awb-width-medium:50%;--awb-order-medium:0;--awb-spacing-right-medium:3.84%;--awb-spacing-left-medium:3.84%;--awb-width-small:100%;--awb-order-small:0;--awb-spacing-right-small:1.92%;--awb-margin-bottom-small:10;--awb-spacing-left-small:1.92%;\" data-scroll-devices=\"small-visibility,medium-visibility,large-visibility\"><div class=\"fusion-column-wrapper fusion-column-has-shadow fusion-flex-justify-content-center fusion-content-layout-column\"><div class=\"fusion-image-element \" style=\"text-align:center;--awb-caption-title-font-family:var(--h2_typography-font-family);--awb-caption-title-font-weight:var(--h2_typography-font-weight);--awb-caption-title-font-style:var(--h2_typography-font-style);--awb-caption-title-size:var(--h2_typography-font-size);--awb-caption-title-transform:var(--h2_typography-text-transform);--awb-caption-title-line-height:var(--h2_typography-line-height);--awb-caption-title-letter-spacing:var(--h2_typography-letter-spacing);\"><span class=\" fusion-imageframe imageframe-none imageframe-1 hover-type-none\"><img decoding=\"async\" width=\"1440\" height=\"1053\" title=\"raiser-seo-dashboard\" src=\"https:\/\/raisertools.com\/wp-content\/uploads\/2026\/01\/raiser-seo-dashboard.png\" alt class=\"img-responsive wp-image-2275\" srcset=\"https:\/\/raisertools.com\/wp-content\/uploads\/2026\/01\/raiser-seo-dashboard-200x146.png 200w, https:\/\/raisertools.com\/wp-content\/uploads\/2026\/01\/raiser-seo-dashboard-400x293.png 400w, https:\/\/raisertools.com\/wp-content\/uploads\/2026\/01\/raiser-seo-dashboard-600x439.png 600w, https:\/\/raisertools.com\/wp-content\/uploads\/2026\/01\/raiser-seo-dashboard-800x585.png 800w, https:\/\/raisertools.com\/wp-content\/uploads\/2026\/01\/raiser-seo-dashboard-1200x878.png 1200w, https:\/\/raisertools.com\/wp-content\/uploads\/2026\/01\/raiser-seo-dashboard.png 1440w\" sizes=\"(max-width: 640px) 100vw, 600px\" \/><\/span><\/div><\/div><\/div><div class=\"fusion-layout-column fusion_builder_column fusion-builder-column-2 fusion_builder_column_1_2 1_2 fusion-flex-column fusion-flex-align-self-center\" style=\"--awb-padding-top-small:20px;--awb-padding-bottom-small:20px;--awb-bg-size:cover;--awb-width-large:50%;--awb-margin-top-large:25px;--awb-spacing-right-large:3.84%;--awb-margin-bottom-large:25px;--awb-spacing-left-large:3.84%;--awb-width-medium:50%;--awb-order-medium:0;--awb-spacing-right-medium:3.84%;--awb-spacing-left-medium:3.84%;--awb-width-small:100%;--awb-order-small:0;--awb-spacing-right-small:1.92%;--awb-spacing-left-small:1.92%;\" data-scroll-devices=\"small-visibility,medium-visibility,large-visibility\"><div class=\"fusion-column-wrapper fusion-column-has-shadow fusion-flex-justify-content-center fusion-content-layout-column\"><div class=\"fusion-title title fusion-title-1 fusion-sep-none fusion-title-text fusion-title-size-four\" style=\"--awb-margin-top:0px;--awb-margin-bottom:10px;\"><h4 class=\"fusion-title-heading title-heading-left\" style=\"margin:0;\">Pazaryeri SEO Nedir?<\/h4><\/div><div class=\"fusion-text fusion-text-2 fusion-text-no-margin\" style=\"--awb-content-alignment:left;\"><p>Pazaryeri SEO\u2019su, \u00e7ok sat\u0131c\u0131l\u0131 bir platformu\u2014\u00f6rne\u011fin \u00e7evrimi\u00e7i \u00fcr\u00fcn veya hizmet pazaryerini\u2014arama motoru sonu\u00e7lar\u0131nda daha y\u00fcksek g\u00f6r\u00fcn\u00fcrl\u00fck i\u00e7in optimize etme s\u00fcrecidir. Standart web sitelerinin aksine, pazaryerleri birden \u00e7ok sat\u0131c\u0131 taraf\u0131ndan olu\u015fturulan; \u00fcr\u00fcn listelemeleri, sat\u0131c\u0131 sayfalar\u0131 ve kategori ar\u015fivleri gibi b\u00fcy\u00fck hacimli i\u00e7eri\u011fe ev sahipli\u011fi yapar. <\/p>\n<p>Bu karma\u015f\u0131kl\u0131k, pazaryeri SEO\u2019sunun yaln\u0131zca temel sayfa i\u00e7i taktiklerden ibaret olmad\u0131\u011f\u0131n\u0131 g\u00f6sterir. \u0130\u00e7erik kalitesi, \u00e7o\u011faltma y\u00f6netimi, tarama kontrol\u00fc, yap\u0131land\u0131r\u0131lm\u0131\u015f veri ve dahili ba\u011flant\u0131lar i\u00e7in \u00f6l\u00e7eklenebilir \u00e7\u00f6z\u00fcmler gerektirir; bunlar\u0131n t\u00fcm\u00fc hem bireysel listelemelerin hem de genel platformun ke\u015ffedilebilir, dizine eklenebilir ve arama sonu\u00e7lar\u0131nda rekabet\u00e7i olmas\u0131n\u0131 sa\u011flamay\u0131 ama\u00e7lar. <\/p>\n<p>Pazaryeri SEO\u2019sunun nihai hedefi, her bir \u00fcr\u00fcn veya hizmete organik trafik \u00e7ekmek ve ayn\u0131 zamanda genel platformun otoritesini ve eri\u015fimini g\u00fc\u00e7lendirmektir.<\/p>\n<\/div><\/div><\/div><div class=\"fusion-layout-column fusion_builder_column fusion-builder-column-3 fusion_builder_column_1_2 1_2 fusion-flex-column fusion-flex-align-self-center\" style=\"--awb-padding-top-small:20px;--awb-padding-bottom-small:20px;--awb-bg-size:cover;--awb-width-large:50%;--awb-margin-top-large:25px;--awb-spacing-right-large:3.84%;--awb-margin-bottom-large:25px;--awb-spacing-left-large:3.84%;--awb-width-medium:50%;--awb-order-medium:0;--awb-spacing-right-medium:3.84%;--awb-spacing-left-medium:3.84%;--awb-width-small:100%;--awb-order-small:2;--awb-spacing-right-small:1.92%;--awb-spacing-left-small:1.92%;\" data-scroll-devices=\"small-visibility,medium-visibility,large-visibility\"><div class=\"fusion-column-wrapper fusion-column-has-shadow fusion-flex-justify-content-center fusion-content-layout-column\"><div class=\"fusion-title title fusion-title-2 fusion-sep-none fusion-title-text fusion-title-size-four\" style=\"--awb-margin-top:0px;--awb-margin-bottom:10px;\"><h4 class=\"fusion-title-heading title-heading-left\" style=\"margin:0;\">Pazaryeri Web Siteleri \u0130\u00e7in SEO Neden \u00d6nemlidir?<\/h4><\/div><div class=\"fusion-text fusion-text-3 fusion-text-no-margin\" style=\"--awb-content-alignment:left;\"><ul>\n<li><strong>B\u00fcy\u00fck envanter = y\u00fcksek arama potansiyeli<\/strong> \u2013 Pazaryerleri genellikle uzun kuyruklu anahtar kelimeler (longtail keyword) i\u00e7in s\u0131ralama alabilecek y\u00fczlerce hatta binlerce sayfaya sahiptir.<\/li>\n<li><strong>Maliyet etkin b\u00fcy\u00fcme<\/strong> \u2013 Organik arama trafi\u011fi, \u00fccretli reklamlara ba\u011f\u0131ml\u0131l\u0131\u011f\u0131 azalt\u0131r.<\/li>\n<li><strong>Hem al\u0131c\u0131lar\u0131 hem de sat\u0131c\u0131lar\u0131 \u00e7eker<\/strong> \u2013 \u0130yi SEO, m\u00fc\u015fterileri \u00e7ekmeye yard\u0131mc\u0131 olur ve g\u00fcven olu\u015fturur; bu da yeni sat\u0131c\u0131lar\u0131n kat\u0131lmas\u0131n\u0131 te\u015fvik eder.<\/li>\n<li><strong>Sat\u0131c\u0131 i\u00e7eri\u011finin bulunabilirli\u011fini art\u0131r\u0131r<\/strong> \u2013 \u0130yi pazaryeri SEO\u2019su, bireysel \u00fcr\u00fcn ve hizmet listelemelerinin bulunmas\u0131n\u0131 sa\u011flar.<\/li>\n<\/ul>\n<p>E\u011fer iyi yap\u0131l\u0131rsa, pazaryeri SEO\u2019su bir pazaryerinin en g\u00fc\u00e7l\u00fc ve s\u00fcrd\u00fcr\u00fclebilir b\u00fcy\u00fcme kanallar\u0131ndan biri haline gelir.<\/p>\n<\/div><\/div><\/div><div class=\"fusion-layout-column fusion_builder_column fusion-builder-column-4 fusion_builder_column_1_2 1_2 fusion-flex-column fusion-flex-align-self-center\" style=\"--awb-bg-size:cover;--awb-width-large:50%;--awb-margin-top-large:25px;--awb-spacing-right-large:3.84%;--awb-margin-bottom-large:25px;--awb-spacing-left-large:3.84%;--awb-width-medium:50%;--awb-order-medium:0;--awb-spacing-right-medium:3.84%;--awb-spacing-left-medium:3.84%;--awb-width-small:100%;--awb-order-small:1;--awb-spacing-right-small:1.92%;--awb-margin-bottom-small:10;--awb-spacing-left-small:1.92%;\" data-scroll-devices=\"small-visibility,medium-visibility,large-visibility\"><div class=\"fusion-column-wrapper fusion-column-has-shadow fusion-flex-justify-content-center fusion-content-layout-column\"><div class=\"fusion-image-element \" style=\"text-align:center;--awb-caption-title-font-family:var(--h2_typography-font-family);--awb-caption-title-font-weight:var(--h2_typography-font-weight);--awb-caption-title-font-style:var(--h2_typography-font-style);--awb-caption-title-size:var(--h2_typography-font-size);--awb-caption-title-transform:var(--h2_typography-text-transform);--awb-caption-title-line-height:var(--h2_typography-line-height);--awb-caption-title-letter-spacing:var(--h2_typography-letter-spacing);\"><span class=\" fusion-imageframe imageframe-none imageframe-2 hover-type-none\"><img decoding=\"async\" width=\"1440\" height=\"711\" title=\"raiser-all-parameters\" src=\"https:\/\/raisertools.com\/wp-content\/uploads\/2026\/01\/raiser-all-parameters.png\" alt class=\"img-responsive wp-image-2278\" srcset=\"https:\/\/raisertools.com\/wp-content\/uploads\/2026\/01\/raiser-all-parameters-200x99.png 200w, https:\/\/raisertools.com\/wp-content\/uploads\/2026\/01\/raiser-all-parameters-400x198.png 400w, https:\/\/raisertools.com\/wp-content\/uploads\/2026\/01\/raiser-all-parameters-600x296.png 600w, https:\/\/raisertools.com\/wp-content\/uploads\/2026\/01\/raiser-all-parameters-800x395.png 800w, https:\/\/raisertools.com\/wp-content\/uploads\/2026\/01\/raiser-all-parameters-1200x593.png 1200w, https:\/\/raisertools.com\/wp-content\/uploads\/2026\/01\/raiser-all-parameters.png 1440w\" sizes=\"(max-width: 640px) 100vw, 600px\" \/><\/span><\/div><\/div><\/div><div class=\"fusion-layout-column fusion_builder_column fusion-builder-column-5 fusion_builder_column_1_1 1_1 fusion-flex-column\" style=\"--awb-bg-size:cover;--awb-width-large:100%;--awb-margin-top-large:0px;--awb-spacing-right-large:1.92%;--awb-margin-bottom-large:0px;--awb-spacing-left-large:1.92%;--awb-width-medium:100%;--awb-order-medium:0;--awb-spacing-right-medium:1.92%;--awb-spacing-left-medium:1.92%;--awb-width-small:100%;--awb-order-small:3;--awb-spacing-right-small:1.92%;--awb-spacing-left-small:1.92%;\" data-scroll-devices=\"small-visibility,medium-visibility,large-visibility\"><div class=\"fusion-column-wrapper fusion-column-has-shadow fusion-flex-justify-content-flex-start fusion-content-layout-column\"><div class=\"accordian fusion-accordian\" style=\"--awb-border-size:1px;--awb-icon-size:16px;--awb-content-font-size:var(--awb-typography4-font-size);--awb-icon-alignment:left;--awb-hover-color:var(--awb-color2);--awb-border-color:var(--awb-color3);--awb-background-color:var(--awb-color1);--awb-divider-color:var(--awb-color3);--awb-divider-hover-color:var(--awb-color3);--awb-icon-color:var(--awb-color3);--awb-title-color:var(--awb-color5);--awb-content-color:var(--awb-color5);--awb-icon-box-color:rgba(255,200,0,0);--awb-toggle-hover-accent-color:var(--awb-color5);--awb-toggle-active-accent-color:var(--awb-color5);--awb-title-font-family:var(--awb-typography1-font-family);--awb-title-font-weight:var(--awb-typography1-font-weight);--awb-title-font-style:var(--awb-typography1-font-style);--awb-title-font-size:18px;--awb-content-font-family:var(--awb-typography4-font-family);--awb-content-font-weight:var(--awb-typography4-font-weight);--awb-content-font-style:var(--awb-typography4-font-style);\"><div class=\"panel-group fusion-toggle-icon-unboxed\" id=\"accordion-1677-1\"><div class=\"fusion-panel panel-default panel-031358b750357edb0 fusion-toggle-has-divider\" style=\"--awb-title-color:var(--awb-color5);\"><div class=\"panel-heading\"><h4 class=\"panel-title toggle\" id=\"toggle_031358b750357edb0\"><a aria-expanded=\"false\" aria-controls=\"031358b750357edb0\" role=\"button\" data-toggle=\"collapse\" data-target=\"#031358b750357edb0\" href=\"#031358b750357edb0\"><span class=\"fusion-toggle-icon-wrapper\" aria-hidden=\"true\"><i class=\"fa-fusion-box active-icon fa-angle-down fas\" aria-hidden=\"true\"><\/i><i class=\"fa-fusion-box inactive-icon fa-angle-right fas\" aria-hidden=\"true\"><\/i><\/span><span class=\"fusion-toggle-heading\">Pazaryerlerine \u00d6zel SEO Zorluklar\u0131<\/span><\/a><\/h4><\/div><div id=\"031358b750357edb0\" class=\"panel-collapse collapse \" aria-labelledby=\"toggle_031358b750357edb0\"><div class=\"panel-body toggle-content fusion-clearfix\">\n<p>Pazaryeri platformlar\u0131, standart web sitelerinin genellikle kar\u015f\u0131la\u015fmad\u0131\u011f\u0131 baz\u0131 SEO sorunlar\u0131yla kar\u015f\u0131la\u015f\u0131r:<\/p>\n<ul>\n<li><strong>Benzer \u00fcr\u00fcnleri<\/strong> listeleyen birden \u00e7ok sat\u0131c\u0131dan kaynaklanan yinelenen i\u00e7erik.<\/li>\n<li><strong>Yetersiz i\u00e7erikli veya d\u00fc\u015f\u00fck kaliteli sayfalar <\/strong>(\u00f6rne\u011fin, bo\u015f \u00fcr\u00fcn sayfalar\u0131, aktif olmayan sat\u0131c\u0131 profilleri)<\/li>\n<li>Listelemeler aras\u0131nda <strong>tutarl\u0131 meta verilerin<\/strong> olmamas\u0131.<\/li>\n<li><strong>Filtrelenmi\u015f navigasyon<\/strong> ve filtrelerin say\u0131s\u0131z URL varyasyonu yaratmas\u0131 nedeniyle olu\u015fan indeks \u015fi\u015fkinli\u011fi.<\/li>\n<li><strong>Sat\u0131c\u0131lar taraf\u0131ndan olu\u015fturulan<\/strong> ve s\u0131n\u0131rl\u0131 kalite kontrol\u00fcne tabi tutulan i\u00e7erik.<\/li>\n<li><strong>Binlerce URL\u2019e sahip<\/strong> b\u00fcy\u00fck platformlarda tarama b\u00fct\u00e7esi sorunlar\u0131.<\/li>\n<\/ul>\n<p>\u0130yi s\u0131ralamalar elde etmek i\u00e7in bir pazaryerinin hem yap\u0131sal d\u00fczeyde hem de i\u00e7erik d\u00fczeyinde bu sorunlar\u0131 \u00e7\u00f6zmesi gerekir.<\/p>\n<\/div><\/div><\/div><div class=\"fusion-panel panel-default panel-6a5bf15f232747796 fusion-toggle-has-divider\" style=\"--awb-title-color:var(--awb-color5);\"><div class=\"panel-heading\"><h4 class=\"panel-title toggle\" id=\"toggle_6a5bf15f232747796\"><a aria-expanded=\"false\" aria-controls=\"6a5bf15f232747796\" role=\"button\" data-toggle=\"collapse\" data-target=\"#6a5bf15f232747796\" href=\"#6a5bf15f232747796\"><span class=\"fusion-toggle-icon-wrapper\" aria-hidden=\"true\"><i class=\"fa-fusion-box active-icon fa-angle-down fas\" aria-hidden=\"true\"><\/i><i class=\"fa-fusion-box inactive-icon fa-angle-right fas\" aria-hidden=\"true\"><\/i><\/span><span class=\"fusion-toggle-heading\">Pazaryerleri \u0130\u00e7in Temel SEO Alanlar\u0131<\/span><\/a><\/h4><\/div><div id=\"6a5bf15f232747796\" class=\"panel-collapse collapse \" aria-labelledby=\"toggle_6a5bf15f232747796\"><div class=\"panel-body toggle-content fusion-clearfix\">\n<p>Pazaryeri SEO\u2019sunun baz\u0131 temel alanlar\u0131 \u015funlard\u0131r:<\/p>\n<ol>\n<li><strong> Site Yap\u0131s\u0131 ve Mimarisi<\/strong><\/li>\n<\/ol>\n<p>\u00d6l\u00e7eklenebilir, taranabilir ve kullan\u0131c\u0131 dostu bir yap\u0131 esast\u0131r.<\/p>\n<ul>\n<li>Temiz, a\u00e7\u0131klay\u0131c\u0131 URL\u2019ler kullan\u0131n (\u00f6rne\u011fin, \/kategori\/urun-adi\/)<\/li>\n<li>A\u00e7\u0131k kategori ve alt kategori hiyerar\u015fileri olu\u015fturun.<\/li>\n<li>Ana sayfadan \u00fcr\u00fcn veya sat\u0131c\u0131 sayfalar\u0131na ula\u015fmak i\u00e7in gereken t\u0131klama say\u0131s\u0131n\u0131 s\u0131n\u0131rlay\u0131n.<\/li>\n<li>Dahili ba\u011flant\u0131lar ve daha iyi gezinme i\u00e7in ekmek k\u0131r\u0131nt\u0131lar\u0131 (breadcrumbs) kullan\u0131n<\/li>\n<li>Yaln\u0131zca dizine eklenebilir, de\u011ferli sayfalar\u0131 i\u00e7eren bir XML site haritas\u0131 olu\u015fturun ve g\u00f6nderin<\/li>\n<\/ul>\n<ol start=\"2\">\n<li><strong> Kategori Sayfas\u0131 Optimizasyonu<\/strong><\/li>\n<\/ol>\n<p>Kategori sayfalar\u0131 genellikle y\u00fcksek hacimli arama terimleri i\u00e7in en fazla s\u0131ralama potansiyeline sahiptir.<\/p>\n<ul>\n<li>Her kategori i\u00e7in \u00f6zg\u00fcn, anahtar kelime a\u00e7\u0131s\u0131ndan zengin i\u00e7erik yaz\u0131n<\/li>\n<li>Gerekmedik\u00e7e kopya veya taranabilir URL\u2019ler olu\u015fturmayacak \u015fekilde filtreleme ve s\u0131ralama \u00f6zellikleri ekleyin<\/li>\n<li>Filtrelenmi\u015f s\u00fcr\u00fcmlerde canonical etiketleri kullan\u0131n<\/li>\n<li>De\u011feri art\u0131rmak i\u00e7in SSS b\u00f6l\u00fcmleri veya dahili ba\u011flant\u0131lar ekleyin<\/li>\n<\/ul>\n<ol start=\"3\">\n<li><strong> \u00dcr\u00fcn Listeleme Optimizasyonu<\/strong><\/li>\n<\/ol>\n<p>\u00dcr\u00fcn sayfalar\u0131 en yayg\u0131n i\u00e7erik t\u00fcr\u00fcd\u00fcr ve \u00f6l\u00e7ekli olarak optimize edilmelidir.<\/p>\n<ul>\n<li>Sat\u0131c\u0131lar\u0131n \u00f6zg\u00fcn ba\u015fl\u0131klar ve a\u00e7\u0131klamalar yazmalar\u0131n\u0131 zorunlu k\u0131l\u0131n veya te\u015fvik edin<\/li>\n<li>\u00dcr\u00fcn, Teklif, \u0130nceleme ve Derecelendirme i\u00e7in yap\u0131land\u0131r\u0131lm\u0131\u015f veri (schema.org) kullan\u0131n<\/li>\n<li>\u00d6zg\u00fcn i\u00e7erik eklemek i\u00e7in kullan\u0131c\u0131 yorumlar\u0131na izin verin ve bunlar\u0131 indeksleyin<\/li>\n<li>Stokta olmayan veya yer tutucu \u00fcr\u00fcn sayfalar\u0131n\u0131n dizine eklenmesini \u00f6nleyin<\/li>\n<li>Sat\u0131c\u0131 girdisi az oldu\u011funda \u00fcr\u00fcn verilerine dayal\u0131 olarak SEO dostu meta etiketlerini otomatik olarak olu\u015fturun<\/li>\n<\/ul>\n<ol start=\"4\">\n<li><strong> Sat\u0131c\u0131 Sayfas\u0131 SEO\u2019su<\/strong><\/li>\n<\/ol>\n<p>Sat\u0131c\u0131 profil sayfalar\u0131 genellikle g\u00f6zden ka\u00e7\u0131r\u0131l\u0131r, ancak markal\u0131 ve uzun kuyruklu (long tail) trafik \u00e7ekebilir.<\/p>\n<ul>\n<li>\u0130\u015fletme bilgilerini, kargo ko\u015fullar\u0131n\u0131, de\u011ferlendirmeleri ve \u00f6ne \u00e7\u0131kan \u00fcr\u00fcnleri ekleyin<\/li>\n<li>Sat\u0131c\u0131lar\u0131n k\u0131sa bir biyografi veya \u201chakk\u0131nda\u201d b\u00f6l\u00fcm\u00fc yazmas\u0131na izin verin<\/li>\n<li><em>\u201c[Sat\u0131c\u0131 Ad\u0131]\u2019dan Al\u0131\u015fveri\u015f Yap \u2013 El Yap\u0131m\u0131 Tak\u0131lar | Marketplace.com\u201d<\/em> gibi ba\u015fl\u0131k etiketlerini optimize edin<\/li>\n<li>Sat\u0131c\u0131lar\u0131, otorite olu\u015fturmak i\u00e7in profil sayfalar\u0131na ba\u011flant\u0131 payla\u015fmaya te\u015fvik edin<\/li>\n<\/ul>\n<ol start=\"5\">\n<li><strong> Kopya \u0130\u00e7erik Y\u00f6netimi<\/strong><\/li>\n<\/ol>\n<ul>\n<li>Ayn\u0131 listeleri birden \u00e7ok sat\u0131c\u0131dan konsolide etmek i\u00e7in canonical etiketleri kullan\u0131n<\/li>\n<li>\u00dcretici a\u00e7\u0131klamalar\u0131n\u0131n kopyalan\u0131p yap\u0131\u015ft\u0131r\u0131lmas\u0131n\u0131 engelleyin<\/li>\n<li>Benzer sayfalar\u0131 ay\u0131rt etmek i\u00e7in incelemeler, teknik \u00f6zellikler ve Soru-Cevap gibi farkl\u0131 i\u00e7erik bloklar\u0131na sahip dinamik \u015fablonlar kullan\u0131n.<\/li>\n<li>Sat\u0131c\u0131 listelemeleri aras\u0131nda intihali izleyin<\/li>\n<\/ul>\n<ol start=\"6\">\n<li><strong> Fasetli gezinme ve indeksleme kontrol\u00fc<\/strong><\/li>\n<\/ol>\n<p>Filtreler (\u00f6rne\u011fin renk, beden, fiyat) sonsuz say\u0131da URL kombinasyonu olu\u015fturabilir.<\/p>\n<ul>\n<li>D\u00fc\u015f\u00fck de\u011ferli filtreleri engellemek i\u00e7in <em>rel=&#8221;nofollow&#8221;<\/em> veya robots.txt kullan\u0131n<\/li>\n<li>Filtrelenmi\u015f sayfalara, ana kategori sayfas\u0131n\u0131 i\u015faret eden canonical etiketleri ekleyin<\/li>\n<li>Y\u00fcksek hacimli anahtar kelimeleri hedeflemedik\u00e7e filtreler i\u00e7in dizine eklenebilir URL\u2019lerin olu\u015fturulmas\u0131n\u0131 \u00f6nleyin<\/li>\n<li>Google Search Console\u2019da parametre kontrol\u00fcn\u00fc uygulay\u0131n<\/li>\n<\/ul>\n<ol start=\"7\">\n<li><strong> Mobil Optimizasyon ve Core Web Vitals<\/strong><\/li>\n<\/ol>\n<p>Google, mobil performans ve kullan\u0131c\u0131 deneyimi metriklerine \u00f6ncelik verir.<\/p>\n<ul>\n<li>Duyarl\u0131 tasar\u0131m kullan\u0131n<\/li>\n<li>G\u00f6rselleri s\u0131k\u0131\u015ft\u0131r\u0131n ve sat\u0131c\u0131 panelleri veya \u00fcr\u00fcn galerilerindeki gereksiz script y\u00fck\u00fcn\u00fc azalt\u0131n<\/li>\n<li>Listeleme sayfalar\u0131n\u0131 etkileyen CLS (d\u00fczen kaymas\u0131) ve LCP (y\u00fckleme s\u00fcresi) sorunlar\u0131n\u0131 giderin<\/li>\n<li>Filtrelerin, men\u00fclerin ve yorumlar\u0131n mobilde sorunsuz \u00e7al\u0131\u015fmas\u0131n\u0131 sa\u011flay\u0131n<\/li>\n<\/ul>\n<ol start=\"8\">\n<li><strong> \u0130\u00e7erik Stratejisi ve Ba\u011flant\u0131 Kurma<\/strong><\/li>\n<\/ol>\n<ul>\n<li>Uzun kuyruklu (long tail) sorgular i\u00e7in a\u00e7\u0131l\u0131\u015f sayfalar\u0131 olu\u015fturun (\u00f6rn. \u201c50 dolar\u0131n alt\u0131ndaki el yap\u0131m\u0131 g\u00fcm\u00fc\u015f y\u00fcz\u00fckler\u201d)<\/li>\n<li>Bilgilendirici trafik \u00e7ekmek i\u00e7in blog yaz\u0131lar\u0131, sat\u0131n alma rehberleri ve sat\u0131c\u0131 r\u00f6portajlar\u0131 yay\u0131nlay\u0131n<\/li>\n<li>Sat\u0131c\u0131lar\u0131, y\u00f6nlendirme ve SEO de\u011feri i\u00e7in ma\u011faza sayfalar\u0131na geri ba\u011flant\u0131 vermeye te\u015fvik edin<\/li>\n<li>Ni\u015f dizinlerden, PR kampanyalar\u0131ndan ve ortakl\u0131klardan geri ba\u011flant\u0131lar kazan\u0131n<\/li>\n<\/ul>\n<\/div><\/div><\/div><div class=\"fusion-panel panel-default panel-b4d3e13854d14328f fusion-toggle-has-divider\" style=\"--awb-title-color:var(--awb-color5);\"><div class=\"panel-heading\"><h4 class=\"panel-title toggle\" id=\"toggle_b4d3e13854d14328f\"><a aria-expanded=\"false\" aria-controls=\"b4d3e13854d14328f\" role=\"button\" data-toggle=\"collapse\" data-target=\"#b4d3e13854d14328f\" href=\"#b4d3e13854d14328f\"><span class=\"fusion-toggle-icon-wrapper\" aria-hidden=\"true\"><i class=\"fa-fusion-box active-icon fa-angle-down fas\" aria-hidden=\"true\"><\/i><i class=\"fa-fusion-box inactive-icon fa-angle-right fas\" aria-hidden=\"true\"><\/i><\/span><span class=\"fusion-toggle-heading\">Pazar Yeri SEO \u0130pu\u00e7lar\u0131<\/span><\/a><\/h4><\/div><div id=\"b4d3e13854d14328f\" class=\"panel-collapse collapse \" aria-labelledby=\"toggle_b4d3e13854d14328f\"><div class=\"panel-body toggle-content fusion-clearfix\">\n<p>\u0130\u015fte iyi bir pazar yeri SEO\u2019su i\u00e7in baz\u0131 ek ipu\u00e7lar\u0131:<\/p>\n<ul>\n<li>Sat\u0131c\u0131lar\u0131n kay\u0131t ve \u00fcr\u00fcn y\u00fckleme s\u00fcre\u00e7lerinde SEO gereksinimlerini standartla\u015ft\u0131r\u0131n<\/li>\n<li>Dizine eklenen sayfalar\u0131 d\u00fczenli olarak denetleyin ve d\u00fc\u015f\u00fck de\u011ferli i\u00e7eri\u011fi ortadan kald\u0131r\u0131n<\/li>\n<li>Meta etiketleri, canonical URL\u2019ler ve schema i\u00e7in m\u00fcmk\u00fcn oldu\u011funda otomatik SEO kurallar\u0131 kullan\u0131n<\/li>\n<li>En iyi kategoriler i\u00e7in otomasyon ile insan editoryal denetimini birle\u015ftirin<\/li>\n<li>Bireysel kategoriler, sat\u0131c\u0131lar ve \u00fcr\u00fcnler i\u00e7in performans takibi kurun<\/li>\n<\/ul>\n<\/div><\/div><\/div><\/div><\/div><\/div><\/div><\/div><\/div>\n","protected":false},"excerpt":{"rendered":"","protected":false},"author":1,"featured_media":0,"parent":0,"menu_order":0,"comment_status":"closed","ping_status":"closed","template":"100-width.php","meta":{"_acf_changed":false,"footnotes":""},"class_list":["post-1677","page","type-page","status-publish","hentry"],"acf":[],"_links":{"self":[{"href":"https:\/\/raisertools.com\/tr\/wp-json\/wp\/v2\/pages\/1677","targetHints":{"allow":["GET"]}}],"collection":[{"href":"https:\/\/raisertools.com\/tr\/wp-json\/wp\/v2\/pages"}],"about":[{"href":"https:\/\/raisertools.com\/tr\/wp-json\/wp\/v2\/types\/page"}],"author":[{"embeddable":true,"href":"https:\/\/raisertools.com\/tr\/wp-json\/wp\/v2\/users\/1"}],"replies":[{"embeddable":true,"href":"https:\/\/raisertools.com\/tr\/wp-json\/wp\/v2\/comments?post=1677"}],"version-history":[{"count":14,"href":"https:\/\/raisertools.com\/tr\/wp-json\/wp\/v2\/pages\/1677\/revisions"}],"predecessor-version":[{"id":2385,"href":"https:\/\/raisertools.com\/tr\/wp-json\/wp\/v2\/pages\/1677\/revisions\/2385"}],"wp:attachment":[{"href":"https:\/\/raisertools.com\/tr\/wp-json\/wp\/v2\/media?parent=1677"}],"curies":[{"name":"wp","href":"https:\/\/api.w.org\/{rel}","templated":true}]}}