{"id":1674,"date":"2025-05-08T14:24:33","date_gmt":"2025-05-08T14:24:33","guid":{"rendered":"https:\/\/raisertools.com\/lokal-seo\/"},"modified":"2026-01-29T15:22:26","modified_gmt":"2026-01-29T15:22:26","slug":"lokal-seo","status":"publish","type":"page","link":"https:\/\/raisertools.com\/tr\/lokal-seo\/","title":{"rendered":"Lokal SEO"},"content":{"rendered":"<div class=\"fusion-fullwidth fullwidth-box fusion-builder-row-1 fusion-flex-container has-pattern-background has-mask-background nonhundred-percent-fullwidth non-hundred-percent-height-scrolling\" style=\"--awb-border-radius-top-left:0px;--awb-border-radius-top-right:0px;--awb-border-radius-bottom-right:0px;--awb-border-radius-bottom-left:0px;--awb-padding-top:20px;--awb-padding-right:0px;--awb-padding-bottom:60px;--awb-padding-left:0px;--awb-flex-wrap:wrap;\" ><div class=\"fusion-builder-row fusion-row fusion-flex-align-items-center fusion-flex-content-wrap\" style=\"max-width:1248px;margin-left: calc(-4% \/ 2 );margin-right: calc(-4% \/ 2 );\"><div class=\"fusion-layout-column fusion_builder_column fusion-builder-column-0 fusion_builder_column_1_1 1_1 fusion-flex-column\" style=\"--awb-bg-size:cover;--awb-width-large:100%;--awb-margin-top-large:0px;--awb-spacing-right-large:1.92%;--awb-margin-bottom-large:0px;--awb-spacing-left-large:1.92%;--awb-width-medium:100%;--awb-order-medium:0;--awb-spacing-right-medium:1.92%;--awb-spacing-left-medium:1.92%;--awb-width-small:100%;--awb-order-small:0;--awb-spacing-right-small:1.92%;--awb-margin-bottom-small:20px;--awb-spacing-left-small:1.92%;\" data-scroll-devices=\"small-visibility,medium-visibility,large-visibility\"><div class=\"fusion-column-wrapper fusion-column-has-shadow fusion-flex-justify-content-flex-start fusion-content-layout-column\"><div class=\"fusion-text fusion-text-1\" style=\"--awb-text-transform:var(--awb-typography4-text-transform);--awb-text-color:var(--awb-color5);\"><p>Yerel SEO, i\u015fletmelerin hizmet veya \u00fcr\u00fcnlerini aktif olarak arayan yak\u0131nlardaki m\u00fc\u015fterilerle ba\u011flant\u0131 kurmalar\u0131na yard\u0131mc\u0131 olur. <em>&#8220;Yak\u0131n\u0131mdaki kahve d\u00fckkanlar\u0131&#8221;<\/em> ya da <em>&#8220;[\u015fehir ad\u0131] elektrik\u00e7i&#8221;<\/em> gibi lokasyon bazl\u0131 aramalarda daha iyi sonu\u00e7lar almaya hizmet eder. <\/p>\n<p>Fiziksel bir ma\u011faza i\u015fletiyorsan\u0131z, yerel hizmetler sunuyor veya belirli bir co\u011frafi b\u00f6lgeye hizmet veriyorsan\u0131z, yerel SEO g\u00f6r\u00fcn\u00fcrl\u00fck, trafik ve b\u00fcy\u00fcme i\u00e7in vazge\u00e7ilmezdir.<\/p>\n<\/div><\/div><\/div><div class=\"fusion-layout-column fusion_builder_column fusion-builder-column-1 fusion_builder_column_1_2 1_2 fusion-flex-column fusion-flex-align-self-center\" style=\"--awb-bg-size:cover;--awb-width-large:50%;--awb-margin-top-large:25px;--awb-spacing-right-large:3.84%;--awb-margin-bottom-large:25px;--awb-spacing-left-large:3.84%;--awb-width-medium:50%;--awb-order-medium:0;--awb-spacing-right-medium:3.84%;--awb-spacing-left-medium:3.84%;--awb-width-small:100%;--awb-order-small:0;--awb-spacing-right-small:1.92%;--awb-margin-bottom-small:10;--awb-spacing-left-small:1.92%;\" data-scroll-devices=\"small-visibility,medium-visibility,large-visibility\"><div class=\"fusion-column-wrapper fusion-column-has-shadow fusion-flex-justify-content-center fusion-content-layout-column\"><div class=\"fusion-image-element \" style=\"text-align:center;--awb-caption-title-font-family:var(--h2_typography-font-family);--awb-caption-title-font-weight:var(--h2_typography-font-weight);--awb-caption-title-font-style:var(--h2_typography-font-style);--awb-caption-title-size:var(--h2_typography-font-size);--awb-caption-title-transform:var(--h2_typography-text-transform);--awb-caption-title-line-height:var(--h2_typography-line-height);--awb-caption-title-letter-spacing:var(--h2_typography-letter-spacing);\"><span class=\" fusion-imageframe imageframe-none imageframe-1 hover-type-none\"><img decoding=\"async\" width=\"1440\" height=\"1053\" title=\"raiser-seo-dashboard\" src=\"https:\/\/raisertools.com\/wp-content\/uploads\/2026\/01\/raiser-seo-dashboard.png\" alt class=\"img-responsive wp-image-2275\" srcset=\"https:\/\/raisertools.com\/wp-content\/uploads\/2026\/01\/raiser-seo-dashboard-200x146.png 200w, https:\/\/raisertools.com\/wp-content\/uploads\/2026\/01\/raiser-seo-dashboard-400x293.png 400w, https:\/\/raisertools.com\/wp-content\/uploads\/2026\/01\/raiser-seo-dashboard-600x439.png 600w, https:\/\/raisertools.com\/wp-content\/uploads\/2026\/01\/raiser-seo-dashboard-800x585.png 800w, https:\/\/raisertools.com\/wp-content\/uploads\/2026\/01\/raiser-seo-dashboard-1200x878.png 1200w, https:\/\/raisertools.com\/wp-content\/uploads\/2026\/01\/raiser-seo-dashboard.png 1440w\" sizes=\"(max-width: 640px) 100vw, 600px\" \/><\/span><\/div><\/div><\/div><div class=\"fusion-layout-column fusion_builder_column fusion-builder-column-2 fusion_builder_column_1_2 1_2 fusion-flex-column fusion-flex-align-self-center\" style=\"--awb-padding-top-small:20px;--awb-padding-bottom-small:20px;--awb-bg-size:cover;--awb-width-large:50%;--awb-margin-top-large:25px;--awb-spacing-right-large:3.84%;--awb-margin-bottom-large:25px;--awb-spacing-left-large:3.84%;--awb-width-medium:50%;--awb-order-medium:0;--awb-spacing-right-medium:3.84%;--awb-spacing-left-medium:3.84%;--awb-width-small:100%;--awb-order-small:0;--awb-spacing-right-small:1.92%;--awb-spacing-left-small:1.92%;\" data-scroll-devices=\"small-visibility,medium-visibility,large-visibility\"><div class=\"fusion-column-wrapper fusion-column-has-shadow fusion-flex-justify-content-center fusion-content-layout-column\"><div class=\"fusion-title title fusion-title-1 fusion-sep-none fusion-title-text fusion-title-size-four\" style=\"--awb-margin-top:0px;--awb-margin-bottom:10px;\"><h4 class=\"fusion-title-heading title-heading-left\" style=\"margin:0;\">Lokal SEO Nedir?<\/h4><\/div><div class=\"fusion-text fusion-text-2 fusion-text-no-margin\" style=\"--awb-content-alignment:left;\"><p>Yerel SEO, i\u015fletmelerin yerel arama sonu\u00e7lar\u0131nda ve harita listelerinde g\u00f6r\u00fcnmesine odaklan\u0131r. Bu sonu\u00e7lar <strong>geleneksel SEO<\/strong>\u2019dan farkl\u0131d\u0131r \u00e7\u00fcnk\u00fc kullan\u0131c\u0131lar\u0131n fiziksel konumu ve i\u015fletmeye olan yak\u0131nl\u0131\u011f\u0131 taraf\u0131ndan etkilenir. <\/p>\n<p>Yerel arama i\u00e7in optimizasyon birka\u00e7 bile\u015feni i\u00e7erir:<\/p>\n<ul>\n<li>Do\u011fru i\u015fletme bilgilerini ekleme (isim, adres, telefon)<\/li>\n<li>Konuma dayal\u0131 sayfalar\u0131 ve i\u00e7erikleri optimize etme<\/li>\n<li>Olumlu yorumlar<\/li>\n<li>\u0130\u015fletmenizin yerel dizinlerde ve listelerde g\u00f6r\u00fcnmesini sa\u011flama<\/li>\n<\/ul>\n<p>Sizin sundu\u011funuzu arayan biri yak\u0131n\u0131n\u0131zda arama yapt\u0131\u011f\u0131nda, yerel SEO onlar\u0131n sizi bulmas\u0131n\u0131\u2014ve sizi tercih etmesini\u2014sa\u011flar.<\/p>\n<\/div><\/div><\/div><div class=\"fusion-layout-column fusion_builder_column fusion-builder-column-3 fusion_builder_column_1_2 1_2 fusion-flex-column fusion-flex-align-self-center\" style=\"--awb-padding-top-small:20px;--awb-padding-bottom-small:20px;--awb-bg-size:cover;--awb-width-large:50%;--awb-margin-top-large:25px;--awb-spacing-right-large:3.84%;--awb-margin-bottom-large:25px;--awb-spacing-left-large:3.84%;--awb-width-medium:50%;--awb-order-medium:0;--awb-spacing-right-medium:3.84%;--awb-spacing-left-medium:3.84%;--awb-width-small:100%;--awb-order-small:2;--awb-spacing-right-small:1.92%;--awb-spacing-left-small:1.92%;\" data-scroll-devices=\"small-visibility,medium-visibility,large-visibility\"><div class=\"fusion-column-wrapper fusion-column-has-shadow fusion-flex-justify-content-center fusion-content-layout-column\"><div class=\"fusion-title title fusion-title-2 fusion-sep-none fusion-title-text fusion-title-size-four\" style=\"--awb-margin-top:0px;--awb-margin-bottom:10px;\"><h4 class=\"fusion-title-heading title-heading-left\" style=\"margin:0;\">Lokal SEO Neden \u00d6nemli?<\/h4><\/div><div class=\"fusion-text fusion-text-3 fusion-text-no-margin\" style=\"--awb-content-alignment:left;\"><ul>\n<li><strong>Y\u00fcksek sat\u0131n alma niyeti<\/strong> \u2013 Yerel aramalar genellikle hemen aksiyon al\u0131nmas\u0131na yol a\u00e7ar; \u201cyak\u0131n\u0131mdaki\u201d aramalar yapan ki\u015filer \u00e7o\u011funlukla sat\u0131n almaya, ziyaret etmeye veya ileti\u015fime ge\u00e7meye haz\u0131rd\u0131r. <\/li>\n<li><strong>Mobil odakl\u0131 davran\u0131\u015f<\/strong> \u2013 Ak\u0131ll\u0131 telefonlarla kullan\u0131c\u0131lar hareket halindeyken de yerel \u00e7\u00f6z\u00fcmler ar\u0131yor olabilirler.<\/li>\n<li><strong>Haritalarda ve yerel paketlerde daha g\u00fc\u00e7l\u00fc g\u00f6r\u00fcn\u00fcrl\u00fck<\/strong> \u2013 iyi optimize edilmi\u015f bir yerel profil, Google\u2019\u0131n yerel 3\u2019l\u00fc paketinde ve harita sonu\u00e7lar\u0131nda g\u00f6r\u00fcnmenizi sa\u011flar.<\/li>\n<li><strong>Yerel hizmetlerde, geni\u015f kapsaml\u0131 SEO\u2019yu geride b\u0131rak\u0131r<\/strong> \u2013 Genel anahtar kelimeler i\u00e7in rekabet etmek zordur. Yerel SEO, hizmet alan\u0131n\u0131zda \u00f6ne ge\u00e7menize yard\u0131mc\u0131 olur. <\/li>\n<li><strong>G\u00fcven ve itibar olu\u015fturur<\/strong> \u2013 Yerel m\u00fc\u015fteriler g\u00f6r\u00fcn\u00fcr, olumlu yorumlara sahip ve kolay ileti\u015fim kurulabilen i\u015fletmelere g\u00fcvenir.<\/li>\n<\/ul>\n<\/div><\/div><\/div><div class=\"fusion-layout-column fusion_builder_column fusion-builder-column-4 fusion_builder_column_1_2 1_2 fusion-flex-column fusion-flex-align-self-center\" style=\"--awb-bg-size:cover;--awb-width-large:50%;--awb-margin-top-large:25px;--awb-spacing-right-large:3.84%;--awb-margin-bottom-large:25px;--awb-spacing-left-large:3.84%;--awb-width-medium:50%;--awb-order-medium:0;--awb-spacing-right-medium:3.84%;--awb-spacing-left-medium:3.84%;--awb-width-small:100%;--awb-order-small:1;--awb-spacing-right-small:1.92%;--awb-margin-bottom-small:10;--awb-spacing-left-small:1.92%;\" data-scroll-devices=\"small-visibility,medium-visibility,large-visibility\"><div class=\"fusion-column-wrapper fusion-column-has-shadow fusion-flex-justify-content-center fusion-content-layout-column\"><div class=\"fusion-image-element \" style=\"text-align:center;--awb-caption-title-font-family:var(--h2_typography-font-family);--awb-caption-title-font-weight:var(--h2_typography-font-weight);--awb-caption-title-font-style:var(--h2_typography-font-style);--awb-caption-title-size:var(--h2_typography-font-size);--awb-caption-title-transform:var(--h2_typography-text-transform);--awb-caption-title-line-height:var(--h2_typography-line-height);--awb-caption-title-letter-spacing:var(--h2_typography-letter-spacing);\"><span class=\" fusion-imageframe imageframe-none imageframe-2 hover-type-none\"><img decoding=\"async\" width=\"1440\" height=\"711\" title=\"raiser-all-parameters\" src=\"https:\/\/raisertools.com\/wp-content\/uploads\/2026\/01\/raiser-all-parameters.png\" alt class=\"img-responsive wp-image-2278\" srcset=\"https:\/\/raisertools.com\/wp-content\/uploads\/2026\/01\/raiser-all-parameters-200x99.png 200w, https:\/\/raisertools.com\/wp-content\/uploads\/2026\/01\/raiser-all-parameters-400x198.png 400w, https:\/\/raisertools.com\/wp-content\/uploads\/2026\/01\/raiser-all-parameters-600x296.png 600w, https:\/\/raisertools.com\/wp-content\/uploads\/2026\/01\/raiser-all-parameters-800x395.png 800w, https:\/\/raisertools.com\/wp-content\/uploads\/2026\/01\/raiser-all-parameters-1200x593.png 1200w, https:\/\/raisertools.com\/wp-content\/uploads\/2026\/01\/raiser-all-parameters.png 1440w\" sizes=\"(max-width: 640px) 100vw, 600px\" \/><\/span><\/div><\/div><\/div><div class=\"fusion-layout-column fusion_builder_column fusion-builder-column-5 fusion_builder_column_1_1 1_1 fusion-flex-column\" style=\"--awb-bg-size:cover;--awb-width-large:100%;--awb-margin-top-large:0px;--awb-spacing-right-large:1.92%;--awb-margin-bottom-large:0px;--awb-spacing-left-large:1.92%;--awb-width-medium:100%;--awb-order-medium:0;--awb-spacing-right-medium:1.92%;--awb-spacing-left-medium:1.92%;--awb-width-small:100%;--awb-order-small:3;--awb-spacing-right-small:1.92%;--awb-spacing-left-small:1.92%;\" data-scroll-devices=\"small-visibility,medium-visibility,large-visibility\"><div class=\"fusion-column-wrapper fusion-column-has-shadow fusion-flex-justify-content-flex-start fusion-content-layout-column\"><div class=\"accordian fusion-accordian\" style=\"--awb-border-size:1px;--awb-icon-size:16px;--awb-content-font-size:var(--awb-typography4-font-size);--awb-icon-alignment:left;--awb-hover-color:var(--awb-color2);--awb-border-color:var(--awb-color3);--awb-background-color:var(--awb-color1);--awb-divider-color:var(--awb-color3);--awb-divider-hover-color:var(--awb-color3);--awb-icon-color:var(--awb-color3);--awb-title-color:var(--awb-color5);--awb-content-color:var(--awb-color5);--awb-icon-box-color:rgba(255,200,0,0);--awb-toggle-hover-accent-color:var(--awb-color5);--awb-toggle-active-accent-color:var(--awb-color5);--awb-title-font-family:var(--awb-typography1-font-family);--awb-title-font-weight:var(--awb-typography1-font-weight);--awb-title-font-style:var(--awb-typography1-font-style);--awb-title-font-size:18px;--awb-content-font-family:var(--awb-typography4-font-family);--awb-content-font-weight:var(--awb-typography4-font-weight);--awb-content-font-style:var(--awb-typography4-font-style);\"><div class=\"panel-group fusion-toggle-icon-unboxed\" id=\"accordion-1674-1\"><div class=\"fusion-panel panel-default panel-7731beb4ed817f278 fusion-toggle-has-divider\" style=\"--awb-title-color:var(--awb-color5);\"><div class=\"panel-heading\"><h4 class=\"panel-title toggle\" id=\"toggle_7731beb4ed817f278\"><a aria-expanded=\"false\" aria-controls=\"7731beb4ed817f278\" role=\"button\" data-toggle=\"collapse\" data-target=\"#7731beb4ed817f278\" href=\"#7731beb4ed817f278\"><span class=\"fusion-toggle-icon-wrapper\" aria-hidden=\"true\"><i class=\"fa-fusion-box active-icon fa-angle-down fas\" aria-hidden=\"true\"><\/i><i class=\"fa-fusion-box inactive-icon fa-angle-right fas\" aria-hidden=\"true\"><\/i><\/span><span class=\"fusion-toggle-heading\">Yerel SEO\u2019nun Temel Unsurlar\u0131<\/span><\/a><\/h4><\/div><div id=\"7731beb4ed817f278\" class=\"panel-collapse collapse \" aria-labelledby=\"toggle_7731beb4ed817f278\"><div class=\"panel-body toggle-content fusion-clearfix\">\n<ol>\n<li><strong> \u0130sim, Adres ve Telefon Tutarl\u0131l\u0131\u011f\u0131<\/strong><\/li>\n<\/ol>\n<p>\u0130\u015fletme ad\u0131n\u0131z\u0131n, adresinizin ve telefon numaran\u0131z\u0131n web sitenizde ve t\u00fcm \u00e7evrimi\u00e7i listelerde tamamen ayn\u0131 oldu\u011fundan emin olun \u2014 k\u00fc\u00e7\u00fck farkl\u0131l\u0131klar bile arama motorlar\u0131n\u0131 yan\u0131ltabilir. <\/p>\n<ol start=\"2\">\n<li><strong> Yerel \u0130\u015fletme Listeleri<\/strong><\/li>\n<\/ol>\n<p>\u0130\u015fletmenizin b\u00f6lgeniz ve sekt\u00f6r\u00fcn\u00fczle ilgili \u00f6nemli dizinlerde listelendi\u011finden emin olun. Eksiksiz bilgi, do\u011fru kategoriler ve yorumlara sahip listeler g\u00fcvenilirli\u011fi ve s\u0131ralamalar\u0131 iyile\u015ftirmeye yard\u0131mc\u0131 olur. <\/p>\n<ol start=\"3\">\n<li><strong> Konum sayfalar\u0131 ve yerelle\u015ftirilmi\u015f i\u00e7erik<\/strong><\/li>\n<\/ol>\n<p>Birden fazla konuma hizmet veriyorsan\u0131z her biri i\u00e7in \u00f6zel bir a\u00e7\u0131l\u0131\u015f sayfas\u0131 olu\u015fturun. Sunulan hizmetler, \u00e7al\u0131\u015fma saatleri, yol tarifleri ve konuma \u00f6zg\u00fc anahtar kelimeler gibi detaylar\u0131 ekleyin. <\/p>\n<ol start=\"4\">\n<li><strong> Yerel Anahtar Kelimeler i\u00e7in Sayfa \u0130\u00e7i SEO<\/strong><\/li>\n<\/ol>\n<p>Ba\u015fl\u0131k, ba\u015fl\u0131k etiketleri, URL\u2019ler ve i\u00e7erik gibi kilit noktalarda \u015fehir veya mahalle isimleri kullan\u0131n; bu, arama motorlar\u0131n\u0131n i\u015fletmenizin konumunu ve hedefledi\u011fi b\u00f6lgeyi anlamas\u0131na yard\u0131mc\u0131 olur. <\/p>\n<ol start=\"5\">\n<li><strong> \u00c7evrimi\u00e7i Yorumlar ve \u0130tibar Y\u00f6netimi<\/strong><\/li>\n<\/ol>\n<p>Memnun kalan m\u00fc\u015fterileri olumlu yorum yapmaya te\u015fvik edin. Yorumlar yaln\u0131zca sat\u0131n alma kararlar\u0131n\u0131 etkilemekle kalmaz, ayn\u0131 zamanda yerel arama g\u00f6r\u00fcn\u00fcrl\u00fc\u011f\u00fcn\u00fcz\u00fc de etkiler. <\/p>\n<ol start=\"6\">\n<li><strong> Yerel Ba\u011flant\u0131 Olu\u015fturma<\/strong><\/li>\n<\/ol>\n<p>Yerel bloglardan, dizinlerden, ticaret odalar\u0131ndan ve haber sitelerinden gelen geri ba\u011flant\u0131lar b\u00f6lgenizdeki otoriteyi ve alaka d\u00fczeyini art\u0131r\u0131r.<\/p>\n<ol start=\"7\">\n<li><strong> Mobil Optimizasyon<\/strong><\/li>\n<\/ol>\n<p>\u00c7o\u011fu yerel arama mobil cihazlarda ger\u00e7ekle\u015fti\u011finden web sitenizin mobil uyumlu olmas\u0131 kritik \u00f6nemdedir. Sitenizin h\u0131zl\u0131 y\u00fcklenmesini, t\u00fcm cihazlarda sorunsuz g\u00f6r\u00fcnt\u00fclenmesini ve t\u0131klanabilir telefon numaralar\u0131 &amp; yol tarifleri sunmas\u0131n\u0131 sa\u011flay\u0131n.<\/p>\n<\/div><\/div><\/div><div class=\"fusion-panel panel-default panel-c90c6b0fdc2508933 fusion-toggle-has-divider\" style=\"--awb-title-color:var(--awb-color5);\"><div class=\"panel-heading\"><h4 class=\"panel-title toggle\" id=\"toggle_c90c6b0fdc2508933\"><a aria-expanded=\"false\" aria-controls=\"c90c6b0fdc2508933\" role=\"button\" data-toggle=\"collapse\" data-target=\"#c90c6b0fdc2508933\" href=\"#c90c6b0fdc2508933\"><span class=\"fusion-toggle-icon-wrapper\" aria-hidden=\"true\"><i class=\"fa-fusion-box active-icon fa-angle-down fas\" aria-hidden=\"true\"><\/i><i class=\"fa-fusion-box inactive-icon fa-angle-right fas\" aria-hidden=\"true\"><\/i><\/span><span class=\"fusion-toggle-heading\">Ka\u00e7\u0131n\u0131lmas\u0131 Gereken Yayg\u0131n Yerel SEO Hatalar\u0131<\/span><\/a><\/h4><\/div><div id=\"c90c6b0fdc2508933\" class=\"panel-collapse collapse \" aria-labelledby=\"toggle_c90c6b0fdc2508933\"><div class=\"panel-body toggle-content fusion-clearfix\">\n<p>\u0130\u015fte ka\u00e7\u0131nman\u0131z gereken yayg\u0131n yerel SEO hatalar\u0131:<\/p>\n<ul>\n<li><strong>Platformlar aras\u0131nda tutars\u0131z i\u015fletme bilgileri <\/strong>\u2013 NAP\u2019ta yap\u0131lan k\u00fc\u00e7\u00fck farkl\u0131l\u0131klar arama motorlar\u0131n\u0131 kar\u0131\u015ft\u0131rabilir.<\/li>\n<li><strong>Yerel konuma \u00f6zg\u00fc i\u00e7erik eksikli\u011fi<\/strong> \u2013 Genel hizmet sayfalar\u0131 yerel s\u0131ralamalara yard\u0131mc\u0131 olmaz. Yerel olarak ilgili anahtar kelimeler ve bilgiler ekleyin. <\/li>\n<li><strong>Mobil kullan\u0131labilirli\u011fi ihmal etmek<\/strong> \u2013 Siteniz mobil uyumlu de\u011filse yerel m\u00fc\u015fterileri kaybedersiniz.<\/li>\n<li><strong>Yorumlar\u0131 g\u00f6z ard\u0131 etmek<\/strong> \u2013 Yorum eksikli\u011fi veya olumsuz yorumlara yetersiz yan\u0131t vermek hem s\u0131ralamay\u0131 hem de g\u00fcveni zedeler.<\/li>\n<li><strong>Yinelenen listeler<\/strong> \u2013 Birden fazla ya da g\u00fcncel olmayan dizin kayd\u0131 g\u00fcvenilirli\u011fe zarar verebilir ve kullan\u0131c\u0131lar\u0131 yan\u0131ltabilir.<\/li>\n<\/ul>\n<\/div><\/div><\/div><\/div><\/div><\/div><\/div><\/div><\/div>\n","protected":false},"excerpt":{"rendered":"","protected":false},"author":1,"featured_media":0,"parent":0,"menu_order":0,"comment_status":"closed","ping_status":"closed","template":"100-width.php","meta":{"_acf_changed":false,"footnotes":""},"class_list":["post-1674","page","type-page","status-publish","hentry"],"acf":[],"_links":{"self":[{"href":"https:\/\/raisertools.com\/tr\/wp-json\/wp\/v2\/pages\/1674","targetHints":{"allow":["GET"]}}],"collection":[{"href":"https:\/\/raisertools.com\/tr\/wp-json\/wp\/v2\/pages"}],"about":[{"href":"https:\/\/raisertools.com\/tr\/wp-json\/wp\/v2\/types\/page"}],"author":[{"embeddable":true,"href":"https:\/\/raisertools.com\/tr\/wp-json\/wp\/v2\/users\/1"}],"replies":[{"embeddable":true,"href":"https:\/\/raisertools.com\/tr\/wp-json\/wp\/v2\/comments?post=1674"}],"version-history":[{"count":8,"href":"https:\/\/raisertools.com\/tr\/wp-json\/wp\/v2\/pages\/1674\/revisions"}],"predecessor-version":[{"id":2383,"href":"https:\/\/raisertools.com\/tr\/wp-json\/wp\/v2\/pages\/1674\/revisions\/2383"}],"wp:attachment":[{"href":"https:\/\/raisertools.com\/tr\/wp-json\/wp\/v2\/media?parent=1674"}],"curies":[{"name":"wp","href":"https:\/\/api.w.org\/{rel}","templated":true}]}}