{"id":1671,"date":"2025-05-08T14:21:22","date_gmt":"2025-05-08T14:21:22","guid":{"rendered":"https:\/\/raisertools.com\/link-insasi\/"},"modified":"2026-01-29T15:11:03","modified_gmt":"2026-01-29T15:11:03","slug":"link-insasi","status":"publish","type":"page","link":"https:\/\/raisertools.com\/tr\/link-insasi\/","title":{"rendered":"Link \u0130n\u015fas\u0131"},"content":{"rendered":"<div class=\"fusion-fullwidth fullwidth-box fusion-builder-row-1 fusion-flex-container has-pattern-background has-mask-background nonhundred-percent-fullwidth non-hundred-percent-height-scrolling\" style=\"--awb-border-radius-top-left:0px;--awb-border-radius-top-right:0px;--awb-border-radius-bottom-right:0px;--awb-border-radius-bottom-left:0px;--awb-padding-top:20px;--awb-padding-right:0px;--awb-padding-bottom:60px;--awb-padding-left:0px;--awb-flex-wrap:wrap;\" ><div class=\"fusion-builder-row fusion-row fusion-flex-align-items-center fusion-flex-content-wrap\" style=\"max-width:1248px;margin-left: calc(-4% \/ 2 );margin-right: calc(-4% \/ 2 );\"><div class=\"fusion-layout-column fusion_builder_column fusion-builder-column-0 fusion_builder_column_1_1 1_1 fusion-flex-column\" style=\"--awb-bg-size:cover;--awb-width-large:100%;--awb-margin-top-large:0px;--awb-spacing-right-large:1.92%;--awb-margin-bottom-large:0px;--awb-spacing-left-large:1.92%;--awb-width-medium:100%;--awb-order-medium:0;--awb-spacing-right-medium:1.92%;--awb-spacing-left-medium:1.92%;--awb-width-small:100%;--awb-order-small:0;--awb-spacing-right-small:1.92%;--awb-margin-bottom-small:20px;--awb-spacing-left-small:1.92%;\" data-scroll-devices=\"small-visibility,medium-visibility,large-visibility\"><div class=\"fusion-column-wrapper fusion-column-has-shadow fusion-flex-justify-content-flex-start fusion-content-layout-column\"><div class=\"fusion-text fusion-text-1\" style=\"--awb-text-transform:var(--awb-typography4-text-transform);--awb-text-color:var(--awb-color5);\"><p>Link olu\u015fturma, di\u011fer web sitelerinden kendi sitenize gelen ba\u011flant\u0131lar\u0131 (backlink) edinme s\u00fcrecidir. Bu ba\u011flant\u0131lar, arama motorlar\u0131n\u0131n g\u00f6z\u00fcnde g\u00fcven, alaka ve otorite sinyalleri olarak i\u015flev g\u00f6r\u00fcr. Sitenizin sahip oldu\u011fu y\u00fcksek kaliteli backlink say\u0131s\u0131 artt\u0131k\u00e7a, arama sonu\u00e7lar\u0131nda \u00fcst s\u0131ralarda yer alma olas\u0131l\u0131\u011f\u0131n\u0131z da y\u00fckselir.  <\/p>\n<p>Link olu\u015fturma, g\u00fcn\u00fcm\u00fczde SEO\u2019nun en \u00f6nemli ve en zorlay\u0131c\u0131 y\u00f6nlerinden biri olmaya devam ediyor. Bu kritik uygulama, stratejik ve etik olarak yap\u0131ld\u0131\u011f\u0131nda organik g\u00f6r\u00fcn\u00fcrl\u00fc\u011f\u00fc \u00f6nemli \u00f6l\u00e7\u00fcde art\u0131rabilir ve web sitenizin en rekabet\u00e7i arama alanlar\u0131nda bile rekabet etmesine yard\u0131mc\u0131 olabilir.<\/p>\n<\/div><\/div><\/div><div class=\"fusion-layout-column fusion_builder_column fusion-builder-column-1 fusion_builder_column_1_2 1_2 fusion-flex-column fusion-flex-align-self-center\" style=\"--awb-bg-size:cover;--awb-width-large:50%;--awb-margin-top-large:25px;--awb-spacing-right-large:3.84%;--awb-margin-bottom-large:25px;--awb-spacing-left-large:3.84%;--awb-width-medium:50%;--awb-order-medium:0;--awb-spacing-right-medium:3.84%;--awb-spacing-left-medium:3.84%;--awb-width-small:100%;--awb-order-small:0;--awb-spacing-right-small:1.92%;--awb-margin-bottom-small:10;--awb-spacing-left-small:1.92%;\" data-scroll-devices=\"small-visibility,medium-visibility,large-visibility\"><div class=\"fusion-column-wrapper fusion-column-has-shadow fusion-flex-justify-content-center fusion-content-layout-column\"><div class=\"fusion-image-element \" style=\"text-align:center;--awb-caption-title-font-family:var(--h2_typography-font-family);--awb-caption-title-font-weight:var(--h2_typography-font-weight);--awb-caption-title-font-style:var(--h2_typography-font-style);--awb-caption-title-size:var(--h2_typography-font-size);--awb-caption-title-transform:var(--h2_typography-text-transform);--awb-caption-title-line-height:var(--h2_typography-line-height);--awb-caption-title-letter-spacing:var(--h2_typography-letter-spacing);\"><span class=\" fusion-imageframe imageframe-none imageframe-1 hover-type-none\"><img decoding=\"async\" width=\"1440\" height=\"707\" title=\"raiser-backlink-analysis\" src=\"https:\/\/raisertools.com\/wp-content\/uploads\/2026\/01\/raiser-backlink-analysis.png\" alt class=\"img-responsive wp-image-2291\" srcset=\"https:\/\/raisertools.com\/wp-content\/uploads\/2026\/01\/raiser-backlink-analysis-200x98.png 200w, https:\/\/raisertools.com\/wp-content\/uploads\/2026\/01\/raiser-backlink-analysis-400x196.png 400w, https:\/\/raisertools.com\/wp-content\/uploads\/2026\/01\/raiser-backlink-analysis-600x295.png 600w, https:\/\/raisertools.com\/wp-content\/uploads\/2026\/01\/raiser-backlink-analysis-800x393.png 800w, https:\/\/raisertools.com\/wp-content\/uploads\/2026\/01\/raiser-backlink-analysis-1200x589.png 1200w, https:\/\/raisertools.com\/wp-content\/uploads\/2026\/01\/raiser-backlink-analysis.png 1440w\" sizes=\"(max-width: 640px) 100vw, 600px\" \/><\/span><\/div><\/div><\/div><div class=\"fusion-layout-column fusion_builder_column fusion-builder-column-2 fusion_builder_column_1_2 1_2 fusion-flex-column fusion-flex-align-self-center\" style=\"--awb-padding-top-small:20px;--awb-padding-bottom-small:20px;--awb-bg-size:cover;--awb-width-large:50%;--awb-margin-top-large:25px;--awb-spacing-right-large:3.84%;--awb-margin-bottom-large:25px;--awb-spacing-left-large:3.84%;--awb-width-medium:50%;--awb-order-medium:0;--awb-spacing-right-medium:3.84%;--awb-spacing-left-medium:3.84%;--awb-width-small:100%;--awb-order-small:0;--awb-spacing-right-small:1.92%;--awb-spacing-left-small:1.92%;\" data-scroll-devices=\"small-visibility,medium-visibility,large-visibility\"><div class=\"fusion-column-wrapper fusion-column-has-shadow fusion-flex-justify-content-center fusion-content-layout-column\"><div class=\"fusion-title title fusion-title-1 fusion-sep-none fusion-title-text fusion-title-size-four\" style=\"--awb-margin-top:0px;--awb-margin-bottom:10px;\"><h4 class=\"fusion-title-heading title-heading-left\" style=\"margin:0;\">Link \u0130n\u015fas\u0131 Nedir?<\/h4><\/div><div class=\"fusion-text fusion-text-2 fusion-text-no-margin\" style=\"--awb-content-alignment:left;\"><p>Link olu\u015fturma, di\u011fer web sitelerinin sayfan\u0131za i\u015faret eden t\u0131klanabilir ba\u011flant\u0131 metni (anchor text) kullanarak i\u00e7eri\u011finize ba\u011flant\u0131 vermesini sa\u011flamakt\u0131r. Bu ba\u011flant\u0131lar, arama motorlar\u0131 taraf\u0131ndan bir g\u00fcven oyunu olarak yorumlan\u0131r ve i\u00e7eri\u011finizin de\u011ferli ve g\u00fcvenilir oldu\u011funu g\u00f6sterir. <\/p>\n<p>\u00dc\u00e7 ana backlink t\u00fcr\u00fc vard\u0131r:<\/p>\n<ul>\n<li><strong>Do\u011fal backlink&#8217;ler <\/strong>\u2013 Talep etmeden kazan\u0131l\u0131r; genellikle i\u00e7erik ger\u00e7ekten kullan\u0131\u015fl\u0131 veya payla\u015fmaya de\u011ferdir.<\/li>\n<li><strong>Manuel backlink&#8217;ler<\/strong> \u2013 Site sahipleriyle ileti\u015fime ge\u00e7erek ba\u011flant\u0131 talep edilmesiyle elde edilir (\u00f6r. misafir yazarl\u0131k, kaynak ba\u011flant\u0131 talepleri).<\/li>\n<li><strong>Kendi olu\u015fturdu\u011funuz ba\u011flant\u0131lar<\/strong> \u2013 blog yorumlar\u0131, forum profilleri veya kullan\u0131c\u0131 g\u00f6nderimli dizinler arac\u0131l\u0131\u011f\u0131yla olu\u015fturulan (d\u00fc\u015f\u00fck de\u011ferli ve k\u00f6t\u00fcye kullan\u0131ld\u0131\u011f\u0131nda y\u00fcksek riskli) ba\u011flant\u0131lar<\/li>\n<\/ul>\n<\/div><\/div><\/div><div class=\"fusion-layout-column fusion_builder_column fusion-builder-column-3 fusion_builder_column_1_2 1_2 fusion-flex-column fusion-flex-align-self-center\" style=\"--awb-padding-top-small:20px;--awb-padding-bottom-small:20px;--awb-bg-size:cover;--awb-width-large:50%;--awb-margin-top-large:25px;--awb-spacing-right-large:3.84%;--awb-margin-bottom-large:25px;--awb-spacing-left-large:3.84%;--awb-width-medium:50%;--awb-order-medium:0;--awb-spacing-right-medium:3.84%;--awb-spacing-left-medium:3.84%;--awb-width-small:100%;--awb-order-small:2;--awb-spacing-right-small:1.92%;--awb-spacing-left-small:1.92%;\" data-scroll-devices=\"small-visibility,medium-visibility,large-visibility\"><div class=\"fusion-column-wrapper fusion-column-has-shadow fusion-flex-justify-content-center fusion-content-layout-column\"><div class=\"fusion-title title fusion-title-2 fusion-sep-none fusion-title-text fusion-title-size-four\" style=\"--awb-margin-top:0px;--awb-margin-bottom:10px;\"><h4 class=\"fusion-title-heading title-heading-left\" style=\"margin:0;\">Link \u0130n\u015fas\u0131 Neden \u00d6nemli?<\/h4><\/div><div class=\"fusion-text fusion-text-3 fusion-text-no-margin\" style=\"--awb-content-alignment:left;\"><ul>\n<li><strong>S\u0131ralamalar\u0131 iyile\u015ftirir<\/strong> \u2013 Backlink&#8217;ler Google\u2019\u0131n en \u00f6nemli s\u0131ralama fakt\u00f6rlerinden biridir. Y\u00fcksek otoriteli ba\u011flant\u0131lar sayfalar\u0131n\u0131z\u0131n arama sonu\u00e7lar\u0131nda \u00fcst s\u0131ralara \u00e7\u0131kmas\u0131na yard\u0131mc\u0131 olur. <\/li>\n<li><strong>Alan otoritesini y\u00fckseltir<\/strong> \u2013 Tutarl\u0131 ve kaliteli ba\u011flant\u0131 edinimi web sitenizin genel g\u00fcvenilirli\u011fini ve otoritesini art\u0131r\u0131r.<\/li>\n<li><strong>Y\u00f6nlendirme trafi\u011fi sa\u011flar<\/strong> \u2013 Ba\u015fka bir sitedeki ba\u011flant\u0131n\u0131za t\u0131klayan ziyaret\u00e7iler, sitenizle etkile\u015fime ge\u00e7ebilir, d\u00fczenli ziyaret\u00e7iniz\/m\u00fc\u015fteriniz olabilirler.<\/li>\n<li><strong>Dizinlemeyi destekler<\/strong> \u2013 Arama motoru taray\u0131c\u0131lar\u0131, sitenizdeki yeni sayfalar\u0131 ke\u015ffetmek ve dizine eklemek i\u00e7in ba\u011flant\u0131lar\u0131 kullan\u0131r.<\/li>\n<\/ul>\n<p>Link olu\u015fturma sadece SEO ile ilgili de\u011fildir\u2014ayn\u0131 zamanda marka g\u00f6r\u00fcn\u00fcrl\u00fc\u011f\u00fcn\u00fc, ili\u015fki kurmay\u0131 ve i\u00e7erik tan\u0131t\u0131m\u0131n\u0131 da destekler.<\/p>\n<\/div><\/div><\/div><div class=\"fusion-layout-column fusion_builder_column fusion-builder-column-4 fusion_builder_column_1_2 1_2 fusion-flex-column fusion-flex-align-self-center\" style=\"--awb-bg-size:cover;--awb-width-large:50%;--awb-margin-top-large:25px;--awb-spacing-right-large:3.84%;--awb-margin-bottom-large:25px;--awb-spacing-left-large:3.84%;--awb-width-medium:50%;--awb-order-medium:0;--awb-spacing-right-medium:3.84%;--awb-spacing-left-medium:3.84%;--awb-width-small:100%;--awb-order-small:1;--awb-spacing-right-small:1.92%;--awb-margin-bottom-small:10;--awb-spacing-left-small:1.92%;\" data-scroll-devices=\"small-visibility,medium-visibility,large-visibility\"><div class=\"fusion-column-wrapper fusion-column-has-shadow fusion-flex-justify-content-center fusion-content-layout-column\"><div class=\"fusion-image-element \" style=\"text-align:center;--awb-caption-title-font-family:var(--h2_typography-font-family);--awb-caption-title-font-weight:var(--h2_typography-font-weight);--awb-caption-title-font-style:var(--h2_typography-font-style);--awb-caption-title-size:var(--h2_typography-font-size);--awb-caption-title-transform:var(--h2_typography-text-transform);--awb-caption-title-line-height:var(--h2_typography-line-height);--awb-caption-title-letter-spacing:var(--h2_typography-letter-spacing);\"><span class=\" fusion-imageframe imageframe-none imageframe-2 hover-type-none\"><img decoding=\"async\" width=\"1440\" height=\"923\" title=\"raiser-backlink-analysis-detail\" src=\"https:\/\/raisertools.com\/wp-content\/uploads\/2026\/01\/raiser-backlink-analysis-detail.png\" alt class=\"img-responsive wp-image-2293\" srcset=\"https:\/\/raisertools.com\/wp-content\/uploads\/2026\/01\/raiser-backlink-analysis-detail-200x128.png 200w, https:\/\/raisertools.com\/wp-content\/uploads\/2026\/01\/raiser-backlink-analysis-detail-400x256.png 400w, https:\/\/raisertools.com\/wp-content\/uploads\/2026\/01\/raiser-backlink-analysis-detail-600x385.png 600w, https:\/\/raisertools.com\/wp-content\/uploads\/2026\/01\/raiser-backlink-analysis-detail-800x513.png 800w, https:\/\/raisertools.com\/wp-content\/uploads\/2026\/01\/raiser-backlink-analysis-detail-1200x769.png 1200w, https:\/\/raisertools.com\/wp-content\/uploads\/2026\/01\/raiser-backlink-analysis-detail.png 1440w\" sizes=\"(max-width: 640px) 100vw, 600px\" \/><\/span><\/div><\/div><\/div><div class=\"fusion-layout-column fusion_builder_column fusion-builder-column-5 fusion_builder_column_1_1 1_1 fusion-flex-column\" style=\"--awb-bg-size:cover;--awb-width-large:100%;--awb-margin-top-large:0px;--awb-spacing-right-large:1.92%;--awb-margin-bottom-large:0px;--awb-spacing-left-large:1.92%;--awb-width-medium:100%;--awb-order-medium:0;--awb-spacing-right-medium:1.92%;--awb-spacing-left-medium:1.92%;--awb-width-small:100%;--awb-order-small:3;--awb-spacing-right-small:1.92%;--awb-spacing-left-small:1.92%;\" data-scroll-devices=\"small-visibility,medium-visibility,large-visibility\"><div class=\"fusion-column-wrapper fusion-column-has-shadow fusion-flex-justify-content-flex-start fusion-content-layout-column\"><div class=\"accordian fusion-accordian\" style=\"--awb-border-size:1px;--awb-icon-size:16px;--awb-content-font-size:var(--awb-typography4-font-size);--awb-icon-alignment:left;--awb-hover-color:var(--awb-color2);--awb-border-color:var(--awb-color3);--awb-background-color:var(--awb-color1);--awb-divider-color:var(--awb-color3);--awb-divider-hover-color:var(--awb-color3);--awb-icon-color:var(--awb-color3);--awb-title-color:var(--awb-color5);--awb-content-color:var(--awb-color5);--awb-icon-box-color:rgba(255,200,0,0);--awb-toggle-hover-accent-color:var(--awb-color5);--awb-toggle-active-accent-color:var(--awb-color5);--awb-title-font-family:var(--awb-typography1-font-family);--awb-title-font-weight:var(--awb-typography1-font-weight);--awb-title-font-style:var(--awb-typography1-font-style);--awb-title-font-size:18px;--awb-content-font-family:var(--awb-typography4-font-family);--awb-content-font-weight:var(--awb-typography4-font-weight);--awb-content-font-style:var(--awb-typography4-font-style);\"><div class=\"panel-group fusion-toggle-icon-unboxed\" id=\"accordion-1671-1\"><div class=\"fusion-panel panel-default panel-5e2086b4af2250db8 fusion-toggle-has-divider\" style=\"--awb-title-color:var(--awb-color5);\"><div class=\"panel-heading\"><h4 class=\"panel-title toggle\" id=\"toggle_5e2086b4af2250db8\"><a aria-expanded=\"false\" aria-controls=\"5e2086b4af2250db8\" role=\"button\" data-toggle=\"collapse\" data-target=\"#5e2086b4af2250db8\" href=\"#5e2086b4af2250db8\"><span class=\"fusion-toggle-icon-wrapper\" aria-hidden=\"true\"><i class=\"fa-fusion-box active-icon fa-angle-down fas\" aria-hidden=\"true\"><\/i><i class=\"fa-fusion-box inactive-icon fa-angle-right fas\" aria-hidden=\"true\"><\/i><\/span><span class=\"fusion-toggle-heading\">Etkili Link Olu\u015fturma Stratejileri<\/span><\/a><\/h4><\/div><div id=\"5e2086b4af2250db8\" class=\"panel-collapse collapse \" aria-labelledby=\"toggle_5e2086b4af2250db8\"><div class=\"panel-body toggle-content fusion-clearfix\">\n<p>Link olu\u015fturmay\u0131 do\u011fru \u015fekilde yapman\u0131n yollar\u0131 \u015funlard\u0131r:<\/p>\n<ol>\n<li><strong> Ba\u011flant\u0131 almaya de\u011fer i\u00e7erikler olu\u015fturun<\/strong><\/li>\n<\/ol>\n<p>Ba\u015far\u0131l\u0131 link olu\u015fturman\u0131n en sa\u011fl\u0131kl\u0131 yolu kaliteli i\u00e7erikten ge\u00e7er. Do\u011fal yollarla ba\u011flant\u0131 kazanmak i\u00e7in odaklanman\u0131z gerekenler \u015funlard\u0131r: <\/p>\n<ul>\n<li>\u00d6zg\u00fcn ara\u015ft\u0131rma veya veriler<\/li>\n<li>Derinlemesine rehberler ve \u00f6\u011fretici i\u00e7erikler<\/li>\n<li>Etkile\u015fimli ara\u00e7lar veya hesaplama uygulamalar\u0131<\/li>\n<li>Bilgilendirici grafikler ve diyagramlar gibi g\u00f6rsel i\u00e7erikler<\/li>\n<li>D\u00fc\u015f\u00fcnce liderli\u011fi makaleleri ve vaka incelemeleri<\/li>\n<\/ul>\n<p>\u0130\u00e7eri\u011finiz ne kadar faydal\u0131, \u00f6zg\u00fcn veya ilgin\u00e7 olursa, ba\u011flant\u0131 alma ihtimali o kadar y\u00fcksek olur.<\/p>\n<ol start=\"2\">\n<li><strong> Konuk Yazarl\u0131k<\/strong><\/li>\n<\/ol>\n<p>Sekt\u00f6r\u00fcn\u00fczdeki sayg\u0131n web siteleri i\u00e7in y\u00fcksek kaliteli makaleler yaz\u0131n. Bu size \u015funlar\u0131 sa\u011flar: <\/p>\n<ul>\n<li>Uzmanl\u0131\u011f\u0131n\u0131z\u0131 payla\u015f\u0131n<\/li>\n<li>Yazar biyografinizde veya i\u00e7erik i\u00e7inde ba\u011flamsal geri ba\u011flant\u0131lar kazan\u0131n<\/li>\n<li>Yeni kitlelere ula\u015f\u0131n ve g\u00fcvenilirlik kazan\u0131n<\/li>\n<\/ul>\n<p>\u0130lgili, editoryal olarak \u00f6zenle se\u00e7ilmi\u015f sitelerde misafir yaz\u0131s\u0131 yay\u0131nlay\u0131n. Spam i\u00e7erikli veya d\u00fc\u015f\u00fck kaliteli blog a\u011flar\u0131ndan ka\u00e7\u0131n\u0131n. <\/p>\n<ol start=\"3\">\n<li><strong> Bozuk Ba\u011flant\u0131 Olu\u015fturma<\/strong><\/li>\n<\/ol>\n<p>Di\u011fer web sitelerindeki <strong>bozuk ba\u011flant\u0131lar\u0131<\/strong> bulun ve yerlerine kendi i\u00e7eri\u011finizi \u00f6nerin.<\/p>\n<p>Bozuk ba\u011flant\u0131lar\u0131 bulduktan sonra orijinal linke uygun i\u00e7erik olu\u015fturabilir ve ilgili sitenin web y\u00f6neticisine uygun bir mesajla ula\u015f\u0131p bozuk ba\u011flant\u0131n\u0131n yerine i\u00e7eri\u011finize ba\u011flant\u0131 verilmesini teklif edebilirsiniz.<\/p>\n<p>Bu, site sahiplerinin sayfalar\u0131n\u0131 temizlemelerine yard\u0131mc\u0131 olurken size de bir ba\u011flant\u0131 kazand\u0131ran kar\u015f\u0131l\u0131kl\u0131 fayda sa\u011flayan bir yakla\u015f\u0131md\u0131r.<\/p>\n<ol start=\"4\">\n<li><strong> Kaynak Sayfas\u0131 \u0130leti\u015fimi<\/strong><\/li>\n<\/ol>\n<p>Bir\u00e7ok site kaynak listeleri haz\u0131rlar (\u00f6rrne\u011fin \u201c<em>En \u0130yi Pazarlama Ara\u00e7lar\u0131<\/em>\u201d veya \u201c<em>En \u0130yi Web Geli\u015ftirme E\u011fitimleri<\/em>\u201d).<\/p>\n<ul>\n<li>Ni\u015finizdeki ilgili kaynak sayfalar\u0131n\u0131 belirleyin.<\/li>\n<li>\u0130\u00e7eri\u011finizi veya arac\u0131n\u0131z\u0131 faydal\u0131 bir ekleme olarak \u00f6nerin.<\/li>\n<li>Teklifinizi yaln\u0131zca tan\u0131t\u0131ma odaklamay\u0131n, de\u011fer sunmaya \u00f6zen g\u00f6sterin.<\/li>\n<\/ul>\n<p>\u0130\u00e7eri\u011finiz ne kadar hedefe y\u00f6nelik ve faydal\u0131 olursa, ba\u015far\u0131 oran\u0131 o kadar y\u00fcksek olur.<\/p>\n<ol start=\"5\">\n<li><strong> Dijital PR ve ba\u011flant\u0131 al\u0131nabilir varl\u0131klar<\/strong><\/li>\n<\/ol>\n<p>Veri \u00e7al\u0131\u015fmalar\u0131, anketler veya uzman g\u00f6r\u00fc\u015fleri gibi i\u00e7erikleri kullanarak gazetecilerden, blog yazarlar\u0131ndan ve influencer\u2019lardan medya kapsam\u0131 elde edin.<\/p>\n<ul>\n<li>G\u00fcvenilir platformlara bas\u0131n b\u00fcltenleri g\u00f6nderin.<\/li>\n<li>Muhabirler ve edit\u00f6rlerle ili\u015fkiler kurun.<\/li>\n<li>Markalardan bahsedilen i\u00e7erikleri izleyin ve ba\u011flant\u0131 vermeden bahsedilen yerleri geri ba\u011flant\u0131lara d\u00f6n\u00fc\u015ft\u00fcr\u00fcn.<\/li>\n<\/ul>\n<p>\u0130yi y\u00fcr\u00fct\u00fclen dijital PR, medya kurulu\u015flar\u0131ndan ve bloglardan y\u00fcksek otoriteli ba\u011flant\u0131lar elde etmenizi sa\u011flayabilir.<\/p>\n<\/div><\/div><\/div><div class=\"fusion-panel panel-default panel-b41d36044ed5833a8 fusion-toggle-has-divider\" style=\"--awb-title-color:var(--awb-color5);\"><div class=\"panel-heading\"><h4 class=\"panel-title toggle\" id=\"toggle_b41d36044ed5833a8\"><a aria-expanded=\"false\" aria-controls=\"b41d36044ed5833a8\" role=\"button\" data-toggle=\"collapse\" data-target=\"#b41d36044ed5833a8\" href=\"#b41d36044ed5833a8\"><span class=\"fusion-toggle-icon-wrapper\" aria-hidden=\"true\"><i class=\"fa-fusion-box active-icon fa-angle-down fas\" aria-hidden=\"true\"><\/i><i class=\"fa-fusion-box inactive-icon fa-angle-right fas\" aria-hidden=\"true\"><\/i><\/span><span class=\"fusion-toggle-heading\">Ba\u011flant\u0131 Kalitesi vs. Say\u0131s\u0131<\/span><\/a><\/h4><\/div><div id=\"b41d36044ed5833a8\" class=\"panel-collapse collapse \" aria-labelledby=\"toggle_b41d36044ed5833a8\"><div class=\"panel-body toggle-content fusion-clearfix\">\n<p>T\u00fcm geri ba\u011flant\u0131lar e\u015fit de\u011ferde de\u011fildir. Konu ile alakal\u0131 ve y\u00fcksek otoriteli bir web sitesinden gelen tek bir ba\u011flant\u0131, d\u00fc\u015f\u00fck kaliteli veya alakas\u0131z kaynaklardan gelen onlarcas\u0131ndan daha de\u011ferlidir. <\/p>\n<p><strong>G\u00fc\u00e7l\u00fc bir geri ba\u011flant\u0131n\u0131n \u00f6zellikleri:<\/strong><\/p>\n<ul>\n<li>Y\u00fcksek otoriteli bir alan ad\u0131ndan gelir.<\/li>\n<li>Kayna\u011f\u0131 ger\u00e7ekten trafi\u011fi olan bir sitedir.<\/li>\n<li>Ni\u015finizle veya konunuzla al\u00e2kal\u0131 olur.<\/li>\n<li>A\u00e7\u0131klay\u0131c\u0131 ba\u011flant\u0131 metni kullan\u0131r.<\/li>\n<li>Editoryal olarak yerle\u015ftirilmi\u015f olur; sat\u0131n al\u0131nm\u0131\u015f veya otomatik olmaz.<\/li>\n<\/ul>\n<p>Arama motorlar\u0131ndan ceza alman\u0131za yol a\u00e7abilecek ba\u011flant\u0131 \u015femalar\u0131na kat\u0131lmaktan ka\u00e7\u0131n\u0131n.<\/p>\n<\/div><\/div><\/div><div class=\"fusion-panel panel-default panel-a29e67592087c8c78 fusion-toggle-has-divider\" style=\"--awb-title-color:var(--awb-color5);\"><div class=\"panel-heading\"><h4 class=\"panel-title toggle\" id=\"toggle_a29e67592087c8c78\"><a aria-expanded=\"false\" aria-controls=\"a29e67592087c8c78\" role=\"button\" data-toggle=\"collapse\" data-target=\"#a29e67592087c8c78\" href=\"#a29e67592087c8c78\"><span class=\"fusion-toggle-icon-wrapper\" aria-hidden=\"true\"><i class=\"fa-fusion-box active-icon fa-angle-down fas\" aria-hidden=\"true\"><\/i><i class=\"fa-fusion-box inactive-icon fa-angle-right fas\" aria-hidden=\"true\"><\/i><\/span><span class=\"fusion-toggle-heading\">Link Olu\u015fturmada Ka\u00e7\u0131n\u0131lmas\u0131 Gereken Yayg\u0131n Hatalar<\/span><\/a><\/h4><\/div><div id=\"a29e67592087c8c78\" class=\"panel-collapse collapse \" aria-labelledby=\"toggle_a29e67592087c8c78\"><div class=\"panel-body toggle-content fusion-clearfix\">\n<ul>\n<li><strong>Tam e\u015fle\u015fen ba\u011flant\u0131 metnini a\u015f\u0131r\u0131 kullanmak<\/strong> \u2013 Ba\u011flant\u0131 metninizi do\u011fal \u015fekilde \u00e7e\u015fitlendirin.<\/li>\n<li><strong>D\u00fc\u015f\u00fck kaliteli \u00e7ok say\u0131da ba\u011flant\u0131 olu\u015fturmak<\/strong> \u2013 Miktar yerine kaliteye odaklan\u0131n.<\/li>\n<li><strong>Alaka d\u00fczeyini g\u00f6z ard\u0131 etmek<\/strong> \u2013 Alakas\u0131z sitelerden gelen ba\u011flant\u0131lar daha az de\u011fer ta\u015f\u0131r.<\/li>\n<li><strong>Otomasyona veya kara \u015fapka taktiklere g\u00fcvenmek<\/strong> \u2013 Bu, s\u0131ralama d\u00fc\u015f\u00fc\u015flerine veya dizinden \u00e7\u0131kar\u0131lmaya yol a\u00e7abilir.<\/li>\n<li><strong>Geri ba\u011flant\u0131lar\u0131 izlememek<\/strong> \u2013 Ba\u011flant\u0131 profilinizi takip edin ve zararl\u0131 ba\u011flant\u0131lar\u0131 tespit etti\u011finizde reddedin.<\/li>\n<\/ul>\n<\/div><\/div><\/div><\/div><\/div><\/div><\/div><\/div><\/div>\n","protected":false},"excerpt":{"rendered":"","protected":false},"author":1,"featured_media":0,"parent":0,"menu_order":0,"comment_status":"closed","ping_status":"closed","template":"100-width.php","meta":{"_acf_changed":false,"footnotes":""},"class_list":["post-1671","page","type-page","status-publish","hentry"],"acf":[],"_links":{"self":[{"href":"https:\/\/raisertools.com\/tr\/wp-json\/wp\/v2\/pages\/1671","targetHints":{"allow":["GET"]}}],"collection":[{"href":"https:\/\/raisertools.com\/tr\/wp-json\/wp\/v2\/pages"}],"about":[{"href":"https:\/\/raisertools.com\/tr\/wp-json\/wp\/v2\/types\/page"}],"author":[{"embeddable":true,"href":"https:\/\/raisertools.com\/tr\/wp-json\/wp\/v2\/users\/1"}],"replies":[{"embeddable":true,"href":"https:\/\/raisertools.com\/tr\/wp-json\/wp\/v2\/comments?post=1671"}],"version-history":[{"count":8,"href":"https:\/\/raisertools.com\/tr\/wp-json\/wp\/v2\/pages\/1671\/revisions"}],"predecessor-version":[{"id":2381,"href":"https:\/\/raisertools.com\/tr\/wp-json\/wp\/v2\/pages\/1671\/revisions\/2381"}],"wp:attachment":[{"href":"https:\/\/raisertools.com\/tr\/wp-json\/wp\/v2\/media?parent=1671"}],"curies":[{"name":"wp","href":"https:\/\/api.w.org\/{rel}","templated":true}]}}