{"id":1668,"date":"2025-05-08T14:18:44","date_gmt":"2025-05-08T14:18:44","guid":{"rendered":"https:\/\/raisertools.com\/konuk-yazarlik\/"},"modified":"2026-01-29T15:06:33","modified_gmt":"2026-01-29T15:06:33","slug":"konuk-yazarlik","status":"publish","type":"page","link":"https:\/\/raisertools.com\/tr\/konuk-yazarlik\/","title":{"rendered":"Konuk Yazarl\u0131k"},"content":{"rendered":"<div class=\"fusion-fullwidth fullwidth-box fusion-builder-row-1 fusion-flex-container has-pattern-background has-mask-background nonhundred-percent-fullwidth non-hundred-percent-height-scrolling\" style=\"--awb-border-radius-top-left:0px;--awb-border-radius-top-right:0px;--awb-border-radius-bottom-right:0px;--awb-border-radius-bottom-left:0px;--awb-padding-top:20px;--awb-padding-right:0px;--awb-padding-bottom:60px;--awb-padding-left:0px;--awb-flex-wrap:wrap;\" ><div class=\"fusion-builder-row fusion-row fusion-flex-align-items-center fusion-flex-content-wrap\" style=\"max-width:1248px;margin-left: calc(-4% \/ 2 );margin-right: calc(-4% \/ 2 );\"><div class=\"fusion-layout-column fusion_builder_column fusion-builder-column-0 fusion_builder_column_1_1 1_1 fusion-flex-column\" style=\"--awb-bg-size:cover;--awb-width-large:100%;--awb-margin-top-large:0px;--awb-spacing-right-large:1.92%;--awb-margin-bottom-large:0px;--awb-spacing-left-large:1.92%;--awb-width-medium:100%;--awb-order-medium:0;--awb-spacing-right-medium:1.92%;--awb-spacing-left-medium:1.92%;--awb-width-small:100%;--awb-order-small:0;--awb-spacing-right-small:1.92%;--awb-margin-bottom-small:20px;--awb-spacing-left-small:1.92%;\" data-scroll-devices=\"small-visibility,medium-visibility,large-visibility\"><div class=\"fusion-column-wrapper fusion-column-has-shadow fusion-flex-justify-content-flex-start fusion-content-layout-column\"><div class=\"fusion-text fusion-text-1\" style=\"--awb-text-transform:var(--awb-typography4-text-transform);--awb-text-color:var(--awb-color5);\"><p>Konuk yazarl\u0131k; eri\u015fiminizi geni\u015fletmek, geri ba\u011flant\u0131lar olu\u015fturmak ve kendinizi ya da markan\u0131z\u0131 g\u00fcvenilir bir otorite olarak konumland\u0131rmak i\u00e7in en etkili i\u00e7erik pazarlamas\u0131 stratejilerinden biridir.<br \/>Do\u011fru yap\u0131ld\u0131\u011f\u0131nda konuk yazarl\u0131k, hem yazar hem de ev sahibi site i\u00e7in fayda sa\u011flar: Misafir yazar de\u011ferli i\u00e7erik sunarken, kar\u015f\u0131l\u0131\u011f\u0131nda g\u00f6r\u00fcn\u00fcrl\u00fck ve SEO de\u011feri kazan\u0131r. <\/p>\n<p>Bu rehberde, konuk yazarl\u0131k hakk\u0131nda merak ettiklerinizi bulabilir, yaparken nelere dikkat etmeniz gerekti\u011fini \u00f6\u011frenebilirsiniz.<\/p>\n<\/div><\/div><\/div><div class=\"fusion-layout-column fusion_builder_column fusion-builder-column-1 fusion_builder_column_1_2 1_2 fusion-flex-column fusion-flex-align-self-center\" style=\"--awb-bg-size:cover;--awb-width-large:50%;--awb-margin-top-large:25px;--awb-spacing-right-large:3.84%;--awb-margin-bottom-large:25px;--awb-spacing-left-large:3.84%;--awb-width-medium:50%;--awb-order-medium:0;--awb-spacing-right-medium:3.84%;--awb-spacing-left-medium:3.84%;--awb-width-small:100%;--awb-order-small:0;--awb-spacing-right-small:1.92%;--awb-margin-bottom-small:10;--awb-spacing-left-small:1.92%;\" data-scroll-devices=\"small-visibility,medium-visibility,large-visibility\"><div class=\"fusion-column-wrapper fusion-column-has-shadow fusion-flex-justify-content-center fusion-content-layout-column\"><div class=\"fusion-image-element \" style=\"text-align:center;--awb-caption-title-font-family:var(--h2_typography-font-family);--awb-caption-title-font-weight:var(--h2_typography-font-weight);--awb-caption-title-font-style:var(--h2_typography-font-style);--awb-caption-title-size:var(--h2_typography-font-size);--awb-caption-title-transform:var(--h2_typography-text-transform);--awb-caption-title-line-height:var(--h2_typography-line-height);--awb-caption-title-letter-spacing:var(--h2_typography-letter-spacing);\"><span class=\" fusion-imageframe imageframe-none imageframe-1 hover-type-none\"><img decoding=\"async\" width=\"1440\" height=\"707\" title=\"raiser-backlink-analysis\" src=\"https:\/\/raisertools.com\/wp-content\/uploads\/2026\/01\/raiser-backlink-analysis.png\" alt class=\"img-responsive wp-image-2291\" srcset=\"https:\/\/raisertools.com\/wp-content\/uploads\/2026\/01\/raiser-backlink-analysis-200x98.png 200w, https:\/\/raisertools.com\/wp-content\/uploads\/2026\/01\/raiser-backlink-analysis-400x196.png 400w, https:\/\/raisertools.com\/wp-content\/uploads\/2026\/01\/raiser-backlink-analysis-600x295.png 600w, https:\/\/raisertools.com\/wp-content\/uploads\/2026\/01\/raiser-backlink-analysis-800x393.png 800w, https:\/\/raisertools.com\/wp-content\/uploads\/2026\/01\/raiser-backlink-analysis-1200x589.png 1200w, https:\/\/raisertools.com\/wp-content\/uploads\/2026\/01\/raiser-backlink-analysis.png 1440w\" sizes=\"(max-width: 640px) 100vw, 600px\" \/><\/span><\/div><\/div><\/div><div class=\"fusion-layout-column fusion_builder_column fusion-builder-column-2 fusion_builder_column_1_2 1_2 fusion-flex-column fusion-flex-align-self-center\" style=\"--awb-padding-top-small:20px;--awb-padding-bottom-small:20px;--awb-bg-size:cover;--awb-width-large:50%;--awb-margin-top-large:25px;--awb-spacing-right-large:3.84%;--awb-margin-bottom-large:25px;--awb-spacing-left-large:3.84%;--awb-width-medium:50%;--awb-order-medium:0;--awb-spacing-right-medium:3.84%;--awb-spacing-left-medium:3.84%;--awb-width-small:100%;--awb-order-small:0;--awb-spacing-right-small:1.92%;--awb-spacing-left-small:1.92%;\" data-scroll-devices=\"small-visibility,medium-visibility,large-visibility\"><div class=\"fusion-column-wrapper fusion-column-has-shadow fusion-flex-justify-content-center fusion-content-layout-column\"><div class=\"fusion-title title fusion-title-1 fusion-sep-none fusion-title-text fusion-title-size-four\" style=\"--awb-margin-top:0px;--awb-margin-bottom:10px;\"><h4 class=\"fusion-title-heading title-heading-left\" style=\"margin:0;\">Konuk Yazarl\u0131k Nedir?<\/h4><\/div><div class=\"fusion-text fusion-text-2 fusion-text-no-margin\" style=\"--awb-content-alignment:left;\"><p>Misafir yazarl\u0131k (di\u011fer ad\u0131yla misafir blog yazarl\u0131\u011f\u0131), size ait olmayan ba\u015fka bir web sitesi i\u00e7in makale yazman\u0131z anlam\u0131na gelir. Bunun kar\u015f\u0131l\u0131\u011f\u0131nda ise genellikle \u015funlar\u0131 al\u0131rs\u0131n\u0131z: <\/p>\n<ul>\n<li>Sizi veya markan\u0131z\u0131 tan\u0131tan bir yazar k\u00fcnyesi ya da yazar biyografisi<\/li>\n<li>Web sitenize y\u00f6nlendiren bir veya daha fazla geri ba\u011flant\u0131 (<strong>backlink<\/strong>)<\/li>\n<li>Hedef kitlenizle \u00f6rt\u00fc\u015fen yeni bir kitleye g\u00f6r\u00fcn\u00fcrl\u00fck sa\u011flama<\/li>\n<\/ul>\n<p>Misafir yaz\u0131lar \u00f6zg\u00fcn, iyi yaz\u0131lm\u0131\u015f ve ev sahibi sitenin tarz\u0131 ile kitlesine uygun olmal\u0131d\u0131r. Bu yaz\u0131lar kendini tan\u0131tma amac\u0131 ta\u015f\u0131maz; \u00f6ncelikle de\u011fer sunmaya odaklanmal\u0131d\u0131r.<\/p>\n<\/div><\/div><\/div><div class=\"fusion-layout-column fusion_builder_column fusion-builder-column-3 fusion_builder_column_1_2 1_2 fusion-flex-column fusion-flex-align-self-center\" style=\"--awb-padding-top-small:20px;--awb-padding-bottom-small:20px;--awb-bg-size:cover;--awb-width-large:50%;--awb-margin-top-large:25px;--awb-spacing-right-large:3.84%;--awb-margin-bottom-large:25px;--awb-spacing-left-large:3.84%;--awb-width-medium:50%;--awb-order-medium:0;--awb-spacing-right-medium:3.84%;--awb-spacing-left-medium:3.84%;--awb-width-small:100%;--awb-order-small:2;--awb-spacing-right-small:1.92%;--awb-spacing-left-small:1.92%;\" data-scroll-devices=\"small-visibility,medium-visibility,large-visibility\"><div class=\"fusion-column-wrapper fusion-column-has-shadow fusion-flex-justify-content-center fusion-content-layout-column\"><div class=\"fusion-title title fusion-title-2 fusion-sep-none fusion-title-text fusion-title-size-four\" style=\"--awb-margin-top:0px;--awb-margin-bottom:10px;\"><h4 class=\"fusion-title-heading title-heading-left\" style=\"margin:0;\">Konuk Yazarl\u0131k Neden \u00d6nemli?<\/h4><\/div><div class=\"fusion-text fusion-text-3 fusion-text-no-margin\" style=\"--awb-content-alignment:left;\"><p><strong>Y\u00fcksek kaliteli backlink&#8217;ler kazand\u0131r\u0131r:<\/strong> Sayg\u0131n sitelerden gelen backlink&#8217;ler, sitenizin alan ad\u0131 otoritesini ve arama motoru s\u0131ralamalar\u0131n\u0131 iyile\u015ftirmeye yard\u0131mc\u0131 olur.<br \/>\n<strong>Kitlenizi geni\u015fletir:<\/strong> Ev sahibi sitenin okuyucu kitlesine eri\u015fim sa\u011flars\u0131n\u0131z; bu kitlenin \u00e7o\u011fu markan\u0131z\u0131\/sitenizi hen\u00fcz bilmiyor olabilir.<br \/>\n<strong>G\u00fcvenilirlik olu\u015fturur:<\/strong> Sayg\u0131n sitelerde yer almak, kendi alan\u0131n\u0131zda uzman biri olarak itibar\u0131n\u0131z\u0131 g\u00fc\u00e7lendirir.<br \/>\n<strong>Hedefli trafik sa\u011flar: <\/strong>Konunuza ger\u00e7ekten ilgi duyan okuyucular\u0131n sitenizi ziyaret etme ve i\u00e7eriklerinizle ya da sundu\u011funuz hizmetlerle etkile\u015fime ge\u00e7me olas\u0131l\u0131\u011f\u0131 daha y\u00fcksektir.<br \/>\n<strong>Networking:<\/strong> Kendi alan\u0131n\u0131zdaki edit\u00f6rler, blog yazarlar\u0131 ve markalarla i\u015f birli\u011fi yapmak, ortakl\u0131klar ve yeni f\u0131rsatlar\u0131n \u00f6n\u00fcn\u00fc a\u00e7abilir.<\/p>\n<\/div><\/div><\/div><div class=\"fusion-layout-column fusion_builder_column fusion-builder-column-4 fusion_builder_column_1_2 1_2 fusion-flex-column fusion-flex-align-self-center\" style=\"--awb-bg-size:cover;--awb-width-large:50%;--awb-margin-top-large:25px;--awb-spacing-right-large:3.84%;--awb-margin-bottom-large:25px;--awb-spacing-left-large:3.84%;--awb-width-medium:50%;--awb-order-medium:0;--awb-spacing-right-medium:3.84%;--awb-spacing-left-medium:3.84%;--awb-width-small:100%;--awb-order-small:1;--awb-spacing-right-small:1.92%;--awb-margin-bottom-small:10;--awb-spacing-left-small:1.92%;\" data-scroll-devices=\"small-visibility,medium-visibility,large-visibility\"><div class=\"fusion-column-wrapper fusion-column-has-shadow fusion-flex-justify-content-center fusion-content-layout-column\"><div class=\"fusion-image-element \" style=\"text-align:center;--awb-caption-title-font-family:var(--h2_typography-font-family);--awb-caption-title-font-weight:var(--h2_typography-font-weight);--awb-caption-title-font-style:var(--h2_typography-font-style);--awb-caption-title-size:var(--h2_typography-font-size);--awb-caption-title-transform:var(--h2_typography-text-transform);--awb-caption-title-line-height:var(--h2_typography-line-height);--awb-caption-title-letter-spacing:var(--h2_typography-letter-spacing);\"><span class=\" fusion-imageframe imageframe-none imageframe-2 hover-type-none\"><img decoding=\"async\" width=\"1440\" height=\"923\" title=\"raiser-backlink-analysis-detail\" src=\"https:\/\/raisertools.com\/wp-content\/uploads\/2026\/01\/raiser-backlink-analysis-detail.png\" alt class=\"img-responsive wp-image-2293\" srcset=\"https:\/\/raisertools.com\/wp-content\/uploads\/2026\/01\/raiser-backlink-analysis-detail-200x128.png 200w, https:\/\/raisertools.com\/wp-content\/uploads\/2026\/01\/raiser-backlink-analysis-detail-400x256.png 400w, https:\/\/raisertools.com\/wp-content\/uploads\/2026\/01\/raiser-backlink-analysis-detail-600x385.png 600w, https:\/\/raisertools.com\/wp-content\/uploads\/2026\/01\/raiser-backlink-analysis-detail-800x513.png 800w, https:\/\/raisertools.com\/wp-content\/uploads\/2026\/01\/raiser-backlink-analysis-detail-1200x769.png 1200w, https:\/\/raisertools.com\/wp-content\/uploads\/2026\/01\/raiser-backlink-analysis-detail.png 1440w\" sizes=\"(max-width: 640px) 100vw, 600px\" \/><\/span><\/div><\/div><\/div><div class=\"fusion-layout-column fusion_builder_column fusion-builder-column-5 fusion_builder_column_1_1 1_1 fusion-flex-column\" style=\"--awb-bg-size:cover;--awb-width-large:100%;--awb-margin-top-large:0px;--awb-spacing-right-large:1.92%;--awb-margin-bottom-large:0px;--awb-spacing-left-large:1.92%;--awb-width-medium:100%;--awb-order-medium:0;--awb-spacing-right-medium:1.92%;--awb-spacing-left-medium:1.92%;--awb-width-small:100%;--awb-order-small:3;--awb-spacing-right-small:1.92%;--awb-spacing-left-small:1.92%;\" data-scroll-devices=\"small-visibility,medium-visibility,large-visibility\"><div class=\"fusion-column-wrapper fusion-column-has-shadow fusion-flex-justify-content-flex-start fusion-content-layout-column\"><div class=\"accordian fusion-accordian\" style=\"--awb-border-size:1px;--awb-icon-size:16px;--awb-content-font-size:var(--awb-typography4-font-size);--awb-icon-alignment:left;--awb-hover-color:var(--awb-color2);--awb-border-color:var(--awb-color3);--awb-background-color:var(--awb-color1);--awb-divider-color:var(--awb-color3);--awb-divider-hover-color:var(--awb-color3);--awb-icon-color:var(--awb-color3);--awb-title-color:var(--awb-color5);--awb-content-color:var(--awb-color5);--awb-icon-box-color:rgba(255,200,0,0);--awb-toggle-hover-accent-color:var(--awb-color5);--awb-toggle-active-accent-color:var(--awb-color5);--awb-title-font-family:var(--awb-typography1-font-family);--awb-title-font-weight:var(--awb-typography1-font-weight);--awb-title-font-style:var(--awb-typography1-font-style);--awb-title-font-size:18px;--awb-content-font-family:var(--awb-typography4-font-family);--awb-content-font-weight:var(--awb-typography4-font-weight);--awb-content-font-style:var(--awb-typography4-font-style);\"><div class=\"panel-group fusion-toggle-icon-unboxed\" id=\"accordion-1668-1\"><div class=\"fusion-panel panel-default panel-c1f6924d3d730cef2 fusion-toggle-has-divider\" style=\"--awb-title-color:var(--awb-color5);\"><div class=\"panel-heading\"><h4 class=\"panel-title toggle\" id=\"toggle_c1f6924d3d730cef2\"><a aria-expanded=\"false\" aria-controls=\"c1f6924d3d730cef2\" role=\"button\" data-toggle=\"collapse\" data-target=\"#c1f6924d3d730cef2\" href=\"#c1f6924d3d730cef2\"><span class=\"fusion-toggle-icon-wrapper\" aria-hidden=\"true\"><i class=\"fa-fusion-box active-icon fa-angle-down fas\" aria-hidden=\"true\"><\/i><i class=\"fa-fusion-box inactive-icon fa-angle-right fas\" aria-hidden=\"true\"><\/i><\/span><span class=\"fusion-toggle-heading\">Misafir Yazarl\u0131k F\u0131rsatlar\u0131 Nas\u0131l Bulunur?<\/span><\/a><\/h4><\/div><div id=\"c1f6924d3d730cef2\" class=\"panel-collapse collapse \" aria-labelledby=\"toggle_c1f6924d3d730cef2\"><div class=\"panel-body toggle-content fusion-clearfix\">\n<p>Misafir yazarl\u0131ktan fayda sa\u011flamak i\u00e7in do\u011fru platformlar\u0131 se\u00e7meniz gerekir. \u015eu \u00f6zelliklere sahip web sitelerine \u00f6ncelik verin: <\/p>\n<ul>\n<li>Alan\u0131n\u0131za veya hedef kitlenize uygun<\/li>\n<li>Aktif ve d\u00fczenli olarak g\u00fcncellenen<\/li>\n<li>Sayg\u0131n, ger\u00e7ek etkile\u015fimlere sahip (yorumlar, payla\u015f\u0131mlar, geri ba\u011flant\u0131lar)<\/li>\n<li>Katk\u0131lara a\u00e7\u0131k (\u00f6rne\u011fin \u201cBizim \u0130\u00e7in Yaz\u0131n\u201d veya \u201cMisafir Yazarl\u0131k\u201d sayfalar\u0131n\u0131n olup olmad\u0131\u011f\u0131n\u0131 kontrol edin)<\/li>\n<\/ul>\n<p>Google\u2019da kullanabilece\u011finiz arama sorgular\u0131:<\/p>\n<ul>\n<li>[<em>ilgilendi\u011finiz konu<\/em>] + \u201cbizim i\u00e7in yaz\u0131n\u201d<\/li>\n<li>[<em>sekt\u00f6r\u00fcn\u00fcz<\/em>] + \u201cmisafir yaz\u0131 kurallar\u0131\u201d<\/li>\n<li>[<em>alan\u0131n\u0131z<\/em>] + \u201cmakale g\u00f6nder\u201d<\/li>\n<\/ul>\n<\/div><\/div><\/div><div class=\"fusion-panel panel-default panel-576f415376242fd03 fusion-toggle-has-divider\" style=\"--awb-title-color:var(--awb-color5);\"><div class=\"panel-heading\"><h4 class=\"panel-title toggle\" id=\"toggle_576f415376242fd03\"><a aria-expanded=\"false\" aria-controls=\"576f415376242fd03\" role=\"button\" data-toggle=\"collapse\" data-target=\"#576f415376242fd03\" href=\"#576f415376242fd03\"><span class=\"fusion-toggle-icon-wrapper\" aria-hidden=\"true\"><i class=\"fa-fusion-box active-icon fa-angle-down fas\" aria-hidden=\"true\"><\/i><i class=\"fa-fusion-box inactive-icon fa-angle-right fas\" aria-hidden=\"true\"><\/i><\/span><span class=\"fusion-toggle-heading\">Misafir Yaz\u0131 Teklifi Nas\u0131l Sunulur?<\/span><\/a><\/h4><\/div><div id=\"576f415376242fd03\" class=\"panel-collapse collapse \" aria-labelledby=\"toggle_576f415376242fd03\"><div class=\"panel-body toggle-content fusion-clearfix\">\n<p>Misafir yaz\u0131lar\u0131 kabul eden bir site buldu\u011funuzda, teklifinizin \u00f6zenle haz\u0131rlanm\u0131\u015f ve profesyonel olmas\u0131 gerekir.<\/p>\n<p>Misafir yaz\u0131 teklifi sunarken dikkat edilmesi gerekenler:<\/p>\n<ul>\n<li>Y\u00f6nergelerini dikkatlice okuyun ve eksiksiz \u015fekilde uygulay\u0131n.<\/li>\n<li>E-postan\u0131z\u0131 ki\u015fiselle\u015ftirin\u2014edit\u00f6re veya site sahibine ismiyle hitap edin.<\/li>\n<li>Hedef kitlelerine uygun, \u00f6zg\u00fcn ve alakal\u0131 2\u20133 konu \u00f6nerisi sunun.<\/li>\n<li>Daha \u00f6nce yazd\u0131\u011f\u0131n\u0131z \u00e7al\u0131\u015fmalardan \u00f6rnekler veya ba\u011flant\u0131lar ekleyin.<\/li>\n<li>K\u0131saca kendinizi tan\u0131t\u0131n ve katk\u0131n\u0131z\u0131n okuyucular\u0131na neden fayda sa\u011flayaca\u011f\u0131n\u0131 a\u00e7\u0131klay\u0131n.<\/li>\n<\/ul>\n<p>Teklifinizi k\u0131sa, sayg\u0131l\u0131 ve sundu\u011funuz de\u011fere odakl\u0131 tutun\u2014yaln\u0131zca sizin elde etmek istediklerinize de\u011fil.<\/p>\n<\/div><\/div><\/div><div class=\"fusion-panel panel-default panel-112e5b2ae7d71b94c fusion-toggle-has-divider\" style=\"--awb-title-color:var(--awb-color5);\"><div class=\"panel-heading\"><h4 class=\"panel-title toggle\" id=\"toggle_112e5b2ae7d71b94c\"><a aria-expanded=\"false\" aria-controls=\"112e5b2ae7d71b94c\" role=\"button\" data-toggle=\"collapse\" data-target=\"#112e5b2ae7d71b94c\" href=\"#112e5b2ae7d71b94c\"><span class=\"fusion-toggle-icon-wrapper\" aria-hidden=\"true\"><i class=\"fa-fusion-box active-icon fa-angle-down fas\" aria-hidden=\"true\"><\/i><i class=\"fa-fusion-box inactive-icon fa-angle-right fas\" aria-hidden=\"true\"><\/i><\/span><span class=\"fusion-toggle-heading\">Misafir Yaz\u0131 Yazarken \u0130\u015finize Yarayacak \u0130pu\u00e7lar\u0131<\/span><\/a><\/h4><\/div><div id=\"112e5b2ae7d71b94c\" class=\"panel-collapse collapse \" aria-labelledby=\"toggle_112e5b2ae7d71b94c\"><div class=\"panel-body toggle-content fusion-clearfix\">\n<p>Misafir yaz\u0131s\u0131n\u0131 etkili bir \u015fekilde nas\u0131l yazaca\u011f\u0131n\u0131z\u0131 m\u0131 merak ediyorsunuz? \u0130\u015fte i\u015finize yarayacak ipu\u00e7lar\u0131: <\/p>\n<ul>\n<li><strong>Web sitenin tonuna ve format\u0131na uyum sa\u011flay\u0131n:<\/strong><br \/>\nTarz\u0131, uzunlu\u011fu ve bi\u00e7im tercihlerini anlamak i\u00e7in mevcut i\u00e7eriklerini inceleyin.<\/li>\n<li><strong>Uygulanabilir, iyi ara\u015ft\u0131r\u0131lm\u0131\u015f i\u00e7erik sunun:<\/strong><br \/>\nAmac\u0131n\u0131z onlar\u0131n kitlesine bir \u015fey \u00f6\u011fretmek, bilgi vermek ya da belirli bir sorunu \u00e7\u00f6zmek olmal\u0131d\u0131r. Gerekli yerlerde \u00f6rnekler, veriler ve site i\u00e7i ba\u011flant\u0131lar kullan\u0131n. <\/li>\n<li><strong>A\u015f\u0131r\u0131 tan\u0131t\u0131mdan ka\u00e7\u0131n\u0131n:<\/strong><br \/>\nMarkan\u0131zdan veya \u00fcr\u00fcn\u00fcn\u00fczden yaln\u0131zca ger\u00e7ekten ilgili oldu\u011fu yerlerde bahsedin. De\u011feriniz i\u00e7erikle kendini g\u00f6stermelidir. <\/li>\n<li><strong>G\u00fc\u00e7l\u00fc bir yazar biyografisi ekleyin:<\/strong><br \/>\n\u00c7o\u011fu site, web sitenize veya sosyal medya profilinize y\u00f6nlendiren k\u0131sa bir biyografiyi kabul eder. Bu \u015fekilde okuyucular\u0131 sizinle daha fazla etkile\u015fime ge\u00e7meye davet edebilirsiniz. <\/li>\n<li><strong>G\u00f6ndermeden \u00f6nce dikkatlice d\u00fczenleyin:<\/strong><br \/>\n\u0130\u00e7eri\u011finizin dilbilgisi hatalar\u0131ndan ar\u0131nm\u0131\u015f, d\u00fczg\u00fcn yap\u0131land\u0131r\u0131lm\u0131\u015f ve edit\u00f6ryal kurallar\u0131n tamam\u0131na uygun oldu\u011fundan emin olun.<\/li>\n<\/ul>\n<\/div><\/div><\/div><div class=\"fusion-panel panel-default panel-34d2872e5b90bc8d1 fusion-toggle-has-divider\" style=\"--awb-title-color:var(--awb-color5);\"><div class=\"panel-heading\"><h4 class=\"panel-title toggle\" id=\"toggle_34d2872e5b90bc8d1\"><a aria-expanded=\"false\" aria-controls=\"34d2872e5b90bc8d1\" role=\"button\" data-toggle=\"collapse\" data-target=\"#34d2872e5b90bc8d1\" href=\"#34d2872e5b90bc8d1\"><span class=\"fusion-toggle-icon-wrapper\" aria-hidden=\"true\"><i class=\"fa-fusion-box active-icon fa-angle-down fas\" aria-hidden=\"true\"><\/i><i class=\"fa-fusion-box inactive-icon fa-angle-right fas\" aria-hidden=\"true\"><\/i><\/span><span class=\"fusion-toggle-heading\">Misafir Yazarl\u0131kta Ka\u00e7\u0131n\u0131lmas\u0131 Gereken Yayg\u0131n Hatalar<\/span><\/a><\/h4><\/div><div id=\"34d2872e5b90bc8d1\" class=\"panel-collapse collapse \" aria-labelledby=\"toggle_34d2872e5b90bc8d1\"><div class=\"panel-body toggle-content fusion-clearfix\">\n<p>\u0130\u015fte misafir yazarl\u0131k yaparken ka\u00e7\u0131n\u0131lmas\u0131 gereken birka\u00e7 \u015fey:<\/p>\n<ul>\n<li>D\u00fc\u015f\u00fck kaliteli veya yetersiz i\u00e7erik g\u00f6ndermek<\/li>\n<li>Kendi sitenizdeki makaleleri kopyalamak<\/li>\n<li>Site sahibi sitenin y\u00f6nergelerini veya \u00fcslubunu g\u00f6z ard\u0131 etmek<\/li>\n<li>S\u0131rf SEO amac\u0131yla a\u015f\u0131r\u0131 link yerle\u015ftirmek<\/li>\n<li>Ki\u015fiselle\u015ftirme yap\u0131lmadan yapay zek\u00e2 taraf\u0131ndan olu\u015fturulmu\u015f veya genel i\u00e7erikler kullanmak<\/li>\n<li>Yay\u0131n organ\u0131n\u0131n marka kimli\u011fine uygun olmayan konular \u00f6nermek<\/li>\n<\/ul>\n<p>Bu hatalar g\u00fcvenilirli\u011finize zarar verebilir ve kabul edilme ya da tekrar davet edilme \u015fans\u0131n\u0131z\u0131 azaltabilir.<\/p>\n<\/div><\/div><\/div><\/div><\/div><\/div><\/div><\/div><\/div>\n","protected":false},"excerpt":{"rendered":"","protected":false},"author":1,"featured_media":0,"parent":0,"menu_order":0,"comment_status":"closed","ping_status":"closed","template":"100-width.php","meta":{"_acf_changed":false,"footnotes":""},"class_list":["post-1668","page","type-page","status-publish","hentry"],"acf":[],"_links":{"self":[{"href":"https:\/\/raisertools.com\/tr\/wp-json\/wp\/v2\/pages\/1668","targetHints":{"allow":["GET"]}}],"collection":[{"href":"https:\/\/raisertools.com\/tr\/wp-json\/wp\/v2\/pages"}],"about":[{"href":"https:\/\/raisertools.com\/tr\/wp-json\/wp\/v2\/types\/page"}],"author":[{"embeddable":true,"href":"https:\/\/raisertools.com\/tr\/wp-json\/wp\/v2\/users\/1"}],"replies":[{"embeddable":true,"href":"https:\/\/raisertools.com\/tr\/wp-json\/wp\/v2\/comments?post=1668"}],"version-history":[{"count":8,"href":"https:\/\/raisertools.com\/tr\/wp-json\/wp\/v2\/pages\/1668\/revisions"}],"predecessor-version":[{"id":2377,"href":"https:\/\/raisertools.com\/tr\/wp-json\/wp\/v2\/pages\/1668\/revisions\/2377"}],"wp:attachment":[{"href":"https:\/\/raisertools.com\/tr\/wp-json\/wp\/v2\/media?parent=1668"}],"curies":[{"name":"wp","href":"https:\/\/api.w.org\/{rel}","templated":true}]}}