{"id":1662,"date":"2025-05-08T13:56:36","date_gmt":"2025-05-08T13:56:36","guid":{"rendered":"https:\/\/raisertools.com\/dijital-pazarlama\/"},"modified":"2026-01-29T14:59:00","modified_gmt":"2026-01-29T14:59:00","slug":"dijital-pazarlama","status":"publish","type":"page","link":"https:\/\/raisertools.com\/tr\/dijital-pazarlama\/","title":{"rendered":"Dijital Pazarlama"},"content":{"rendered":"<div class=\"fusion-fullwidth fullwidth-box fusion-builder-row-1 fusion-flex-container has-pattern-background has-mask-background nonhundred-percent-fullwidth non-hundred-percent-height-scrolling\" style=\"--awb-border-radius-top-left:0px;--awb-border-radius-top-right:0px;--awb-border-radius-bottom-right:0px;--awb-border-radius-bottom-left:0px;--awb-padding-top:20px;--awb-padding-right:0px;--awb-padding-bottom:60px;--awb-padding-left:0px;--awb-flex-wrap:wrap;\" ><div class=\"fusion-builder-row fusion-row fusion-flex-align-items-center fusion-flex-content-wrap\" style=\"max-width:1248px;margin-left: calc(-4% \/ 2 );margin-right: calc(-4% \/ 2 );\"><div class=\"fusion-layout-column fusion_builder_column fusion-builder-column-0 fusion_builder_column_1_1 1_1 fusion-flex-column\" style=\"--awb-bg-size:cover;--awb-width-large:100%;--awb-margin-top-large:0px;--awb-spacing-right-large:1.92%;--awb-margin-bottom-large:0px;--awb-spacing-left-large:1.92%;--awb-width-medium:100%;--awb-order-medium:0;--awb-spacing-right-medium:1.92%;--awb-spacing-left-medium:1.92%;--awb-width-small:100%;--awb-order-small:0;--awb-spacing-right-small:1.92%;--awb-margin-bottom-small:20px;--awb-spacing-left-small:1.92%;\" data-scroll-devices=\"small-visibility,medium-visibility,large-visibility\"><div class=\"fusion-column-wrapper fusion-column-has-shadow fusion-flex-justify-content-flex-start fusion-content-layout-column\"><div class=\"fusion-text fusion-text-1\" style=\"--awb-text-transform:var(--awb-typography4-text-transform);--awb-text-color:var(--awb-color5);\"><p>Dijital pazarlama, \u00fcr\u00fcnlerinizi, hizmetlerinizi veya markan\u0131z\u0131 internet ve di\u011fer dijital kanallar arac\u0131l\u0131\u011f\u0131yla kitlelere tan\u0131tma s\u00fcrecidir. \u0130\u015fletmelerin arama motorlar\u0131, web siteleri, e-postalar, sosyal medya ve benzeri platformlar \u00fczerinden \u00e7evrimi\u00e7i kitlelere ula\u015fma faaliyetlerini kapsar. Televizyon veya gazete gibi geleneksel y\u00f6ntemlerin aksine, dijital pazarlama hedef kitlenizle do\u011frudan ileti\u015fim kurman\u0131za, sonu\u00e7lar\u0131 anl\u0131k olarak takip etmenize ve kullan\u0131c\u0131 tepkilerine g\u00f6re stratejinizi h\u0131zl\u0131 bir \u015fekilde de\u011fi\u015ftirebilmenize imk\u00e2n tan\u0131r.  <\/p>\n<p>G\u00fcn\u00fcm\u00fczde insanlar\u0131n b\u00fcy\u00fck bir k\u0131sm\u0131 zaman\u0131n\u0131 \u00e7evrimi\u00e7i ge\u00e7irdi\u011fi i\u00e7in dijital pazarlama sadece faydal\u0131 de\u011fil, ayn\u0131 zamanda gereklidir. \u0130\u015fletmelerin hedef kitleleriyle g\u00fc\u00e7l\u00fc ili\u015fkiler kurmas\u0131na, yeni m\u00fc\u015fterilere ula\u015fmas\u0131na, ve d\u00f6n\u00fc\u015f\u00fcm hedeflerini ger\u00e7ekle\u015ftirmesine yard\u0131mc\u0131 olur.<\/p>\n<\/div><\/div><\/div><div class=\"fusion-layout-column fusion_builder_column fusion-builder-column-1 fusion_builder_column_1_2 1_2 fusion-flex-column fusion-flex-align-self-center\" style=\"--awb-bg-size:cover;--awb-width-large:50%;--awb-margin-top-large:25px;--awb-spacing-right-large:3.84%;--awb-margin-bottom-large:25px;--awb-spacing-left-large:3.84%;--awb-width-medium:50%;--awb-order-medium:0;--awb-spacing-right-medium:3.84%;--awb-spacing-left-medium:3.84%;--awb-width-small:100%;--awb-order-small:0;--awb-spacing-right-small:1.92%;--awb-margin-bottom-small:10;--awb-spacing-left-small:1.92%;\" data-scroll-devices=\"small-visibility,medium-visibility,large-visibility\"><div class=\"fusion-column-wrapper fusion-column-has-shadow fusion-flex-justify-content-center fusion-content-layout-column\"><div class=\"fusion-image-element \" style=\"text-align:center;--awb-caption-title-font-family:var(--h2_typography-font-family);--awb-caption-title-font-weight:var(--h2_typography-font-weight);--awb-caption-title-font-style:var(--h2_typography-font-style);--awb-caption-title-size:var(--h2_typography-font-size);--awb-caption-title-transform:var(--h2_typography-text-transform);--awb-caption-title-line-height:var(--h2_typography-line-height);--awb-caption-title-letter-spacing:var(--h2_typography-letter-spacing);\"><span class=\" fusion-imageframe imageframe-none imageframe-1 hover-type-none\"><img decoding=\"async\" width=\"1440\" height=\"1053\" title=\"raiser-seo-dashboard\" src=\"https:\/\/raisertools.com\/wp-content\/uploads\/2026\/01\/raiser-seo-dashboard.png\" alt class=\"img-responsive wp-image-2275\" srcset=\"https:\/\/raisertools.com\/wp-content\/uploads\/2026\/01\/raiser-seo-dashboard-200x146.png 200w, https:\/\/raisertools.com\/wp-content\/uploads\/2026\/01\/raiser-seo-dashboard-400x293.png 400w, https:\/\/raisertools.com\/wp-content\/uploads\/2026\/01\/raiser-seo-dashboard-600x439.png 600w, https:\/\/raisertools.com\/wp-content\/uploads\/2026\/01\/raiser-seo-dashboard-800x585.png 800w, https:\/\/raisertools.com\/wp-content\/uploads\/2026\/01\/raiser-seo-dashboard-1200x878.png 1200w, https:\/\/raisertools.com\/wp-content\/uploads\/2026\/01\/raiser-seo-dashboard.png 1440w\" sizes=\"(max-width: 640px) 100vw, 600px\" \/><\/span><\/div><\/div><\/div><div class=\"fusion-layout-column fusion_builder_column fusion-builder-column-2 fusion_builder_column_1_2 1_2 fusion-flex-column fusion-flex-align-self-center\" style=\"--awb-padding-top-small:20px;--awb-padding-bottom-small:20px;--awb-bg-size:cover;--awb-width-large:50%;--awb-margin-top-large:25px;--awb-spacing-right-large:3.84%;--awb-margin-bottom-large:25px;--awb-spacing-left-large:3.84%;--awb-width-medium:50%;--awb-order-medium:0;--awb-spacing-right-medium:3.84%;--awb-spacing-left-medium:3.84%;--awb-width-small:100%;--awb-order-small:0;--awb-spacing-right-small:1.92%;--awb-spacing-left-small:1.92%;\" data-scroll-devices=\"small-visibility,medium-visibility,large-visibility\"><div class=\"fusion-column-wrapper fusion-column-has-shadow fusion-flex-justify-content-center fusion-content-layout-column\"><div class=\"fusion-title title fusion-title-1 fusion-sep-none fusion-title-text fusion-title-size-four\" style=\"--awb-margin-top:0px;--awb-margin-bottom:10px;\"><h4 class=\"fusion-title-heading title-heading-left\" style=\"margin:0;\">Dijital Pazarlama Nedir?<\/h4><\/div><div class=\"fusion-text fusion-text-2 fusion-text-no-margin\" style=\"--awb-content-alignment:left;\"><p>Dijital pazarlama, insanlara ula\u015fmak i\u00e7in dijital bir cihaz\u0131n ve \u00e7o\u011funlukla internetin kullan\u0131ld\u0131\u011f\u0131 her t\u00fcrl\u00fc pazarlama aktivitesi olarak tan\u0131mlanabilir. Blog yaz\u0131lar\u0131 yazmak, sosyal medyada g\u00f6nderi payla\u015fmak, e\u2010posta g\u00f6ndermek, video olu\u015fturmak veya \u00e7evrimi\u00e7i reklam vermek gibi \u00e7ok \u00e7e\u015fitli faaliyetleri i\u00e7erir. <\/p>\n<p>Dijital pazarlaman\u0131n amac\u0131 basittir: do\u011fru ki\u015filere ula\u015fmak, onlara de\u011ferli bir \u015fey sunmak ve web sitenizi ziyaret etmeye, kaydolmaya ya da sat\u0131n alma yapmaya te\u015fvik etmektir.<\/p>\n<\/div><\/div><\/div><div class=\"fusion-layout-column fusion_builder_column fusion-builder-column-3 fusion_builder_column_1_2 1_2 fusion-flex-column fusion-flex-align-self-center\" style=\"--awb-padding-top-small:20px;--awb-padding-bottom-small:20px;--awb-bg-size:cover;--awb-width-large:50%;--awb-margin-top-large:25px;--awb-spacing-right-large:3.84%;--awb-margin-bottom-large:25px;--awb-spacing-left-large:3.84%;--awb-width-medium:50%;--awb-order-medium:0;--awb-spacing-right-medium:3.84%;--awb-spacing-left-medium:3.84%;--awb-width-small:100%;--awb-order-small:2;--awb-spacing-right-small:1.92%;--awb-spacing-left-small:1.92%;\" data-scroll-devices=\"small-visibility,medium-visibility,large-visibility\"><div class=\"fusion-column-wrapper fusion-column-has-shadow fusion-flex-justify-content-center fusion-content-layout-column\"><div class=\"fusion-title title fusion-title-2 fusion-sep-none fusion-title-text fusion-title-size-four\" style=\"--awb-margin-top:0px;--awb-margin-bottom:10px;\"><h4 class=\"fusion-title-heading title-heading-left\" style=\"margin:0;\">Dijital Pazarlama Neden \u00d6nemlidir?<\/h4><\/div><div class=\"fusion-text fusion-text-3 fusion-text-no-margin\" style=\"--awb-content-alignment:left;\"><ul>\n<li><strong>Art\u0131k herkes, her yerde \u00e7evrimi\u00e7i<\/strong> \u2013 Her an \u00e7evrimi\u00e7i oldu\u011fumuz dijital d\u00fcnyada, \u00e7o\u011fu t\u00fcketici sat\u0131n alma yolculu\u011funa arama yaparak, sosyal medyada gezinerek, veya bir reklama t\u0131klayarak ba\u015flar. \u0130\u015fletmenizin \u00e7evrimi\u00e7i olmamas\u0131, b\u00fcy\u00fck bir kitleyi ka\u00e7\u0131rman\u0131z anlam\u0131na gelir. <\/li>\n<li><strong>Hedef kitlenizle do\u011frudan ileti\u015fim kurabilirsiniz<\/strong> \u2013 Geleneksel reklamlardan farkl\u0131 olarak, dijital pazarlama, ki\u015fisel, \u00e7ift y\u00f6nl\u00fc ileti\u015fime imk\u00e2n tan\u0131r.<\/li>\n<li><strong>Her \u00f6l\u00e7ekten i\u015fletme i\u00e7in i\u015fe yarar <\/strong>\u2013 \u0130ster global bir marka olun ister yerel bir ma\u011faza, dijital kanallar\u0131 kullanarak rekabet edebilir ve b\u00fcy\u00fcyebilirsiniz.<\/li>\n<li><strong>\u00d6l\u00e7\u00fclebilir<\/strong> \u2013 Nelerin i\u015fe yarad\u0131\u011f\u0131n\u0131, nelerin i\u015fe yaramad\u0131\u011f\u0131n\u0131 k\u0131sa s\u00fcrede g\u00f6rebilir ve h\u0131zl\u0131ca iyile\u015ftirmeler yapabilirsiniz.<\/li>\n<li><strong>Uzun vadeli b\u00fcy\u00fcmeyi destekler<\/strong> \u2013 G\u00fc\u00e7l\u00fc dijital pazarlama zaman i\u00e7inde g\u00fcven, g\u00f6r\u00fcn\u00fcrl\u00fck ve m\u00fc\u015fteri sadakati olu\u015fturur.<\/li>\n<\/ul>\n<\/div><\/div><\/div><div class=\"fusion-layout-column fusion_builder_column fusion-builder-column-4 fusion_builder_column_1_2 1_2 fusion-flex-column fusion-flex-align-self-center\" style=\"--awb-bg-size:cover;--awb-width-large:50%;--awb-margin-top-large:25px;--awb-spacing-right-large:3.84%;--awb-margin-bottom-large:25px;--awb-spacing-left-large:3.84%;--awb-width-medium:50%;--awb-order-medium:0;--awb-spacing-right-medium:3.84%;--awb-spacing-left-medium:3.84%;--awb-width-small:100%;--awb-order-small:1;--awb-spacing-right-small:1.92%;--awb-margin-bottom-small:10;--awb-spacing-left-small:1.92%;\" data-scroll-devices=\"small-visibility,medium-visibility,large-visibility\"><div class=\"fusion-column-wrapper fusion-column-has-shadow fusion-flex-justify-content-center fusion-content-layout-column\"><div class=\"fusion-image-element \" style=\"text-align:center;--awb-caption-title-font-family:var(--h2_typography-font-family);--awb-caption-title-font-weight:var(--h2_typography-font-weight);--awb-caption-title-font-style:var(--h2_typography-font-style);--awb-caption-title-size:var(--h2_typography-font-size);--awb-caption-title-transform:var(--h2_typography-text-transform);--awb-caption-title-line-height:var(--h2_typography-line-height);--awb-caption-title-letter-spacing:var(--h2_typography-letter-spacing);\"><span class=\" fusion-imageframe imageframe-none imageframe-2 hover-type-none\"><img decoding=\"async\" width=\"1440\" height=\"711\" title=\"raiser-all-parameters\" src=\"https:\/\/raisertools.com\/wp-content\/uploads\/2026\/01\/raiser-all-parameters.png\" alt class=\"img-responsive wp-image-2278\" srcset=\"https:\/\/raisertools.com\/wp-content\/uploads\/2026\/01\/raiser-all-parameters-200x99.png 200w, https:\/\/raisertools.com\/wp-content\/uploads\/2026\/01\/raiser-all-parameters-400x198.png 400w, https:\/\/raisertools.com\/wp-content\/uploads\/2026\/01\/raiser-all-parameters-600x296.png 600w, https:\/\/raisertools.com\/wp-content\/uploads\/2026\/01\/raiser-all-parameters-800x395.png 800w, https:\/\/raisertools.com\/wp-content\/uploads\/2026\/01\/raiser-all-parameters-1200x593.png 1200w, https:\/\/raisertools.com\/wp-content\/uploads\/2026\/01\/raiser-all-parameters.png 1440w\" sizes=\"(max-width: 640px) 100vw, 600px\" \/><\/span><\/div><\/div><\/div><div class=\"fusion-layout-column fusion_builder_column fusion-builder-column-5 fusion_builder_column_1_1 1_1 fusion-flex-column\" style=\"--awb-bg-size:cover;--awb-width-large:100%;--awb-margin-top-large:0px;--awb-spacing-right-large:1.92%;--awb-margin-bottom-large:0px;--awb-spacing-left-large:1.92%;--awb-width-medium:100%;--awb-order-medium:0;--awb-spacing-right-medium:1.92%;--awb-spacing-left-medium:1.92%;--awb-width-small:100%;--awb-order-small:3;--awb-spacing-right-small:1.92%;--awb-spacing-left-small:1.92%;\" data-scroll-devices=\"small-visibility,medium-visibility,large-visibility\"><div class=\"fusion-column-wrapper fusion-column-has-shadow fusion-flex-justify-content-flex-start fusion-content-layout-column\"><div class=\"accordian fusion-accordian\" style=\"--awb-border-size:1px;--awb-icon-size:16px;--awb-content-font-size:var(--awb-typography4-font-size);--awb-icon-alignment:left;--awb-hover-color:var(--awb-color2);--awb-border-color:var(--awb-color3);--awb-background-color:var(--awb-color1);--awb-divider-color:var(--awb-color3);--awb-divider-hover-color:var(--awb-color3);--awb-icon-color:var(--awb-color3);--awb-title-color:var(--awb-color5);--awb-content-color:var(--awb-color5);--awb-icon-box-color:rgba(255,200,0,0);--awb-toggle-hover-accent-color:var(--awb-color5);--awb-toggle-active-accent-color:var(--awb-color5);--awb-title-font-family:var(--awb-typography1-font-family);--awb-title-font-weight:var(--awb-typography1-font-weight);--awb-title-font-style:var(--awb-typography1-font-style);--awb-title-font-size:18px;--awb-content-font-family:var(--awb-typography4-font-family);--awb-content-font-weight:var(--awb-typography4-font-weight);--awb-content-font-style:var(--awb-typography4-font-style);\"><div class=\"panel-group fusion-toggle-icon-unboxed\" id=\"accordion-1662-1\"><div class=\"fusion-panel panel-default panel-71dd1138a8fa8685d fusion-toggle-has-divider\" style=\"--awb-title-color:var(--awb-color5);\"><div class=\"panel-heading\"><h4 class=\"panel-title toggle\" id=\"toggle_71dd1138a8fa8685d\"><a aria-expanded=\"false\" aria-controls=\"71dd1138a8fa8685d\" role=\"button\" data-toggle=\"collapse\" data-target=\"#71dd1138a8fa8685d\" href=\"#71dd1138a8fa8685d\"><span class=\"fusion-toggle-icon-wrapper\" aria-hidden=\"true\"><i class=\"fa-fusion-box active-icon fa-angle-down fas\" aria-hidden=\"true\"><\/i><i class=\"fa-fusion-box inactive-icon fa-angle-right fas\" aria-hidden=\"true\"><\/i><\/span><span class=\"fusion-toggle-heading\">Dijital Pazarlaman\u0131n Temel Alanlar\u0131<\/span><\/a><\/h4><\/div><div id=\"71dd1138a8fa8685d\" class=\"panel-collapse collapse \" aria-labelledby=\"toggle_71dd1138a8fa8685d\"><div class=\"panel-body toggle-content fusion-clearfix\">\n<p>\u0130\u015fte dijital pazarlaman\u0131n temel alanlar\u0131:<\/p>\n<ol>\n<li><strong> Arama Motoru Optimizasyonu (SEO &#8211; Search Engine Optimization)<\/strong><\/li>\n<\/ol>\n<p>SEO, Google gibi arama motorlar\u0131nda, i\u015fletmenizle\/alan\u0131n\u0131zla ilgili yap\u0131lan aramalar\u0131n sonu\u00e7lar\u0131nda daha g\u00f6r\u00fcn\u00fcr olman\u0131za yard\u0131mc\u0131 olacak \u00e7al\u0131\u015fmalar\u0131 kapsar. \u00d6rne\u011fin, sitenizde ko\u015fu ayakkab\u0131lar\u0131 satt\u0131\u011f\u0131n\u0131z\u0131 ya da bu konuda tavsiyeler verdi\u011finizi d\u00fc\u015f\u00fcn\u00fcn. Arama motoru optimizasyonunu do\u011fru \u015fekilde yapt\u0131ysan\u0131z, bir kullan\u0131c\u0131, Google&#8217;da \u201c<em>en iyi ko\u015fu ayakkab\u0131lar\u0131<\/em>\u201d yaz\u0131p aratt\u0131\u011f\u0131nda, arama sonu\u00e7lar\u0131nda siteniz daha \u00fcst s\u0131ralarda g\u00f6r\u00fcnecektir. <\/p>\n<p>\u00c7ok kapsaml\u0131 bir s\u00fcre\u00e7 olan SEO, temel olarak do\u011fru <em>anahtar kelimeleri<\/em> kullanmay\u0131, web sitenizi teknik anlamda d\u00fczg\u00fcn yap\u0131land\u0131rmay\u0131 ve arama motorlar\u0131n\u0131n sayfalar\u0131n\u0131z\u0131 anlay\u0131p \u00f6neride bulunabilmesi i\u00e7in faydal\u0131 i\u00e7erikler \u00fcretmeyi kapsar diyebiliriz.<\/p>\n<ol start=\"2\">\n<li><strong> \u0130\u00e7erik Pazarlamas\u0131<\/strong><\/li>\n<\/ol>\n<p>\u0130\u00e7erik pazarlamas\u0131, hedef kitlenize blog makaleleri, videolar, rehberler veya SSS gibi yararl\u0131, ilgin\u00e7 ve\/veya e\u011flenceli materyaller olu\u015fturarak ula\u015fmak demektir. Kaliteli i\u00e7erik, insanlara fayda sunar; sorunlar\u0131n\u0131 \u00e7\u00f6zmelerine veya sorular\u0131na yan\u0131t bulmalar\u0131na yard\u0131mc\u0131 olarak g\u00fcven in\u015fa eder. <\/p>\n<p>\u0130yi i\u00e7erik, orta &#8211; uzun vadede sekt\u00f6r\u00fcn\u00fczde tan\u0131nman\u0131z\u0131 sa\u011flar ve insanlara sitenizi ziyaret etmeye veya markan\u0131z\u0131 takip etmeye devam etmeleri i\u00e7in bir neden sunar.<\/p>\n<ol start=\"3\">\n<li><strong> Sosyal Medya Pazarlamas\u0131<\/strong><\/li>\n<\/ol>\n<p>Sosyal medya pazarlamas\u0131; Facebook, Instagram, X veya LinkedIn gibi platformlar\u0131 kullanarak kitlenizle etkile\u015fim kurmay\u0131 kapsar. \u0130\u015fletmeler, her g\u00fcn milyarlarca insan\u0131n kulland\u0131\u011f\u0131 bu platformlar \u00fczerinden g\u00fcncellemeler payla\u015f\u0131r, sorular\u0131 yan\u0131tlar, sohbetlere kat\u0131l\u0131r ve tekliflerini tan\u0131t\u0131r. <\/p>\n<p>Kitlenizin g\u00f6z\u00fcnde kalman\u0131z\u0131, ili\u015fkiler kurman\u0131z\u0131 ve markan\u0131z\u0131 daha insanc\u0131l ve ula\u015f\u0131labilir k\u0131lman\u0131z\u0131 sa\u011flayan g\u00fc\u00e7l\u00fc bir y\u00f6ntemdir.<\/p>\n<ol start=\"4\">\n<li><strong> Eposta Pazarlamas\u0131<\/strong><\/li>\n<\/ol>\n<p>E\u2010posta pazarlamas\u0131nda, pazarlama mesajlar\u0131 do\u011frudan insanlar\u0131n gelen kutusuna g\u00f6nderilir. Bu mesajlar b\u00fcltenler, \u00f6zel teklifler, faydal\u0131 ipu\u00e7lar\u0131 veya g\u00fcncellemeler olabilir. <\/p>\n<p>\u0130\u015finize zaten ilgi g\u00f6stermi\u015f ki\u015filerle ileti\u015fimde kalman\u0131n en iyi yollar\u0131ndan biridir ve genellikle daha y\u00fcksek etkile\u015fim ve sat\u0131\u015f sa\u011flar.<\/p>\n<ol start=\"5\">\n<li><strong> \u00c7evrimi\u00e7i Reklamc\u0131l\u0131k<\/strong><\/li>\n<\/ol>\n<p>\u00c7evrimi\u00e7i reklamc\u0131l\u0131kta; arama motorlar\u0131nda, web sitelerinde veya sosyal platformlarda reklam g\u00f6sterimi i\u00e7in \u00f6deme yap\u0131l\u0131r. Reklamlar\u0131n\u0131z\u0131 kimin g\u00f6rece\u011fini (ilgi alanlar\u0131, konum, davran\u0131\u015f vb. baz\u0131nda) se\u00e7ersiniz ve birisi reklam\u0131n\u0131za t\u0131klad\u0131\u011f\u0131nda veya g\u00f6r\u00fcnt\u00fcledi\u011finde \u00f6deme yapars\u0131n\u0131z. <\/p>\n<p>Maliyetli olsa da, online reklamlar h\u0131zl\u0131 sonu\u00e7lar sunar ve yeni kitlelere ula\u015fmak veya zamana duyarl\u0131 teklifleri tan\u0131tmak i\u00e7in idealdir.<\/p>\n<ol start=\"6\">\n<li><strong> Mobil Pazarlama<\/strong><\/li>\n<\/ol>\n<p>Bir\u00e7ok ki\u015fi ak\u0131ll\u0131 telefon veya tablet kullanarak \u00fcr\u00fcn\/hizmet inceledi\u011fi ve al\u0131\u015fveri\u015f yapt\u0131\u011f\u0131 i\u00e7in dijital pazarlama s\u00fcre\u00e7lerinde, sitenizin ve i\u00e7eri\u011finizin k\u00fc\u00e7\u00fck ekranlarda da sorunsuz \u00e7al\u0131\u015ft\u0131\u011f\u0131ndan emin olman\u0131z gerekmektedir. Mobil pazarlama, k\u0131sa mesaj g\u00fcncellemeleri veya uygulama tabanl\u0131 promosyonlar gibi y\u00f6ntemleri de i\u00e7erir.<\/p>\n<\/div><\/div><\/div><div class=\"fusion-panel panel-default panel-65bb74acd51ca3e96 fusion-toggle-has-divider\" style=\"--awb-title-color:var(--awb-color5);\"><div class=\"panel-heading\"><h4 class=\"panel-title toggle\" id=\"toggle_65bb74acd51ca3e96\"><a aria-expanded=\"false\" aria-controls=\"65bb74acd51ca3e96\" role=\"button\" data-toggle=\"collapse\" data-target=\"#65bb74acd51ca3e96\" href=\"#65bb74acd51ca3e96\"><span class=\"fusion-toggle-icon-wrapper\" aria-hidden=\"true\"><i class=\"fa-fusion-box active-icon fa-angle-down fas\" aria-hidden=\"true\"><\/i><i class=\"fa-fusion-box inactive-icon fa-angle-right fas\" aria-hidden=\"true\"><\/i><\/span><span class=\"fusion-toggle-heading\">Basit Bir Dijital Pazarlama Stratejisi Nas\u0131l Olu\u015fturulur?<\/span><\/a><\/h4><\/div><div id=\"65bb74acd51ca3e96\" class=\"panel-collapse collapse \" aria-labelledby=\"toggle_65bb74acd51ca3e96\"><div class=\"panel-body toggle-content fusion-clearfix\">\n<p>\u0130yi bir dijital pazarlama stratejisi olu\u015fturmak kolay bir i\u015f de\u011fildir, ancak do\u011fru yakla\u015f\u0131mla ve basit ad\u0131mlarla ba\u015flayarak sa\u011flam bir temel atabilirsiniz. \u0130\u015fte basit bir dijital pazarlama stratejisi i\u00e7in baz\u0131 temel ad\u0131mlar: <\/p>\n<ol>\n<li><strong>Hedef kitlenizi iyi tan\u0131y\u0131n<\/strong><br \/>\nKime ula\u015fmaya \u00e7al\u0131\u015f\u0131yorsunuz? Hangi sorunlar\u0131 var? \u00c7evrimi\u00e7i olarak ne ar\u0131yorlar? Kitlenizi anlamak, ba\u015far\u0131l\u0131 bir dijital pazarlama s\u00fcrecinin ilk ve en \u00f6nemli ad\u0131md\u0131r.   <\/li>\n<li><strong>Net hedefler belirleyin<\/strong><br \/>\nDaha fazla web sitesi ziyareti mi istiyorsunuz? Daha fazla ki\u015finin kay\u0131t olmas\u0131n\u0131 m\u0131? Daha fazla sat\u0131\u015f m\u0131? Net hedefler, do\u011fru kanallar\u0131 se\u00e7menize ve do\u011fru i\u00e7eri\u011fi olu\u015fturman\u0131za yard\u0131mc\u0131 olur.   <\/li>\n<li><strong>De\u011ferli i\u00e7erikler olu\u015fturun<\/strong><br \/>\n\u0130\u00e7eri\u011finiz kitlenize yard\u0131mc\u0131 olmal\u0131, bilgilendirmeli veya e\u011flendirmelidir. Sadece ne satmak istedi\u011finizi de\u011fil, onlar\u0131n neye ihtiyac\u0131 oldu\u011funu da d\u00fc\u015f\u00fcn\u00fcn. <\/li>\n<li><strong>Kanallar\u0131n\u0131z\u0131 ak\u0131ll\u0131ca se\u00e7in<\/strong><br \/>\nHer yerde olman\u0131z gerekmez. Kitlenizin zaten kulland\u0131\u011f\u0131 platformlarla ba\u015flay\u0131n. \u00d6rne\u011fin, \u00e7ok\u00e7a ara\u015ft\u0131rma yap\u0131yorlarsa arama motorlar\u0131na ve e-postaya odaklan\u0131n, sosyal medyada aktifseler oraya y\u00f6nelin.  <\/li>\n<li><strong>Tutarl\u0131 ve sab\u0131rl\u0131 olun<\/strong><br \/>\nDijital pazarlama zaman al\u0131r. D\u00fczenli olarak payla\u015f\u0131m yap\u0131n, mesaj\u0131n\u0131z\u0131 net tutun ve kitlenize b\u00fcy\u00fcmeleri i\u00e7in zaman tan\u0131y\u0131n. <\/li>\n<li><strong>G\u00f6zden ge\u00e7irin ve ayarlay\u0131n<\/strong><br \/>\n\u0130nsanlar\u0131n nas\u0131l yan\u0131t verdi\u011fini izleyin. Bir y\u00f6ntem i\u015fe yar\u0131yorsa, daha fazlas\u0131n\u0131 yap\u0131n. \u0130\u015fe yaram\u0131yorsa, yeni bir yakla\u015f\u0131m deneyin.  <\/li>\n<li><strong>Geli\u015ftirme i\u00e7in analiz edin<\/strong><br \/>\nSonu\u00e7lar\u0131n\u0131z\u0131 d\u00fczenli ve verimli analizlerle takip ederek, gerekli iyile\u015ftirmeleri yap\u0131n.<\/li>\n<\/ol>\n<\/div><\/div><\/div><div class=\"fusion-panel panel-default panel-f5caf933a42ac71b2 fusion-toggle-has-divider\" style=\"--awb-title-color:var(--awb-color5);\"><div class=\"panel-heading\"><h4 class=\"panel-title toggle\" id=\"toggle_f5caf933a42ac71b2\"><a aria-expanded=\"false\" aria-controls=\"f5caf933a42ac71b2\" role=\"button\" data-toggle=\"collapse\" data-target=\"#f5caf933a42ac71b2\" href=\"#f5caf933a42ac71b2\"><span class=\"fusion-toggle-icon-wrapper\" aria-hidden=\"true\"><i class=\"fa-fusion-box active-icon fa-angle-down fas\" aria-hidden=\"true\"><\/i><i class=\"fa-fusion-box inactive-icon fa-angle-right fas\" aria-hidden=\"true\"><\/i><\/span><span class=\"fusion-toggle-heading\">Ka\u00e7\u0131n\u0131lmas\u0131 Gereken Yayg\u0131n Dijital Pazarlama Hatalar\u0131<\/span><\/a><\/h4><\/div><div id=\"f5caf933a42ac71b2\" class=\"panel-collapse collapse \" aria-labelledby=\"toggle_f5caf933a42ac71b2\"><div class=\"panel-body toggle-content fusion-clearfix\">\n<p>\u0130\u015fte ka\u00e7\u0131nman\u0131z gereken baz\u0131 yayg\u0131n dijital pazarlama hatalar\u0131:<\/p>\n<ul>\n<li>K\u00fc\u00e7\u00fck ba\u015flay\u0131p \u00f6nemli ad\u0131mlara odaklanmak yerine her \u015feyi bir anda yapmaya \u00e7al\u0131\u015fmak.<\/li>\n<li>\u00dcr\u00fcn\u00fcn\u00fczden\/hizmetinizden \u00e7ok fazla bahsedip m\u00fc\u015fterinin ihtiya\u00e7lar\u0131ndan yeterince bahsetmemek.<\/li>\n<li>Mobil kullan\u0131c\u0131lar\u0131 d\u00fc\u015f\u00fcnmemek, web sitesinin yava\u015f \u00e7al\u0131\u015fmas\u0131n\u0131 g\u00f6rmezden gelmek.<\/li>\n<li>Belirgin bir hedef veya ama\u00e7 olmadan i\u00e7erik payla\u015fmak.<\/li>\n<li>Eski veya hatal\u0131 i\u00e7erikleri g\u00fcncellemeyi ihmal etmek.<\/li>\n<li>\u00c7ok erken pes etmek \u2014 dijital pazarlama zaman ve tutarl\u0131l\u0131k gerektiren uzun bir s\u00fcre\u00e7tir.<\/li>\n<\/ul>\n<\/div><\/div><\/div><\/div><\/div><\/div><\/div><\/div><\/div>\n","protected":false},"excerpt":{"rendered":"","protected":false},"author":1,"featured_media":0,"parent":0,"menu_order":0,"comment_status":"closed","ping_status":"closed","template":"100-width.php","meta":{"_acf_changed":false,"footnotes":""},"class_list":["post-1662","page","type-page","status-publish","hentry"],"acf":[],"_links":{"self":[{"href":"https:\/\/raisertools.com\/tr\/wp-json\/wp\/v2\/pages\/1662","targetHints":{"allow":["GET"]}}],"collection":[{"href":"https:\/\/raisertools.com\/tr\/wp-json\/wp\/v2\/pages"}],"about":[{"href":"https:\/\/raisertools.com\/tr\/wp-json\/wp\/v2\/types\/page"}],"author":[{"embeddable":true,"href":"https:\/\/raisertools.com\/tr\/wp-json\/wp\/v2\/users\/1"}],"replies":[{"embeddable":true,"href":"https:\/\/raisertools.com\/tr\/wp-json\/wp\/v2\/comments?post=1662"}],"version-history":[{"count":8,"href":"https:\/\/raisertools.com\/tr\/wp-json\/wp\/v2\/pages\/1662\/revisions"}],"predecessor-version":[{"id":2371,"href":"https:\/\/raisertools.com\/tr\/wp-json\/wp\/v2\/pages\/1662\/revisions\/2371"}],"wp:attachment":[{"href":"https:\/\/raisertools.com\/tr\/wp-json\/wp\/v2\/media?parent=1662"}],"curies":[{"name":"wp","href":"https:\/\/api.w.org\/{rel}","templated":true}]}}