{"id":1645,"date":"2025-05-08T13:09:41","date_gmt":"2025-05-08T13:09:41","guid":{"rendered":"https:\/\/raisertools.com\/aso\/"},"modified":"2026-01-29T14:47:40","modified_gmt":"2026-01-29T14:47:40","slug":"aso","status":"publish","type":"page","link":"https:\/\/raisertools.com\/tr\/aso\/","title":{"rendered":"ASO"},"content":{"rendered":"<div class=\"fusion-fullwidth fullwidth-box fusion-builder-row-1 fusion-flex-container has-pattern-background has-mask-background nonhundred-percent-fullwidth non-hundred-percent-height-scrolling\" style=\"--awb-border-radius-top-left:0px;--awb-border-radius-top-right:0px;--awb-border-radius-bottom-right:0px;--awb-border-radius-bottom-left:0px;--awb-padding-top:20px;--awb-padding-right:0px;--awb-padding-bottom:60px;--awb-padding-left:0px;--awb-padding-right-small:0px;--awb-padding-left-small:0px;--awb-flex-wrap:wrap;\" ><div class=\"fusion-builder-row fusion-row fusion-flex-align-items-center fusion-flex-content-wrap\" style=\"max-width:1248px;margin-left: calc(-4% \/ 2 );margin-right: calc(-4% \/ 2 );\"><div class=\"fusion-layout-column fusion_builder_column fusion-builder-column-0 fusion_builder_column_1_1 1_1 fusion-flex-column\" style=\"--awb-bg-size:cover;--awb-width-large:100%;--awb-margin-top-large:0px;--awb-spacing-right-large:1.92%;--awb-margin-bottom-large:0px;--awb-spacing-left-large:1.92%;--awb-width-medium:100%;--awb-order-medium:0;--awb-spacing-right-medium:1.92%;--awb-spacing-left-medium:1.92%;--awb-width-small:100%;--awb-order-small:0;--awb-spacing-right-small:1.92%;--awb-margin-bottom-small:20px;--awb-spacing-left-small:1.92%;\" data-scroll-devices=\"small-visibility,medium-visibility,large-visibility\"><div class=\"fusion-column-wrapper fusion-column-has-shadow fusion-flex-justify-content-flex-start fusion-content-layout-column\"><div class=\"fusion-text fusion-text-1\" style=\"--awb-text-transform:var(--awb-typography4-text-transform);--awb-text-color:var(--awb-color5);\"><p>ASO (App Store Optimization), yani Uygulama Ma\u011fazas\u0131 Optimizasyonu, mobil uygulamalar\u0131n Apple App Store ve Google Play Store gibi ma\u011fazalarda g\u00f6r\u00fcn\u00fcrl\u00fc\u011f\u00fcn\u00fc ve performans\u0131n\u0131 art\u0131rmak i\u00e7in yap\u0131lan optimizasyonlar\u0131 kapsar. Nas\u0131l ki SEO, web sitelerinin arama motorlar\u0131nda daha \u00fcst s\u0131ralarda yer almas\u0131n\u0131 sa\u011fl\u0131yorsa, ASO da mobil uygulamalar\u0131n ma\u011faza i\u00e7i arama sonu\u00e7lar\u0131nda daha y\u00fcksek s\u0131ralara ula\u015fmas\u0131na yard\u0131mc\u0131 olur. Etkili bir ASO \u00e7al\u0131\u015fmas\u0131, organik indirme say\u0131s\u0131nda art\u0131\u015f, kullan\u0131c\u0131 etkile\u015fiminde iyile\u015fme ve uygulama ekosisteminde daha g\u00fc\u00e7l\u00fc bir rekabet avantaj\u0131 sa\u011flar.<\/p>\n<p>Bu rehberimizde, uygulama ma\u011fazas\u0131 optimizasyonu ve nas\u0131l yap\u0131laca\u011f\u0131na dair ayr\u0131nt\u0131l\u0131 bilgi bulabilirsiniz.<\/p>\n<\/div><\/div><\/div><div class=\"fusion-layout-column fusion_builder_column fusion-builder-column-1 fusion_builder_column_1_2 1_2 fusion-flex-column fusion-flex-align-self-center\" style=\"--awb-bg-size:cover;--awb-width-large:50%;--awb-margin-top-large:25px;--awb-spacing-right-large:3.84%;--awb-margin-bottom-large:25px;--awb-spacing-left-large:3.84%;--awb-width-medium:50%;--awb-order-medium:0;--awb-spacing-right-medium:3.84%;--awb-spacing-left-medium:3.84%;--awb-width-small:100%;--awb-order-small:0;--awb-spacing-right-small:1.92%;--awb-margin-bottom-small:10;--awb-spacing-left-small:1.92%;\" data-scroll-devices=\"small-visibility,medium-visibility,large-visibility\"><div class=\"fusion-column-wrapper fusion-column-has-shadow fusion-flex-justify-content-center fusion-content-layout-column\"><div class=\"fusion-image-element \" style=\"text-align:center;--awb-caption-title-font-family:var(--h2_typography-font-family);--awb-caption-title-font-weight:var(--h2_typography-font-weight);--awb-caption-title-font-style:var(--h2_typography-font-style);--awb-caption-title-size:var(--h2_typography-font-size);--awb-caption-title-transform:var(--h2_typography-text-transform);--awb-caption-title-line-height:var(--h2_typography-line-height);--awb-caption-title-letter-spacing:var(--h2_typography-letter-spacing);\"><span class=\" fusion-imageframe imageframe-none imageframe-1 hover-type-none\"><img decoding=\"async\" width=\"1440\" height=\"1053\" title=\"raiser-seo-dashboard\" src=\"https:\/\/raisertools.com\/wp-content\/uploads\/2026\/01\/raiser-seo-dashboard.png\" alt class=\"img-responsive wp-image-2275\" srcset=\"https:\/\/raisertools.com\/wp-content\/uploads\/2026\/01\/raiser-seo-dashboard-200x146.png 200w, https:\/\/raisertools.com\/wp-content\/uploads\/2026\/01\/raiser-seo-dashboard-400x293.png 400w, https:\/\/raisertools.com\/wp-content\/uploads\/2026\/01\/raiser-seo-dashboard-600x439.png 600w, https:\/\/raisertools.com\/wp-content\/uploads\/2026\/01\/raiser-seo-dashboard-800x585.png 800w, https:\/\/raisertools.com\/wp-content\/uploads\/2026\/01\/raiser-seo-dashboard-1200x878.png 1200w, https:\/\/raisertools.com\/wp-content\/uploads\/2026\/01\/raiser-seo-dashboard.png 1440w\" sizes=\"(max-width: 640px) 100vw, 600px\" \/><\/span><\/div><\/div><\/div><div class=\"fusion-layout-column fusion_builder_column fusion-builder-column-2 fusion_builder_column_1_2 1_2 fusion-flex-column fusion-flex-align-self-center\" style=\"--awb-padding-top-small:20px;--awb-padding-bottom-small:20px;--awb-bg-size:cover;--awb-width-large:50%;--awb-margin-top-large:25px;--awb-spacing-right-large:3.84%;--awb-margin-bottom-large:25px;--awb-spacing-left-large:3.84%;--awb-width-medium:50%;--awb-order-medium:0;--awb-spacing-right-medium:3.84%;--awb-spacing-left-medium:3.84%;--awb-width-small:100%;--awb-order-small:0;--awb-spacing-right-small:1.92%;--awb-spacing-left-small:1.92%;\" data-scroll-devices=\"small-visibility,medium-visibility,large-visibility\"><div class=\"fusion-column-wrapper fusion-column-has-shadow fusion-flex-justify-content-center fusion-content-layout-column\"><div class=\"fusion-title title fusion-title-1 fusion-sep-none fusion-title-text fusion-title-size-four\" style=\"--awb-margin-top:0px;--awb-margin-bottom:10px;\"><h4 class=\"fusion-title-heading title-heading-left\" style=\"margin:0;\">ASO Nedir?<\/h4><\/div><div class=\"fusion-text fusion-text-2 fusion-text-no-margin\" style=\"--awb-content-alignment:left;\"><p>ASO, basit olarak, bir mobil uygulaman\u0131n uygulama ma\u011fazas\u0131 i\u00e7erisindeki \u00e7e\u015fitli \u00f6\u011felerinin optimize edilmesini kapsar. Bu optimizasyonlar\u0131n amac\u0131, uygulaman\u0131n bulunabilirli\u011fini ve dikkat \u00e7ekicili\u011fini art\u0131rmakt\u0131r. Etkili optimizasyonlar ile, kullan\u0131c\u0131lar uygulaman\u0131zla ilgili anahtar kelimeleri arad\u0131\u011f\u0131nda ma\u011faza arama sonu\u00e7lar\u0131nda uygulaman\u0131z \u00f6ne \u00e7\u0131kar, ve indirilme oranlar\u0131 y\u00fckselir.<\/p>\n<\/div><\/div><\/div><div class=\"fusion-layout-column fusion_builder_column fusion-builder-column-3 fusion_builder_column_1_2 1_2 fusion-flex-column fusion-flex-align-self-center\" style=\"--awb-padding-top-small:20px;--awb-padding-bottom-small:20px;--awb-bg-size:cover;--awb-width-large:50%;--awb-margin-top-large:25px;--awb-spacing-right-large:3.84%;--awb-margin-bottom-large:25px;--awb-spacing-left-large:3.84%;--awb-width-medium:50%;--awb-order-medium:0;--awb-spacing-right-medium:3.84%;--awb-spacing-left-medium:3.84%;--awb-width-small:100%;--awb-order-small:2;--awb-spacing-right-small:1.92%;--awb-spacing-left-small:1.92%;\" data-scroll-devices=\"small-visibility,medium-visibility,large-visibility\"><div class=\"fusion-column-wrapper fusion-column-has-shadow fusion-flex-justify-content-center fusion-content-layout-column\"><div class=\"fusion-title title fusion-title-2 fusion-sep-none fusion-title-text fusion-title-size-four\" style=\"--awb-margin-bottom:20px;\"><h4 class=\"fusion-title-heading title-heading-left\" style=\"margin:0;\">ASO Avantajlar\u0131<\/h4><\/div><div class=\"fusion-text fusion-text-3 fusion-text-no-margin\" style=\"--awb-content-alignment:left;\"><p>ASO, herhangi bir mobil uygulaman\u0131n b\u00fcy\u00fcmesi ve ba\u015far\u0131s\u0131 i\u00e7in vazge\u00e7ilmezdir. Uygulama ma\u011fazalar\u0131nda milyonlarca uygulaman\u0131n bulundu\u011fu g\u00fcn\u00fcm\u00fczde, yaln\u0131zca bir uygulama yay\u0131nlamak yeterli de\u011fildir \u2014 istedi\u011finiz sonu\u00e7lar\u0131 elde edebilmeniz i\u00e7in uygulaman\u0131z\u0131n bulunabilir ve ayn\u0131 zamanda kullan\u0131c\u0131lar i\u00e7in cazip olmas\u0131 gerekir. <\/p>\n<p>ASO\u2019nun sa\u011flad\u0131\u011f\u0131 ba\u015fl\u0131ca faydalar \u015funlard\u0131r:<\/p>\n<ul>\n<li>Uygulama ma\u011fazas\u0131 aramalar\u0131nda daha y\u00fcksek g\u00f6r\u00fcn\u00fcrl\u00fck<\/li>\n<li>Tamamen reklamlara ba\u011f\u0131ml\u0131 kalmadan daha fazla organik indirme<\/li>\n<li>Ma\u011faza ziyaretlerinden indirmelere d\u00f6n\u00fc\u015f\u00fcm oran\u0131nda art\u0131\u015f<\/li>\n<li>Hedef kitleye daha etkili ula\u015f\u0131m<\/li>\n<li>Uygulama s\u0131ralamalar\u0131nda daha g\u00fc\u00e7l\u00fc rekabet<\/li>\n<\/ul>\n<\/div><\/div><\/div><div class=\"fusion-layout-column fusion_builder_column fusion-builder-column-4 fusion_builder_column_1_2 1_2 fusion-flex-column fusion-flex-align-self-center\" style=\"--awb-bg-size:cover;--awb-width-large:50%;--awb-margin-top-large:25px;--awb-spacing-right-large:3.84%;--awb-margin-bottom-large:25px;--awb-spacing-left-large:3.84%;--awb-width-medium:50%;--awb-order-medium:0;--awb-spacing-right-medium:3.84%;--awb-spacing-left-medium:3.84%;--awb-width-small:100%;--awb-order-small:1;--awb-spacing-right-small:1.92%;--awb-margin-bottom-small:10;--awb-spacing-left-small:1.92%;\" data-scroll-devices=\"small-visibility,medium-visibility,large-visibility\"><div class=\"fusion-column-wrapper fusion-column-has-shadow fusion-flex-justify-content-center fusion-content-layout-column\"><div class=\"fusion-image-element \" style=\"text-align:center;--awb-caption-title-font-family:var(--h2_typography-font-family);--awb-caption-title-font-weight:var(--h2_typography-font-weight);--awb-caption-title-font-style:var(--h2_typography-font-style);--awb-caption-title-size:var(--h2_typography-font-size);--awb-caption-title-transform:var(--h2_typography-text-transform);--awb-caption-title-line-height:var(--h2_typography-line-height);--awb-caption-title-letter-spacing:var(--h2_typography-letter-spacing);\"><span class=\" fusion-imageframe imageframe-none imageframe-2 hover-type-none\"><img decoding=\"async\" width=\"1440\" height=\"711\" title=\"raiser-all-parameters\" src=\"https:\/\/raisertools.com\/wp-content\/uploads\/2026\/01\/raiser-all-parameters.png\" alt class=\"img-responsive wp-image-2278\" srcset=\"https:\/\/raisertools.com\/wp-content\/uploads\/2026\/01\/raiser-all-parameters-200x99.png 200w, https:\/\/raisertools.com\/wp-content\/uploads\/2026\/01\/raiser-all-parameters-400x198.png 400w, https:\/\/raisertools.com\/wp-content\/uploads\/2026\/01\/raiser-all-parameters-600x296.png 600w, https:\/\/raisertools.com\/wp-content\/uploads\/2026\/01\/raiser-all-parameters-800x395.png 800w, https:\/\/raisertools.com\/wp-content\/uploads\/2026\/01\/raiser-all-parameters-1200x593.png 1200w, https:\/\/raisertools.com\/wp-content\/uploads\/2026\/01\/raiser-all-parameters.png 1440w\" sizes=\"(max-width: 640px) 100vw, 600px\" \/><\/span><\/div><\/div><\/div><div class=\"fusion-layout-column fusion_builder_column fusion-builder-column-5 fusion_builder_column_1_1 1_1 fusion-flex-column\" style=\"--awb-bg-size:cover;--awb-width-large:100%;--awb-margin-top-large:0px;--awb-spacing-right-large:1.92%;--awb-margin-bottom-large:0px;--awb-spacing-left-large:1.92%;--awb-width-medium:100%;--awb-order-medium:0;--awb-spacing-right-medium:1.92%;--awb-spacing-left-medium:1.92%;--awb-width-small:100%;--awb-order-small:3;--awb-spacing-right-small:1.92%;--awb-spacing-left-small:1.92%;\" data-scroll-devices=\"small-visibility,medium-visibility,large-visibility\"><div class=\"fusion-column-wrapper fusion-column-has-shadow fusion-flex-justify-content-flex-start fusion-content-layout-column\"><div class=\"accordian fusion-accordian\" style=\"--awb-border-size:1px;--awb-icon-size:16px;--awb-content-font-size:var(--awb-typography4-font-size);--awb-icon-alignment:left;--awb-hover-color:var(--awb-color2);--awb-border-color:var(--awb-color3);--awb-background-color:var(--awb-color1);--awb-divider-color:var(--awb-color3);--awb-divider-hover-color:var(--awb-color3);--awb-icon-color:var(--awb-color3);--awb-title-color:var(--awb-color5);--awb-content-color:var(--awb-color5);--awb-icon-box-color:rgba(255,200,0,0);--awb-toggle-hover-accent-color:var(--awb-color5);--awb-toggle-active-accent-color:var(--awb-color5);--awb-title-font-family:var(--awb-typography1-font-family);--awb-title-font-weight:var(--awb-typography1-font-weight);--awb-title-font-style:var(--awb-typography1-font-style);--awb-title-font-size:18px;--awb-content-font-family:var(--awb-typography4-font-family);--awb-content-font-weight:var(--awb-typography4-font-weight);--awb-content-font-style:var(--awb-typography4-font-style);\"><div class=\"panel-group fusion-toggle-icon-unboxed\" id=\"accordion-1645-1\"><div class=\"fusion-panel panel-default panel-3ab64f63f547c1c3f fusion-toggle-has-divider\" style=\"--awb-title-color:var(--awb-color5);\"><div class=\"panel-heading\"><h3 class=\"panel-title toggle\" id=\"toggle_3ab64f63f547c1c3f\"><a aria-expanded=\"false\" aria-controls=\"3ab64f63f547c1c3f\" role=\"button\" data-toggle=\"collapse\" data-target=\"#3ab64f63f547c1c3f\" href=\"#3ab64f63f547c1c3f\"><span class=\"fusion-toggle-icon-wrapper\" aria-hidden=\"true\"><i class=\"fa-fusion-box active-icon fa-angle-down fas\" aria-hidden=\"true\"><\/i><i class=\"fa-fusion-box inactive-icon fa-angle-right fas\" aria-hidden=\"true\"><\/i><\/span><span class=\"fusion-toggle-heading\">ASO\u2019nun Temel Unsurlar\u0131<\/span><\/a><\/h3><\/div><div id=\"3ab64f63f547c1c3f\" class=\"panel-collapse collapse \" aria-labelledby=\"toggle_3ab64f63f547c1c3f\"><div class=\"panel-body toggle-content fusion-clearfix\">\n<p>ASO\u2019nun temel bile\u015fenleri \u015funlard\u0131r:<\/p>\n<ol>\n<li><strong> Uygulama Ba\u015fl\u0131\u011f\u0131 ve Alt Ba\u015fl\u0131k (veya K\u0131sa A\u00e7\u0131klama)<\/strong><\/li>\n<\/ol>\n<p>Uygulama ba\u015fl\u0131\u011f\u0131, s\u0131ralamay\u0131 etkileyen en \u00f6nemli fakt\u00f6rlerden biridir. Ba\u015fl\u0131k, birincil anahtar kelimeyi i\u00e7ermeli, ayn\u0131 zamanda net ve markaya uygun olmal\u0131d\u0131r. Alt ba\u015fl\u0131k (iOS) veya k\u0131sa a\u00e7\u0131klama (Android) ise ba\u015fl\u0131\u011fa ek anahtar kelimelerle ve k\u0131sa bir de\u011fer \u00f6nerisiyle uygulaman\u0131n tan\u0131t\u0131m\u0131na destek sa\u011flar.  <\/p>\n<ol start=\"2\">\n<li><strong> Anahtar Kelime Alan\u0131 (Yaln\u0131zca Apple App Store i\u00e7in)<\/strong><\/li>\n<\/ol>\n<p>Apple, 100 karakterlik ayr\u0131 bir anahtar kelime alan\u0131 sunar. Bu alan\u0131 verimli kullanarak, ba\u015fl\u0131kta zaten yer alan kelimeleri tekrar etmeden ilgili anahtar kelimeleri ekleyebilirsiniz. \u00c7o\u011ful kelimeler yayg\u0131n olarak aranmad\u0131\u011f\u0131 s\u00fcrece tekil kelimeleri tercih edin.  <\/p>\n<ol start=\"3\">\n<li><strong> Uzun A\u00e7\u0131klama<\/strong><\/li>\n<\/ol>\n<p>Uzun a\u00e7\u0131klama, uygulaman\u0131n amac\u0131n\u0131, \u00f6zelliklerini ve sundu\u011fu faydalar\u0131 detayl\u0131 \u015fekilde anlatmaya yarar. Google Play\u2019de bu metin dizine eklenir ve arama s\u0131ralamalar\u0131n\u0131 do\u011frudan etkiler. Apple App Store\u2019da ise dizine eklenmez ancak kullan\u0131c\u0131lar\u0131 ikna ederek indirme oranlar\u0131n\u0131 art\u0131rmak a\u00e7\u0131s\u0131ndan h\u00e2l\u00e2 b\u00fcy\u00fck \u00f6neme sahiptir.  <\/p>\n<ol start=\"4\">\n<li><strong> App \u0130konu<\/strong><\/li>\n<\/ol>\n<p>Uygulama simgesi, kullan\u0131c\u0131lar\u0131n ald\u0131\u011f\u0131 ilk g\u00f6rsel izlenimdir. \u0130yi tasarlanm\u0131\u015f bir simge g\u00fcven olu\u015fturur, marka kalitesini yans\u0131t\u0131r ve indirme oranlar\u0131n\u0131 \u00f6nemli \u00f6l\u00e7\u00fcde etkileyebilir. <\/p>\n<ol start=\"5\">\n<li><strong> Ekran G\u00f6r\u00fcnt\u00fcleri ve Videolar<\/strong><\/li>\n<\/ol>\n<p>G\u00f6rsel \u00f6\u011feler, d\u00f6n\u00fc\u015f\u00fcm oranlar\u0131 \u00fczerinde b\u00fcy\u00fck etkiye sahiptir. Ekran g\u00f6r\u00fcnt\u00fcleri ve uygulama tan\u0131t\u0131m videolar\u0131, kullan\u0131c\u0131lar\u0131n uygulaman\u0131n aray\u00fcz\u00fcn\u00fc ve sundu\u011fu faydalar\u0131 h\u0131zl\u0131ca anlamalar\u0131na yard\u0131mc\u0131 olur; bu da indirme karar\u0131nda \u00f6nemli bir rol oynar. <\/p>\n<ol start=\"6\">\n<li><strong> Puanlar ve Yorumlar<\/strong><\/li>\n<\/ol>\n<p>Kullan\u0131c\u0131 geri bildirimleri, uygulaman\u0131z\u0131n hem s\u0131ralamas\u0131n\u0131 hem de g\u00fcvenilirli\u011fini etkiler. Y\u00fcksek puanlar, daha fazla g\u00f6r\u00fcn\u00fcrl\u00fck ve daha y\u00fcksek d\u00f6n\u00fc\u015f\u00fcm oranlar\u0131 sa\u011flar. <\/p>\n<ol start=\"7\">\n<li><strong> Uygulama G\u00fcncellemeleri ve Bak\u0131m\u0131<\/strong><\/li>\n<\/ol>\n<p>D\u00fczenli g\u00fcncellemeler, uygulaman\u0131n aktif olarak desteklendi\u011fini g\u00f6stererek kullan\u0131c\u0131 g\u00fcvenini art\u0131r\u0131r ve ma\u011faza g\u00f6r\u00fcn\u00fcrl\u00fc\u011f\u00fcn\u00fc olumlu y\u00f6nde etkiler. G\u00fcncelleme notlar\u0131n\u0131 anlaml\u0131 bilgilerle payla\u015fmak, kullan\u0131c\u0131lar\u0131n yeniliklerden haberdar olmas\u0131n\u0131 sa\u011flar. <\/p>\n<ol start=\"8\">\n<li><strong> Yerelle\u015ftirme<\/strong><\/li>\n<\/ol>\n<p>Uygulaman\u0131z\u0131n listelemesini farkl\u0131 b\u00f6lgelere uygun \u015fekilde \u00e7evirmek ve uyarlamak, k\u00fcresel eri\u015fimi ve alaka d\u00fczeyini art\u0131r\u0131r. Yerelle\u015ftirilmi\u015f listelemeler, uluslararas\u0131 pazarlarda genellikle daha iyi performans g\u00f6sterir. <\/p>\n<p>\u015eimdi uygulama ma\u011fazas\u0131 optimizasyonu i\u00e7in temel ipu\u00e7lar\u0131yla devam edelim\u2026<\/p>\n<\/div><\/div><\/div><div class=\"fusion-panel panel-default panel-db73040b843647759 fusion-toggle-has-divider\" style=\"--awb-title-color:var(--awb-color5);\"><div class=\"panel-heading\"><h3 class=\"panel-title toggle\" id=\"toggle_db73040b843647759\"><a aria-expanded=\"false\" aria-controls=\"db73040b843647759\" role=\"button\" data-toggle=\"collapse\" data-target=\"#db73040b843647759\" href=\"#db73040b843647759\"><span class=\"fusion-toggle-icon-wrapper\" aria-hidden=\"true\"><i class=\"fa-fusion-box active-icon fa-angle-down fas\" aria-hidden=\"true\"><\/i><i class=\"fa-fusion-box inactive-icon fa-angle-right fas\" aria-hidden=\"true\"><\/i><\/span><span class=\"fusion-toggle-heading\">ASO \u0130pu\u00e7lar\u0131<\/span><\/a><\/h3><\/div><div id=\"db73040b843647759\" class=\"panel-collapse collapse \" aria-labelledby=\"toggle_db73040b843647759\"><div class=\"panel-body toggle-content fusion-clearfix\">\n<p>\u0130\u015fte uygulama ma\u011fazas\u0131 optimizasyonu (ASO) \u00e7al\u0131\u015fmalar\u0131n\u0131z\u0131 daha etkili y\u00f6netmenize yard\u0131mc\u0131 olacak baz\u0131 ipu\u00e7lar\u0131:<\/p>\n<p><strong>Uygulama ba\u015fl\u0131\u011f\u0131n\u0131zda bir ana anahtar kelime hedefleyin.<\/strong><br \/>\nUygulaman\u0131z\u0131n temel i\u015flevini yans\u0131tan, m\u00fcmk\u00fcnse y\u00fcksek arama hacmine sahip bir kelime se\u00e7in. \u0130\u00e7eri\u011fi anahtar kelimeler ile doldurmaktan ka\u00e7\u0131n\u0131n \u2014 birden fazla terimi do\u011fal olmayan bir \u015fekilde metne s\u0131\u011fd\u0131rmaktansa, net ve fayda sa\u011flay\u0131c\u0131 olmaya \u00f6nem g\u00f6sterin. <\/p>\n<p><strong>Ba\u015fl\u0131k ve alt ba\u015fl\u0131\u011f\u0131n\u0131z\u0131 a\u00e7\u0131k ve \u00f6z tutun.<\/strong><br \/>\nHer iki alan da kullan\u0131c\u0131lara sundu\u011funuz de\u011feri h\u0131zl\u0131 ve net bir \u015fekilde iletebilmelidir. Kullan\u0131c\u0131lar\u0131 t\u0131klamaya te\u015fvik edecek \u00f6nemli bir \u00f6zellik ya da fayday\u0131 vurgulamak i\u00e7in, alt ba\u015fl\u0131k veya k\u0131sa a\u00e7\u0131klama b\u00f6l\u00fcm\u00fcn\u00fc kullanabilirsiniz. <\/p>\n<p><strong>Y\u00fcksek kaliteli ekran g\u00f6r\u00fcnt\u00fcleri ve uygulama tan\u0131t\u0131m videosu kullan\u0131n.<\/strong><br \/>\n\u0130lk 2\u20133 ekran g\u00f6r\u00fcnt\u00fcs\u00fc, uygulaman\u0131z\u0131n en dikkat \u00e7ekici \u00f6zelliklerini g\u00f6stermelidir. Her birini k\u0131sa ba\u015fl\u0131klar veya a\u00e7\u0131klamalar ile verin. K\u0131sa ve ilgi \u00e7ekici bir video \u00f6nizlemesi de, \u00f6zellikle d\u00f6n\u00fc\u015f\u00fcm oranlar\u0131n\u0131 art\u0131rmada etkili olabilir.  <\/p>\n<p><strong>Kullan\u0131c\u0131 yorumlar\u0131n\u0131 te\u015fvik edin ve y\u00f6netin.<\/strong><br \/>\nOlumlu bir deneyimin ard\u0131ndan, kullan\u0131c\u0131lar\u0131 \u0131srarc\u0131 olmayan bir \u015fekilde uygulaman\u0131z\u0131 puanlamaya y\u00f6nlendirin. Yorumlar\u0131 d\u00fczenli olarak takip etmeye \u00f6zen g\u00f6sterin- geri bildirimlere yan\u0131t vererek g\u00fcven olu\u015fturabilir, b\u00f6ylece kalite alg\u0131s\u0131n\u0131 g\u00fc\u00e7lendirebilirsiniz. <\/p>\n<p><strong>Uygulaman\u0131z\u0131 d\u00fczenli olarak g\u00fcncelleyin.<\/strong><br \/>\nD\u00fczenli g\u00fcncellemeler, hem kullan\u0131c\u0131 deneyimini iyile\u015ftirir hem de ma\u011faza g\u00f6r\u00fcn\u00fcrl\u00fc\u011f\u00fcn\u00fc art\u0131r\u0131r. Kullan\u0131c\u0131lar\u0131 yap\u0131lan iyile\u015ftirmeler hakk\u0131nda bilgilendirmek i\u00e7in g\u00fcncelleme notlar\u0131nda faydal\u0131 a\u00e7\u0131klamalara yer verin. <\/p>\n<p><strong>Farkl\u0131 pazarlar i\u00e7in yerelle\u015ftirme yap\u0131n.<\/strong><br \/>\nUygulaman\u0131z\u0131n ba\u015fl\u0131\u011f\u0131n\u0131, a\u00e7\u0131klamas\u0131n\u0131 ve g\u00f6rsel \u00f6\u011felerini b\u00f6lgesel dile ve k\u00fclt\u00fcrel tercihlere uygun \u015fekilde \u00e7evirin ve uyarlay\u0131n. Bu, uluslararas\u0131 pazarlarda indirme say\u0131s\u0131n\u0131 \u00f6nemli \u00f6l\u00e7\u00fcde art\u0131rabilir. <\/p>\n<p><strong>Performans\u0131 takip edin ve stratejinizi geli\u015ftirin.<\/strong><br \/>\nAnahtar kelime s\u0131ralamalar\u0131n\u0131, d\u00f6n\u00fc\u015f\u00fcm oranlar\u0131n\u0131 ve kullan\u0131c\u0131 davran\u0131\u015flar\u0131n\u0131 d\u00fczenli olarak izleyin. Elde etti\u011finiz performans verilerine g\u00f6re meta verilerinizi ve g\u00f6rsel i\u00e7eriklerinizi optimize edin.<\/p>\n<\/div><\/div><\/div><div class=\"fusion-panel panel-default panel-c550a3a70b6cd6616 fusion-toggle-has-divider\" style=\"--awb-title-color:var(--awb-color5);\"><div class=\"panel-heading\"><h3 class=\"panel-title toggle\" id=\"toggle_c550a3a70b6cd6616\"><a aria-expanded=\"false\" aria-controls=\"c550a3a70b6cd6616\" role=\"button\" data-toggle=\"collapse\" data-target=\"#c550a3a70b6cd6616\" href=\"#c550a3a70b6cd6616\"><span class=\"fusion-toggle-icon-wrapper\" aria-hidden=\"true\"><i class=\"fa-fusion-box active-icon fa-angle-down fas\" aria-hidden=\"true\"><\/i><i class=\"fa-fusion-box inactive-icon fa-angle-right fas\" aria-hidden=\"true\"><\/i><\/span><span class=\"fusion-toggle-heading\">Ka\u00e7\u0131n\u0131lmas\u0131 Gereken Yayg\u0131n ASO Hatalar\u0131<\/span><\/a><\/h3><\/div><div id=\"c550a3a70b6cd6616\" class=\"panel-collapse collapse \" aria-labelledby=\"toggle_c550a3a70b6cd6616\"><div class=\"panel-body toggle-content fusion-clearfix\">\n<p>Temel ASO ipu\u00e7lar\u0131n\u0131 ele ald\u0131k. \u015eimdi de ka\u00e7\u0131n\u0131lmas\u0131 gereken baz\u0131 yayg\u0131n ASO hatalar\u0131na g\u00f6z atal\u0131m:<\/p>\n<ul>\n<li>Anahtar kelime optimizasyonunu g\u00f6z ard\u0131 etmek<\/li>\n<li>Belirsiz veya alakas\u0131z ba\u015fl\u0131klar ve a\u00e7\u0131klamalar kullanmak<\/li>\n<li>Simge ve ekran g\u00f6r\u00fcnt\u00fcleri gibi g\u00f6rsel \u00f6\u011feleri ihmal etmek<\/li>\n<li>Uluslararas\u0131 kullan\u0131c\u0131lar i\u00e7in yerelle\u015ftirme yapmamak<\/li>\n<li>Uygulamay\u0131 d\u00fczenli olarak g\u00fcncellememek<\/li>\n<li>Kullan\u0131c\u0131 yorumlar\u0131n\u0131 ve puanlamalar\u0131 dikkate almamak<\/li>\n<\/ul>\n<\/div><\/div><\/div><div class=\"fusion-panel panel-default panel-7349eed84ad171cb5 fusion-toggle-has-divider\" style=\"--awb-title-color:var(--awb-color5);\"><div class=\"panel-heading\"><h3 class=\"panel-title toggle\" id=\"toggle_7349eed84ad171cb5\"><a aria-expanded=\"false\" aria-controls=\"7349eed84ad171cb5\" role=\"button\" data-toggle=\"collapse\" data-target=\"#7349eed84ad171cb5\" href=\"#7349eed84ad171cb5\"><span class=\"fusion-toggle-icon-wrapper\" aria-hidden=\"true\"><i class=\"fa-fusion-box active-icon fa-angle-down fas\" aria-hidden=\"true\"><\/i><i class=\"fa-fusion-box inactive-icon fa-angle-right fas\" aria-hidden=\"true\"><\/i><\/span><span class=\"fusion-toggle-heading\">ASO vs SEO<\/span><\/a><\/h3><\/div><div id=\"7349eed84ad171cb5\" class=\"panel-collapse collapse \" aria-labelledby=\"toggle_7349eed84ad171cb5\"><div class=\"panel-body toggle-content fusion-clearfix\">\n<p>ASO ve SEO benzer prensiplere sahip olsa da, farkl\u0131 platformlara uygulan\u0131rlar:<\/p>\n<table style=\"height: 156px;\" width=\"621\">\n<thead>\n<tr>\n<td><strong>Fakt\u00f6r<\/strong><\/td>\n<td><strong>ASO<\/strong><\/td>\n<td><strong>SEO<\/strong><\/td>\n<\/tr>\n<\/thead>\n<tbody>\n<tr>\n<td>Platform<\/td>\n<td>Uyguluma Ma\u011fazalar\u0131 (iOS, Android)<\/td>\n<td>Web arama motorlar\u0131<\/td>\n<\/tr>\n<tr>\n<td>S\u0131ralama \u0130\u015faretleri<\/td>\n<td>Anahtar Kelimeler, yorumlar, indirmeler<\/td>\n<td>Backlink&#8217;ler, i\u00e7erik, anahtar kelimeler<\/td>\n<\/tr>\n<tr>\n<td>\u0130\u00e7erik Format\u0131<\/td>\n<td>Ba\u015fl\u0131k, a\u00e7\u0131klama, medya<\/td>\n<td>Metin, HTML, meta bilgisi<\/td>\n<\/tr>\n<tr>\n<td>Hedef<\/td>\n<td>Uygulama \u0130ndirmeleri<\/td>\n<td>Web site trafi\u011fi<\/td>\n<\/tr>\n<\/tbody>\n<\/table>\n<p>ASO, daha \u00e7ok uygulama odakl\u0131 ve indirme hedefli \u00e7al\u0131\u015f\u0131rken; SEO, web trafi\u011fi ve ba\u011flant\u0131 otoritesine odaklan\u0131r. Elbette, dijital pazarlama \u00e7al\u0131\u015fmalar\u0131ndan en iyi sonu\u00e7lar\u0131 almak i\u00e7in her ikisi de vazge\u00e7ilmezdir.<\/p>\n<\/div><\/div><\/div><\/div><\/div><\/div><\/div><\/div><\/div>\n","protected":false},"excerpt":{"rendered":"","protected":false},"author":1,"featured_media":0,"parent":0,"menu_order":0,"comment_status":"closed","ping_status":"closed","template":"100-width.php","meta":{"_acf_changed":false,"footnotes":""},"class_list":["post-1645","page","type-page","status-publish","hentry"],"acf":[],"_links":{"self":[{"href":"https:\/\/raisertools.com\/tr\/wp-json\/wp\/v2\/pages\/1645","targetHints":{"allow":["GET"]}}],"collection":[{"href":"https:\/\/raisertools.com\/tr\/wp-json\/wp\/v2\/pages"}],"about":[{"href":"https:\/\/raisertools.com\/tr\/wp-json\/wp\/v2\/types\/page"}],"author":[{"embeddable":true,"href":"https:\/\/raisertools.com\/tr\/wp-json\/wp\/v2\/users\/1"}],"replies":[{"embeddable":true,"href":"https:\/\/raisertools.com\/tr\/wp-json\/wp\/v2\/comments?post=1645"}],"version-history":[{"count":11,"href":"https:\/\/raisertools.com\/tr\/wp-json\/wp\/v2\/pages\/1645\/revisions"}],"predecessor-version":[{"id":2356,"href":"https:\/\/raisertools.com\/tr\/wp-json\/wp\/v2\/pages\/1645\/revisions\/2356"}],"wp:attachment":[{"href":"https:\/\/raisertools.com\/tr\/wp-json\/wp\/v2\/media?parent=1645"}],"curies":[{"name":"wp","href":"https:\/\/api.w.org\/{rel}","templated":true}]}}