{"id":1575,"date":"2025-05-07T13:10:38","date_gmt":"2025-05-07T13:10:38","guid":{"rendered":"https:\/\/raisertools.com\/backlink-analizi\/"},"modified":"2025-09-04T12:15:02","modified_gmt":"2025-09-04T12:15:02","slug":"backlink-analizi","status":"publish","type":"page","link":"https:\/\/raisertools.com\/tr\/backlink-analizi\/","title":{"rendered":"Backlink Analizi"},"content":{"rendered":"<div class=\"fusion-fullwidth fullwidth-box fusion-builder-row-1 fusion-flex-container has-pattern-background has-mask-background nonhundred-percent-fullwidth non-hundred-percent-height-scrolling\" style=\"--awb-border-radius-top-left:0px;--awb-border-radius-top-right:0px;--awb-border-radius-bottom-right:0px;--awb-border-radius-bottom-left:0px;--awb-padding-top:20px;--awb-padding-right:0px;--awb-padding-bottom:60px;--awb-padding-left:0px;--awb-padding-right-small:0px;--awb-padding-bottom-small:0px;--awb-padding-left-small:0px;--awb-flex-wrap:wrap;\" ><div class=\"fusion-builder-row fusion-row fusion-flex-align-items-center fusion-flex-content-wrap\" style=\"max-width:1248px;margin-left: calc(-4% \/ 2 );margin-right: calc(-4% \/ 2 );\"><div class=\"fusion-layout-column fusion_builder_column fusion-builder-column-0 fusion_builder_column_1_1 1_1 fusion-flex-column\" style=\"--awb-bg-size:cover;--awb-width-large:100%;--awb-margin-top-large:0px;--awb-spacing-right-large:1.92%;--awb-margin-bottom-large:0px;--awb-spacing-left-large:1.92%;--awb-width-medium:100%;--awb-order-medium:0;--awb-spacing-right-medium:1.92%;--awb-spacing-left-medium:1.92%;--awb-width-small:100%;--awb-order-small:0;--awb-spacing-right-small:1.92%;--awb-margin-bottom-small:20px;--awb-spacing-left-small:1.92%;\" data-scroll-devices=\"small-visibility,medium-visibility,large-visibility\"><div class=\"fusion-column-wrapper fusion-column-has-shadow fusion-flex-justify-content-flex-start fusion-content-layout-column\"><div class=\"fusion-text fusion-text-1\" style=\"--awb-text-transform:var(--awb-typography4-text-transform);--awb-text-color:var(--awb-color5);\"><p>Raiser\u2019\u0131n kapsaml\u0131 backlink analizi \u00f6zelli\u011fiyle web sitenizin otoritesini, g\u00f6r\u00fcn\u00fcrl\u00fc\u011f\u00fcn\u00fc ve s\u0131ralama potansiyelini art\u0131rman\u0131z m\u00fcmk\u00fcn! Raiser, yaln\u0131zca linkleri tespit etmekle kalmay\u0131p, potansiyel m\u00fc\u015fterilerinizi sitenize y\u00f6nlendiren her bir backlink\u2019in kalitesini, alaka d\u00fczeyini ve g\u00fcvenilirli\u011fini detayl\u0131 bir \u015fekilde de\u011ferlendirir. Link profilinizi izlerken, zararl\u0131 ba\u011flant\u0131lar\u0131 tespit ederken, veya rakiplerinizin link stratejilerine g\u00f6z atarken, Raiser size uygulanabilir i\u00e7g\u00f6r\u00fcler sunarak g\u00fc\u00e7l\u00fc ve s\u00fcrd\u00fcr\u00fclebilir bir backlink stratejisi olu\u015fturman\u0131za yard\u0131mc\u0131 olur. B\u00f6ylece hem site otoritenizi g\u00fc\u00e7lendirir hem de uzun vadeli ba\u015far\u0131n\u0131za katk\u0131 sa\u011flaman\u0131z m\u00fcmk\u00fcn hale gelir.<\/p>\n<\/div><\/div><\/div><div class=\"fusion-layout-column fusion_builder_column fusion-builder-column-1 fusion_builder_column_1_3 1_3 fusion-flex-column\" style=\"--awb-padding-top:10px;--awb-padding-right:40px;--awb-padding-bottom:10px;--awb-padding-left:40px;--awb-overflow:hidden;--awb-bg-color:var(--awb-color2);--awb-bg-color-hover:var(--awb-color2);--awb-bg-size:cover;--awb-border-radius:24px 24px 24px 24px;--awb-width-large:33.333333333333%;--awb-margin-top-large:20px;--awb-spacing-right-large:5.76%;--awb-margin-bottom-large:20px;--awb-spacing-left-large:5.76%;--awb-width-medium:50%;--awb-order-medium:0;--awb-spacing-right-medium:3.84%;--awb-spacing-left-medium:3.84%;--awb-width-small:100%;--awb-order-small:0;--awb-spacing-right-small:1.92%;--awb-spacing-left-small:1.92%;\" data-scroll-devices=\"small-visibility,medium-visibility,large-visibility\"><div class=\"fusion-column-wrapper fusion-column-has-shadow fusion-flex-justify-content-center fusion-content-layout-column\"><div class=\"fusion-title title fusion-title-1 fusion-sep-none fusion-title-center fusion-title-text fusion-title-size-three\" style=\"--awb-text-color:#313131;--awb-margin-top:0px;--awb-margin-bottom:0px;--awb-margin-top-small:0px;--awb-sep-color:#e8e9ea;--awb-font-size:20px;\"><h3 class=\"fusion-title-heading title-heading-center\" style=\"margin:0;font-size:1em;letter-spacing:-0.014em;text-transform:none;line-height:1.48;\">Maliyet ve \u0130\u015f G\u00fcc\u00fc<\/h3><\/div><div class=\"fusion-title title fusion-title-2 fusion-sep-none fusion-title-center fusion-title-text fusion-title-size-div\" style=\"--awb-text-color:#313131;--awb-margin-top:0px;--awb-margin-bottom:0px;--awb-sep-color:#e8e9ea;--awb-font-size:80px;\"><div class=\"fusion-title-heading title-heading-center title-heading-tag\" style=\"margin:0;font-size:1em;letter-spacing:-0.03em;text-transform:capitalize;line-height:1.16;\">%65<\/div><\/div><div class=\"fusion-text fusion-text-2 fusion-text-no-margin\" style=\"--awb-content-alignment:center;--awb-font-size:16px;--awb-line-height:1.4;--awb-letter-spacing:0px;--awb-text-transform:var(--awb-typography4-text-transform);--awb-text-color:#313131;--awb-margin-bottom:0px;\"><p>azal\u0131\u015f<\/p>\n<\/div><\/div><\/div><div class=\"fusion-layout-column fusion_builder_column fusion-builder-column-2 fusion_builder_column_1_3 1_3 fusion-flex-column\" style=\"--awb-padding-top:10px;--awb-padding-right:40px;--awb-padding-bottom:10px;--awb-padding-left:40px;--awb-overflow:hidden;--awb-bg-color:var(--awb-color3);--awb-bg-color-hover:var(--awb-color3);--awb-bg-image:linear-gradient(136deg, #fbc537 50%,hsla(calc(43 + 5),calc(96% + 10%),60%,100%) 100%);--awb-bg-size:cover;--awb-border-radius:24px 24px 24px 24px;--awb-width-large:33.333333333333%;--awb-margin-top-large:20px;--awb-spacing-right-large:5.76%;--awb-margin-bottom-large:20px;--awb-spacing-left-large:5.76%;--awb-width-medium:100%;--awb-order-medium:0;--awb-spacing-right-medium:1.92%;--awb-spacing-left-medium:1.92%;--awb-width-small:100%;--awb-order-small:0;--awb-spacing-right-small:1.92%;--awb-spacing-left-small:1.92%;\" data-scroll-devices=\"small-visibility,medium-visibility,large-visibility\"><div class=\"fusion-column-wrapper fusion-column-has-shadow fusion-flex-justify-content-flex-start fusion-content-layout-column\"><div class=\"fusion-title title fusion-title-3 fusion-sep-none fusion-title-center fusion-title-text fusion-title-size-three\" style=\"--awb-text-color:#313131;--awb-margin-top:0px;--awb-margin-bottom:0px;--awb-margin-top-small:0px;--awb-sep-color:#e8e9ea;--awb-font-size:20px;\"><h3 class=\"fusion-title-heading title-heading-center\" style=\"margin:0;font-size:1em;letter-spacing:-0.014em;text-transform:capitalize;line-height:1.48;\">D\u00f6n\u00fc\u015f\u00fcm<\/h3><\/div><div class=\"fusion-title title fusion-title-4 fusion-sep-none fusion-title-center fusion-title-text fusion-title-size-div\" style=\"--awb-text-color:#313131;--awb-margin-top:0px;--awb-margin-bottom:0px;--awb-sep-color:#e8e9ea;--awb-font-size:80px;\"><div class=\"fusion-title-heading title-heading-center title-heading-tag\" style=\"margin:0;font-size:1em;letter-spacing:-0.03em;text-transform:capitalize;line-height:1.16;\">%54<\/div><\/div><div class=\"fusion-text fusion-text-3 fusion-text-no-margin\" style=\"--awb-content-alignment:center;--awb-font-size:16px;--awb-line-height:1.4;--awb-letter-spacing:0px;--awb-text-transform:var(--awb-typography4-text-transform);--awb-text-color:#313131;--awb-margin-bottom:0px;\"><p>art\u0131\u015f<\/p>\n<\/div><\/div><\/div><div class=\"fusion-layout-column fusion_builder_column fusion-builder-column-3 fusion_builder_column_1_3 1_3 fusion-flex-column\" style=\"--awb-padding-top:10px;--awb-padding-right:40px;--awb-padding-bottom:10px;--awb-padding-left:40px;--awb-overflow:hidden;--awb-bg-color:var(--awb-color5);--awb-bg-color-hover:var(--awb-color5);--awb-bg-size:cover;--awb-border-radius:24px 24px 24px 24px;--awb-width-large:33.333333333333%;--awb-margin-top-large:20px;--awb-spacing-right-large:5.76%;--awb-margin-bottom-large:20px;--awb-spacing-left-large:5.76%;--awb-width-medium:50%;--awb-order-medium:0;--awb-spacing-right-medium:3.84%;--awb-spacing-left-medium:3.84%;--awb-width-small:100%;--awb-order-small:0;--awb-spacing-right-small:1.92%;--awb-spacing-left-small:1.92%;\" data-scroll-devices=\"small-visibility,medium-visibility,large-visibility\"><div class=\"fusion-column-wrapper fusion-column-has-shadow fusion-flex-justify-content-center fusion-content-layout-column\"><div class=\"fusion-title title fusion-title-5 fusion-sep-none fusion-title-center fusion-title-text fusion-title-size-three\" style=\"--awb-text-color:var(--awb-color3);--awb-margin-top:0px;--awb-margin-bottom:0px;--awb-margin-top-small:0px;--awb-sep-color:#e8e9ea;--awb-font-size:20px;\"><h3 class=\"fusion-title-heading title-heading-center\" style=\"margin:0;font-size:1em;letter-spacing:-0.014em;text-transform:capitalize;line-height:1.48;\">Pazar Pay\u0131<\/h3><\/div><div class=\"fusion-title title fusion-title-6 fusion-sep-none fusion-title-center fusion-title-text fusion-title-size-div\" style=\"--awb-text-color:var(--awb-color3);--awb-margin-top:0px;--awb-margin-bottom:0px;--awb-sep-color:#e8e9ea;--awb-font-size:80px;\"><div class=\"fusion-title-heading title-heading-center title-heading-tag\" style=\"margin:0;font-size:1em;letter-spacing:-0.03em;text-transform:capitalize;line-height:1.16;\">%22<\/div><\/div><div class=\"fusion-text fusion-text-4 fusion-text-no-margin\" style=\"--awb-content-alignment:center;--awb-font-size:16px;--awb-line-height:1.4;--awb-letter-spacing:0px;--awb-text-transform:var(--awb-typography4-text-transform);--awb-text-color:var(--awb-color3);--awb-margin-bottom:0px;\"><p>art\u0131\u015f<\/p>\n<\/div><\/div><\/div><div class=\"fusion-layout-column fusion_builder_column fusion-builder-column-4 fusion_builder_column_1_2 1_2 fusion-flex-column fusion-flex-align-self-center\" style=\"--awb-bg-size:cover;--awb-width-large:50%;--awb-margin-top-large:25px;--awb-spacing-right-large:3.84%;--awb-margin-bottom-large:25px;--awb-spacing-left-large:3.84%;--awb-width-medium:50%;--awb-order-medium:0;--awb-spacing-right-medium:3.84%;--awb-spacing-left-medium:3.84%;--awb-width-small:100%;--awb-order-small:0;--awb-spacing-right-small:1.92%;--awb-margin-bottom-small:10;--awb-spacing-left-small:1.92%;\" data-scroll-devices=\"small-visibility,medium-visibility,large-visibility\"><div class=\"fusion-column-wrapper fusion-column-has-shadow fusion-flex-justify-content-center fusion-content-layout-column\"><div class=\"fusion-image-element \" style=\"text-align:center;--awb-caption-title-font-family:var(--h2_typography-font-family);--awb-caption-title-font-weight:var(--h2_typography-font-weight);--awb-caption-title-font-style:var(--h2_typography-font-style);--awb-caption-title-size:var(--h2_typography-font-size);--awb-caption-title-transform:var(--h2_typography-text-transform);--awb-caption-title-line-height:var(--h2_typography-line-height);--awb-caption-title-letter-spacing:var(--h2_typography-letter-spacing);\"><span class=\" fusion-imageframe imageframe-none imageframe-1 hover-type-none\"><img decoding=\"async\" width=\"1294\" height=\"711\" title=\"one-click-report\" src=\"https:\/\/raisertools.com\/wp-content\/uploads\/2025\/05\/one-click-report.png\" alt class=\"img-responsive wp-image-1274\" srcset=\"https:\/\/raisertools.com\/wp-content\/uploads\/2025\/05\/one-click-report-200x110.png 200w, https:\/\/raisertools.com\/wp-content\/uploads\/2025\/05\/one-click-report-400x220.png 400w, https:\/\/raisertools.com\/wp-content\/uploads\/2025\/05\/one-click-report-600x330.png 600w, https:\/\/raisertools.com\/wp-content\/uploads\/2025\/05\/one-click-report-800x440.png 800w, https:\/\/raisertools.com\/wp-content\/uploads\/2025\/05\/one-click-report-1200x659.png 1200w, https:\/\/raisertools.com\/wp-content\/uploads\/2025\/05\/one-click-report.png 1294w\" sizes=\"(max-width: 640px) 100vw, 600px\" \/><\/span><\/div><\/div><\/div><div class=\"fusion-layout-column fusion_builder_column fusion-builder-column-5 fusion_builder_column_1_2 1_2 fusion-flex-column fusion-flex-align-self-center\" style=\"--awb-padding-top-small:20px;--awb-padding-bottom-small:20px;--awb-bg-size:cover;--awb-width-large:50%;--awb-margin-top-large:25px;--awb-spacing-right-large:3.84%;--awb-margin-bottom-large:25px;--awb-spacing-left-large:3.84%;--awb-width-medium:50%;--awb-order-medium:0;--awb-spacing-right-medium:3.84%;--awb-spacing-left-medium:3.84%;--awb-width-small:100%;--awb-order-small:0;--awb-spacing-right-small:1.92%;--awb-spacing-left-small:1.92%;\" data-scroll-devices=\"small-visibility,medium-visibility,large-visibility\"><div class=\"fusion-column-wrapper fusion-column-has-shadow fusion-flex-justify-content-center fusion-content-layout-column\"><div class=\"fusion-title title fusion-title-7 fusion-sep-none fusion-title-text fusion-title-size-four\" style=\"--awb-margin-top:0px;--awb-margin-bottom:10px;\"><h4 class=\"fusion-title-heading title-heading-left\" style=\"margin:0;\">Ba\u011flanti Otoritesini Kolayca \u00d6\u011frenin<\/h4><\/div><div class=\"fusion-text fusion-text-5 fusion-text-no-margin\" style=\"--awb-content-alignment:left;\"><p>Y\u00fcksek otoriteli web sitelerinden al\u0131nan referanslar sitenizin otoritesini art\u0131r\u0131rken, d\u00fc\u015f\u00fck otoriteli platformlardan gelen ba\u011flant\u0131lar tam tersi etki yaratarak dijital pazarlama \u00e7al\u0131\u015fmalar\u0131n\u0131za zarar verebilir. Raiser ile sitenize y\u00f6nlendirilen backlink\u2019lerin otoritesini kolayca g\u00f6rebilir ve her bir ba\u011flant\u0131n\u0131n potansiyel katk\u0131s\u0131n\u0131 de\u011ferlendirebilirsiniz.<\/p>\n<\/div><\/div><\/div><div class=\"fusion-layout-column fusion_builder_column fusion-builder-column-6 fusion_builder_column_1_2 1_2 fusion-flex-column fusion-flex-align-self-center\" style=\"--awb-padding-top-small:20px;--awb-padding-bottom-small:20px;--awb-bg-size:cover;--awb-width-large:50%;--awb-margin-top-large:25px;--awb-spacing-right-large:3.84%;--awb-margin-bottom-large:25px;--awb-spacing-left-large:3.84%;--awb-width-medium:50%;--awb-order-medium:0;--awb-spacing-right-medium:3.84%;--awb-spacing-left-medium:3.84%;--awb-width-small:100%;--awb-order-small:2;--awb-spacing-right-small:1.92%;--awb-spacing-left-small:1.92%;\" data-scroll-devices=\"small-visibility,medium-visibility,large-visibility\"><div class=\"fusion-column-wrapper fusion-column-has-shadow fusion-flex-justify-content-center fusion-content-layout-column\"><div class=\"fusion-title title fusion-title-8 fusion-sep-none fusion-title-text fusion-title-size-four\" style=\"--awb-margin-bottom:20px;\"><h4 class=\"fusion-title-heading title-heading-left\" style=\"margin:0;\">Toksik Backlink&#8217;lerden Kurtulun<\/h4><\/div><div class=\"fusion-text fusion-text-6 fusion-text-no-margin\" style=\"--awb-content-alignment:left;\"><p>Toksik backlink\u2019ler web sitenize ciddi zarar vererek dijital pazarlama \u00e7al\u0131\u015fmalar\u0131n\u0131z\u0131 sekteye u\u011fratabilir. Raiser sayesinde bu zararl\u0131 ba\u011flant\u0131lar\u0131n hangi sitelerden geldi\u011fini ve hangi anchor text (ba\u011flant\u0131 metni) ile kullan\u0131ld\u0131\u011f\u0131n\u0131 kolayca tespit edebilirsiniz. B\u00f6ylece h\u0131zl\u0131ca harekete ge\u00e7erek bu ba\u011flant\u0131lar\u0131 kald\u0131rabilir veya disavow i\u015flemiyle etkisiz hale getirebilirsiniz.<\/p>\n<\/div><\/div><\/div><div class=\"fusion-layout-column fusion_builder_column fusion-builder-column-7 fusion_builder_column_1_2 1_2 fusion-flex-column fusion-flex-align-self-center\" style=\"--awb-bg-size:cover;--awb-width-large:50%;--awb-margin-top-large:25px;--awb-spacing-right-large:3.84%;--awb-margin-bottom-large:25px;--awb-spacing-left-large:3.84%;--awb-width-medium:50%;--awb-order-medium:0;--awb-spacing-right-medium:3.84%;--awb-spacing-left-medium:3.84%;--awb-width-small:100%;--awb-order-small:1;--awb-spacing-right-small:1.92%;--awb-margin-bottom-small:10;--awb-spacing-left-small:1.92%;\" data-scroll-devices=\"small-visibility,medium-visibility,large-visibility\"><div class=\"fusion-column-wrapper fusion-column-has-shadow fusion-flex-justify-content-center fusion-content-layout-column\"><div class=\"fusion-image-element \" style=\"text-align:center;--awb-caption-title-font-family:var(--h2_typography-font-family);--awb-caption-title-font-weight:var(--h2_typography-font-weight);--awb-caption-title-font-style:var(--h2_typography-font-style);--awb-caption-title-size:var(--h2_typography-font-size);--awb-caption-title-transform:var(--h2_typography-text-transform);--awb-caption-title-line-height:var(--h2_typography-line-height);--awb-caption-title-letter-spacing:var(--h2_typography-letter-spacing);\"><span class=\" fusion-imageframe imageframe-none imageframe-2 hover-type-none\"><img decoding=\"async\" width=\"1294\" height=\"711\" title=\"one-click-report\" src=\"https:\/\/raisertools.com\/wp-content\/uploads\/2025\/05\/one-click-report.png\" alt class=\"img-responsive wp-image-1274\" srcset=\"https:\/\/raisertools.com\/wp-content\/uploads\/2025\/05\/one-click-report-200x110.png 200w, https:\/\/raisertools.com\/wp-content\/uploads\/2025\/05\/one-click-report-400x220.png 400w, https:\/\/raisertools.com\/wp-content\/uploads\/2025\/05\/one-click-report-600x330.png 600w, https:\/\/raisertools.com\/wp-content\/uploads\/2025\/05\/one-click-report-800x440.png 800w, https:\/\/raisertools.com\/wp-content\/uploads\/2025\/05\/one-click-report-1200x659.png 1200w, https:\/\/raisertools.com\/wp-content\/uploads\/2025\/05\/one-click-report.png 1294w\" sizes=\"(max-width: 640px) 100vw, 600px\" \/><\/span><\/div><\/div><\/div><div class=\"fusion-layout-column fusion_builder_column fusion-builder-column-8 fusion_builder_column_1_2 1_2 fusion-flex-column fusion-flex-align-self-center\" style=\"--awb-bg-size:cover;--awb-width-large:50%;--awb-margin-top-large:25px;--awb-spacing-right-large:3.84%;--awb-margin-bottom-large:25px;--awb-spacing-left-large:3.84%;--awb-width-medium:50%;--awb-order-medium:0;--awb-spacing-right-medium:3.84%;--awb-spacing-left-medium:3.84%;--awb-width-small:100%;--awb-order-small:1;--awb-spacing-right-small:1.92%;--awb-margin-bottom-small:10;--awb-spacing-left-small:1.92%;\" data-scroll-devices=\"small-visibility,medium-visibility,large-visibility\"><div class=\"fusion-column-wrapper fusion-column-has-shadow fusion-flex-justify-content-center fusion-content-layout-column\"><div class=\"fusion-image-element \" style=\"text-align:center;--awb-caption-title-font-family:var(--h2_typography-font-family);--awb-caption-title-font-weight:var(--h2_typography-font-weight);--awb-caption-title-font-style:var(--h2_typography-font-style);--awb-caption-title-size:var(--h2_typography-font-size);--awb-caption-title-transform:var(--h2_typography-text-transform);--awb-caption-title-line-height:var(--h2_typography-line-height);--awb-caption-title-letter-spacing:var(--h2_typography-letter-spacing);\"><span class=\" fusion-imageframe imageframe-none imageframe-3 hover-type-none\"><img decoding=\"async\" width=\"1294\" height=\"711\" title=\"one-click-report\" src=\"https:\/\/raisertools.com\/wp-content\/uploads\/2025\/05\/one-click-report.png\" alt class=\"img-responsive wp-image-1274\" srcset=\"https:\/\/raisertools.com\/wp-content\/uploads\/2025\/05\/one-click-report-200x110.png 200w, https:\/\/raisertools.com\/wp-content\/uploads\/2025\/05\/one-click-report-400x220.png 400w, https:\/\/raisertools.com\/wp-content\/uploads\/2025\/05\/one-click-report-600x330.png 600w, https:\/\/raisertools.com\/wp-content\/uploads\/2025\/05\/one-click-report-800x440.png 800w, https:\/\/raisertools.com\/wp-content\/uploads\/2025\/05\/one-click-report-1200x659.png 1200w, https:\/\/raisertools.com\/wp-content\/uploads\/2025\/05\/one-click-report.png 1294w\" sizes=\"(max-width: 640px) 100vw, 600px\" \/><\/span><\/div><\/div><\/div><div class=\"fusion-layout-column fusion_builder_column fusion-builder-column-9 fusion_builder_column_1_2 1_2 fusion-flex-column fusion-flex-align-self-center\" style=\"--awb-padding-top-small:20px;--awb-padding-bottom-small:20px;--awb-bg-size:cover;--awb-width-large:50%;--awb-margin-top-large:25px;--awb-spacing-right-large:3.84%;--awb-margin-bottom-large:25px;--awb-spacing-left-large:3.84%;--awb-width-medium:50%;--awb-order-medium:0;--awb-spacing-right-medium:3.84%;--awb-spacing-left-medium:3.84%;--awb-width-small:100%;--awb-order-small:2;--awb-spacing-right-small:1.92%;--awb-spacing-left-small:1.92%;\" data-scroll-devices=\"small-visibility,medium-visibility,large-visibility\"><div class=\"fusion-column-wrapper fusion-column-has-shadow fusion-flex-justify-content-center fusion-content-layout-column\"><div class=\"fusion-title title fusion-title-9 fusion-sep-none fusion-title-text fusion-title-size-four\" style=\"--awb-margin-bottom:20px;\"><h4 class=\"fusion-title-heading title-heading-left\" style=\"margin:0;\">Domain Authority Analizi Yap\u0131n<\/h4><\/div><div class=\"fusion-text fusion-text-7 fusion-text-no-margin\" style=\"--awb-content-alignment:left;\"><p>Domain authority (alan ad\u0131 otoritesi), sitenizin arama motoru sonu\u00e7lar\u0131ndaki ba\u015far\u0131s\u0131nda kritik bir rol oynar. Raiser ile web sitenizin domain authority skorunu analiz edebilir, backlink\u2019lerinizin bu skora nas\u0131l etki etti\u011fini g\u00f6rebilir ve sonu\u00e7lar\u0131 rakiplerinizle kar\u015f\u0131la\u015ft\u0131rabilirsiniz.<\/p>\n<\/div><\/div><\/div><\/div><\/div>\n","protected":false},"excerpt":{"rendered":"","protected":false},"author":1,"featured_media":0,"parent":0,"menu_order":0,"comment_status":"closed","ping_status":"closed","template":"100-width.php","meta":{"_acf_changed":false,"footnotes":""},"class_list":["post-1575","page","type-page","status-publish","hentry"],"acf":[],"_links":{"self":[{"href":"https:\/\/raisertools.com\/tr\/wp-json\/wp\/v2\/pages\/1575","targetHints":{"allow":["GET"]}}],"collection":[{"href":"https:\/\/raisertools.com\/tr\/wp-json\/wp\/v2\/pages"}],"about":[{"href":"https:\/\/raisertools.com\/tr\/wp-json\/wp\/v2\/types\/page"}],"author":[{"embeddable":true,"href":"https:\/\/raisertools.com\/tr\/wp-json\/wp\/v2\/users\/1"}],"replies":[{"embeddable":true,"href":"https:\/\/raisertools.com\/tr\/wp-json\/wp\/v2\/comments?post=1575"}],"version-history":[{"count":5,"href":"https:\/\/raisertools.com\/tr\/wp-json\/wp\/v2\/pages\/1575\/revisions"}],"predecessor-version":[{"id":2184,"href":"https:\/\/raisertools.com\/tr\/wp-json\/wp\/v2\/pages\/1575\/revisions\/2184"}],"wp:attachment":[{"href":"https:\/\/raisertools.com\/tr\/wp-json\/wp\/v2\/media?parent=1575"}],"curies":[{"name":"wp","href":"https:\/\/api.w.org\/{rel}","templated":true}]}}