{"id":1561,"date":"2025-05-05T21:29:30","date_gmt":"2025-05-05T21:29:30","guid":{"rendered":"https:\/\/raisertools.com\/seo-analiz\/"},"modified":"2025-09-04T12:35:01","modified_gmt":"2025-09-04T12:35:01","slug":"seo-analizi","status":"publish","type":"page","link":"https:\/\/raisertools.com\/tr\/seo-analizi\/","title":{"rendered":"SEO Analizi"},"content":{"rendered":"<div class=\"fusion-fullwidth fullwidth-box fusion-builder-row-1 fusion-flex-container has-pattern-background has-mask-background nonhundred-percent-fullwidth non-hundred-percent-height-scrolling\" style=\"--awb-border-radius-top-left:0px;--awb-border-radius-top-right:0px;--awb-border-radius-bottom-right:0px;--awb-border-radius-bottom-left:0px;--awb-padding-top:20px;--awb-padding-right:0px;--awb-padding-bottom:60px;--awb-padding-left:0px;--awb-flex-wrap:wrap;\" ><div class=\"fusion-builder-row fusion-row fusion-flex-align-items-center fusion-flex-content-wrap\" style=\"max-width:1248px;margin-left: calc(-4% \/ 2 );margin-right: calc(-4% \/ 2 );\"><div class=\"fusion-layout-column fusion_builder_column fusion-builder-column-0 fusion_builder_column_1_1 1_1 fusion-flex-column\" style=\"--awb-bg-size:cover;--awb-width-large:100%;--awb-margin-top-large:0px;--awb-spacing-right-large:1.92%;--awb-margin-bottom-large:0px;--awb-spacing-left-large:1.92%;--awb-width-medium:100%;--awb-order-medium:0;--awb-spacing-right-medium:1.92%;--awb-spacing-left-medium:1.92%;--awb-width-small:100%;--awb-order-small:0;--awb-spacing-right-small:1.92%;--awb-margin-bottom-small:60px;--awb-spacing-left-small:1.92%;\" data-scroll-devices=\"small-visibility,medium-visibility,large-visibility\"><div class=\"fusion-column-wrapper fusion-column-has-shadow fusion-flex-justify-content-flex-start fusion-content-layout-column\"><div class=\"fusion-text fusion-text-1\" style=\"--awb-text-transform:var(--awb-typography4-text-transform);--awb-text-color:var(--awb-color5);\"><p>Organik arama sonu\u00e7lar\u0131nda ba\u015far\u0131ya ula\u015fman\u0131n ilk ve belki de en kritik ad\u0131m\u0131 kapsaml\u0131 bir SEO analizidir. Raiser\u2019\u0131n kapsaml\u0131 SEO analiz \u00f6zelli\u011fi, web sitenizin potansiyelini tam anlam\u0131yla ortaya \u00e7\u0131karmak i\u00e7in tasarlanm\u0131\u015f, pek \u00e7ok farkl\u0131 SEO parametresini de\u011ferlendiren kapsaml\u0131 bir \u00e7\u00f6z\u00fcmd\u00fcr. Sadece birka\u00e7 t\u0131klamayla, Raiser size sitenizin mevcut SEO performans\u0131n\u0131n ayr\u0131nt\u0131l\u0131 bir d\u00f6k\u00fcm\u00fcn\u00fc sunarak g\u00fc\u00e7l\u00fc y\u00f6nleri, geli\u015ftirilmesi gereken alanlar\u0131 ve acil m\u00fcdahale gerektiren sorunlar\u0131 net bir \u015fekilde g\u00f6sterir. Raiser&#8217;\u0131n geli\u015fmi\u015f analiz \u00f6zelli\u011fi ve kullan\u0131c\u0131 dostu aray\u00fcz\u00fc sayesinde, sitenizin arama motoru standartlar\u0131na daha uyumlu olabilmesi i\u00e7in neler yapman\u0131z gerekti\u011fini g\u00f6rebilir, organik ba\u015far\u0131ya ula\u015fmak i\u00e7in hemen aksiyon alabilirsiniz!<\/p>\n<\/div><\/div><\/div><div class=\"fusion-layout-column fusion_builder_column fusion-builder-column-1 fusion_builder_column_1_3 1_3 fusion-flex-column\" style=\"--awb-padding-top:10px;--awb-padding-right:40px;--awb-padding-bottom:10px;--awb-padding-left:40px;--awb-overflow:hidden;--awb-bg-color:var(--awb-color2);--awb-bg-color-hover:var(--awb-color2);--awb-bg-size:cover;--awb-border-radius:24px 24px 24px 24px;--awb-width-large:33.333333333333%;--awb-margin-top-large:20px;--awb-spacing-right-large:5.76%;--awb-margin-bottom-large:20px;--awb-spacing-left-large:5.76%;--awb-width-medium:50%;--awb-order-medium:0;--awb-spacing-right-medium:3.84%;--awb-spacing-left-medium:3.84%;--awb-width-small:100%;--awb-order-small:0;--awb-spacing-right-small:1.92%;--awb-spacing-left-small:1.92%;\" data-scroll-devices=\"small-visibility,medium-visibility,large-visibility\"><div class=\"fusion-column-wrapper fusion-column-has-shadow fusion-flex-justify-content-center fusion-content-layout-column\"><div class=\"fusion-title title fusion-title-1 fusion-sep-none fusion-title-center fusion-title-text fusion-title-size-three\" style=\"--awb-text-color:#313131;--awb-margin-top:0px;--awb-margin-bottom:0px;--awb-margin-top-small:0px;--awb-sep-color:#e8e9ea;--awb-font-size:20px;\"><h3 class=\"fusion-title-heading title-heading-center\" style=\"margin:0;font-size:1em;letter-spacing:-0.014em;text-transform:none;line-height:1.48;\">Maliyet ve \u0130\u015f G\u00fcc\u00fc<\/h3><\/div><div class=\"fusion-title title fusion-title-2 fusion-sep-none fusion-title-center fusion-title-text fusion-title-size-div\" style=\"--awb-text-color:#313131;--awb-margin-top:0px;--awb-margin-bottom:0px;--awb-sep-color:#e8e9ea;--awb-font-size:80px;\"><div class=\"fusion-title-heading title-heading-center title-heading-tag\" style=\"margin:0;font-size:1em;letter-spacing:-0.03em;text-transform:capitalize;line-height:1.16;\">%65<\/div><\/div><div class=\"fusion-text fusion-text-2 fusion-text-no-margin\" style=\"--awb-content-alignment:center;--awb-font-size:16px;--awb-line-height:1.4;--awb-letter-spacing:0px;--awb-text-transform:var(--awb-typography4-text-transform);--awb-text-color:#313131;--awb-margin-bottom:0px;\"><p>azal\u0131\u015f<\/p>\n<\/div><\/div><\/div><div class=\"fusion-layout-column fusion_builder_column fusion-builder-column-2 fusion_builder_column_1_3 1_3 fusion-flex-column\" style=\"--awb-padding-top:10px;--awb-padding-right:40px;--awb-padding-bottom:10px;--awb-padding-left:40px;--awb-overflow:hidden;--awb-bg-color:var(--awb-color3);--awb-bg-color-hover:var(--awb-color3);--awb-bg-image:linear-gradient(136deg, #fbc537 50%,hsla(calc(43 + 5),calc(96% + 10%),60%,100%) 100%);--awb-bg-size:cover;--awb-border-radius:24px 24px 24px 24px;--awb-width-large:33.333333333333%;--awb-margin-top-large:20px;--awb-spacing-right-large:5.76%;--awb-margin-bottom-large:20px;--awb-spacing-left-large:5.76%;--awb-width-medium:100%;--awb-order-medium:0;--awb-spacing-right-medium:1.92%;--awb-spacing-left-medium:1.92%;--awb-width-small:100%;--awb-order-small:0;--awb-spacing-right-small:1.92%;--awb-spacing-left-small:1.92%;\" data-scroll-devices=\"small-visibility,medium-visibility,large-visibility\"><div class=\"fusion-column-wrapper fusion-column-has-shadow fusion-flex-justify-content-flex-start fusion-content-layout-column\"><div class=\"fusion-title title fusion-title-3 fusion-sep-none fusion-title-center fusion-title-text fusion-title-size-three\" style=\"--awb-text-color:#313131;--awb-margin-top:0px;--awb-margin-bottom:0px;--awb-margin-top-small:0px;--awb-sep-color:#e8e9ea;--awb-font-size:20px;\"><h3 class=\"fusion-title-heading title-heading-center\" style=\"margin:0;font-size:1em;letter-spacing:-0.014em;text-transform:capitalize;line-height:1.48;\">D\u00f6n\u00fc\u015f\u00fcm<\/h3><\/div><div class=\"fusion-title title fusion-title-4 fusion-sep-none fusion-title-center fusion-title-text fusion-title-size-div\" style=\"--awb-text-color:#313131;--awb-margin-top:0px;--awb-margin-bottom:0px;--awb-sep-color:#e8e9ea;--awb-font-size:80px;\"><div class=\"fusion-title-heading title-heading-center title-heading-tag\" style=\"margin:0;font-size:1em;letter-spacing:-0.03em;text-transform:capitalize;line-height:1.16;\">%54<\/div><\/div><div class=\"fusion-text fusion-text-3 fusion-text-no-margin\" style=\"--awb-content-alignment:center;--awb-font-size:16px;--awb-line-height:1.4;--awb-letter-spacing:0px;--awb-text-transform:var(--awb-typography4-text-transform);--awb-text-color:#313131;--awb-margin-bottom:0px;\"><p>art\u0131\u015f<\/p>\n<\/div><\/div><\/div><div class=\"fusion-layout-column fusion_builder_column fusion-builder-column-3 fusion_builder_column_1_3 1_3 fusion-flex-column\" style=\"--awb-padding-top:10px;--awb-padding-right:40px;--awb-padding-bottom:10px;--awb-padding-left:40px;--awb-overflow:hidden;--awb-bg-color:var(--awb-color5);--awb-bg-color-hover:var(--awb-color5);--awb-bg-size:cover;--awb-border-radius:24px 24px 24px 24px;--awb-width-large:33.333333333333%;--awb-margin-top-large:20px;--awb-spacing-right-large:5.76%;--awb-margin-bottom-large:20px;--awb-spacing-left-large:5.76%;--awb-width-medium:50%;--awb-order-medium:0;--awb-spacing-right-medium:3.84%;--awb-spacing-left-medium:3.84%;--awb-width-small:100%;--awb-order-small:0;--awb-spacing-right-small:1.92%;--awb-spacing-left-small:1.92%;\" data-scroll-devices=\"small-visibility,medium-visibility,large-visibility\"><div class=\"fusion-column-wrapper fusion-column-has-shadow fusion-flex-justify-content-center fusion-content-layout-column\"><div class=\"fusion-title title fusion-title-5 fusion-sep-none fusion-title-center fusion-title-text fusion-title-size-three\" style=\"--awb-text-color:var(--awb-color3);--awb-margin-top:0px;--awb-margin-bottom:0px;--awb-margin-top-small:0px;--awb-sep-color:#e8e9ea;--awb-font-size:20px;\"><h3 class=\"fusion-title-heading title-heading-center\" style=\"margin:0;font-size:1em;letter-spacing:-0.014em;text-transform:capitalize;line-height:1.48;\">Pazar Pay\u0131<\/h3><\/div><div class=\"fusion-title title fusion-title-6 fusion-sep-none fusion-title-center fusion-title-text fusion-title-size-div\" style=\"--awb-text-color:var(--awb-color3);--awb-margin-top:0px;--awb-margin-bottom:0px;--awb-sep-color:#e8e9ea;--awb-font-size:80px;\"><div class=\"fusion-title-heading title-heading-center title-heading-tag\" style=\"margin:0;font-size:1em;letter-spacing:-0.03em;text-transform:capitalize;line-height:1.16;\">%22<\/div><\/div><div class=\"fusion-text fusion-text-4 fusion-text-no-margin\" style=\"--awb-content-alignment:center;--awb-font-size:16px;--awb-line-height:1.4;--awb-letter-spacing:0px;--awb-text-transform:var(--awb-typography4-text-transform);--awb-text-color:var(--awb-color3);--awb-margin-bottom:0px;\"><p>art\u0131\u015f<\/p>\n<\/div><\/div><\/div><div class=\"fusion-layout-column fusion_builder_column fusion-builder-column-4 fusion_builder_column_1_2 1_2 fusion-flex-column fusion-flex-align-self-center\" style=\"--awb-padding-top-small:20px;--awb-padding-bottom-small:20px;--awb-bg-size:cover;--awb-width-large:50%;--awb-margin-top-large:25px;--awb-spacing-right-large:3.84%;--awb-margin-bottom-large:25px;--awb-spacing-left-large:3.84%;--awb-width-medium:50%;--awb-order-medium:0;--awb-spacing-right-medium:3.84%;--awb-spacing-left-medium:3.84%;--awb-width-small:100%;--awb-order-small:0;--awb-spacing-right-small:1.92%;--awb-spacing-left-small:1.92%;\" data-scroll-devices=\"small-visibility,medium-visibility,large-visibility\"><div class=\"fusion-column-wrapper fusion-column-has-shadow fusion-flex-justify-content-center fusion-content-layout-column\"><div class=\"fusion-title title fusion-title-7 fusion-sep-none fusion-title-text fusion-title-size-four\" style=\"--awb-margin-top:0px;--awb-margin-bottom:10px;\"><h4 class=\"fusion-title-heading title-heading-left\" style=\"margin:0;\">136 Farkl\u0131 SEO Parametresi<\/h4><\/div><div class=\"fusion-text fusion-text-5 fusion-text-no-margin\" style=\"--awb-content-alignment:left;\"><p data-start=\"817\" data-end=\"1261\">Bir web sitesi, h\u0131z, kullan\u0131labilirlik ve eri\u015filebilirlik a\u00e7\u0131s\u0131ndan optimize edilmesi gereken bir\u00e7ok farkl\u0131 unsurdan olu\u015fur. Raiser, web sitenizi, d\u00f6rt temel ba\u015fl\u0131k alt\u0131nda\u2014teknik SEO, i\u00e7erik, link in\u015fas\u0131 ve anahtar kelime s\u0131ralamalar\u0131\u2014136 farkl\u0131 parametre \u00fczerinden de\u011ferlendirir. Bu detayl\u0131 analiz sayesinde sitenizin g\u00fc\u00e7l\u00fc y\u00f6nleri vurgulan\u0131r, iyile\u015ftirme gereken noktalar belirlenir ve SEO \u00e7al\u0131\u015fmalar\u0131n\u0131z i\u00e7in uygulanabilir i\u00e7g\u00f6r\u00fcler sunulur.<\/p>\n<\/div><\/div><\/div><div class=\"fusion-layout-column fusion_builder_column fusion-builder-column-5 fusion_builder_column_1_2 1_2 fusion-flex-column fusion-flex-align-self-center\" style=\"--awb-bg-size:cover;--awb-width-large:50%;--awb-margin-top-large:25px;--awb-spacing-right-large:3.84%;--awb-margin-bottom-large:25px;--awb-spacing-left-large:3.84%;--awb-width-medium:50%;--awb-order-medium:0;--awb-spacing-right-medium:3.84%;--awb-spacing-left-medium:3.84%;--awb-width-small:100%;--awb-order-small:0;--awb-spacing-right-small:1.92%;--awb-margin-bottom-small:10;--awb-spacing-left-small:1.92%;\" data-scroll-devices=\"small-visibility,medium-visibility,large-visibility\"><div class=\"fusion-column-wrapper fusion-column-has-shadow fusion-flex-justify-content-center fusion-content-layout-column\"><div class=\"fusion-image-element \" style=\"text-align:center;--awb-caption-title-font-family:var(--h2_typography-font-family);--awb-caption-title-font-weight:var(--h2_typography-font-weight);--awb-caption-title-font-style:var(--h2_typography-font-style);--awb-caption-title-size:var(--h2_typography-font-size);--awb-caption-title-transform:var(--h2_typography-text-transform);--awb-caption-title-line-height:var(--h2_typography-line-height);--awb-caption-title-letter-spacing:var(--h2_typography-letter-spacing);\"><span class=\" fusion-imageframe imageframe-none imageframe-1 hover-type-none\"><img decoding=\"async\" width=\"1294\" height=\"711\" title=\"one-click-report\" src=\"https:\/\/raisertools.com\/wp-content\/uploads\/2025\/05\/one-click-report.png\" alt class=\"img-responsive wp-image-1274\" srcset=\"https:\/\/raisertools.com\/wp-content\/uploads\/2025\/05\/one-click-report-200x110.png 200w, https:\/\/raisertools.com\/wp-content\/uploads\/2025\/05\/one-click-report-400x220.png 400w, https:\/\/raisertools.com\/wp-content\/uploads\/2025\/05\/one-click-report-600x330.png 600w, https:\/\/raisertools.com\/wp-content\/uploads\/2025\/05\/one-click-report-800x440.png 800w, https:\/\/raisertools.com\/wp-content\/uploads\/2025\/05\/one-click-report-1200x659.png 1200w, https:\/\/raisertools.com\/wp-content\/uploads\/2025\/05\/one-click-report.png 1294w\" sizes=\"(max-width: 640px) 100vw, 600px\" \/><\/span><\/div><\/div><\/div><div class=\"fusion-layout-column fusion_builder_column fusion-builder-column-6 fusion_builder_column_1_2 1_2 fusion-flex-column fusion-flex-align-self-center\" style=\"--awb-bg-size:cover;--awb-width-large:50%;--awb-margin-top-large:25px;--awb-spacing-right-large:3.84%;--awb-margin-bottom-large:25px;--awb-spacing-left-large:3.84%;--awb-width-medium:50%;--awb-order-medium:0;--awb-spacing-right-medium:3.84%;--awb-spacing-left-medium:3.84%;--awb-width-small:100%;--awb-order-small:0;--awb-spacing-right-small:1.92%;--awb-margin-bottom-small:10;--awb-spacing-left-small:1.92%;\" data-scroll-devices=\"small-visibility,medium-visibility,large-visibility\"><div class=\"fusion-column-wrapper fusion-column-has-shadow fusion-flex-justify-content-center fusion-content-layout-column\"><div class=\"fusion-image-element \" style=\"text-align:center;--awb-caption-title-font-family:var(--h2_typography-font-family);--awb-caption-title-font-weight:var(--h2_typography-font-weight);--awb-caption-title-font-style:var(--h2_typography-font-style);--awb-caption-title-size:var(--h2_typography-font-size);--awb-caption-title-transform:var(--h2_typography-text-transform);--awb-caption-title-line-height:var(--h2_typography-line-height);--awb-caption-title-letter-spacing:var(--h2_typography-letter-spacing);\"><span class=\" fusion-imageframe imageframe-none imageframe-2 hover-type-none\"><img decoding=\"async\" width=\"1294\" height=\"711\" title=\"one-click-report\" src=\"https:\/\/raisertools.com\/wp-content\/uploads\/2025\/05\/one-click-report.png\" alt class=\"img-responsive wp-image-1274\" srcset=\"https:\/\/raisertools.com\/wp-content\/uploads\/2025\/05\/one-click-report-200x110.png 200w, https:\/\/raisertools.com\/wp-content\/uploads\/2025\/05\/one-click-report-400x220.png 400w, https:\/\/raisertools.com\/wp-content\/uploads\/2025\/05\/one-click-report-600x330.png 600w, https:\/\/raisertools.com\/wp-content\/uploads\/2025\/05\/one-click-report-800x440.png 800w, https:\/\/raisertools.com\/wp-content\/uploads\/2025\/05\/one-click-report-1200x659.png 1200w, https:\/\/raisertools.com\/wp-content\/uploads\/2025\/05\/one-click-report.png 1294w\" sizes=\"(max-width: 640px) 100vw, 600px\" \/><\/span><\/div><\/div><\/div><div class=\"fusion-layout-column fusion_builder_column fusion-builder-column-7 fusion_builder_column_1_2 1_2 fusion-flex-column fusion-flex-align-self-center\" style=\"--awb-padding-top-small:20px;--awb-padding-bottom-small:20px;--awb-bg-size:cover;--awb-width-large:50%;--awb-margin-top-large:25px;--awb-spacing-right-large:3.84%;--awb-margin-bottom-large:25px;--awb-spacing-left-large:3.84%;--awb-width-medium:50%;--awb-order-medium:0;--awb-spacing-right-medium:3.84%;--awb-spacing-left-medium:3.84%;--awb-width-small:100%;--awb-order-small:0;--awb-spacing-right-small:1.92%;--awb-spacing-left-small:1.92%;\" data-scroll-devices=\"small-visibility,medium-visibility,large-visibility\"><div class=\"fusion-column-wrapper fusion-column-has-shadow fusion-flex-justify-content-center fusion-content-layout-column\"><div class=\"fusion-title title fusion-title-8 fusion-sep-none fusion-title-text fusion-title-size-four\" style=\"--awb-margin-bottom:20px;\"><h4 class=\"fusion-title-heading title-heading-left\" style=\"margin:0;\"><p style=\"text-align: left;\">Rakip Analizi<\/p><\/h4><\/div><div class=\"fusion-text fusion-text-6 fusion-text-no-margin\" style=\"--awb-content-alignment:left;\"><p>Rakipler kar\u015f\u0131s\u0131nda nerede durdu\u011funuzu bilmek, g\u00fc\u00e7l\u00fc bir dijital varl\u0131k olu\u015fturman\u0131n anahtar\u0131d\u0131r. Raiser, sekt\u00f6r\u00fcn\u00fczdeki rekabet durumunu veri odakl\u0131 bir yakla\u015f\u0131mla ortaya koyar ve web sitenizin performans\u0131n\u0131 rakiplerinizle kar\u015f\u0131la\u015ft\u0131rarak size net bir perspektif sunar. G\u00f6r\u00fcn\u00fcrl\u00fckteki de\u011fi\u015fimleri ve rakiplerin nerede avantaj sa\u011flad\u0131\u011f\u0131n\u0131 takip ederek stratejinizi g\u00fcvenle \u015fekillendirebilir, yaln\u0131zca de\u011fi\u015fimlere tepki vermek yerine proaktif ad\u0131mlar atarak uzun vadede arama motoru s\u0131ralamalar\u0131nda \u00f6ne ge\u00e7ebilirsiniz.<\/p>\n<\/div><\/div><\/div><div class=\"fusion-layout-column fusion_builder_column fusion-builder-column-8 fusion_builder_column_1_2 1_2 fusion-flex-column fusion-flex-align-self-center\" style=\"--awb-bg-size:cover;--awb-width-large:50%;--awb-margin-top-large:25px;--awb-spacing-right-large:3.84%;--awb-margin-bottom-large:25px;--awb-spacing-left-large:3.84%;--awb-width-medium:50%;--awb-order-medium:0;--awb-spacing-right-medium:3.84%;--awb-spacing-left-medium:3.84%;--awb-width-small:100%;--awb-order-small:0;--awb-spacing-right-small:1.92%;--awb-margin-bottom-small:10;--awb-spacing-left-small:1.92%;\" data-scroll-devices=\"small-visibility,medium-visibility,large-visibility\"><div class=\"fusion-column-wrapper fusion-column-has-shadow fusion-flex-justify-content-center fusion-content-layout-column\"><div class=\"fusion-image-element \" style=\"text-align:center;--awb-caption-title-font-family:var(--h2_typography-font-family);--awb-caption-title-font-weight:var(--h2_typography-font-weight);--awb-caption-title-font-style:var(--h2_typography-font-style);--awb-caption-title-size:var(--h2_typography-font-size);--awb-caption-title-transform:var(--h2_typography-text-transform);--awb-caption-title-line-height:var(--h2_typography-line-height);--awb-caption-title-letter-spacing:var(--h2_typography-letter-spacing);\"><span class=\" fusion-imageframe imageframe-none imageframe-3 hover-type-none\"><img decoding=\"async\" width=\"1294\" height=\"711\" title=\"one-click-report\" src=\"https:\/\/raisertools.com\/wp-content\/uploads\/2025\/05\/one-click-report.png\" alt class=\"img-responsive wp-image-1274\" srcset=\"https:\/\/raisertools.com\/wp-content\/uploads\/2025\/05\/one-click-report-200x110.png 200w, https:\/\/raisertools.com\/wp-content\/uploads\/2025\/05\/one-click-report-400x220.png 400w, https:\/\/raisertools.com\/wp-content\/uploads\/2025\/05\/one-click-report-600x330.png 600w, https:\/\/raisertools.com\/wp-content\/uploads\/2025\/05\/one-click-report-800x440.png 800w, https:\/\/raisertools.com\/wp-content\/uploads\/2025\/05\/one-click-report-1200x659.png 1200w, https:\/\/raisertools.com\/wp-content\/uploads\/2025\/05\/one-click-report.png 1294w\" sizes=\"(max-width: 640px) 100vw, 600px\" \/><\/span><\/div><\/div><\/div><div class=\"fusion-layout-column fusion_builder_column fusion-builder-column-9 fusion_builder_column_1_2 1_2 fusion-flex-column fusion-flex-align-self-center\" style=\"--awb-padding-top-small:20px;--awb-padding-bottom-small:20px;--awb-bg-size:cover;--awb-width-large:50%;--awb-margin-top-large:25px;--awb-spacing-right-large:3.84%;--awb-margin-bottom-large:25px;--awb-spacing-left-large:3.84%;--awb-width-medium:50%;--awb-order-medium:0;--awb-spacing-right-medium:3.84%;--awb-spacing-left-medium:3.84%;--awb-width-small:100%;--awb-order-small:0;--awb-spacing-right-small:1.92%;--awb-spacing-left-small:1.92%;\" data-scroll-devices=\"small-visibility,medium-visibility,large-visibility\"><div class=\"fusion-column-wrapper fusion-column-has-shadow fusion-flex-justify-content-center fusion-content-layout-column\"><div class=\"fusion-title title fusion-title-9 fusion-sep-none fusion-title-text fusion-title-size-four\" style=\"--awb-margin-bottom:20px;\"><h4 class=\"fusion-title-heading title-heading-left\" style=\"margin:0;\">Geli\u015fimi Ad\u0131m Ad\u0131m Takip Edin<\/h4><\/div><div class=\"fusion-text fusion-text-7 fusion-text-no-margin\" style=\"--awb-content-alignment:left;\"><p>Optimizasyon s\u00fcreci ba\u015flad\u0131ktan sonra, SEO performans\u0131n\u0131z\u0131 ayl\u0131k olarak takip edebilirsiniz. Ayr\u0131nt\u0131l\u0131 analizler ve raporlar sayesinde yap\u0131lan iyile\u015ftirmeleri g\u00f6zlemleyebilir, \u00e7\u00f6z\u00fclmesi gereken yeni sorunlar\u0131 fark edebilir ve sitenizin geli\u015fimini Raiser \u00fczerinden kolayca izleyebilirsiniz.<\/p>\n<\/div><\/div><\/div><div class=\"fusion-layout-column fusion_builder_column fusion-builder-column-10 fusion_builder_column_1_2 1_2 fusion-flex-column fusion-flex-align-self-center\" style=\"--awb-bg-size:cover;--awb-width-large:50%;--awb-margin-top-large:25px;--awb-spacing-right-large:3.84%;--awb-margin-bottom-large:25px;--awb-spacing-left-large:3.84%;--awb-width-medium:50%;--awb-order-medium:0;--awb-spacing-right-medium:3.84%;--awb-spacing-left-medium:3.84%;--awb-width-small:100%;--awb-order-small:0;--awb-spacing-right-small:1.92%;--awb-margin-bottom-small:10;--awb-spacing-left-small:1.92%;\" data-scroll-devices=\"small-visibility,medium-visibility,large-visibility\"><div class=\"fusion-column-wrapper fusion-column-has-shadow fusion-flex-justify-content-center fusion-content-layout-column\"><div class=\"fusion-image-element \" style=\"text-align:center;--awb-caption-title-font-family:var(--h2_typography-font-family);--awb-caption-title-font-weight:var(--h2_typography-font-weight);--awb-caption-title-font-style:var(--h2_typography-font-style);--awb-caption-title-size:var(--h2_typography-font-size);--awb-caption-title-transform:var(--h2_typography-text-transform);--awb-caption-title-line-height:var(--h2_typography-line-height);--awb-caption-title-letter-spacing:var(--h2_typography-letter-spacing);\"><span class=\" fusion-imageframe imageframe-none imageframe-4 hover-type-none\"><img decoding=\"async\" width=\"1294\" height=\"711\" title=\"one-click-report\" src=\"https:\/\/raisertools.com\/wp-content\/uploads\/2025\/05\/one-click-report.png\" alt class=\"img-responsive wp-image-1274\" srcset=\"https:\/\/raisertools.com\/wp-content\/uploads\/2025\/05\/one-click-report-200x110.png 200w, https:\/\/raisertools.com\/wp-content\/uploads\/2025\/05\/one-click-report-400x220.png 400w, https:\/\/raisertools.com\/wp-content\/uploads\/2025\/05\/one-click-report-600x330.png 600w, https:\/\/raisertools.com\/wp-content\/uploads\/2025\/05\/one-click-report-800x440.png 800w, https:\/\/raisertools.com\/wp-content\/uploads\/2025\/05\/one-click-report-1200x659.png 1200w, https:\/\/raisertools.com\/wp-content\/uploads\/2025\/05\/one-click-report.png 1294w\" sizes=\"(max-width: 640px) 100vw, 600px\" \/><\/span><\/div><\/div><\/div><div class=\"fusion-layout-column fusion_builder_column fusion-builder-column-11 fusion_builder_column_1_2 1_2 fusion-flex-column fusion-flex-align-self-center\" style=\"--awb-padding-top-small:20px;--awb-padding-bottom-small:20px;--awb-bg-size:cover;--awb-width-large:50%;--awb-margin-top-large:25px;--awb-spacing-right-large:3.84%;--awb-margin-bottom-large:25px;--awb-spacing-left-large:3.84%;--awb-width-medium:50%;--awb-order-medium:0;--awb-spacing-right-medium:3.84%;--awb-spacing-left-medium:3.84%;--awb-width-small:100%;--awb-order-small:0;--awb-spacing-right-small:1.92%;--awb-spacing-left-small:1.92%;\" data-scroll-devices=\"small-visibility,medium-visibility,large-visibility\"><div class=\"fusion-column-wrapper fusion-column-has-shadow fusion-flex-justify-content-center fusion-content-layout-column\"><div class=\"fusion-title title fusion-title-10 fusion-sep-none fusion-title-text fusion-title-size-four\" style=\"--awb-margin-bottom:20px;\"><h4 class=\"fusion-title-heading title-heading-left\" style=\"margin:0;\">S\u0131n\u0131rs\u0131z Sayfa Analizi<\/h4><\/div><div class=\"fusion-text fusion-text-8 fusion-text-no-margin\" style=\"--awb-content-alignment:left;\"><p>Geni\u015f kapsaml\u0131 bir web sitesini mi y\u00f6netiyorsunuz? Hi\u00e7 problem de\u011fil! Web siteniz ka\u00e7 URL i\u00e7eriyor olursa olsun, Raiser her bir sayfay\u0131 analiz ederek eksiksiz ve ayr\u0131nt\u0131l\u0131 bir de\u011ferlendirme sunar. Raiser ile yapt\u0131\u011f\u0131n\u0131z analizlerde hi\u00e7bir sayfa g\u00f6zden ka\u00e7maz; optimizasyon \u00e7al\u0131\u015fmalar\u0131n\u0131z\u0131n tamam\u0131 kontrol alt\u0131na al\u0131n\u0131r.<\/p>\n<\/div><\/div><\/div><\/div><\/div>\n","protected":false},"excerpt":{"rendered":"","protected":false},"author":1,"featured_media":0,"parent":0,"menu_order":0,"comment_status":"closed","ping_status":"closed","template":"100-width.php","meta":{"_acf_changed":false,"footnotes":""},"class_list":["post-1561","page","type-page","status-publish","hentry"],"acf":[],"_links":{"self":[{"href":"https:\/\/raisertools.com\/tr\/wp-json\/wp\/v2\/pages\/1561","targetHints":{"allow":["GET"]}}],"collection":[{"href":"https:\/\/raisertools.com\/tr\/wp-json\/wp\/v2\/pages"}],"about":[{"href":"https:\/\/raisertools.com\/tr\/wp-json\/wp\/v2\/types\/page"}],"author":[{"embeddable":true,"href":"https:\/\/raisertools.com\/tr\/wp-json\/wp\/v2\/users\/1"}],"replies":[{"embeddable":true,"href":"https:\/\/raisertools.com\/tr\/wp-json\/wp\/v2\/comments?post=1561"}],"version-history":[{"count":11,"href":"https:\/\/raisertools.com\/tr\/wp-json\/wp\/v2\/pages\/1561\/revisions"}],"predecessor-version":[{"id":2186,"href":"https:\/\/raisertools.com\/tr\/wp-json\/wp\/v2\/pages\/1561\/revisions\/2186"}],"wp:attachment":[{"href":"https:\/\/raisertools.com\/tr\/wp-json\/wp\/v2\/media?parent=1561"}],"curies":[{"name":"wp","href":"https:\/\/api.w.org\/{rel}","templated":true}]}}