{"id":1323,"date":"2025-05-03T19:48:33","date_gmt":"2025-05-03T19:48:33","guid":{"rendered":"https:\/\/raisertools.com\/hakkimizda\/"},"modified":"2025-09-04T12:19:24","modified_gmt":"2025-09-04T12:19:24","slug":"hakkimizda","status":"publish","type":"page","link":"https:\/\/raisertools.com\/tr\/hakkimizda\/","title":{"rendered":"Hakk\u0131m\u0131zda"},"content":{"rendered":"<div class=\"fusion-fullwidth fullwidth-box fusion-builder-row-1 fusion-flex-container has-pattern-background has-mask-background nonhundred-percent-fullwidth non-hundred-percent-height-scrolling\" style=\"--awb-border-radius-top-left:0px;--awb-border-radius-top-right:0px;--awb-border-radius-bottom-right:0px;--awb-border-radius-bottom-left:0px;--awb-padding-top:20px;--awb-padding-right:0px;--awb-padding-bottom:20px;--awb-padding-left:0px;--awb-padding-right-small:10px;--awb-padding-left-small:10px;--awb-flex-wrap:wrap;\" ><div class=\"fusion-builder-row fusion-row fusion-flex-align-items-center fusion-flex-content-wrap\" style=\"max-width:1248px;margin-left: calc(-4% \/ 2 );margin-right: calc(-4% \/ 2 );\"><div class=\"fusion-layout-column fusion_builder_column fusion-builder-column-0 fusion_builder_column_1_1 1_1 fusion-flex-column\" style=\"--awb-bg-size:cover;--awb-width-large:100%;--awb-margin-top-large:0px;--awb-spacing-right-large:1.92%;--awb-margin-bottom-large:0px;--awb-spacing-left-large:1.92%;--awb-width-medium:100%;--awb-order-medium:0;--awb-spacing-right-medium:1.92%;--awb-spacing-left-medium:1.92%;--awb-width-small:100%;--awb-order-small:0;--awb-spacing-right-small:1.92%;--awb-margin-bottom-small:60px;--awb-spacing-left-small:1.92%;\" data-scroll-devices=\"small-visibility,medium-visibility,large-visibility\"><div class=\"fusion-column-wrapper fusion-column-has-shadow fusion-flex-justify-content-flex-start fusion-content-layout-column\"><div class=\"fusion-text fusion-text-1\" style=\"--awb-text-transform:var(--awb-typography4-text-transform);--awb-text-color:var(--awb-color5);\"><p>G\u00fcn\u00fcm\u00fcz\u00fcn dijital d\u00fcnyas\u0131nda rekabet her zamankinden daha \u00e7etin ve bu rekabet giderek daha da artacak. Dijital pazarlama art\u0131k bir se\u00e7enek de\u011fil, bir zorunluluk. Say\u0131s\u0131z yakla\u015f\u0131m olsa da, dijital pazarlamay\u0131 markan\u0131z\u0131n kimli\u011fi ve hedefleriyle uyumlu \u015fekilde etkili bi\u00e7imde y\u00f6netmek h\u00e2l\u00e2 ger\u00e7ek bir zorluktur.<\/p>\n<\/div><\/div><\/div><div class=\"fusion-layout-column fusion_builder_column fusion-builder-column-1 fusion_builder_column_1_2 1_2 fusion-flex-column fusion-flex-align-self-center\" style=\"--awb-bg-size:cover;--awb-width-large:50%;--awb-margin-top-large:25px;--awb-spacing-right-large:3.84%;--awb-margin-bottom-large:25px;--awb-spacing-left-large:3.84%;--awb-width-medium:50%;--awb-order-medium:0;--awb-spacing-right-medium:3.84%;--awb-spacing-left-medium:3.84%;--awb-width-small:100%;--awb-order-small:0;--awb-spacing-right-small:1.92%;--awb-margin-bottom-small:10;--awb-spacing-left-small:1.92%;\" data-scroll-devices=\"small-visibility,medium-visibility,large-visibility\"><div class=\"fusion-column-wrapper fusion-column-has-shadow fusion-flex-justify-content-center fusion-content-layout-column\"><div class=\"fusion-image-element \" style=\"text-align:center;--awb-caption-title-font-family:var(--h2_typography-font-family);--awb-caption-title-font-weight:var(--h2_typography-font-weight);--awb-caption-title-font-style:var(--h2_typography-font-style);--awb-caption-title-size:var(--h2_typography-font-size);--awb-caption-title-transform:var(--h2_typography-text-transform);--awb-caption-title-line-height:var(--h2_typography-line-height);--awb-caption-title-letter-spacing:var(--h2_typography-letter-spacing);\"><span class=\" fusion-imageframe imageframe-none imageframe-1 hover-type-none\"><img decoding=\"async\" width=\"600\" height=\"297\" src=\"https:\/\/raisertools.com\/wp-content\/uploads\/2025\/05\/raiser-hakkimizda.png\" alt class=\"img-responsive wp-image-1277\" srcset=\"https:\/\/raisertools.com\/wp-content\/uploads\/2025\/05\/raiser-hakkimizda-200x99.png 200w, https:\/\/raisertools.com\/wp-content\/uploads\/2025\/05\/raiser-hakkimizda-400x198.png 400w, https:\/\/raisertools.com\/wp-content\/uploads\/2025\/05\/raiser-hakkimizda.png 600w\" sizes=\"(max-width: 640px) 100vw, 600px\" \/><\/span><\/div><\/div><\/div><div class=\"fusion-layout-column fusion_builder_column fusion-builder-column-2 fusion_builder_column_1_2 1_2 fusion-flex-column fusion-flex-align-self-center\" style=\"--awb-padding-top-small:20px;--awb-padding-bottom-small:20px;--awb-bg-size:cover;--awb-width-large:50%;--awb-margin-top-large:25px;--awb-spacing-right-large:3.84%;--awb-margin-bottom-large:25px;--awb-spacing-left-large:3.84%;--awb-width-medium:50%;--awb-order-medium:0;--awb-spacing-right-medium:3.84%;--awb-spacing-left-medium:3.84%;--awb-width-small:100%;--awb-order-small:0;--awb-spacing-right-small:1.92%;--awb-spacing-left-small:1.92%;\" data-scroll-devices=\"small-visibility,medium-visibility,large-visibility\"><div class=\"fusion-column-wrapper fusion-column-has-shadow fusion-flex-justify-content-center fusion-content-layout-column\"><div class=\"fusion-text fusion-text-2 fusion-text-no-margin\" style=\"--awb-content-alignment:left;\"><p>Biz ise bunu sizin i\u00e7in kolayla\u015ft\u0131rmay\u0131 hedefliyoruz.<\/p>\n<p>Bir dijital pazarlama ve yaz\u0131l\u0131m \u015firketi olan Raiser olarak misyonumuz; markan\u0131z\u0131 g\u00fc\u00e7lendirmek, bilinirli\u011fini art\u0131rmak, hedeflerine ula\u015fmas\u0131n\u0131 sa\u011flamak ve kalabal\u0131k dijital d\u00fcnyada ak\u0131ll\u0131 otomasyonlarla rekabet avantaj\u0131 kazand\u0131rmakt\u0131r. \u00dcstelik bunu, sizin taraf\u0131n\u0131zda minimum \u00e7abayla ger\u00e7ekle\u015ftiriyoruz. Markan\u0131z\u0131n yaln\u0131zca potansiyeline ula\u015fmas\u0131na de\u011fil, onu a\u015fmas\u0131na da yard\u0131mc\u0131 oluyoruz \u2014 verimli, profesyonel ve maliyet etkin bir \u015fekilde.<\/p>\n<\/div><\/div><\/div><div class=\"fusion-layout-column fusion_builder_column fusion-builder-column-3 fusion_builder_column_1_1 1_1 fusion-flex-column fusion-flex-align-self-center\" style=\"--awb-padding-top-small:20px;--awb-padding-bottom-small:20px;--awb-bg-size:cover;--awb-width-large:100%;--awb-margin-top-large:25px;--awb-spacing-right-large:1.92%;--awb-margin-bottom-large:25px;--awb-spacing-left-large:1.92%;--awb-width-medium:100%;--awb-order-medium:0;--awb-spacing-right-medium:1.92%;--awb-spacing-left-medium:1.92%;--awb-width-small:100%;--awb-order-small:0;--awb-spacing-right-small:1.92%;--awb-spacing-left-small:1.92%;\" data-scroll-devices=\"small-visibility,medium-visibility,large-visibility\"><div class=\"fusion-column-wrapper fusion-column-has-shadow fusion-flex-justify-content-center fusion-content-layout-column\"><div class=\"fusion-title title fusion-title-1 fusion-sep-none fusion-title-text fusion-title-size-four\" style=\"--awb-margin-bottom:20px;\"><h4 class=\"fusion-title-heading title-heading-left\" style=\"margin:0;\">24 Y\u0131ll\u0131k Yaz\u0131l\u0131m &amp; 16 Y\u0131ll\u0131k Dijital Pazarlama Deneyimi<\/h4><\/div><div class=\"fusion-separator\" style=\"align-self: flex-start;margin-right:auto;flex-grow:2;margin-top:0px;margin-bottom:5px;width:100%;max-width:50px;\"><div class=\"fusion-separator-border sep-single sep-solid\" style=\"--awb-height:20px;--awb-amount:20px;border-color:var(--awb-color3);border-top-width:2px;\"><\/div><\/div><div class=\"fusion-text fusion-text-3 fusion-text-no-margin\" style=\"--awb-content-alignment:left;--awb-margin-top:10px;\"><p>\u00d6n y\u00fcz ve arka y\u00fcz geli\u015ftiricilerden olu\u015fan deneyimli yaz\u0131l\u0131m ekibimizle ve dijital pazarlama profesyonellerimizle gurur duyuyoruz. Derin uzmanl\u0131\u011f\u0131m\u0131z, bu alanlarda y\u0131llara dayanan uygulamal\u0131 \u00e7al\u0131\u015fmalara dayanmaktad\u0131r. 2000\u2019li y\u0131llar\u0131n ba\u015f\u0131nda, hen\u00fcz gen\u00e7 ama kayda de\u011fer ba\u015far\u0131lar elde etmi\u015f bir yaz\u0131l\u0131m \u015firketi olarak, h\u0131zla dijitalle\u015fen d\u00fcnyada daha b\u00fcy\u00fck bir rol oynamak amac\u0131yla vizyonumuzu geni\u015fletmeye karar verdik. Se\u00e7kin markalar i\u00e7in \u00f6zel arama motoru optimizasyonu \u00e7\u00f6z\u00fcmleri geli\u015ftirmek \u00fczere gen\u00e7 ve yetenekli profesyonellerden olu\u015fan bir ekip kurduk.<\/p>\n<p>O g\u00fcnden bu yana ekibimiz b\u00fcy\u00fcd\u00fc, o se\u00e7kin marka say\u0131s\u0131 ise hem yerel hem de k\u00fcresel \u00f6l\u00e7ekte kendi sekt\u00f6rlerinin en b\u00fcy\u00fck isimlerini kapsayacak \u015fekilde artmaya devam etti \u2014 ve biz burada durmaya hi\u00e7 niyetli de\u011filiz. Bug\u00fcn, yaz\u0131l\u0131m ve dijital pazarlama alanlar\u0131nda yetenekli ve \u00e7e\u015fitli bir ekip ile kendimizi s\u00fcrekli geli\u015ftiriyor, yenilikler sunuyor ve en nihayetinde hedefe ula\u015ft\u0131r\u0131yoruz.<\/p>\n<\/div><\/div><\/div><div class=\"fusion-layout-column fusion_builder_column fusion-builder-column-4 fusion_builder_column_1_1 1_1 fusion-flex-column\" style=\"--awb-bg-size:cover;--awb-width-large:100%;--awb-margin-top-large:40px;--awb-spacing-right-large:1.92%;--awb-margin-bottom-large:0px;--awb-spacing-left-large:1.92%;--awb-width-medium:100%;--awb-order-medium:0;--awb-spacing-right-medium:1.92%;--awb-spacing-left-medium:1.92%;--awb-width-small:100%;--awb-order-small:0;--awb-spacing-right-small:1.92%;--awb-spacing-left-small:1.92%;\" data-scroll-devices=\"small-visibility,medium-visibility,large-visibility\"><div class=\"fusion-column-wrapper fusion-column-has-shadow fusion-flex-justify-content-flex-start fusion-content-layout-column\"><div class=\"fusion-title title fusion-title-2 fusion-sep-none fusion-title-text fusion-title-size-two\" style=\"--awb-text-color:var(--awb-color5);--awb-font-size:28px;\"><h2 class=\"fusion-title-heading title-heading-left\" style=\"margin:0;font-size:1em;\">Ofislerimiz<\/h2><\/div><div class=\"fusion-separator\" style=\"align-self: flex-start;margin-right:auto;flex-grow:2;margin-top:0px;margin-bottom:5px;width:100%;max-width:50px;\"><div class=\"fusion-separator-border sep-single sep-solid\" style=\"--awb-height:20px;--awb-amount:20px;border-color:var(--awb-color3);border-top-width:2px;\"><\/div><\/div><div class=\"fusion-text fusion-text-4 fusion-text-no-margin\" style=\"--awb-content-alignment:left;--awb-margin-top:10px;\"><p>Dijital pazarlama ve yaz\u0131l\u0131m alan\u0131nda k\u00fcresel bir varl\u0131k olarak, \u00fc\u00e7 k\u0131taya yay\u0131lan ofislerimizle faaliyet g\u00f6steriyoruz:<\/p>\n<\/div><\/div><\/div><div class=\"fusion-layout-column fusion_builder_column fusion-builder-column-5 fusion_builder_column_2_3 2_3 fusion-flex-column fusion-flex-align-self-center\" style=\"--awb-bg-size:cover;--awb-width-large:66.666666666667%;--awb-margin-top-large:25px;--awb-spacing-right-large:2.88%;--awb-margin-bottom-large:25px;--awb-spacing-left-large:2.88%;--awb-width-medium:66.666666666667%;--awb-order-medium:0;--awb-spacing-right-medium:2.88%;--awb-spacing-left-medium:2.88%;--awb-width-small:100%;--awb-order-small:0;--awb-spacing-right-small:1.92%;--awb-margin-bottom-small:10;--awb-spacing-left-small:1.92%;\" data-scroll-devices=\"small-visibility,medium-visibility,large-visibility\"><div class=\"fusion-column-wrapper fusion-column-has-shadow fusion-flex-justify-content-center fusion-content-layout-column\"><div class=\"fusion-image-element \" style=\"text-align:center;--awb-caption-title-font-family:var(--h2_typography-font-family);--awb-caption-title-font-weight:var(--h2_typography-font-weight);--awb-caption-title-font-style:var(--h2_typography-font-style);--awb-caption-title-size:var(--h2_typography-font-size);--awb-caption-title-transform:var(--h2_typography-text-transform);--awb-caption-title-line-height:var(--h2_typography-line-height);--awb-caption-title-letter-spacing:var(--h2_typography-letter-spacing);\"><span class=\" fusion-imageframe imageframe-none imageframe-2 hover-type-none\"><img decoding=\"async\" width=\"1920\" height=\"1080\" src=\"https:\/\/raisertools.com\/wp-content\/uploads\/2025\/05\/raiser-office.svg\" alt class=\"img-responsive wp-image-1278\"\/><\/span><\/div><\/div><\/div><div class=\"fusion-layout-column fusion_builder_column fusion-builder-column-6 fusion_builder_column_1_3 1_3 fusion-flex-column fusion-flex-align-self-flex-start\" style=\"--awb-padding-top-small:20px;--awb-padding-bottom-small:20px;--awb-bg-size:cover;--awb-width-large:33.333333333333%;--awb-margin-top-large:25px;--awb-spacing-right-large:5.76%;--awb-margin-bottom-large:25px;--awb-spacing-left-large:5.76%;--awb-width-medium:33.333333333333%;--awb-order-medium:0;--awb-spacing-right-medium:5.76%;--awb-spacing-left-medium:5.76%;--awb-width-small:100%;--awb-order-small:0;--awb-spacing-right-small:1.92%;--awb-spacing-left-small:1.92%;\" data-scroll-devices=\"small-visibility,medium-visibility,large-visibility\"><div class=\"fusion-column-wrapper fusion-column-has-shadow fusion-flex-justify-content-flex-start fusion-content-layout-column\"><div class=\"fusion-title title fusion-title-3 fusion-sep-none fusion-title-text fusion-title-size-five\"><h5 class=\"fusion-title-heading title-heading-left\" style=\"margin:0;\">Estonya<\/h5><\/div><div class=\"fusion-text fusion-text-5 fusion-text-no-margin\" style=\"--awb-content-alignment:left;\"><p>J\u00f5e 5, Tallinn, Harjumaa<\/p>\n<\/div><div class=\"fusion-separator\" style=\"align-self: flex-start;margin-right:auto;flex-grow:2;margin-top:15px;margin-bottom:5px;width:100%;max-width:50px;\"><div class=\"fusion-separator-border sep-single sep-solid\" style=\"--awb-height:20px;--awb-amount:20px;border-color:var(--awb-color3);border-top-width:2px;\"><\/div><\/div><div class=\"fusion-title title fusion-title-4 fusion-sep-none fusion-title-text fusion-title-size-five\"><h5 class=\"fusion-title-heading title-heading-left\" style=\"margin:0;\">T\u00fcrkiye<\/h5><\/div><div class=\"fusion-text fusion-text-6 fusion-text-no-margin\" style=\"--awb-content-alignment:left;\"><p>Vi\u015fne \u00c7\u0131k. Sok. No:9, Be\u015fikta\u015f, \u0130stanbul<\/p>\n<\/div><div class=\"fusion-separator\" style=\"align-self: flex-start;margin-right:auto;flex-grow:2;margin-top:15px;margin-bottom:5px;width:100%;max-width:50px;\"><div class=\"fusion-separator-border sep-single sep-solid\" style=\"--awb-height:20px;--awb-amount:20px;border-color:var(--awb-color3);border-top-width:2px;\"><\/div><\/div><div class=\"fusion-title title fusion-title-5 fusion-sep-none fusion-title-text fusion-title-size-five\"><h5 class=\"fusion-title-heading title-heading-left\" style=\"margin:0;\">G\u00fcney Afrika<\/h5><\/div><div class=\"fusion-text fusion-text-7 fusion-text-no-margin\" style=\"--awb-content-alignment:left;\"><p>Lavanda Ave No:1, Hout Bay, Cape Town<\/p>\n<\/div><\/div><\/div><\/div><\/div>\n","protected":false},"excerpt":{"rendered":"","protected":false},"author":1,"featured_media":1292,"parent":0,"menu_order":0,"comment_status":"closed","ping_status":"closed","template":"100-width.php","meta":{"_acf_changed":false,"footnotes":""},"class_list":["post-1323","page","type-page","status-publish","has-post-thumbnail","hentry"],"acf":[],"_links":{"self":[{"href":"https:\/\/raisertools.com\/tr\/wp-json\/wp\/v2\/pages\/1323","targetHints":{"allow":["GET"]}}],"collection":[{"href":"https:\/\/raisertools.com\/tr\/wp-json\/wp\/v2\/pages"}],"about":[{"href":"https:\/\/raisertools.com\/tr\/wp-json\/wp\/v2\/types\/page"}],"author":[{"embeddable":true,"href":"https:\/\/raisertools.com\/tr\/wp-json\/wp\/v2\/users\/1"}],"replies":[{"embeddable":true,"href":"https:\/\/raisertools.com\/tr\/wp-json\/wp\/v2\/comments?post=1323"}],"version-history":[{"count":5,"href":"https:\/\/raisertools.com\/tr\/wp-json\/wp\/v2\/pages\/1323\/revisions"}],"predecessor-version":[{"id":1620,"href":"https:\/\/raisertools.com\/tr\/wp-json\/wp\/v2\/pages\/1323\/revisions\/1620"}],"wp:featuredmedia":[{"embeddable":true,"href":"https:\/\/raisertools.com\/tr\/wp-json\/wp\/v2\/media\/1292"}],"wp:attachment":[{"href":"https:\/\/raisertools.com\/tr\/wp-json\/wp\/v2\/media?parent=1323"}],"curies":[{"name":"wp","href":"https:\/\/api.w.org\/{rel}","templated":true}]}}